{"id":2241,"date":"2021-09-09T08:22:53","date_gmt":"2021-09-09T08:22:53","guid":{"rendered":"https:\/\/cazorla.es\/teatro\/?page_id=2241"},"modified":"2021-10-26T09:41:01","modified_gmt":"2021-10-26T09:41:01","slug":"lazaro","status":"publish","type":"page","link":"https:\/\/cazorla.es\/teatro\/educazorlateatro\/programacion\/lazaro\/","title":{"rendered":"L\u00e1zaro. La historia del p\u00edcaro de Tormes."},"content":{"rendered":"<p>[et_pb_section fb_built=\u00bb1&#8243; _builder_version=\u00bb4.10.5&#8243; _module_preset=\u00bbdefault\u00bb global_colors_info=\u00bb{}\u00bb][et_pb_row _builder_version=\u00bb4.10.5&#8243; _module_preset=\u00bbdefault\u00bb global_colors_info=\u00bb{}\u00bb][et_pb_column type=\u00bb4_4&#8243; _builder_version=\u00bb4.10.5&#8243; _module_preset=\u00bbdefault\u00bb global_colors_info=\u00bb{}\u00bb][et_pb_post_title meta=\u00bboff\u00bb _builder_version=\u00bb4.10.5&#8243; _module_preset=\u00bbdefault\u00bb custom_margin=\u00bb30px||30px||false|false\u00bb global_colors_info=\u00bb{}\u00bb][\/et_pb_post_title][\/et_pb_column][\/et_pb_row][\/et_pb_section][et_pb_section fb_built=\u00bb1&#8243; _builder_version=\u00bb4.10.5&#8243; _module_preset=\u00bbdefault\u00bb global_colors_info=\u00bb{}\u00bb][et_pb_row _builder_version=\u00bb4.10.5&#8243; _module_preset=\u00bbdefault\u00bb global_colors_info=\u00bb{}\u00bb][et_pb_column type=\u00bb4_4&#8243; _builder_version=\u00bb4.10.5&#8243; _module_preset=\u00bbdefault\u00bb global_colors_info=\u00bb{}\u00bb][et_pb_image src=\u00bbhttp:\/\/cazorla.es\/teatro\/wp-content\/uploads\/2021\/09\/Carteles-Lazaro-web.jpg\u00bb title_text=\u00bbCarteles L\u00e1zaro web\u00bb align=\u00bbcenter\u00bb _builder_version=\u00bb4.10.5&#8243; _module_preset=\u00bbdefault\u00bb height=\u00bb314px\u00bb global_colors_info=\u00bb{}\u00bb][\/et_pb_image][et_pb_text _builder_version=\u00bb4.10.5&#8243; _module_preset=\u00bbdefault\u00bb custom_margin=\u00bb20px||||false|false\u00bb global_colors_info=\u00bb{}\u00bb]<\/p>\n<p class=\"has-text-align-center\">SINOPSIS<\/p>\n<p>L\u00e1zaro, el famoso Lazarillo de Tormes, ha crecido, se ha hecho un hombre de bien y la suerte parece sonre\u00edrle. Un d\u00eda cualquiera, L\u00e1zaro se persona con su amigo el diplom\u00e1tico Diego Hurtado de Mendoza en la taberna de Sebasti\u00e1n de Horozco con la sana intenci\u00f3n de echar unos tragos de vino. Al llegar, el tabernero parece no tener un buen d\u00eda, pues la clientela no demuestra estar dispuesta a consumir sus vinos. Tal contrariedad se convertir\u00e1 en detonante para que se frag\u00fce un pacto entre los amigos y el tabernero: entretener a los presentes narrando las historias de L\u00e1zaro para conseguir que la clientela consuma, a cambio de que el tabernero los convide al vino. El disfrute est\u00e1 garantizado.<\/p>\n<p>[\/et_pb_text][et_pb_code _builder_version=\u00bb4.10.5&#8243; _module_preset=\u00bbdefault\u00bb custom_margin=\u00bb20px||20px||false|false\u00bb hover_enabled=\u00bb0&#8243; global_colors_info=\u00bb{}\u00bb sticky_enabled=\u00bb0&#8243;]<a style = \"color:#D80909;font-size:20px;font-weight:bold\" href = \"https:\/\/www.cazorla.es\/teatro\/educazorlateatro\/calendario\"> Pr\u00f3ximas Fechas<\/a> <!-- [et_pb_line_break_holder] -->\u00a0 \u00a0<!-- [et_pb_line_break_holder] --><a style=\"color:#D80909;font-size:20px;font-weight:bold\" target=\"_blank\" href=\"https:\/\/www.cazorla.es\/teatro\/wp-content\/uploads\/2021\/09\/La\u0301zaro-DOSSIER.pdf\" rel=\"noopener\"><!-- [et_pb_line_break_holder] -->    Gu\u00eda Did\u00e1ctica<!-- [et_pb_line_break_holder] --><\/a><!-- [et_pb_line_break_holder] -->\u00a0 \u00a0<!-- [et_pb_line_break_holder] --><a style = \"color:#D80909;font-size:20px;font-weight:bold\" href = \"https:\/\/www.cazorlaeduca.es\/index.php\/medidas\"><!-- [et_pb_line_break_holder] -->    Medidas COVID 19<!-- [et_pb_line_break_holder] --><\/a>[\/et_pb_code][\/et_pb_column][\/et_pb_row][\/et_pb_section]<\/p>\n","protected":false},"excerpt":{"rendered":"<p>SINOPSIS L\u00e1zaro, el famoso Lazarillo de Tormes, ha crecido, se ha hecho un hombre de bien y la suerte parece sonre\u00edrle. Un d\u00eda cualquiera, L\u00e1zaro se persona con su amigo el diplom\u00e1tico Diego Hurtado de Mendoza en la taberna de Sebasti\u00e1n de Horozco con la sana intenci\u00f3n de echar unos tragos de vino. Al llegar, [&hellip;]<\/p>\n","protected":false},"author":2,"featured_media":0,"parent":2203,"menu_order":0,"comment_status":"closed","ping_status":"closed","template":"","meta":{"_et_pb_use_builder":"on","_et_pb_old_content":"","_et_gb_content_width":"","footnotes":""},"_links":{"self":[{"href":"https:\/\/cazorla.es\/teatro\/wp-json\/wp\/v2\/pages\/2241"}],"collection":[{"href":"https:\/\/cazorla.es\/teatro\/wp-json\/wp\/v2\/pages"}],"about":[{"href":"https:\/\/cazorla.es\/teatro\/wp-json\/wp\/v2\/types\/page"}],"author":[{"embeddable":true,"href":"https:\/\/cazorla.es\/teatro\/wp-json\/wp\/v2\/users\/2"}],"replies":[{"embeddable":true,"href":"https:\/\/cazorla.es\/teatro\/wp-json\/wp\/v2\/comments?post=2241"}],"version-history":[{"count":6,"href":"https:\/\/cazorla.es\/teatro\/wp-json\/wp\/v2\/pages\/2241\/revisions"}],"predecessor-version":[{"id":2691,"href":"https:\/\/cazorla.es\/teatro\/wp-json\/wp\/v2\/pages\/2241\/revisions\/2691"}],"up":[{"embeddable":true,"href":"https:\/\/cazorla.es\/teatro\/wp-json\/wp\/v2\/pages\/2203"}],"wp:attachment":[{"href":"https:\/\/cazorla.es\/teatro\/wp-json\/wp\/v2\/media?parent=2241"}],"curies":[{"name":"wp","href":"https:\/\/api.w.org\/{rel}","templated":true}]}}