{"id":2248,"date":"2021-09-09T08:30:27","date_gmt":"2021-09-09T08:30:27","guid":{"rendered":"https:\/\/cazorla.es\/teatro\/?page_id=2248"},"modified":"2021-09-14T10:30:14","modified_gmt":"2021-09-14T10:30:14","slug":"a-lomos","status":"publish","type":"page","link":"https:\/\/cazorla.es\/teatro\/educazorlateatro\/programacion\/a-lomos\/","title":{"rendered":"A lomos de un viento de cristal"},"content":{"rendered":"<p>[et_pb_section fb_built=\u00bb1&#8243; _builder_version=\u00bb4.10.5&#8243; _module_preset=\u00bbdefault\u00bb global_colors_info=\u00bb{}\u00bb][et_pb_row _builder_version=\u00bb4.10.5&#8243; _module_preset=\u00bbdefault\u00bb global_colors_info=\u00bb{}\u00bb][et_pb_column type=\u00bb4_4&#8243; _builder_version=\u00bb4.10.5&#8243; _module_preset=\u00bbdefault\u00bb global_colors_info=\u00bb{}\u00bb][et_pb_post_title meta=\u00bboff\u00bb _builder_version=\u00bb4.10.5&#8243; _module_preset=\u00bbdefault\u00bb custom_margin=\u00bb30px||30px||false|false\u00bb global_colors_info=\u00bb{}\u00bb][\/et_pb_post_title][\/et_pb_column][\/et_pb_row][\/et_pb_section][et_pb_section fb_built=\u00bb1&#8243; _builder_version=\u00bb4.10.5&#8243; _module_preset=\u00bbdefault\u00bb global_colors_info=\u00bb{}\u00bb][et_pb_row _builder_version=\u00bb4.10.5&#8243; _module_preset=\u00bbdefault\u00bb global_colors_info=\u00bb{}\u00bb][et_pb_column type=\u00bb4_4&#8243; _builder_version=\u00bb4.10.5&#8243; _module_preset=\u00bbdefault\u00bb global_colors_info=\u00bb{}\u00bb][et_pb_image src=\u00bbhttp:\/\/cazorla.es\/teatro\/wp-content\/uploads\/2021\/09\/Carteles-A-Lomos-web.jpg\u00bb title_text=\u00bbCarteles A Lomos web\u00bb align=\u00bbcenter\u00bb _builder_version=\u00bb4.10.5&#8243; _module_preset=\u00bbdefault\u00bb height=\u00bb314px\u00bb global_colors_info=\u00bb{}\u00bb][\/et_pb_image][et_pb_text _builder_version=\u00bb4.10.5&#8243; _module_preset=\u00bbdefault\u00bb custom_margin=\u00bb20px||||false|false\u00bb global_colors_info=\u00bb{}\u00bb]<\/p>\n<p class=\"has-text-align-center\">SINOPSIS<\/p>\n<p class=\"has-text-align-left\">-\u2018Antes de \u2018, \u2018durante\u2019 y \u2018despu\u00e9s de\u2019- Tal que as\u00ed se plantean los 3 cuadros de esta recreaci\u00f3n de textos elegidos* de Federico Garc\u00eda Lorca ensamblado por otros propios de Xt\u00f3bal.<\/p>\n<p>Un espacio surrealista donde la mujer coge todo el protagonismo, siempre como contrapunto al hombre. \u2018La del 7\u00ba\u2019, \u2018La de la sonrisa diagonal\u2019 y \u2018La del reloj estropeado\u2019 (espacio, f\u00edsico y tiempo), se postulan, inmersas en un tiempo imaginario, frente a sus ilusiones, a su presente y su futuro. Sus vidas est\u00e1n orientadas por las directrices de una sociedad en la que ellas sienten la vida desde la ventana, realmente sin poder desarrollar sus sue\u00f1os. Pero en cada una de ellas hay una rebelde que, a su manera, plantar\u00e1 cara al destino. Simb\u00f3licamente, en la poes\u00eda y el teatro de Federico Garc\u00eda Lorca, el caballo sugiere la vida. Es la pasi\u00f3n y la sensualidad, pero tambi\u00e9n significa destrucci\u00f3n y est\u00e1 relacionado literariamente con la muerte, el hombre y su sombra. Los textos que componen parte de esta obra fueron elegidos desde esta perspectiva y para satisfacer este concepto. Estamos en presencia del Lorca m\u00e1s controvertido y donde las palabras describen un teatro siempre on\u00edrico, personal y rabiosamente contempor\u00e1neo. El teatro bajo la arena.<\/p>\n<p>*Yerma, Do\u00f1a Rosita, El p\u00fablico, Bodas de Sangre, Mariana Pineda entre otros\u2026<\/p>\n<p>[\/et_pb_text][et_pb_code _builder_version=\u00bb4.10.5&#8243; _module_preset=\u00bbdefault\u00bb custom_margin=\u00bb20px||20px||false|false\u00bb hover_enabled=\u00bb0&#8243; global_colors_info=\u00bb{}\u00bb sticky_enabled=\u00bb0&#8243;]<a style = \"color:#D80909;font-size:20px;font-weight:bold\" href = \"https:\/\/www.cazorla.es\/teatro\/educazorlateatro\/calendario\"> Pr\u00f3ximas Fechas<\/a> <!-- [et_pb_line_break_holder] -->\u00a0 \u00a0<!-- [et_pb_line_break_holder] --><a style=\"color:#D80909;font-size:20px;font-weight:bold\" target=\"_blank\" href=\"https:\/\/www.cazorla.es\/teatro\/wp-content\/uploads\/2021\/09\/A-lomos-de-un-viento-de-cristal-guia-didactica.pdf\" rel=\"noopener\"><!-- [et_pb_line_break_holder] -->    Gu\u00eda Did\u00e1ctica<!-- [et_pb_line_break_holder] --><\/a><!-- [et_pb_line_break_holder] -->\u00a0 \u00a0<!-- [et_pb_line_break_holder] --><a style = \"color:#D80909;font-size:20px;font-weight:bold\" href = \"https:\/\/www.cazorlaeduca.es\/index.php\/medidas\"><!-- [et_pb_line_break_holder] -->    Medidas COVID 19<!-- [et_pb_line_break_holder] --><\/a>[\/et_pb_code][\/et_pb_column][\/et_pb_row][\/et_pb_section]<\/p>\n","protected":false},"excerpt":{"rendered":"<p>SINOPSIS -\u2018Antes de \u2018, \u2018durante\u2019 y \u2018despu\u00e9s de\u2019- Tal que as\u00ed se plantean los 3 cuadros de esta recreaci\u00f3n de textos elegidos* de Federico Garc\u00eda Lorca ensamblado por otros propios de Xt\u00f3bal. Un espacio surrealista donde la mujer coge todo el protagonismo, siempre como contrapunto al hombre. \u2018La del 7\u00ba\u2019, \u2018La de la sonrisa diagonal\u2019 [&hellip;]<\/p>\n","protected":false},"author":2,"featured_media":0,"parent":2203,"menu_order":0,"comment_status":"closed","ping_status":"closed","template":"","meta":{"_et_pb_use_builder":"on","_et_pb_old_content":"","_et_gb_content_width":"","footnotes":""},"_links":{"self":[{"href":"https:\/\/cazorla.es\/teatro\/wp-json\/wp\/v2\/pages\/2248"}],"collection":[{"href":"https:\/\/cazorla.es\/teatro\/wp-json\/wp\/v2\/pages"}],"about":[{"href":"https:\/\/cazorla.es\/teatro\/wp-json\/wp\/v2\/types\/page"}],"author":[{"embeddable":true,"href":"https:\/\/cazorla.es\/teatro\/wp-json\/wp\/v2\/users\/2"}],"replies":[{"embeddable":true,"href":"https:\/\/cazorla.es\/teatro\/wp-json\/wp\/v2\/comments?post=2248"}],"version-history":[{"count":5,"href":"https:\/\/cazorla.es\/teatro\/wp-json\/wp\/v2\/pages\/2248\/revisions"}],"predecessor-version":[{"id":2368,"href":"https:\/\/cazorla.es\/teatro\/wp-json\/wp\/v2\/pages\/2248\/revisions\/2368"}],"up":[{"embeddable":true,"href":"https:\/\/cazorla.es\/teatro\/wp-json\/wp\/v2\/pages\/2203"}],"wp:attachment":[{"href":"https:\/\/cazorla.es\/teatro\/wp-json\/wp\/v2\/media?parent=2248"}],"curies":[{"name":"wp","href":"https:\/\/api.w.org\/{rel}","templated":true}]}}