{"id":2473,"date":"2021-09-21T11:52:05","date_gmt":"2021-09-21T11:52:05","guid":{"rendered":"https:\/\/cazorla.es\/teatro\/?page_id=2473"},"modified":"2022-09-22T07:19:05","modified_gmt":"2022-09-22T07:19:05","slug":"alfonsina","status":"publish","type":"page","link":"https:\/\/cazorla.es\/teatro\/alfonsina\/","title":{"rendered":"Molly Bloom"},"content":{"rendered":"<p>[et_pb_section fb_built=\u00bb1&#8243; _builder_version=\u00bb4.10.5&#8243; _module_preset=\u00bbdefault\u00bb global_colors_info=\u00bb{}\u00bb][et_pb_row _builder_version=\u00bb4.10.5&#8243; _module_preset=\u00bbdefault\u00bb global_colors_info=\u00bb{}\u00bb][et_pb_column type=\u00bb4_4&#8243; _builder_version=\u00bb4.10.5&#8243; _module_preset=\u00bbdefault\u00bb global_colors_info=\u00bb{}\u00bb][et_pb_post_title meta=\u00bboff\u00bb _builder_version=\u00bb4.10.5&#8243; _module_preset=\u00bbdefault\u00bb custom_margin=\u00bb20px||20px||false|false\u00bb global_colors_info=\u00bb{}\u00bb][\/et_pb_post_title][\/et_pb_column][\/et_pb_row][\/et_pb_section][et_pb_section fb_built=\u00bb1&#8243; _builder_version=\u00bb4.10.5&#8243; _module_preset=\u00bbdefault\u00bb global_colors_info=\u00bb{}\u00bb][et_pb_row _builder_version=\u00bb4.10.5&#8243; _module_preset=\u00bbdefault\u00bb hover_enabled=\u00bb0&#8243; global_colors_info=\u00bb{}\u00bb sticky_enabled=\u00bb0&#8243;][et_pb_column type=\u00bb4_4&#8243; _builder_version=\u00bb4.10.5&#8243; _module_preset=\u00bbdefault\u00bb global_colors_info=\u00bb{}\u00bb][\/et_pb_column][\/et_pb_row][et_pb_row column_structure=\u00bb1_2,1_2&#8243; _builder_version=\u00bb4.10.5&#8243; _module_preset=\u00bbdefault\u00bb global_colors_info=\u00bb{}\u00bb][et_pb_column type=\u00bb1_2&#8243; _builder_version=\u00bb4.10.5&#8243; _module_preset=\u00bbdefault\u00bb global_colors_info=\u00bb{}\u00bb][et_pb_video _builder_version=\u00bb4.10.5&#8243; _module_preset=\u00bbdefault\u00bb custom_margin=\u00bb60px||||false|false\u00bb hover_enabled=\u00bb0&#8243; global_colors_info=\u00bb{}\u00bb src=\u00bbhttps:\/\/www.youtube.com\/watch?v=CM9Z-lsfJCc\u00bb sticky_enabled=\u00bb0&#8243;][\/et_pb_video][\/et_pb_column][et_pb_column type=\u00bb1_2&#8243; _builder_version=\u00bb4.10.5&#8243; _module_preset=\u00bbdefault\u00bb global_colors_info=\u00bb{}\u00bb][et_pb_text _builder_version=\u00bb4.10.5&#8243; _module_preset=\u00bbdefault\u00bb custom_margin=\u00bb|||20px|false|false\u00bb global_colors_info=\u00bb{}\u00bb]<\/p>\n<p style=\"font-size: 30px; text-align: center;\"><strong>Sinopsis<\/strong><\/p>\n<p style=\"text-align: justify;\">En 1980 Mag\u00fci Mira encarn\u00f3 a Molly Bloom, m\u00edtico personaje de la novela de James Joyce, uno de los grandes textos literarios del siglo XX, y enamor\u00f3 al p\u00fablico y a la cr\u00edtica.<br \/>Molly vive una noche de insomnio. Su pensamiento vuela sin filtros hasta sus m\u00e1s profundos deseos, a veces escandalosos. Molly nos desvela su pasi\u00f3n por la vida, su relaci\u00f3n con el sexo, sus principios femeninos. Molly, segura de s\u00ed misma, disfruta de la vida que vive y de la vida que imagina. <br \/>Hoy, cuarenta a\u00f1os despu\u00e9s, las mismas palabras escritas por Joyce, vuelven a ser interpretadas por Mag\u00fci Mira que con sus 77 a\u00f1os nos acerca a una nueva Molly. Con mucho amor y mucho humor.<\/p>\n<p style=\"font-size: 23px; text-align: center;\"><strong>La prensa ha dicho:<\/strong><\/p>\n<p style=\"text-align: justify;\">\u201cUna soberbia creaci\u00f3n de Mag\u00fci Mira de alta temperatura er\u00f3tica. Es imposible imaginar a Molly Bloom con otros rasgos\u201d.<br \/><strong>Juan Ignacio Garc\u00eda Garz\u00f3n <\/strong><br \/>\u201cUna gran actriz sin fecha de caducidad. Una espl\u00e9ndida creaci\u00f3n de Mag\u00fci Mira\u201d.<br \/><strong>Eduardo Haro Teglen.<\/strong><br \/>\u201cConmovedora Mag\u00fci Mira. Venturosamente procaz y perturbadora. Mag\u00fci Mira y Molly Bloom son inmortales\u201d<br \/><strong>Javier Vill\u00e1n<\/strong><\/p>\n<p style=\"text-align: justify;\"><strong><em><\/em><\/strong><\/p>\n<p style=\"font-size: 23px; text-align: center;\"><strong>FICHA ART\u00cdSTICA.-<\/strong><\/p>\n<p style=\"text-align: justify;\">Reparto: <strong>Mag\u00fci Mira<\/strong><br \/>Versi\u00f3n y direcci\u00f3n: <strong>Marta Torres y Mag\u00fci Mira<\/strong><\/p>\n<p>[\/et_pb_text][\/et_pb_column][\/et_pb_row][\/et_pb_section]<\/p>\n","protected":false},"excerpt":{"rendered":"<p>Sinopsis En 1980 Mag\u00fci Mira encarn\u00f3 a Molly Bloom, m\u00edtico personaje de la novela de James Joyce, uno de los grandes textos literarios del siglo XX, y enamor\u00f3 al p\u00fablico y a la cr\u00edtica.Molly vive una noche de insomnio. Su pensamiento vuela sin filtros hasta sus m\u00e1s profundos deseos, a veces escandalosos. Molly nos desvela [&hellip;]<\/p>\n","protected":false},"author":2,"featured_media":0,"parent":0,"menu_order":0,"comment_status":"closed","ping_status":"closed","template":"","meta":{"_et_pb_use_builder":"on","_et_pb_old_content":"","_et_gb_content_width":"","footnotes":""},"_links":{"self":[{"href":"https:\/\/cazorla.es\/teatro\/wp-json\/wp\/v2\/pages\/2473"}],"collection":[{"href":"https:\/\/cazorla.es\/teatro\/wp-json\/wp\/v2\/pages"}],"about":[{"href":"https:\/\/cazorla.es\/teatro\/wp-json\/wp\/v2\/types\/page"}],"author":[{"embeddable":true,"href":"https:\/\/cazorla.es\/teatro\/wp-json\/wp\/v2\/users\/2"}],"replies":[{"embeddable":true,"href":"https:\/\/cazorla.es\/teatro\/wp-json\/wp\/v2\/comments?post=2473"}],"version-history":[{"count":6,"href":"https:\/\/cazorla.es\/teatro\/wp-json\/wp\/v2\/pages\/2473\/revisions"}],"predecessor-version":[{"id":2892,"href":"https:\/\/cazorla.es\/teatro\/wp-json\/wp\/v2\/pages\/2473\/revisions\/2892"}],"wp:attachment":[{"href":"https:\/\/cazorla.es\/teatro\/wp-json\/wp\/v2\/media?parent=2473"}],"curies":[{"name":"wp","href":"https:\/\/api.w.org\/{rel}","templated":true}]}}