{"id":2483,"date":"2021-09-22T08:47:23","date_gmt":"2021-09-22T08:47:23","guid":{"rendered":"https:\/\/cazorla.es\/teatro\/?page_id=2483"},"modified":"2022-09-22T08:06:32","modified_gmt":"2022-09-22T08:06:32","slug":"yerma","status":"publish","type":"page","link":"https:\/\/cazorla.es\/teatro\/yerma\/","title":{"rendered":"Guerrero"},"content":{"rendered":"<p>[et_pb_section fb_built=\u00bb1&#8243; _builder_version=\u00bb4.10.5&#8243; _module_preset=\u00bbdefault\u00bb global_colors_info=\u00bb{}\u00bb][et_pb_row _builder_version=\u00bb4.10.5&#8243; _module_preset=\u00bbdefault\u00bb global_colors_info=\u00bb{}\u00bb][et_pb_column type=\u00bb4_4&#8243; _builder_version=\u00bb4.10.5&#8243; _module_preset=\u00bbdefault\u00bb global_colors_info=\u00bb{}\u00bb][et_pb_post_title meta=\u00bboff\u00bb _builder_version=\u00bb4.10.5&#8243; _module_preset=\u00bbdefault\u00bb custom_margin=\u00bb20px||20px||false|false\u00bb global_colors_info=\u00bb{}\u00bb][\/et_pb_post_title][\/et_pb_column][\/et_pb_row][\/et_pb_section][et_pb_section fb_built=\u00bb1&#8243; _builder_version=\u00bb4.10.5&#8243; _module_preset=\u00bbdefault\u00bb global_colors_info=\u00bb{}\u00bb][et_pb_row column_structure=\u00bb1_2,1_2&#8243; _builder_version=\u00bb4.10.5&#8243; _module_preset=\u00bbdefault\u00bb custom_margin=\u00bb||||false|false\u00bb global_colors_info=\u00bb{}\u00bb][et_pb_column type=\u00bb1_2&#8243; _builder_version=\u00bb4.10.5&#8243; _module_preset=\u00bbdefault\u00bb global_colors_info=\u00bb{}\u00bb][et_pb_video src=\u00bbhttps:\/\/www.youtube.com\/watch?v=hXQNIwjF3wI\u00bb _builder_version=\u00bb4.10.5&#8243; _module_preset=\u00bbdefault\u00bb custom_margin=\u00bb60px||||false|false\u00bb global_colors_info=\u00bb{}\u00bb][\/et_pb_video][\/et_pb_column][et_pb_column type=\u00bb1_2&#8243; _builder_version=\u00bb4.10.5&#8243; _module_preset=\u00bbdefault\u00bb global_colors_info=\u00bb{}\u00bb][et_pb_text _builder_version=\u00bb4.10.5&#8243; _module_preset=\u00bbdefault\u00bb custom_margin=\u00bb|||20px|false|false\u00bb global_colors_info=\u00bb{}\u00bb]<\/p>\n<p>.<strong><\/strong><\/p>\n<p><strong>\u00a0<\/strong><\/p>\n<p style=\"font-size: 30px; text-align: center;\"><strong>Sinopsis<\/strong><\/p>\n<p style=\"text-align: justify;\">En el siglo cuarto antes de Cristo, el general Sun Tzu escribi\u00f3 un libro de estrategia militar que suele tener mucho \u00e9xito, en la actualidad, entre los yuppies y emprendedores. Se titul\u00f3 \u201cEl arte de la guerra\u201d y algunas de sus ense\u00f1anzas pueden aplicarse a la madre de todas las batallas, que es la vida misma, el \u00e1mbito cotidiano de nuestras emociones: \u00abSi conoces a los dem\u00e1s y te conoces a ti mismo, ni en cien batallas correr\u00e1s peligro, puede leerse en \u00e9l; si no conoces a los dem\u00e1s, pero te conoces a ti mismo, perder\u00e1s una batalla y ganar\u00e1s otra; si no conoces a los dem\u00e1s ni te conoces a ti mismo, correr\u00e1s peligro en cada batalla\u00bb.<\/p>\n<p style=\"text-align: justify;\">\u00abLa mejor victoria es vencer sin combatir\u00bb, afirma el viejo general chino y es lo que suele ocurrir en el teatro de operaciones del amor. Ese es el escenario elegido por el bailaor Eduardo Guerrero para poner en pie su nuevo espect\u00e1culo, que lleva su polis\u00e9mico apellido y que sigue una trayectoria iniciada por \u201cDe Dolores\u201d o \u201cEl callej\u00f3n de los pecados\u201d, en una larga trayectoria art\u00edstica iniciada siendo apenas un ni\u00f1o, que pasa por la compa\u00f1\u00eda de La Yerbabuena y que se ha visto coronada, entre otros galardones, por el Desplante del Festival de La Uni\u00f3n del a\u00f1o 2013.<\/p>\n<p style=\"text-align: justify;\">En esta ocasi\u00f3n, el bailaor se centra en su relaci\u00f3n con las mujeres; su madre, sus amantes, sus amigas, en ese territorio l\u00edmite en el que la sentimentalidad convive con la sensualidad pero supera ambas temperaturas vitales, hasta encontrar un puente entre g\u00e9neros y sexos al que solemos llamar persona. Se trata de una tensi\u00f3n sin traumas, de un combate interior, sin excesivos da\u00f1os colaterales, m\u00e1s all\u00e1 de la pasi\u00f3n y del compromiso con su propia querencia masculina.<\/p>\n<p style=\"font-size: 23px; text-align: center;\"><strong>\u00a0FICHA ART\u00cdSTICA.-<\/strong><\/p>\n<p><strong>Baile:<\/strong> Eduardo Guerrero.<br \/><strong>Cante:<\/strong> Anabel Rivera, Pilar Sierra y Samara Monta\u00f1ez.<br \/><strong>Guitarra:<\/strong> Javier Ib\u00e1\u00f1ez y Juan Jos\u00e9 Alba.<br \/><strong>Direcci\u00f3n Musical:<\/strong> Javier Ib\u00e1\u00f1ez y Juan Jos\u00e9 Alba.<\/p>\n<p>[\/et_pb_text][\/et_pb_column][\/et_pb_row][\/et_pb_section]<\/p>\n","protected":false},"excerpt":{"rendered":"<p>. \u00a0 Sinopsis En el siglo cuarto antes de Cristo, el general Sun Tzu escribi\u00f3 un libro de estrategia militar que suele tener mucho \u00e9xito, en la actualidad, entre los yuppies y emprendedores. Se titul\u00f3 \u201cEl arte de la guerra\u201d y algunas de sus ense\u00f1anzas pueden aplicarse a la madre de todas las batallas, que [&hellip;]<\/p>\n","protected":false},"author":2,"featured_media":0,"parent":0,"menu_order":0,"comment_status":"closed","ping_status":"closed","template":"","meta":{"_et_pb_use_builder":"on","_et_pb_old_content":"","_et_gb_content_width":"","footnotes":""},"_links":{"self":[{"href":"https:\/\/cazorla.es\/teatro\/wp-json\/wp\/v2\/pages\/2483"}],"collection":[{"href":"https:\/\/cazorla.es\/teatro\/wp-json\/wp\/v2\/pages"}],"about":[{"href":"https:\/\/cazorla.es\/teatro\/wp-json\/wp\/v2\/types\/page"}],"author":[{"embeddable":true,"href":"https:\/\/cazorla.es\/teatro\/wp-json\/wp\/v2\/users\/2"}],"replies":[{"embeddable":true,"href":"https:\/\/cazorla.es\/teatro\/wp-json\/wp\/v2\/comments?post=2483"}],"version-history":[{"count":6,"href":"https:\/\/cazorla.es\/teatro\/wp-json\/wp\/v2\/pages\/2483\/revisions"}],"predecessor-version":[{"id":2908,"href":"https:\/\/cazorla.es\/teatro\/wp-json\/wp\/v2\/pages\/2483\/revisions\/2908"}],"wp:attachment":[{"href":"https:\/\/cazorla.es\/teatro\/wp-json\/wp\/v2\/media?parent=2483"}],"curies":[{"name":"wp","href":"https:\/\/api.w.org\/{rel}","templated":true}]}}