{"id":2554,"date":"2021-09-22T11:11:23","date_gmt":"2021-09-22T11:11:23","guid":{"rendered":"https:\/\/cazorla.es\/teatro\/?page_id=2554"},"modified":"2022-09-23T10:11:15","modified_gmt":"2022-09-23T10:11:15","slug":"hamelin","status":"publish","type":"page","link":"https:\/\/cazorla.es\/teatro\/hamelin\/","title":{"rendered":"La Horma de los Sue\u00f1os"},"content":{"rendered":"<p>[et_pb_section fb_built=\u00bb1&#8243; _builder_version=\u00bb4.10.5&#8243; _module_preset=\u00bbdefault\u00bb global_colors_info=\u00bb{}\u00bb][et_pb_row _builder_version=\u00bb4.10.5&#8243; _module_preset=\u00bbdefault\u00bb global_colors_info=\u00bb{}\u00bb][et_pb_column type=\u00bb4_4&#8243; _builder_version=\u00bb4.10.5&#8243; _module_preset=\u00bbdefault\u00bb global_colors_info=\u00bb{}\u00bb][et_pb_post_title meta=\u00bboff\u00bb _builder_version=\u00bb4.10.5&#8243; _module_preset=\u00bbdefault\u00bb custom_margin=\u00bb20px||20px||false|false\u00bb global_colors_info=\u00bb{}\u00bb][\/et_pb_post_title][\/et_pb_column][\/et_pb_row][\/et_pb_section][et_pb_section fb_built=\u00bb1&#8243; _builder_version=\u00bb4.10.5&#8243; _module_preset=\u00bbdefault\u00bb global_colors_info=\u00bb{}\u00bb][et_pb_row _builder_version=\u00bb4.10.5&#8243; _module_preset=\u00bbdefault\u00bb global_colors_info=\u00bb{}\u00bb][et_pb_column type=\u00bb4_4&#8243; _builder_version=\u00bb4.10.5&#8243; _module_preset=\u00bbdefault\u00bb global_colors_info=\u00bb{}\u00bb][et_pb_image src=\u00bbhttp:\/\/cazorla.es\/teatro\/wp-content\/uploads\/2021\/09\/La-horma-de-los-suenos-1.jpg\u00bb title_text=\u00bbLa horma de los suenos\u00bb _builder_version=\u00bb4.10.5&#8243; _module_preset=\u00bbdefault\u00bb global_colors_info=\u00bb{}\u00bb][\/et_pb_image][\/et_pb_column][\/et_pb_row][\/et_pb_section][et_pb_section fb_built=\u00bb1&#8243; _builder_version=\u00bb4.10.5&#8243; _module_preset=\u00bbdefault\u00bb global_colors_info=\u00bb{}\u00bb][et_pb_row _builder_version=\u00bb4.10.5&#8243; _module_preset=\u00bbdefault\u00bb hover_enabled=\u00bb0&#8243; global_colors_info=\u00bb{}\u00bb sticky_enabled=\u00bb0&#8243;][et_pb_column type=\u00bb4_4&#8243; _builder_version=\u00bb4.10.5&#8243; _module_preset=\u00bbdefault\u00bb global_colors_info=\u00bb{}\u00bb][et_pb_text _builder_version=\u00bb4.10.5&#8243; _module_preset=\u00bbdefault\u00bb custom_margin=\u00bb|||20px|false|false\u00bb global_colors_info=\u00bb{}\u00bb]<\/p>\n<p style=\"text-align: center; font-size: 30px;\"><strong>Sinopsis.-<\/strong><\/p>\n<p>La vida es como un sendero por el cual caminamos en busca de nuestros sue\u00f1os. En el camino vamos dejando nuestras pisadas y no siempre elegimos el camino m\u00e1s c\u00f3modo y f\u00e1cil. Para transitar esos caminos hemos de optar por un buen calzado por si el camino es largo, duro, pedregoso, enlodado, lleno de maleza o cuesta arriba. En nuestro arduo caminar, los zapatos paulatinamente se desgastan y envejecen, como nosotros. Esta historia habla de todo eso, de zapatos, de vida, de amistad, de caminos, de sue\u00f1os y de anhelos.<\/p>\n<p style=\"text-align: center; font-size: 23px;\">\u00a0<strong>FICHA ART\u00cdSTICA.-<\/strong><\/p>\n<p><strong>ELENCO: <\/strong><\/p>\n<p><strong>Jaime Sevilla<\/strong>, como M\u00daSICO AMBULANTE.<\/p>\n<p><strong>Christian Torrecillas<\/strong>, como el ZAPATERO.<\/p>\n<p><strong>Javier F\u00e1brega<\/strong>, como el MUCHACHO.<\/p>\n<p>\u00a0M\u00daSICA: <strong>Jaime Sevilla y Javier F\u00e1brega<\/strong>.<\/p>\n<p>\u00a0DIRECCI\u00d3N ESC\u00c9NICA: <strong>Arcadio Chill\u00f3n y Pedro J. Mu\u00f1oz<\/strong>.<\/p>\n<p>[\/et_pb_text][\/et_pb_column][\/et_pb_row][\/et_pb_section]<\/p>\n","protected":false},"excerpt":{"rendered":"<p>Sinopsis.- La vida es como un sendero por el cual caminamos en busca de nuestros sue\u00f1os. En el camino vamos dejando nuestras pisadas y no siempre elegimos el camino m\u00e1s c\u00f3modo y f\u00e1cil. Para transitar esos caminos hemos de optar por un buen calzado por si el camino es largo, duro, pedregoso, enlodado, lleno de [&hellip;]<\/p>\n","protected":false},"author":2,"featured_media":0,"parent":0,"menu_order":0,"comment_status":"closed","ping_status":"closed","template":"","meta":{"_et_pb_use_builder":"on","_et_pb_old_content":"<!-- wp:divi\/placeholder \/-->","_et_gb_content_width":"","footnotes":""},"_links":{"self":[{"href":"https:\/\/cazorla.es\/teatro\/wp-json\/wp\/v2\/pages\/2554"}],"collection":[{"href":"https:\/\/cazorla.es\/teatro\/wp-json\/wp\/v2\/pages"}],"about":[{"href":"https:\/\/cazorla.es\/teatro\/wp-json\/wp\/v2\/types\/page"}],"author":[{"embeddable":true,"href":"https:\/\/cazorla.es\/teatro\/wp-json\/wp\/v2\/users\/2"}],"replies":[{"embeddable":true,"href":"https:\/\/cazorla.es\/teatro\/wp-json\/wp\/v2\/comments?post=2554"}],"version-history":[{"count":6,"href":"https:\/\/cazorla.es\/teatro\/wp-json\/wp\/v2\/pages\/2554\/revisions"}],"predecessor-version":[{"id":2939,"href":"https:\/\/cazorla.es\/teatro\/wp-json\/wp\/v2\/pages\/2554\/revisions\/2939"}],"wp:attachment":[{"href":"https:\/\/cazorla.es\/teatro\/wp-json\/wp\/v2\/media?parent=2554"}],"curies":[{"name":"wp","href":"https:\/\/api.w.org\/{rel}","templated":true}]}}