{"id":2558,"date":"2021-09-22T10:54:30","date_gmt":"2021-09-22T10:54:30","guid":{"rendered":"https:\/\/cazorla.es\/teatro\/?page_id=2558"},"modified":"2022-09-23T10:17:33","modified_gmt":"2022-09-23T10:17:33","slug":"acrobata","status":"publish","type":"page","link":"https:\/\/cazorla.es\/teatro\/acrobata\/","title":{"rendered":"La F\u00e1bula de la Ardilla"},"content":{"rendered":"\n[et_pb_section fb_built=\u00bb1&#8243; _builder_version=\u00bb4.10.5&#8243; _module_preset=\u00bbdefault\u00bb global_colors_info=\u00bb{}\u00bb][et_pb_row _builder_version=\u00bb4.10.5&#8243; _module_preset=\u00bbdefault\u00bb global_colors_info=\u00bb{}\u00bb][et_pb_column type=\u00bb4_4&#8243; _builder_version=\u00bb4.10.5&#8243; _module_preset=\u00bbdefault\u00bb global_colors_info=\u00bb{}\u00bb][et_pb_post_title meta=\u00bboff\u00bb _builder_version=\u00bb4.10.5&#8243; _module_preset=\u00bbdefault\u00bb custom_margin=\u00bb20px||20px||false|false\u00bb global_colors_info=\u00bb{}\u00bb][\/et_pb_post_title][\/et_pb_column][\/et_pb_row][\/et_pb_section][et_pb_section fb_built=\u00bb1&#8243; _builder_version=\u00bb4.10.5&#8243; _module_preset=\u00bbdefault\u00bb global_colors_info=\u00bb{}\u00bb][et_pb_row column_structure=\u00bb1_2,1_2&#8243; _builder_version=\u00bb4.10.5&#8243; _module_preset=\u00bbdefault\u00bb custom_margin=\u00bb-20px||0px||false|false\u00bb global_colors_info=\u00bb{}\u00bb][et_pb_column type=\u00bb1_2&#8243; _builder_version=\u00bb4.10.5&#8243; _module_preset=\u00bbdefault\u00bb global_colors_info=\u00bb{}\u00bb][et_pb_video src=\u00bbhttps:\/\/www.youtube.com\/watch?v=QfdoQHdoY_s\u00bb _builder_version=\u00bb4.10.5&#8243; _module_preset=\u00bbdefault\u00bb custom_margin=\u00bb150px||||false|false\u00bb hover_enabled=\u00bb0&#8243; global_colors_info=\u00bb{}\u00bb sticky_enabled=\u00bb0&#8243;][\/et_pb_video][\/et_pb_column][et_pb_column type=\u00bb1_2&#8243; _builder_version=\u00bb4.10.5&#8243; _module_preset=\u00bbdefault\u00bb global_colors_info=\u00bb{}\u00bb][et_pb_text _builder_version=\u00bb4.10.5&#8243; _module_preset=\u00bbdefault\u00bb custom_margin=\u00bb|||20px|false|false\u00bb global_colors_info=\u00bb{}\u00bb]<p style=\"font-size: 30px; text-align: center;\"><strong>Sinopsis.-<\/strong><\/p>\n<p>El gran erizo vive pl\u00e1cidamente, a la sombra de un gran roble, y cuida de los suyos, mientras disfruta de su pedacito de mundo. Pero un d\u00eda, esta paz se ver\u00e1 perturbada, por la llegada de una ardilla amable, traviesa y juguetona. Su convivencia no ser\u00e1 f\u00e1cil. Descubriremos un erizo arisco y protector, y una ardilla con ganas de saber y compartir. Una de las caracter\u00edsticas de las f\u00e1bulas es que siempre acaban con una conclusi\u00f3n moral. Por lo tanto, \u00bfde qu\u00e9 nos habla La f\u00e1bula de la ardilla? Con este espect\u00e1culo, La Baldufa nos propone pensar, reflexionar y ahondar en la diferencia y el mestizaje.<\/p>\n<p>El erizo y la ardilla son muy diferentes, pero tienen infinidad de oportunidades para aprender y compartir juntos.<\/p>\n<p style=\"font-size: 23px; text-align: center;\"><strong>FICHA ART\u00cdSTICA.-<\/strong><\/p>\n<p><strong>Actores: <\/strong><\/p>\n<p>Erizo: <strong>Carles Pijuan o Ferran L\u00f3pez<\/strong> \u00a0<\/p>\n<p>Ardilla: <strong>Emiliano Pardo o Enric Blasi<\/strong><\/p>\n<p>\u00a0M\u00fasico: <strong>Pau Elias<\/strong><\/p>\n<p><strong>\u00a0<\/strong><span style=\"font-size: 14px;\">Autor\u00eda: <\/span><strong style=\"font-size: 14px;\">Jokin Oregi &amp; La Baldufa: Enric Blasi, Emiliano Pardo, Carles Pijuan<\/strong><\/p>\n<p>\u00a0Direcci\u00f3n: <strong>Jokin Oregi<\/strong><\/p>\n<p style=\"text-align: justify;\"><\/p>[\/et_pb_text][\/et_pb_column][\/et_pb_row][et_pb_row _builder_version=\u00bb4.10.5&#8243; _module_preset=\u00bbdefault\u00bb custom_padding=\u00bb||8px|||\u00bb global_colors_info=\u00bb{}\u00bb][et_pb_column type=\u00bb4_4&#8243; _builder_version=\u00bb4.10.5&#8243; _module_preset=\u00bbdefault\u00bb global_colors_info=\u00bb{}\u00bb][\/et_pb_column][\/et_pb_row][\/et_pb_section]\n","protected":false},"excerpt":{"rendered":"<p>Sinopsis.- El gran erizo vive pl\u00e1cidamente, a la sombra de un gran roble, y cuida de los suyos, mientras disfruta de su pedacito de mundo. Pero un d\u00eda, esta paz se ver\u00e1 perturbada, por la llegada de una ardilla amable, traviesa y juguetona. Su convivencia no ser\u00e1 f\u00e1cil. Descubriremos un erizo arisco y protector, y [&hellip;]<\/p>\n","protected":false},"author":2,"featured_media":0,"parent":0,"menu_order":0,"comment_status":"closed","ping_status":"closed","template":"","meta":{"_et_pb_use_builder":"on","_et_pb_old_content":"<!-- wp:divi\/placeholder \/-->","_et_gb_content_width":"","footnotes":""},"_links":{"self":[{"href":"https:\/\/cazorla.es\/teatro\/wp-json\/wp\/v2\/pages\/2558"}],"collection":[{"href":"https:\/\/cazorla.es\/teatro\/wp-json\/wp\/v2\/pages"}],"about":[{"href":"https:\/\/cazorla.es\/teatro\/wp-json\/wp\/v2\/types\/page"}],"author":[{"embeddable":true,"href":"https:\/\/cazorla.es\/teatro\/wp-json\/wp\/v2\/users\/2"}],"replies":[{"embeddable":true,"href":"https:\/\/cazorla.es\/teatro\/wp-json\/wp\/v2\/comments?post=2558"}],"version-history":[{"count":6,"href":"https:\/\/cazorla.es\/teatro\/wp-json\/wp\/v2\/pages\/2558\/revisions"}],"predecessor-version":[{"id":2943,"href":"https:\/\/cazorla.es\/teatro\/wp-json\/wp\/v2\/pages\/2558\/revisions\/2943"}],"wp:attachment":[{"href":"https:\/\/cazorla.es\/teatro\/wp-json\/wp\/v2\/media?parent=2558"}],"curies":[{"name":"wp","href":"https:\/\/api.w.org\/{rel}","templated":true}]}}