{"id":1115,"date":"2017-11-21T08:17:31","date_gmt":"2017-11-21T08:17:31","guid":{"rendered":"http:\/\/cazorla.es\/turismo\/?page_id=1115"},"modified":"2019-08-13T08:46:16","modified_gmt":"2019-08-13T08:46:16","slug":"monumentos","status":"publish","type":"page","link":"https:\/\/cazorla.es\/turismo\/monumentos\/","title":{"rendered":"Monumentos"},"content":{"rendered":"<p>[et_pb_section admin_label=\u00bbsection\u00bb][et_pb_row admin_label=\u00bbrow\u00bb][et_pb_column type=\u00bb4_4&#8243;][et_pb_text admin_label=\u00bbTexto\u00bb background_layout=\u00bblight\u00bb text_orientation=\u00bbleft\u00bb use_border_color=\u00bboff\u00bb border_color=\u00bb#ffffff\u00bb border_style=\u00bbsolid\u00bb]<\/p>\n<p class=\"lead\">Esta secci\u00f3n de Monumentos, est\u00e1 destinada para los\/as visitantes que est\u00e9n interesados e interesadas sobre todo en la arquitectura e historia Cazorle\u00f1a.<br \/>\nLos lugares m\u00e1s emblem\u00e1ticos de Cazorla, las obras arquitect\u00f3nicas m\u00e1s impresionantes, los pasadizos m\u00e1s entra\u00f1ables.<\/p>\n<p>[\/et_pb_text][\/et_pb_column][\/et_pb_row][et_pb_row admin_label=\u00bbFila\u00bb][et_pb_column type=\u00bb1_2&#8243;][et_pb_text admin_label=\u00bbTexto\u00bb background_layout=\u00bblight\u00bb text_orientation=\u00bbleft\u00bb use_border_color=\u00bboff\u00bb border_color=\u00bb#ffffff\u00bb border_style=\u00bbsolid\u00bb]<\/p>\n<p class=\"lead\"><a href=\"http:\/\/cazorla.es\/turismo\/ruinas-de-santa-maria\/\" target=\"_blank\">Las Ruinas de Santa Mar\u00eda<\/a>, en pleno casco hist\u00f3rico de Cazorla, antigua iglesia construida sobre una b\u00f3veda en el r\u00edo destruida por una gran inundaci\u00f3n en el pasado y posteriormente asediada por los franceses en el siglo XIX.<\/p>\n<p>[\/et_pb_text][\/et_pb_column][et_pb_column type=\u00bb1_2&#8243;][et_pb_image admin_label=\u00bbImagen\u00bb src=\u00bbhttp:\/\/cazorla.es\/turismo\/wp-content\/uploads\/2017\/11\/ruinasantademaria.jpg\u00bb show_in_lightbox=\u00bboff\u00bb url_new_window=\u00bboff\u00bb use_overlay=\u00bboff\u00bb animation=\u00bbleft\u00bb sticky=\u00bboff\u00bb align=\u00bbleft\u00bb force_fullwidth=\u00bboff\u00bb always_center_on_mobile=\u00bbon\u00bb use_border_color=\u00bboff\u00bb border_color=\u00bb#ffffff\u00bb border_style=\u00bbsolid\u00bb]<\/p>\n<p>[\/et_pb_image][\/et_pb_column][\/et_pb_row][et_pb_row admin_label=\u00bbFila\u00bb][et_pb_column type=\u00bb1_2&#8243;][et_pb_image admin_label=\u00bbImagen\u00bb src=\u00bbhttp:\/\/cazorla.es\/turismo\/wp-content\/uploads\/2017\/11\/bovedariocerezuelonueva.jpg\u00bb show_in_lightbox=\u00bboff\u00bb url_new_window=\u00bboff\u00bb use_overlay=\u00bboff\u00bb animation=\u00bbleft\u00bb sticky=\u00bboff\u00bb align=\u00bbleft\u00bb force_fullwidth=\u00bboff\u00bb always_center_on_mobile=\u00bbon\u00bb use_border_color=\u00bboff\u00bb border_color=\u00bb#ffffff\u00bb border_style=\u00bbsolid\u00bb]<\/p>\n<p>[\/et_pb_image][\/et_pb_column][et_pb_column type=\u00bb1_2&#8243;][et_pb_text admin_label=\u00bbTexto\u00bb background_layout=\u00bblight\u00bb text_orientation=\u00bbleft\u00bb use_border_color=\u00bboff\u00bb border_color=\u00bb#ffffff\u00bb border_style=\u00bbsolid\u00bb]<\/p>\n<p class=\"lead\"><a href=\"http:\/\/cazorla.es\/turismo\/boveda-del-rio-cerezuelo\/\" target=\"_blank\">La B\u00f3veda del R\u00edo Cerezuelo<\/a>, adaptada a los desniveles del r\u00edo, es una b\u00f3veda de medio ca\u00f1\u00f3n construida para levantar una de las construcciones m\u00e1s ilustres de la zona, las Ruinas de Santa Mar\u00eda.<br \/>\nSu construcci\u00f3n solventa el problema de incomunicaci\u00f3n de las dos m\u00e1rgenes del r\u00edo de Cazorla. Con las visitas guiadas, podr\u00e1s observarla con m\u00e1ximo detalle.<\/p>\n<p>[\/et_pb_text][\/et_pb_column][\/et_pb_row][et_pb_row admin_label=\u00bbFila\u00bb][et_pb_column type=\u00bb1_2&#8243;][et_pb_text admin_label=\u00bbTexto\u00bb background_layout=\u00bblight\u00bb text_orientation=\u00bbleft\u00bb use_border_color=\u00bboff\u00bb border_color=\u00bb#ffffff\u00bb border_style=\u00bbsolid\u00bb]<\/p>\n<p class=\"lead\"><a href=\"http:\/\/cazorla.es\/turismo\/castillo-de-la-yedra\/\" target=\"_blank\">El Castillo de la Yedra<\/a>, visto desde lejos cuando llegan a Cazorla, es un antiguo enclave de origen defensivo situado en la parte inferior del cerro de Salvatierra.<br \/>\nConstrucci\u00f3n que data de la \u00e9poca bereber y cuyos or\u00edgenes podr\u00edan ser musulmanes.<br \/>\nEn su interior, dos secciones bien diferenciadas:<br \/>\nLa Secci\u00f3n Hist\u00f3rica, ubicada en la Torre del Homenaje y la Secci\u00f3n de Artes y Costumbres, que se encuentra en una edificaci\u00f3n anexa.<\/p>\n<p>[\/et_pb_text][\/et_pb_column][et_pb_column type=\u00bb1_2&#8243;][et_pb_image admin_label=\u00bbImagen\u00bb src=\u00bbhttp:\/\/cazorla.es\/turismo\/wp-content\/uploads\/2017\/11\/castillolayedra.jpg\u00bb show_in_lightbox=\u00bboff\u00bb url_new_window=\u00bboff\u00bb use_overlay=\u00bboff\u00bb animation=\u00bbleft\u00bb sticky=\u00bboff\u00bb align=\u00bbleft\u00bb force_fullwidth=\u00bboff\u00bb always_center_on_mobile=\u00bbon\u00bb use_border_color=\u00bboff\u00bb border_color=\u00bb#ffffff\u00bb border_style=\u00bbsolid\u00bb]<\/p>\n<p>[\/et_pb_image][\/et_pb_column][\/et_pb_row][et_pb_row admin_label=\u00bbFila\u00bb][et_pb_column type=\u00bb1_2&#8243;][et_pb_image admin_label=\u00bbImagen\u00bb src=\u00bbhttp:\/\/cazorla.es\/turismo\/wp-content\/uploads\/2017\/11\/castillocincoesquinas.jpg\u00bb show_in_lightbox=\u00bboff\u00bb url_new_window=\u00bboff\u00bb use_overlay=\u00bboff\u00bb animation=\u00bbleft\u00bb sticky=\u00bboff\u00bb align=\u00bbleft\u00bb force_fullwidth=\u00bboff\u00bb always_center_on_mobile=\u00bbon\u00bb use_border_color=\u00bboff\u00bb border_color=\u00bb#ffffff\u00bb border_style=\u00bbsolid\u00bb]<\/p>\n<p>[\/et_pb_image][\/et_pb_column][et_pb_column type=\u00bb1_2&#8243;][et_pb_text admin_label=\u00bbTexto\u00bb background_layout=\u00bblight\u00bb text_orientation=\u00bbleft\u00bb use_border_color=\u00bboff\u00bb border_color=\u00bb#ffffff\u00bb border_style=\u00bbsolid\u00bb]<\/p>\n<p class=\"lead\">Y por \u00faltimo, el <a href=\"http:\/\/cazorla.es\/turismo\/castillo-de-las-cinco-esquinas\/\" target=\"_blank\">Castillo de las cinco esquinas<\/a>, o tambi\u00e9n conocido como Castillo de SalvaTierra, es una construcci\u00f3n llevada a cabo en el \u00faltimo tercio del siglo XIV. Constru\u00eddo en lo alto de la monta\u00f1a o cerro de SalvaTierra para reforzar la defensa de la capital del Adelantamiento y prevenir posibles acciones ofensivas de los nazar\u00edes de Granada.<br \/>\nPara obtener informaci\u00f3n m\u00e1s detallada acerca de estos Museos, entren espec\u00edficamente en cada uno de ellos.<\/p>\n<p>[\/et_pb_text][\/et_pb_column][\/et_pb_row][\/et_pb_section]<\/p>\n","protected":false},"excerpt":{"rendered":"<p>Esta secci\u00f3n de Monumentos, est\u00e1 destinada para los\/as visitantes que est\u00e9n interesados e interesadas sobre todo en la arquitectura e historia Cazorle\u00f1a. Los lugares m\u00e1s emblem\u00e1ticos de Cazorla, las obras [&hellip;]<\/p>\n","protected":false},"author":2,"featured_media":0,"parent":0,"menu_order":0,"comment_status":"closed","ping_status":"closed","template":"","meta":{"_et_pb_use_builder":"on","_et_pb_old_content":"","_et_gb_content_width":"","footnotes":""},"class_list":["post-1115","page","type-page","status-publish","hentry"],"_links":{"self":[{"href":"https:\/\/cazorla.es\/turismo\/wp-json\/wp\/v2\/pages\/1115","targetHints":{"allow":["GET"]}}],"collection":[{"href":"https:\/\/cazorla.es\/turismo\/wp-json\/wp\/v2\/pages"}],"about":[{"href":"https:\/\/cazorla.es\/turismo\/wp-json\/wp\/v2\/types\/page"}],"author":[{"embeddable":true,"href":"https:\/\/cazorla.es\/turismo\/wp-json\/wp\/v2\/users\/2"}],"replies":[{"embeddable":true,"href":"https:\/\/cazorla.es\/turismo\/wp-json\/wp\/v2\/comments?post=1115"}],"version-history":[{"count":8,"href":"https:\/\/cazorla.es\/turismo\/wp-json\/wp\/v2\/pages\/1115\/revisions"}],"predecessor-version":[{"id":3768,"href":"https:\/\/cazorla.es\/turismo\/wp-json\/wp\/v2\/pages\/1115\/revisions\/3768"}],"wp:attachment":[{"href":"https:\/\/cazorla.es\/turismo\/wp-json\/wp\/v2\/media?parent=1115"}],"curies":[{"name":"wp","href":"https:\/\/api.w.org\/{rel}","templated":true}]}}