{"id":1117,"date":"2017-11-21T08:18:06","date_gmt":"2017-11-21T08:18:06","guid":{"rendered":"http:\/\/cazorla.es\/turismo\/?page_id=1117"},"modified":"2019-08-13T08:45:56","modified_gmt":"2019-08-13T08:45:56","slug":"iglesias-y-ermitas","status":"publish","type":"page","link":"https:\/\/cazorla.es\/turismo\/iglesias-y-ermitas\/","title":{"rendered":"Iglesias y Ermitas"},"content":{"rendered":"<p>[et_pb_section admin_label=\u00bbsection\u00bb][et_pb_row admin_label=\u00bbrow\u00bb][et_pb_column type=\u00bb4_4&#8243;][et_pb_text admin_label=\u00bbTexto\u00bb background_layout=\u00bbdark\u00bb text_orientation=\u00bbleft\u00bb use_border_color=\u00bboff\u00bb border_color=\u00bb#ffffff\u00bb border_style=\u00bbsolid\u00bb]<\/p>\n<h1>Iglesias<\/h1>\n<p>[\/et_pb_text][\/et_pb_column][\/et_pb_row][et_pb_row admin_label=\u00bbFila\u00bb][et_pb_column type=\u00bb1_2&#8243;][et_pb_text admin_label=\u00bbTexto\u00bb background_layout=\u00bblight\u00bb text_orientation=\u00bbleft\u00bb use_border_color=\u00bboff\u00bb border_color=\u00bb#ffffff\u00bb border_style=\u00bbsolid\u00bb]<\/p>\n<p class=\"lead\">Esta secci\u00f3n de Iglesias y Ermitas, est\u00e1 destinada para los\/as visitantes que est\u00e9n interesados e interesadas en temas religiosos y sobre todo para fan\u00e1ticos y fan\u00e1ticas de la arquitectura y obras pintorescas.<\/p>\n<p class=\"lead\"><a href=\"http:\/\/cazorla.es\/turismo\/iglesia-de-san-francisco\/\" target=\"_blank\">La Iglesia de San Francisco<\/a>, pr\u00f3xima al casco hist\u00f3rico de Cazorla, fue antiguo convento de la orden de San Francisco. Iglesia es de planta rectangular, de tres naves, con b\u00f3veda de medio ca\u00f1\u00f3n albergando cuadros de Alfonso Grosso con escenas de la Pasi\u00f3n y pinturas de su fundador, Juan Miguel S\u00e1nchez.<\/p>\n<p>[\/et_pb_text][\/et_pb_column][et_pb_column type=\u00bb1_2&#8243;][et_pb_image admin_label=\u00bbImagen\u00bb src=\u00bbhttp:\/\/cazorla.es\/turismo\/wp-content\/uploads\/2017\/11\/iglesia-de-san-francisco-cazorla-1-me.jpg\u00bb show_in_lightbox=\u00bboff\u00bb url_new_window=\u00bboff\u00bb use_overlay=\u00bboff\u00bb animation=\u00bbleft\u00bb sticky=\u00bboff\u00bb align=\u00bbleft\u00bb force_fullwidth=\u00bboff\u00bb always_center_on_mobile=\u00bbon\u00bb use_border_color=\u00bboff\u00bb border_color=\u00bb#ffffff\u00bb border_style=\u00bbsolid\u00bb]<\/p>\n<p>[\/et_pb_image][\/et_pb_column][\/et_pb_row][et_pb_row admin_label=\u00bbFila\u00bb][et_pb_column type=\u00bb1_2&#8243;][et_pb_image admin_label=\u00bbImagen\u00bb src=\u00bbhttp:\/\/cazorla.es\/turismo\/wp-content\/uploads\/2017\/11\/iglesiasanjose.jpg\u00bb show_in_lightbox=\u00bboff\u00bb url_new_window=\u00bboff\u00bb use_overlay=\u00bboff\u00bb animation=\u00bbleft\u00bb sticky=\u00bboff\u00bb align=\u00bbleft\u00bb force_fullwidth=\u00bboff\u00bb always_center_on_mobile=\u00bbon\u00bb use_border_color=\u00bboff\u00bb border_color=\u00bb#ffffff\u00bb border_style=\u00bbsolid\u00bb]<\/p>\n<p>[\/et_pb_image][\/et_pb_column][et_pb_column type=\u00bb1_2&#8243;][et_pb_text admin_label=\u00bbTexto\u00bb background_layout=\u00bblight\u00bb text_orientation=\u00bbleft\u00bb use_border_color=\u00bboff\u00bb border_color=\u00bb#ffffff\u00bb border_style=\u00bbsolid\u00bb]<\/p>\n<p class=\"lead\"><a href=\"http:\/\/cazorla.es\/turismo\/iglesia-de-san-jose\/\" target=\"_blank\">La Iglesia de San Jos\u00e9<\/a>, situada en pleno centro de Cazorla, tiene una planta de \u201csal\u00f3n\u201d de una sola nave, capillas laterales y presbiterio rectangular; su b\u00f3veda es de medio ca\u00f1\u00f3n. Posee copias de escenas religiosas de pinturas del Greco realizados por Rafael del Real. En su interior hay hermosas tallas de Navas Parejo, Castillo Lastrucci&#8230;<\/p>\n<p>[\/et_pb_text][\/et_pb_column][\/et_pb_row][et_pb_row admin_label=\u00bbFila\u00bb][et_pb_column type=\u00bb1_2&#8243;][et_pb_text admin_label=\u00bbTexto\u00bb background_layout=\u00bblight\u00bb text_orientation=\u00bbleft\u00bb use_border_color=\u00bboff\u00bb border_color=\u00bb#ffffff\u00bb border_style=\u00bbsolid\u00bb]<\/p>\n<p class=\"lead\"><a href=\"http:\/\/cazorla.es\/turismo\/iglesia-del-carmen\/\" target=\"_blank\">La Iglesia del Carmen<\/a>, antiguo colegio, se convirti\u00f3 en capilla del antiguo hospital de Cazorla. Su planta es rectangular y presenta un coro y dos galer\u00edas, una superior y otra en nivel bajo.<br \/>\nUna Iglesia con proporciones muy bellas, gustar\u00e1 a todo\/a turista.<\/p>\n<p>[\/et_pb_text][\/et_pb_column][et_pb_column type=\u00bb1_2&#8243;][et_pb_image admin_label=\u00bbImagen\u00bb src=\u00bbhttp:\/\/cazorla.es\/turismo\/wp-content\/uploads\/2017\/11\/iglesiadelcarmen.jpg\u00bb show_in_lightbox=\u00bboff\u00bb url_new_window=\u00bboff\u00bb use_overlay=\u00bboff\u00bb animation=\u00bbleft\u00bb sticky=\u00bboff\u00bb align=\u00bbleft\u00bb force_fullwidth=\u00bboff\u00bb always_center_on_mobile=\u00bbon\u00bb use_border_color=\u00bboff\u00bb border_color=\u00bb#ffffff\u00bb border_style=\u00bbsolid\u00bb]<\/p>\n<p>[\/et_pb_image][\/et_pb_column][\/et_pb_row][et_pb_row admin_label=\u00bbFila\u00bb][et_pb_column type=\u00bb1_2&#8243;][et_pb_image admin_label=\u00bbImagen\u00bb src=\u00bbhttp:\/\/cazorla.es\/turismo\/wp-content\/uploads\/2017\/11\/ermitasansebastian.jpg\u00bb show_in_lightbox=\u00bboff\u00bb url_new_window=\u00bboff\u00bb use_overlay=\u00bboff\u00bb animation=\u00bbleft\u00bb sticky=\u00bboff\u00bb align=\u00bbleft\u00bb force_fullwidth=\u00bboff\u00bb always_center_on_mobile=\u00bbon\u00bb use_border_color=\u00bboff\u00bb border_color=\u00bb#ffffff\u00bb border_style=\u00bbsolid\u00bb]<\/p>\n<p>[\/et_pb_image][\/et_pb_column][et_pb_column type=\u00bb1_2&#8243;][et_pb_text admin_label=\u00bbTexto\u00bb background_layout=\u00bblight\u00bb text_orientation=\u00bbleft\u00bb use_border_color=\u00bboff\u00bb border_color=\u00bb#ffffff\u00bb border_style=\u00bbsolid\u00bb]<\/p>\n<p class=\"lead\"><a href=\"http:\/\/cazorla.es\/turismo\/ermita-de-san-sebastian\/\" target=\"_blank\">La Ermita de San Sebasti\u00e1n<\/a> se encuentra construida sobre un cerro dominante y mira a Cazorla desde el sur. De planta rectangular y construida en sentido E-OE, cubierta por una b\u00f3veda de medio ca\u00f1\u00f3n ligeramente apuntada.<\/p>\n<p>[\/et_pb_text][\/et_pb_column][\/et_pb_row][et_pb_row admin_label=\u00bbFila\u00bb][et_pb_column type=\u00bb1_2&#8243;][et_pb_text admin_label=\u00bbTexto\u00bb background_layout=\u00bblight\u00bb text_orientation=\u00bbleft\u00bb use_border_color=\u00bboff\u00bb border_color=\u00bb#ffffff\u00bb border_style=\u00bbsolid\u00bb]<\/p>\n<p class=\"lead\">La <a href=\"http:\/\/cazorla.es\/turismo\/ermita-de-la-virgen-de-la-cabeza\/\" target=\"_blank\">Ermita de La Virgen de la Cabeza <\/a>puede verse desde la lejan\u00eda, ya que destaca por ser una construcci\u00f3n blanca situada en lo alto de una monta\u00f1a. De planta rectangular y orientada de NE a SW, de una sola altura y bastante modificada desde casi su construcci\u00f3n.<br \/>\nComo dato a destacar se celebra una Romer\u00eda en devoci\u00f3n a la Virgen de la Cabeza el \u00faltimo domingo del mes de Abril.<\/p>\n<p>[\/et_pb_text][\/et_pb_column][et_pb_column type=\u00bb1_2&#8243;][et_pb_image admin_label=\u00bbImagen\u00bb src=\u00bbhttp:\/\/cazorla.es\/turismo\/wp-content\/uploads\/2017\/11\/virgendelacabeza.jpg\u00bb show_in_lightbox=\u00bboff\u00bb url_new_window=\u00bboff\u00bb use_overlay=\u00bboff\u00bb animation=\u00bbleft\u00bb sticky=\u00bboff\u00bb align=\u00bbleft\u00bb force_fullwidth=\u00bboff\u00bb always_center_on_mobile=\u00bbon\u00bb use_border_color=\u00bboff\u00bb border_color=\u00bb#ffffff\u00bb border_style=\u00bbsolid\u00bb]<\/p>\n<p>[\/et_pb_image][\/et_pb_column][\/et_pb_row][et_pb_row admin_label=\u00bbFila\u00bb][et_pb_column type=\u00bb1_2&#8243;][et_pb_image admin_label=\u00bbImagen\u00bb src=\u00bbhttp:\/\/cazorla.es\/turismo\/wp-content\/uploads\/2017\/11\/sanisicio1.jpg\u00bb show_in_lightbox=\u00bboff\u00bb url_new_window=\u00bboff\u00bb use_overlay=\u00bboff\u00bb animation=\u00bbleft\u00bb sticky=\u00bboff\u00bb align=\u00bbleft\u00bb force_fullwidth=\u00bboff\u00bb always_center_on_mobile=\u00bbon\u00bb use_border_color=\u00bboff\u00bb border_color=\u00bb#ffffff\u00bb border_style=\u00bbsolid\u00bb]<\/p>\n<p>[\/et_pb_image][\/et_pb_column][et_pb_column type=\u00bb1_2&#8243;][et_pb_text admin_label=\u00bbTexto\u00bb background_layout=\u00bblight\u00bb text_orientation=\u00bbleft\u00bb use_border_color=\u00bboff\u00bb border_color=\u00bb#ffffff\u00bb border_style=\u00bbsolid\u00bb]<\/p>\n<p class=\"lead\">La <a href=\"http:\/\/cazorla.es\/turismo\/ermita-san-isicio\/\" target=\"_blank\">Ermita de San Isicio<\/a> en la cual se encuentra el patr\u00f3n del pueblo de Cazorla de igual nombre al de su ermita.<br \/>\nLa festividad de San Isicio se celebra el 15 de Mayo.<\/p>\n<p>[\/et_pb_text][\/et_pb_column][\/et_pb_row][et_pb_row admin_label=\u00bbFila\u00bb][et_pb_column type=\u00bb1_2&#8243;][et_pb_text admin_label=\u00bbTexto\u00bb background_layout=\u00bblight\u00bb text_orientation=\u00bbleft\u00bb use_border_color=\u00bboff\u00bb border_color=\u00bb#ffffff\u00bb border_style=\u00bbsolid\u00bb]<\/p>\n<p class=\"lead\">La <a href=\"http:\/\/cazorla.es\/turismo\/ermita-del-angel-y-san-miguel-arcangel\/\" target=\"_blank\">Ermita del \u00c1ngel y San Miguel <\/a> de Cazorla, es una de los monumentos m\u00e1s emblem\u00e1ticos de la ciudad al encontrarse en el camino que un\u00eda la villa con las estribaciones de la sierra siguiendo la rivera del r\u00edo de Cazorla.<\/p>\n<p>[\/et_pb_text][\/et_pb_column][et_pb_column type=\u00bb1_2&#8243;][et_pb_image admin_label=\u00bbImagen\u00bb src=\u00bbhttp:\/\/cazorla.es\/turismo\/wp-content\/uploads\/2017\/11\/ermitasanmiguel.jpg\u00bb show_in_lightbox=\u00bboff\u00bb url_new_window=\u00bboff\u00bb use_overlay=\u00bboff\u00bb animation=\u00bbleft\u00bb sticky=\u00bboff\u00bb align=\u00bbleft\u00bb force_fullwidth=\u00bboff\u00bb always_center_on_mobile=\u00bbon\u00bb use_border_color=\u00bboff\u00bb border_color=\u00bb#ffffff\u00bb border_style=\u00bbsolid\u00bb \/][\/et_pb_column][\/et_pb_row][et_pb_row admin_label=\u00bbFila\u00bb][et_pb_column type=\u00bb1_2&#8243;][et_pb_image admin_label=\u00bbImagen\u00bb src=\u00bbhttp:\/\/cazorla.es\/turismo\/wp-content\/uploads\/2017\/11\/montesion-2.jpg\u00bb show_in_lightbox=\u00bboff\u00bb url_new_window=\u00bboff\u00bb use_overlay=\u00bboff\u00bb animation=\u00bbleft\u00bb sticky=\u00bboff\u00bb align=\u00bbleft\u00bb force_fullwidth=\u00bboff\u00bb always_center_on_mobile=\u00bbon\u00bb use_border_color=\u00bboff\u00bb border_color=\u00bb#ffffff\u00bb border_style=\u00bbsolid\u00bb]<\/p>\n<p>[\/et_pb_image][\/et_pb_column][et_pb_column type=\u00bb1_2&#8243;][et_pb_text admin_label=\u00bbTexto\u00bb background_layout=\u00bblight\u00bb text_orientation=\u00bbleft\u00bb use_border_color=\u00bboff\u00bb border_color=\u00bb#ffffff\u00bb border_style=\u00bbsolid\u00bb]<\/p>\n<p class=\"lead\">Por \u00faltimo, el <a href=\"http:\/\/cazorla.es\/turismo\/monasterio-de-montesion\/\" target=\"_blank\">Monasterio de Montesi\u00f3n<\/a>, ubicado a 3 kil\u00f3metros de Cazorla resguardada detr\u00e1s de unos cortados de piedra que lo a\u00edslan de los aires del norte, presentando la magn\u00edfica construcci\u00f3n sus paramentos hacia el sur y el oeste. Su construcci\u00f3n es bastante desigual en calidad y terminaci\u00f3n, destacando sobre todo la parte sur, donde se encuentra la capilla. El resto ha sufrido considerables remodelaciones, sobre todo a partir de la desamortizaci\u00f3n de Mendiz\u00e1bal<\/p>\n<p>[\/et_pb_text][\/et_pb_column][\/et_pb_row][\/et_pb_section]<\/p>\n","protected":false},"excerpt":{"rendered":"<p>Iglesias Esta secci\u00f3n de Iglesias y Ermitas, est\u00e1 destinada para los\/as visitantes que est\u00e9n interesados e interesadas en temas religiosos y sobre todo para fan\u00e1ticos y fan\u00e1ticas de la arquitectura [&hellip;]<\/p>\n","protected":false},"author":2,"featured_media":0,"parent":0,"menu_order":0,"comment_status":"closed","ping_status":"closed","template":"","meta":{"_et_pb_use_builder":"on","_et_pb_old_content":"","_et_gb_content_width":"","footnotes":""},"class_list":["post-1117","page","type-page","status-publish","hentry"],"_links":{"self":[{"href":"https:\/\/cazorla.es\/turismo\/wp-json\/wp\/v2\/pages\/1117","targetHints":{"allow":["GET"]}}],"collection":[{"href":"https:\/\/cazorla.es\/turismo\/wp-json\/wp\/v2\/pages"}],"about":[{"href":"https:\/\/cazorla.es\/turismo\/wp-json\/wp\/v2\/types\/page"}],"author":[{"embeddable":true,"href":"https:\/\/cazorla.es\/turismo\/wp-json\/wp\/v2\/users\/2"}],"replies":[{"embeddable":true,"href":"https:\/\/cazorla.es\/turismo\/wp-json\/wp\/v2\/comments?post=1117"}],"version-history":[{"count":10,"href":"https:\/\/cazorla.es\/turismo\/wp-json\/wp\/v2\/pages\/1117\/revisions"}],"predecessor-version":[{"id":3769,"href":"https:\/\/cazorla.es\/turismo\/wp-json\/wp\/v2\/pages\/1117\/revisions\/3769"}],"wp:attachment":[{"href":"https:\/\/cazorla.es\/turismo\/wp-json\/wp\/v2\/media?parent=1117"}],"curies":[{"name":"wp","href":"https:\/\/api.w.org\/{rel}","templated":true}]}}