{"id":1150,"date":"2017-11-21T09:28:29","date_gmt":"2017-11-21T09:28:29","guid":{"rendered":"http:\/\/cazorla.es\/turismo\/?page_id=1150"},"modified":"2019-08-13T08:45:05","modified_gmt":"2019-08-13T08:45:05","slug":"museos","status":"publish","type":"page","link":"https:\/\/cazorla.es\/turismo\/museos\/","title":{"rendered":"Museos"},"content":{"rendered":"<p>[et_pb_section admin_label=\u00bbsection\u00bb][et_pb_row admin_label=\u00bbFila\u00bb][et_pb_column type=\u00bb4_4&#8243;][et_pb_text admin_label=\u00bbTexto\u00bb background_layout=\u00bblight\u00bb text_orientation=\u00bbleft\u00bb use_border_color=\u00bboff\u00bb border_color=\u00bb#ffffff\u00bb border_style=\u00bbsolid\u00bb]<\/p>\n<h1>Museos<\/h1>\n<p>[\/et_pb_text][\/et_pb_column][\/et_pb_row][et_pb_row admin_label=\u00bbrow\u00bb][et_pb_column type=\u00bb4_4&#8243;][et_pb_text admin_label=\u00bbTexto\u00bb background_layout=\u00bblight\u00bb text_orientation=\u00bbleft\u00bb use_border_color=\u00bboff\u00bb border_color=\u00bb#ffffff\u00bb border_style=\u00bbsolid\u00bb]<\/p>\n<p class=\"lead\">Esta secci\u00f3n de Museos, est\u00e1 destinada para los\/as visitantes que est\u00e9n interesados\/as en la cultura y vida Cazorle\u00f1a, as\u00ed como la fauna y flora m\u00e1s caracter\u00edsticas de la zona.<br \/>\nEn estos museos podr\u00e1n disfrutar de amplias exposiciones de distintos t\u00f3picos.<\/p>\n<p>[\/et_pb_text][\/et_pb_column][\/et_pb_row][et_pb_row admin_label=\u00bbFila\u00bb][et_pb_column type=\u00bb1_2&#8243;][et_pb_text admin_label=\u00bbTexto\u00bb background_layout=\u00bblight\u00bb text_orientation=\u00bbleft\u00bb use_border_color=\u00bboff\u00bb border_color=\u00bb#ffffff\u00bb border_style=\u00bbsolid\u00bb]<\/p>\n<p class=\"lead\">En pleno casco antiguo de la localidad, se encuentra el Centro Tem\u00e1tico de Especies Amenazadas, de la <a href=\"http:\/\/cazorla.es\/turismo\/fundacion-gypaetus\/\" target=\"_blank\">Fundaci\u00f3n Gypaetus<\/a>. En este museo podr\u00e1n contemplar la fauna mas especial y delicada de la zona, como son el Lince Ib\u00e9rico, el Buitre Leonado, el Quebrantahuesos, aves y felinos en serio peligro de extinci\u00f3n \u00fanicos de esta zona.<\/p>\n<p>[\/et_pb_text][\/et_pb_column][et_pb_column type=\u00bb1_2&#8243;][et_pb_image admin_label=\u00bbImagen\u00bb src=\u00bbhttp:\/\/cazorla.es\/turismo\/wp-content\/uploads\/2017\/11\/quebrantahuesos.jpg\u00bb show_in_lightbox=\u00bboff\u00bb url_new_window=\u00bboff\u00bb use_overlay=\u00bboff\u00bb animation=\u00bbleft\u00bb sticky=\u00bboff\u00bb align=\u00bbleft\u00bb force_fullwidth=\u00bboff\u00bb always_center_on_mobile=\u00bbon\u00bb use_border_color=\u00bboff\u00bb border_color=\u00bb#ffffff\u00bb border_style=\u00bbsolid\u00bb]<\/p>\n<p>[\/et_pb_image][\/et_pb_column][\/et_pb_row][et_pb_row admin_label=\u00bbFila\u00bb][et_pb_column type=\u00bb1_2&#8243;][et_pb_image admin_label=\u00bbImagen\u00bb src=\u00bbhttp:\/\/cazorla.es\/turismo\/wp-content\/uploads\/2017\/11\/madera.jpg\u00bb show_in_lightbox=\u00bboff\u00bb url_new_window=\u00bboff\u00bb use_overlay=\u00bboff\u00bb animation=\u00bbleft\u00bb sticky=\u00bboff\u00bb align=\u00bbleft\u00bb force_fullwidth=\u00bboff\u00bb always_center_on_mobile=\u00bbon\u00bb use_border_color=\u00bboff\u00bb border_color=\u00bb#ffffff\u00bb border_style=\u00bbsolid\u00bb]<\/p>\n<p>[\/et_pb_image][\/et_pb_column][et_pb_column type=\u00bb1_2&#8243;][et_pb_text admin_label=\u00bbTexto\u00bb background_layout=\u00bblight\u00bb text_orientation=\u00bbleft\u00bb use_border_color=\u00bboff\u00bb border_color=\u00bb#ffffff\u00bb border_style=\u00bbsolid\u00bb]<\/p>\n<p class=\"lead\">En la pedan\u00eda de Cazorla, Vadillo Castril, podr\u00e1n contemplar el <a href=\"http:\/\/cazorla.es\/turismo\/madera-vadillo-castril\/\" target=\"_blank\">Centro de Interpretaci\u00f3n de la Cultura de la Madera (ciCUM)<\/a>, museo en el cual se expone y ense\u00f1a la cultura forestal, el tratamiento de la madera en las \u00e9pocas de la RENFE, conocida como la \u00abmaderada\u00bb, as\u00ed como un conjunto de actividades mediante talleres did\u00e1cticos por medio de las nuevas tecnolog\u00edas, rutas etc.<\/p>\n<p>[\/et_pb_text][\/et_pb_column][\/et_pb_row][et_pb_row admin_label=\u00bbFila\u00bb][et_pb_column type=\u00bb1_2&#8243;][et_pb_text admin_label=\u00bbTexto\u00bb background_layout=\u00bblight\u00bb text_orientation=\u00bbleft\u00bb use_border_color=\u00bboff\u00bb border_color=\u00bb#ffffff\u00bb border_style=\u00bbsolid\u00bb]<\/p>\n<p class=\"lead\">En el <a href=\"http:\/\/cazorla.es\/turismo\/centro-de-visitantes-torre-del-vinagre\/\" target=\"_blank\">Centro de Visitantes de la Torre <\/a> del Vinagre se muestra el amplio mosaico de ecosistemas del Parque Natural de las Sierras de Cazorla, Segura y Las Villas, ofreciendo al visitante una visi\u00f3n general de la naturaleza de estas sierras. Aqu\u00ed se ense\u00f1ar\u00e1 a descubrir los secretos de los cinco tipos de ambientes de gran contenido est\u00e9tico que albergan Las Sierras de Cazorla, Segura y las Villas, sus rocas, sus paisajes de agua, sus pinares, fauna, ecolog\u00eda.<\/p>\n<p>[\/et_pb_text][\/et_pb_column][et_pb_column type=\u00bb1_2&#8243;][et_pb_image admin_label=\u00bbImagen\u00bb src=\u00bbhttp:\/\/cazorla.es\/turismo\/wp-content\/uploads\/2017\/11\/torrevinagreinterior.jpg\u00bb show_in_lightbox=\u00bboff\u00bb url_new_window=\u00bboff\u00bb use_overlay=\u00bboff\u00bb animation=\u00bbleft\u00bb sticky=\u00bboff\u00bb align=\u00bbleft\u00bb force_fullwidth=\u00bboff\u00bb always_center_on_mobile=\u00bbon\u00bb use_border_color=\u00bboff\u00bb border_color=\u00bb#ffffff\u00bb border_style=\u00bbsolid\u00bb]<\/p>\n<p>[\/et_pb_image][\/et_pb_column][\/et_pb_row][et_pb_row admin_label=\u00bbFila\u00bb][et_pb_column type=\u00bb1_2&#8243;][et_pb_image admin_label=\u00bbImagen\u00bb src=\u00bbhttp:\/\/cazorla.es\/turismo\/wp-content\/uploads\/2017\/11\/jardin-bot\u00e1nico-torre-del-vinagre.png\u00bb show_in_lightbox=\u00bboff\u00bb url_new_window=\u00bboff\u00bb use_overlay=\u00bboff\u00bb animation=\u00bbleft\u00bb sticky=\u00bboff\u00bb align=\u00bbleft\u00bb force_fullwidth=\u00bboff\u00bb always_center_on_mobile=\u00bbon\u00bb use_border_color=\u00bboff\u00bb border_color=\u00bb#ffffff\u00bb border_style=\u00bbsolid\u00bb]<\/p>\n<p>[\/et_pb_image][\/et_pb_column][et_pb_column type=\u00bb1_2&#8243;][et_pb_text admin_label=\u00bbTexto\u00bb background_layout=\u00bblight\u00bb text_orientation=\u00bbleft\u00bb use_border_color=\u00bboff\u00bb border_color=\u00bb#ffffff\u00bb border_style=\u00bbsolid\u00bb]<\/p>\n<p class=\"lead\">El <a href=\"http:\/\/cazorla.es\/turismo\/jardin-botanico-torre-del-vinagre\/\" target=\"_blank\">Jard\u00edn Bot\u00e1nico Torre del Vinagre<\/a>, destinado para los\/las amantes de la flora, contiene la mayor\u00eda de las especies le\u00f1osas del Parque Natural, incluidas las end\u00e9micas conteniendo una representaci\u00f3n superior a las 300 especies.<br \/>\nPara obtener informaci\u00f3n m\u00e1s detallada acerca de estos Museos, entren espec\u00edficamente en cada uno de ellos.<\/p>\n<p>[\/et_pb_text][\/et_pb_column][\/et_pb_row][et_pb_row admin_label=\u00bbFila\u00bb][et_pb_column type=\u00bb1_2&#8243;][et_pb_text admin_label=\u00bbTexto\u00bb background_layout=\u00bblight\u00bb text_orientation=\u00bbleft\u00bb use_border_color=\u00bboff\u00bb border_color=\u00bb#ffffff\u00bb border_style=\u00bbsolid\u00bb]<\/p>\n<p class=\"lead\"><a href=\"http:\/\/cazorla.es\/turismo\/museo-almazara-historica-la-almedina\/\" target=\"_blank\">El Museo Almazara hist\u00f3rica La Almedina <\/a> est\u00e1 ubicada en un cortijo del siglo XIX, en la que se puede conocer todo el proceso de elaboraci\u00f3n del aceite de oliva; las distintas formas de almacenamiento del zumo de las aceitunas, desde unas antiguas bodegas de barro pasando por un dep\u00f3sito de hierro, hasta llegar a los dep\u00f3sitos de acero inoxidable que se utilizan en la actualidad.<\/p>\n<p>[\/et_pb_text][\/et_pb_column][et_pb_column type=\u00bb1_2&#8243;][et_pb_image admin_label=\u00bbImagen\u00bb src=\u00bbhttp:\/\/cazorla.es\/turismo\/wp-content\/uploads\/2017\/12\/museoalmedinacazorla3.jpg\u00bb show_in_lightbox=\u00bboff\u00bb url_new_window=\u00bboff\u00bb use_overlay=\u00bboff\u00bb animation=\u00bbleft\u00bb sticky=\u00bboff\u00bb align=\u00bbleft\u00bb force_fullwidth=\u00bboff\u00bb always_center_on_mobile=\u00bbon\u00bb use_border_color=\u00bboff\u00bb border_color=\u00bb#ffffff\u00bb border_style=\u00bbsolid\u00bb]<\/p>\n<p>[\/et_pb_image][\/et_pb_column][\/et_pb_row][et_pb_row admin_label=\u00bbFila\u00bb][et_pb_column type=\u00bb1_2&#8243;][et_pb_image admin_label=\u00bbImagen\u00bb src=\u00bbhttp:\/\/cazorla.es\/turismo\/wp-content\/uploads\/2017\/12\/centrofrondosanaturaleza-4.jpg\u00bb show_in_lightbox=\u00bboff\u00bb url_new_window=\u00bboff\u00bb use_overlay=\u00bboff\u00bb animation=\u00bbleft\u00bb sticky=\u00bboff\u00bb align=\u00bbleft\u00bb force_fullwidth=\u00bboff\u00bb always_center_on_mobile=\u00bbon\u00bb use_border_color=\u00bboff\u00bb border_color=\u00bb#ffffff\u00bb border_style=\u00bbsolid\u00bb]<\/p>\n<p>[\/et_pb_image][\/et_pb_column][et_pb_column type=\u00bb1_2&#8243;][et_pb_text admin_label=\u00bbTexto\u00bb background_layout=\u00bblight\u00bb text_orientation=\u00bbleft\u00bb use_border_color=\u00bboff\u00bb border_color=\u00bb#ffffff\u00bb border_style=\u00bbsolid\u00bb]<\/p>\n<p class=\"lead\">Por \u00faltimo, <a href=\"http:\/\/cazorla.es\/turismo\/centro-tematico-frondosa-naturaleza\/\" target=\"_blank\">La Casa de La Luz<\/a> es el centro de interpretaci\u00f3n de Cazorla que te abre las puertas a los paisajes, fauna, flora, rutas, historia, etnolog\u00eda, cultura de Cazorla y su parque natural. Agua y cielo infinitas, un mill\u00f3n de \u00e1rboles, rincones de magia, prehistoria, historia y presente para sorprenderte a todos los que nos visitan.<\/p>\n<p class=\"lead\">Adem\u00e1s, en la Casa de La Luz, atendemos al viajero ayund\u00e1ndole a recabar toda la informaci\u00f3n necesaria para su aventura en Cazorla.<\/p>\n<p class=\"lead\">Un viejo molino restaurado, 200 a\u00f1os haciendo harina. Una antigua hidroel\u00e9ctrica, 50 a\u00f1os dando luz. Un proyecto de futuro, contando al viajero qu\u00e9 puede ver en la sierra, qu\u00e9 puede vivir en su viaje.<\/p>\n<p class=\"lead\">Para obtener informaci\u00f3n m\u00e1s detallada acerca de estos Museos, entren espec\u00edficamente en cada uno de ellos.<\/p>\n<p>[\/et_pb_text][\/et_pb_column][\/et_pb_row][\/et_pb_section]<\/p>\n","protected":false},"excerpt":{"rendered":"<p>Museos Esta secci\u00f3n de Museos, est\u00e1 destinada para los\/as visitantes que est\u00e9n interesados\/as en la cultura y vida Cazorle\u00f1a, as\u00ed como la fauna y flora m\u00e1s caracter\u00edsticas de la zona. [&hellip;]<\/p>\n","protected":false},"author":2,"featured_media":0,"parent":0,"menu_order":0,"comment_status":"closed","ping_status":"closed","template":"","meta":{"_et_pb_use_builder":"on","_et_pb_old_content":"","_et_gb_content_width":"","footnotes":""},"class_list":["post-1150","page","type-page","status-publish","hentry"],"_links":{"self":[{"href":"https:\/\/cazorla.es\/turismo\/wp-json\/wp\/v2\/pages\/1150","targetHints":{"allow":["GET"]}}],"collection":[{"href":"https:\/\/cazorla.es\/turismo\/wp-json\/wp\/v2\/pages"}],"about":[{"href":"https:\/\/cazorla.es\/turismo\/wp-json\/wp\/v2\/types\/page"}],"author":[{"embeddable":true,"href":"https:\/\/cazorla.es\/turismo\/wp-json\/wp\/v2\/users\/2"}],"replies":[{"embeddable":true,"href":"https:\/\/cazorla.es\/turismo\/wp-json\/wp\/v2\/comments?post=1150"}],"version-history":[{"count":16,"href":"https:\/\/cazorla.es\/turismo\/wp-json\/wp\/v2\/pages\/1150\/revisions"}],"predecessor-version":[{"id":3766,"href":"https:\/\/cazorla.es\/turismo\/wp-json\/wp\/v2\/pages\/1150\/revisions\/3766"}],"wp:attachment":[{"href":"https:\/\/cazorla.es\/turismo\/wp-json\/wp\/v2\/media?parent=1150"}],"curies":[{"name":"wp","href":"https:\/\/api.w.org\/{rel}","templated":true}]}}