{"id":1153,"date":"2017-11-21T09:37:19","date_gmt":"2017-11-21T09:37:19","guid":{"rendered":"http:\/\/cazorla.es\/turismo\/?page_id=1153"},"modified":"2017-12-04T08:44:35","modified_gmt":"2017-12-04T08:44:35","slug":"madera-vadillo-castril","status":"publish","type":"page","link":"https:\/\/cazorla.es\/turismo\/madera-vadillo-castril\/","title":{"rendered":"Centro Interpretaci\u00f3n Madera Vadillo Castril"},"content":{"rendered":"<p>[et_pb_section admin_label=\u00bbsection\u00bb][et_pb_row admin_label=\u00bbrow\u00bb][et_pb_column type=\u00bb4_4&#8243;][et_pb_text admin_label=\u00bbTexto\u00bb background_layout=\u00bblight\u00bb text_orientation=\u00bbleft\u00bb use_border_color=\u00bboff\u00bb border_color=\u00bb#ffffff\u00bb border_style=\u00bbsolid\u00bb]<\/p>\n<h1> Centro de Interpretaci\u00f3n de la Madera Vadillo Castril <\/h1>\n<p>[\/et_pb_text][\/et_pb_column][\/et_pb_row][\/et_pb_section][et_pb_section admin_label=\u00bbSecci\u00f3n\u00bb fullwidth=\u00bboff\u00bb specialty=\u00bboff\u00bb][et_pb_row admin_label=\u00bbFila\u00bb][et_pb_column type=\u00bb1_2&#8243;][et_pb_text admin_label=\u00bbTexto\u00bb background_layout=\u00bblight\u00bb text_orientation=\u00bbcenter\u00bb use_border_color=\u00bboff\u00bb border_color=\u00bb#ffffff\u00bb border_style=\u00bbsolid\u00bb]<\/p>\n<p class=\"lead\"> <b> ciCUM (Centro de Interpretaci\u00f3n de la Cultura de la Madera) <\/b> es un equipamiento que act\u00faa como un visor que ofrece al visitante una \u00f3ptica amplia de la cultura forestal en las Sierras de Cazorla Segura y las Villas. Trata de dar visibilidad al legado cultural y ecol\u00f3gico plasmado como patrimonio en el Parque Natural. Pero ciCUM no es \u00fanicamente el aserradero de Vadillo Castril y su exposici\u00f3n , sino que tambi\u00e9n es el poblado se\u00f1alizado que lo rodea, los \u00edtems interpretados por medio la Ruta de Patrimonio Forestal.  ciCUM llevar\u00e1 a cabo un conjunto de actividades como puedan ser los talleres did\u00e1cticos por medio de nuevas tecnolog\u00edas, las rutas guiadas forestales, las conferencias  o las demostraciones. <\/p>\n<p class=\"lead\">CiCUM est\u00e1 aqu\u00ed para quedarse. <\/p>\n<p>[\/et_pb_text][\/et_pb_column][et_pb_column type=\u00bb1_2&#8243;][et_pb_image admin_label=\u00bbImagen\u00bb src=\u00bbhttp:\/\/cazorla.es\/turismo\/wp-content\/uploads\/2017\/11\/madera.jpg\u00bb show_in_lightbox=\u00bboff\u00bb url_new_window=\u00bboff\u00bb use_overlay=\u00bboff\u00bb animation=\u00bbleft\u00bb sticky=\u00bboff\u00bb align=\u00bbleft\u00bb force_fullwidth=\u00bboff\u00bb always_center_on_mobile=\u00bbon\u00bb use_border_color=\u00bboff\u00bb border_color=\u00bb#ffffff\u00bb border_style=\u00bbsolid\u00bb]<\/p>\n<p>[\/et_pb_image][\/et_pb_column][\/et_pb_row][et_pb_row admin_label=\u00bbFila\u00bb][et_pb_column type=\u00bb1_2&#8243;][et_pb_image admin_label=\u00bbImagen\u00bb src=\u00bbhttp:\/\/cazorla.es\/turismo\/wp-content\/uploads\/2017\/11\/historiamadera.jpg\u00bb show_in_lightbox=\u00bboff\u00bb url_new_window=\u00bboff\u00bb use_overlay=\u00bboff\u00bb animation=\u00bbleft\u00bb sticky=\u00bboff\u00bb align=\u00bbleft\u00bb force_fullwidth=\u00bboff\u00bb always_center_on_mobile=\u00bbon\u00bb use_border_color=\u00bboff\u00bb border_color=\u00bb#ffffff\u00bb border_style=\u00bbsolid\u00bb]<\/p>\n<p>[\/et_pb_image][\/et_pb_column][et_pb_column type=\u00bb1_2&#8243;][et_pb_text admin_label=\u00bbTexto\u00bb background_layout=\u00bblight\u00bb text_orientation=\u00bbleft\u00bb use_border_color=\u00bboff\u00bb border_color=\u00bb#ffffff\u00bb border_style=\u00bbsolid\u00bb]<\/p>\n<p class=\"lead\"><b> Origen: <\/b> Lo que hoy es el Parque Natural de las Sierras de Cazorla, Segura y las Villas ha sido el terreno vital de miles de seres humanos que, como aut\u00e9nticos pioneros, desarrollaron una cultura alrededor del uso de la madera, de los bosques y de todos sus recursos silvestres de manera sostenible. <\/p>\n<p class=\"lead\">Posiblemente el m\u00e1s legendario y \u00e9pico de los trabajos que se llev\u00f3 a cabo a lo largo de cientos de a\u00f1os fue la maderada entendida como el pastoreo de los troncos.<br \/>\nAqu\u00ed se forj\u00f3 una historia de la madera, de los \u00e1rboles y de los bosques, de las leyes que se establecieron para la explotaci\u00f3n y de las traviesas que aqu\u00ed se fabricaron.<br \/>\nEs una narraci\u00f3n que nos habla tambi\u00e9n de la memoria de los telef\u00e9ricos forestales que hac\u00edan volar la madera, de los arrieros que con sus bueyes y mulas acarrearon toneladas de material, de hacheros embadurnados de resina descortezando \u00e1rboles, de aserradores que hund\u00edan la sierra a buen ritmo en las entra\u00f1as de la madera, de pastores de troncos  que atravesaban el rio danzando sobre ellos. <\/p>\n<p class=\"lead\">Es una historia que confluye en el aserradero de Vadillo Castril hoy sede del ciCUM, que funcion\u00f3 entre 1942 y 1986. La gran aventura de la madera no acab\u00f3 en los carros o camiones que se llevaban la madera de Vadillo Castril porque a buen seguro que continu\u00f3 en los barcos de los que form\u00f3 parte y en sus grandes expediciones mar\u00edtimas y tambi\u00e9n en el territorio que, traviesa a traviesa, con hilo de acero cos\u00eda el ferrocarril.\n <\/p>\n<p>[\/et_pb_text][\/et_pb_column][\/et_pb_row][et_pb_row admin_label=\u00bbFila\u00bb][et_pb_column type=\u00bb1_2&#8243;][et_pb_text admin_label=\u00bbTexto\u00bb background_layout=\u00bblight\u00bb text_orientation=\u00bbleft\u00bb use_border_color=\u00bboff\u00bb border_color=\u00bb#ffffff\u00bb border_style=\u00bbsolid\u00bb]<\/p>\n<p class=\"lead\"> <b> Exposici\u00f3n: <\/b> La exposici\u00f3n del ciCUM es una experiencia \u00fanica en un entorno extraordinario. El objetivo del centro es poner en valor el aserradero de Vadillo Castril y los aspectos m\u00e1s destacados de su devenir hist\u00f3rico, social y t\u00e9cnico en el marco de la explotaci\u00f3n forestal utilizando materiales originales, sonidos, videos, interactivos y otros recursos.<\/p>\n<p class=\"lead\"> Asi mismo es un espacio de la memoria que busca poner el acento en las personas destacadas y an\u00f3nimas que trabajaron en las actividades forestales, y que fueron pioneras en tiempos dif\u00edciles. Pero tiene una voluntad si cabe m\u00e1s amplia: brindar una visi\u00f3n clara acerca de la cultura forestal en las Sierras de Cazorla, Segura y las Villas y su trascendencia como modelo vivo de la cultura de la monta\u00f1a mediterr\u00e1nea en Andaluc\u00eda. Las diferentes salas que nos encontraremos son las siguientes: <\/p>\n<p class=\"lead\">-Sala aserradero: Encontrar\u00e1n una simulaci\u00f3n del funcionamiento de la maquinaria para movimiento y despiece de troncos.<br \/>\n-Sala aserradero: Nos encontraremos con los diferentes elementos existentes como la cabina de control y la maquinaria se han acondicionado y ubicado en su lugar correspondiente.<br \/>\n-Sala aserradero: Los diferentes paneles interpretativos se acompa\u00f1an de sonidos que remiten al funcionamiento del aserradero.<br \/>\n-Sala taller: Nos encontraremos con  medios de reproducciones y objetos originales, la sala trata los usos tradicionales y los aprovechamientos forestales. <\/p>\n<\/p>\n<p>[\/et_pb_text][\/et_pb_column][et_pb_column type=\u00bb1_2&#8243;][et_pb_image admin_label=\u00bbImagen\u00bb show_in_lightbox=\u00bboff\u00bb url_new_window=\u00bboff\u00bb use_overlay=\u00bboff\u00bb animation=\u00bbleft\u00bb sticky=\u00bboff\u00bb align=\u00bbleft\u00bb force_fullwidth=\u00bboff\u00bb always_center_on_mobile=\u00bbon\u00bb use_border_color=\u00bboff\u00bb border_color=\u00bb#ffffff\u00bb border_style=\u00bbsolid\u00bb src=\u00bbhttp:\/\/cazorla.es\/turismo\/wp-content\/uploads\/2017\/11\/expo11.jpg\u00bb]<\/p>\n<p>[\/et_pb_image][\/et_pb_column][\/et_pb_row][et_pb_row admin_label=\u00bbFila\u00bb][et_pb_column type=\u00bb1_2&#8243;][et_pb_image admin_label=\u00bbImagen\u00bb src=\u00bbhttp:\/\/cazorla.es\/turismo\/wp-content\/uploads\/2017\/11\/madera.jpg\u00bb show_in_lightbox=\u00bboff\u00bb url_new_window=\u00bboff\u00bb use_overlay=\u00bboff\u00bb animation=\u00bbleft\u00bb sticky=\u00bboff\u00bb align=\u00bbleft\u00bb force_fullwidth=\u00bboff\u00bb always_center_on_mobile=\u00bbon\u00bb use_border_color=\u00bboff\u00bb border_color=\u00bb#ffffff\u00bb border_style=\u00bbsolid\u00bb]<\/p>\n<p>[\/et_pb_image][\/et_pb_column][et_pb_column type=\u00bb1_2&#8243;][et_pb_text admin_label=\u00bbTexto\u00bb background_layout=\u00bblight\u00bb text_orientation=\u00bbleft\u00bb use_border_color=\u00bboff\u00bb border_color=\u00bb#ffffff\u00bb border_style=\u00bbsolid\u00bb]<\/p>\n<p class=\"lead\"> <b> Servicios:<\/b> Visitas al centro y rutas guiadas.\n<\/p>\n<p class=\"lead\">Las posibilidades que se ofrecer\u00e1n a los viajeros desde las visitas y las rutas guiadas hasta actividades organizadas como itinerarios tem\u00e1ticos guiados, recorridos en kayak, rutas ciclotur\u00edsticas, en veh\u00edculos todoterreno, servicios como el alquiler de bicicletas, prism\u00e1ticos, canoas, rafting, descenso de barrancos, escalada, r\u00e1pel, tirolina, tiro con arco, paseos a caballo, etc. Todo ello bajo la garant\u00eda de Alma Gaia y sus gu\u00edas y equipos homologados que garantizar\u00e1n unas estancias amenas, ilustrativas y seguras. As\u00ed en un descenso de barrancos habr\u00e1 tiempo para explicar una formaci\u00f3n geol\u00f3gica, una poblaci\u00f3n de un endemismo bot\u00e1nico, contemplar el vuelo de un buitre o el buceo de un mirlo acu\u00e1tico. Tambi\u00e9n contar\u00e1n con servicio de Cafeter\u00eda y Tienda.  <\/p>\n<p class=\"lead\">Servicio de cafeter\u00eda\/restaurante: Se pretende seguir la senda de los productos de proximidad por medio de una cocina sencilla, de la zona. <\/p>\n<p class=\"lead\"> Servicio de tienda: Productos KM0, Librer\u00eda, L\u00ednea de equipamiento de monta\u00f1a. <\/p>\n<p>[\/et_pb_text][\/et_pb_column][\/et_pb_row][et_pb_row admin_label=\u00bbFila\u00bb][et_pb_column type=\u00bb1_2&#8243;][et_pb_text admin_label=\u00bbTexto\u00bb background_layout=\u00bblight\u00bb text_orientation=\u00bbleft\u00bb use_border_color=\u00bboff\u00bb border_color=\u00bb#ffffff\u00bb border_style=\u00bbsolid\u00bb]<\/p>\n<p class=\"lead\"><b>HORARIOS:<\/b><\/p>\n<p class=\"lead\">INVIERNO: de 10:30 A 13:30, Y DE 16:00 A 19:00<\/p>\n<p class=\"lead\">VERANO: de 10:30 A 13:30, Y DE 17:30 A 20:30.<\/p>\n<p class=\"lead\"><b>TARIFAS:<\/b>El coste por visita individual es de 2 \u20ac, con excepci\u00f3n de grupos concertados de m\u00e1s de 30 integrantes, discapacitados, jubilados, escolares de Cazorla y comarca que ser\u00e1 de 1 \u20ac, y de menores de 5 a\u00f1os que ser\u00e1 gratuita.<\/p>\n<p class=\"lead\"><b>TEL\u00c9FONO:<\/b> 953 72 13 30 &#8211; 689 193 666<\/p>\n<p class=\"lead\"><b> CORREO: <\/b>info@almagaia.es<\/p>\n<p>[\/et_pb_text][\/et_pb_column][et_pb_column type=\u00bb1_2&#8243;][et_pb_image admin_label=\u00bbImagen\u00bb src=\u00bbhttp:\/\/cazorla.es\/turismo\/wp-content\/uploads\/2017\/11\/horario.jpg\u00bb show_in_lightbox=\u00bboff\u00bb url_new_window=\u00bboff\u00bb use_overlay=\u00bboff\u00bb animation=\u00bbleft\u00bb sticky=\u00bboff\u00bb align=\u00bbleft\u00bb force_fullwidth=\u00bboff\u00bb always_center_on_mobile=\u00bbon\u00bb use_border_color=\u00bboff\u00bb border_color=\u00bb#ffffff\u00bb border_style=\u00bbsolid\u00bb]<\/p>\n<p>[\/et_pb_image][\/et_pb_column][\/et_pb_row][\/et_pb_section][et_pb_section admin_label=\u00bbSecci\u00f3n\u00bb fullwidth=\u00bboff\u00bb specialty=\u00bboff\u00bb][et_pb_row admin_label=\u00bbFila\u00bb][\/et_pb_row][\/et_pb_section]<\/p>\n","protected":false},"excerpt":{"rendered":"<p>Centro de Interpretaci\u00f3n de la Madera Vadillo Castril ciCUM (Centro de Interpretaci\u00f3n de la Cultura de la Madera) es un equipamiento que act\u00faa como un visor que ofrece al visitante [&hellip;]<\/p>\n","protected":false},"author":2,"featured_media":0,"parent":0,"menu_order":0,"comment_status":"closed","ping_status":"closed","template":"","meta":{"_et_pb_use_builder":"on","_et_pb_old_content":"","_et_gb_content_width":"","footnotes":""},"class_list":["post-1153","page","type-page","status-publish","hentry"],"_links":{"self":[{"href":"https:\/\/cazorla.es\/turismo\/wp-json\/wp\/v2\/pages\/1153","targetHints":{"allow":["GET"]}}],"collection":[{"href":"https:\/\/cazorla.es\/turismo\/wp-json\/wp\/v2\/pages"}],"about":[{"href":"https:\/\/cazorla.es\/turismo\/wp-json\/wp\/v2\/types\/page"}],"author":[{"embeddable":true,"href":"https:\/\/cazorla.es\/turismo\/wp-json\/wp\/v2\/users\/2"}],"replies":[{"embeddable":true,"href":"https:\/\/cazorla.es\/turismo\/wp-json\/wp\/v2\/comments?post=1153"}],"version-history":[{"count":25,"href":"https:\/\/cazorla.es\/turismo\/wp-json\/wp\/v2\/pages\/1153\/revisions"}],"predecessor-version":[{"id":1671,"href":"https:\/\/cazorla.es\/turismo\/wp-json\/wp\/v2\/pages\/1153\/revisions\/1671"}],"wp:attachment":[{"href":"https:\/\/cazorla.es\/turismo\/wp-json\/wp\/v2\/media?parent=1153"}],"curies":[{"name":"wp","href":"https:\/\/api.w.org\/{rel}","templated":true}]}}