{"id":1177,"date":"2017-11-21T11:37:55","date_gmt":"2017-11-21T11:37:55","guid":{"rendered":"http:\/\/cazorla.es\/turismo\/?page_id=1177"},"modified":"2018-02-22T12:35:44","modified_gmt":"2018-02-22T12:35:44","slug":"boveda-del-rio-cerezuelo","status":"publish","type":"page","link":"https:\/\/cazorla.es\/turismo\/boveda-del-rio-cerezuelo\/","title":{"rendered":"B\u00f3veda del Rio Cerezuelo"},"content":{"rendered":"<p>[et_pb_section admin_label=\u00bbsection\u00bb][et_pb_row admin_label=\u00bbrow\u00bb][et_pb_column type=\u00bb4_4&#8243;][et_pb_text admin_label=\u00bbTexto\u00bb background_layout=\u00bblight\u00bb text_orientation=\u00bbleft\u00bb use_border_color=\u00bboff\u00bb border_color=\u00bb#ffffff\u00bb border_style=\u00bbsolid\u00bb]<\/p>\n<h1> B\u00f3veda del Rio Cerezuelo  <\/h1>\n<p>[\/et_pb_text][\/et_pb_column][\/et_pb_row][et_pb_row admin_label=\u00bbFila\u00bb][et_pb_column type=\u00bb1_2&#8243;][et_pb_text admin_label=\u00bbTexto\u00bb background_layout=\u00bblight\u00bb text_orientation=\u00bbleft\u00bb use_border_color=\u00bboff\u00bb border_color=\u00bb#ffffff\u00bb border_style=\u00bbsolid\u00bb]<\/p>\n<p class=\"lead\">La B\u00f3veda que cubre al r\u00edo Cerezuelo se dise\u00f1a para construir la Iglesia de Santa Mar\u00eda. De medio ca\u00f1\u00f3n, muy compacta, la B\u00f3veda, se adapta a los desniveles del r\u00edo en todo el trazado de la plaza de Santa Mar\u00eda. <\/p>\n<p class=\"lead\"> Su construcci\u00f3n solventa el problema de incomunicaci\u00f3n de las dos m\u00e1rgenes del r\u00edo de Cazorla, para lo cual se emprende la obra de construcci\u00f3n de la impresionante b\u00f3veda que lo cubre, permitiendo dise\u00f1ar un extenso espacio planificado urban\u00edsticamente, donde se colocar\u00edan las nuevas dependencias p\u00fablicas presididas por un gran templo. <\/p>\n<p class=\"lead\"> La B\u00f3veda del R\u00edo Cerezuelo debi\u00f3 de cerrarse mucho antes de las fechas esculpidas en los muros de Santa Mar\u00eda (1580-83-89) probablemente hacia 1536. <\/p>\n<p>[\/et_pb_text][\/et_pb_column][et_pb_column type=\u00bb1_2&#8243;][et_pb_image admin_label=\u00bbImagen\u00bb src=\u00bbhttp:\/\/cazorla.es\/turismo\/wp-content\/uploads\/2017\/11\/bovedariocerezuelo.jpg\u00bb show_in_lightbox=\u00bboff\u00bb url_new_window=\u00bboff\u00bb use_overlay=\u00bboff\u00bb animation=\u00bbleft\u00bb sticky=\u00bboff\u00bb align=\u00bbleft\u00bb force_fullwidth=\u00bboff\u00bb always_center_on_mobile=\u00bbon\u00bb use_border_color=\u00bboff\u00bb border_color=\u00bb#ffffff\u00bb border_style=\u00bbsolid\u00bb]<\/p>\n<p>[\/et_pb_image][\/et_pb_column][\/et_pb_row][et_pb_row admin_label=\u00bbFila\u00bb][et_pb_column type=\u00bb1_2&#8243;][et_pb_image admin_label=\u00bbImagen\u00bb src=\u00bbhttp:\/\/cazorla.es\/turismo\/wp-content\/uploads\/2017\/11\/bovedariocerezuelonueva.jpg\u00bb show_in_lightbox=\u00bboff\u00bb url_new_window=\u00bboff\u00bb use_overlay=\u00bboff\u00bb animation=\u00bbleft\u00bb sticky=\u00bboff\u00bb align=\u00bbleft\u00bb force_fullwidth=\u00bboff\u00bb always_center_on_mobile=\u00bbon\u00bb use_border_color=\u00bboff\u00bb border_color=\u00bb#ffffff\u00bb border_style=\u00bbsolid\u00bb]<\/p>\n<p>[\/et_pb_image][\/et_pb_column][et_pb_column type=\u00bb1_2&#8243;][et_pb_text admin_label=\u00bbTexto\u00bb background_layout=\u00bblight\u00bb text_orientation=\u00bbleft\u00bb use_border_color=\u00bboff\u00bb border_color=\u00bb#ffffff\u00bb border_style=\u00bbsolid\u00bb]<\/p>\n<p class=\"lead\"> Ad\u00e9ntrate en su interior para recorrer la b\u00f3veda que vertebra la Iglesia y la Plaza de Santa Mar\u00eda, cuya fusi\u00f3n de arte y naturaleza nos hace so\u00f1ar despiertos.<br \/>\nUna experiencia \u00fanica que no puedes dejar pasar.<br \/>\nDesc\u00fabrela !! <\/p>\n<p class=\"lead\"> Para informaci\u00f3n m\u00e1s detallada pulse <a href=\"http:\/\/cazorla.es\/turismo\/wp-content\/uploads\/2017\/11\/Descripci\u00f3n-bovedaruinas-y-Frondosa-Naturaleza.pdf\" target=\"_blank\">aqu\u00ed <\/a>.<\/p>\n<p>[\/et_pb_text][\/et_pb_column][\/et_pb_row][et_pb_row admin_label=\u00bbFila\u00bb][et_pb_column type=\u00bb1_2&#8243;][et_pb_text admin_label=\u00bbTexto\u00bb background_layout=\u00bblight\u00bb text_orientation=\u00bbleft\u00bb use_border_color=\u00bboff\u00bb border_color=\u00bb#ffffff\u00bb border_style=\u00bbsolid\u00bb]<\/p>\n<p class=\"lead\"> Podr\u00e1n ver la localizaci\u00f3n de este Monumento en el Callejero de Cazorla pulsando <a href=\"http:\/\/cazorla.es\/turismo\/wp-content\/uploads\/2018\/01\/CALLEJEROCAZORLA2017.pdf\"target=\"_blank\">aqu\u00ed.<\/a> <\/p>\n<p class=\"lead\"> <b> Horarios y Precios: <\/b> <\/p>\n<p>[\/et_pb_text][\/et_pb_column][et_pb_column type=\u00bb1_2&#8243;][et_pb_image admin_label=\u00bbImagen\u00bb src=\u00bbhttp:\/\/cazorla.es\/turismo\/wp-content\/uploads\/2017\/11\/horario_boveda.jpg\u00bb show_in_lightbox=\u00bboff\u00bb url_new_window=\u00bboff\u00bb use_overlay=\u00bboff\u00bb animation=\u00bbleft\u00bb sticky=\u00bboff\u00bb align=\u00bbleft\u00bb force_fullwidth=\u00bboff\u00bb always_center_on_mobile=\u00bbon\u00bb use_border_color=\u00bboff\u00bb border_color=\u00bb#ffffff\u00bb border_style=\u00bbsolid\u00bb]<\/p>\n<p>[\/et_pb_image][\/et_pb_column][\/et_pb_row][et_pb_row admin_label=\u00bbFila\u00bb][et_pb_column type=\u00bb4_4&#8243;][et_pb_video admin_label=\u00bbV\u00eddeo\u00bb src=\u00bbhttps:\/\/www.youtube.com\/watch?v=1CG5aJTg_Lw\u00bb]<\/p>\n<p>[\/et_pb_video][\/et_pb_column][\/et_pb_row][et_pb_row admin_label=\u00bbFila\u00bb][et_pb_column type=\u00bb4_4&#8243;][et_pb_video admin_label=\u00bbV\u00eddeo\u00bb src=\u00bbhttps:\/\/www.youtube.com\/watch?v=H-pcgPdPVHY\u00bb]<\/p>\n<p>[\/et_pb_video][\/et_pb_column][\/et_pb_row][\/et_pb_section]<\/p>\n","protected":false},"excerpt":{"rendered":"<p>B\u00f3veda del Rio Cerezuelo La B\u00f3veda que cubre al r\u00edo Cerezuelo se dise\u00f1a para construir la Iglesia de Santa Mar\u00eda. De medio ca\u00f1\u00f3n, muy compacta, la B\u00f3veda, se adapta a [&hellip;]<\/p>\n","protected":false},"author":2,"featured_media":0,"parent":0,"menu_order":0,"comment_status":"closed","ping_status":"closed","template":"","meta":{"_et_pb_use_builder":"on","_et_pb_old_content":"","_et_gb_content_width":"","footnotes":""},"class_list":["post-1177","page","type-page","status-publish","hentry"],"_links":{"self":[{"href":"https:\/\/cazorla.es\/turismo\/wp-json\/wp\/v2\/pages\/1177","targetHints":{"allow":["GET"]}}],"collection":[{"href":"https:\/\/cazorla.es\/turismo\/wp-json\/wp\/v2\/pages"}],"about":[{"href":"https:\/\/cazorla.es\/turismo\/wp-json\/wp\/v2\/types\/page"}],"author":[{"embeddable":true,"href":"https:\/\/cazorla.es\/turismo\/wp-json\/wp\/v2\/users\/2"}],"replies":[{"embeddable":true,"href":"https:\/\/cazorla.es\/turismo\/wp-json\/wp\/v2\/comments?post=1177"}],"version-history":[{"count":19,"href":"https:\/\/cazorla.es\/turismo\/wp-json\/wp\/v2\/pages\/1177\/revisions"}],"predecessor-version":[{"id":2780,"href":"https:\/\/cazorla.es\/turismo\/wp-json\/wp\/v2\/pages\/1177\/revisions\/2780"}],"wp:attachment":[{"href":"https:\/\/cazorla.es\/turismo\/wp-json\/wp\/v2\/media?parent=1177"}],"curies":[{"name":"wp","href":"https:\/\/api.w.org\/{rel}","templated":true}]}}