{"id":1179,"date":"2017-11-21T11:39:00","date_gmt":"2017-11-21T11:39:00","guid":{"rendered":"http:\/\/cazorla.es\/turismo\/?page_id=1179"},"modified":"2018-01-10T13:14:43","modified_gmt":"2018-01-10T13:14:43","slug":"centro-de-visitantes-torre-del-vinagre","status":"publish","type":"page","link":"https:\/\/cazorla.es\/turismo\/centro-de-visitantes-torre-del-vinagre\/","title":{"rendered":"Centro de Visitantes Torre del Vinagre"},"content":{"rendered":"<p>[et_pb_section admin_label=\u00bbsection\u00bb][et_pb_row admin_label=\u00bbrow\u00bb][et_pb_column type=\u00bb4_4&#8243;][et_pb_text admin_label=\u00bbTexto\u00bb background_layout=\u00bblight\u00bb text_orientation=\u00bbleft\u00bb use_border_color=\u00bboff\u00bb border_color=\u00bb#ffffff\u00bb border_style=\u00bbsolid\u00bb]<\/p>\n<h1> Centro de Visitantes Torre del Vinagre <\/h1>\n<p>[\/et_pb_text][\/et_pb_column][\/et_pb_row][\/et_pb_section][et_pb_section admin_label=\u00bbSecci\u00f3n\u00bb fullwidth=\u00bboff\u00bb specialty=\u00bboff\u00bb][et_pb_row admin_label=\u00bbFila\u00bb][et_pb_column type=\u00bb1_2&#8243;][et_pb_text admin_label=\u00bbTexto\u00bb background_layout=\u00bblight\u00bb text_orientation=\u00bbleft\u00bb use_border_color=\u00bboff\u00bb border_color=\u00bb#ffffff\u00bb border_style=\u00bbsolid\u00bb]<\/p>\n<p class=\"lead\"> El Parque Natural de las Sierras de Cazorla, Segura y Las Villas, encierra en sus 214.336 hect\u00e1reas, un amplio mos\u00e1ico de ecosistemas. La vista general del Centro de Interpretaci\u00f3n y la complejidad de sus componentes f\u00edsicos y la diversidad biol\u00f3gica incluida en ellos, requiere, a la hora de divulgar estos valores naturales, la existencia de un Centro de Interpretaci\u00f3n, conocido como Centro de Visitantes de la Torre del Vinagre. <\/p>\n<p class=\"lead\"> En el Centro de Visitantes de la \u00abTorre del Vinagre\u00bb se exponen estos complejos ecol\u00f3gicos que los componen, ofreciendo al visitante una visi\u00f3n general de la naturaleza de estas sierras. El Centro de Visitantes de la \u00abTorre del Vinagre\u00bb ense\u00f1ar\u00e1 a descubrir los secretos de los cinco tipos de ambientes de gran contenido est\u00e9tico que albergan Las Sierras de Cazorla, Segura y las Villas. <\/p>\n<p class=\"lead\">Estos paisajes comprenden los asociados a las rocas, donde apreciar un mundo de formas y colores; los paisajes del agua, como fuente de vida, riqueza y diversidad; el pinar, que domina los bosques de las sierras; el agreste relieve de las altas cumbres, medio hostil, pero lleno de vida; y, por \u00faltimo, los paisajes humanos, en los que desde tiempos inmemoriales se ha transformado el territorio. <\/p>\n<p>[\/et_pb_text][\/et_pb_column][et_pb_column type=\u00bb1_2&#8243;][et_pb_image admin_label=\u00bbImagen\u00bb src=\u00bbhttp:\/\/cazorla.es\/turismo\/wp-content\/uploads\/2017\/11\/torrevinagre.jpg\u00bb show_in_lightbox=\u00bboff\u00bb url_new_window=\u00bboff\u00bb use_overlay=\u00bboff\u00bb animation=\u00bbleft\u00bb sticky=\u00bboff\u00bb align=\u00bbleft\u00bb force_fullwidth=\u00bboff\u00bb always_center_on_mobile=\u00bbon\u00bb use_border_color=\u00bboff\u00bb border_color=\u00bb#ffffff\u00bb border_style=\u00bbsolid\u00bb]<\/p>\n<p>[\/et_pb_image][\/et_pb_column][\/et_pb_row][et_pb_row admin_label=\u00bbFila\u00bb][et_pb_column type=\u00bb1_2&#8243;][et_pb_image admin_label=\u00bbImagen\u00bb show_in_lightbox=\u00bboff\u00bb url_new_window=\u00bboff\u00bb use_overlay=\u00bboff\u00bb animation=\u00bbleft\u00bb sticky=\u00bboff\u00bb align=\u00bbleft\u00bb force_fullwidth=\u00bboff\u00bb always_center_on_mobile=\u00bbon\u00bb use_border_color=\u00bboff\u00bb border_color=\u00bb#ffffff\u00bb border_style=\u00bbsolid\u00bb src=\u00bbhttp:\/\/cazorla.es\/turismo\/wp-content\/uploads\/2017\/11\/torrevinagreinterior.jpg\u00bb]<\/p>\n<p>[\/et_pb_image][\/et_pb_column][et_pb_column type=\u00bb1_2&#8243;][et_pb_text admin_label=\u00bbTexto\u00bb background_layout=\u00bblight\u00bb text_orientation=\u00bbleft\u00bb use_border_color=\u00bboff\u00bb border_color=\u00bb#ffffff\u00bb border_style=\u00bbsolid\u00bb]<\/p>\n<p class=\"lead\"> <b>Distribuci\u00f3n del Centro de Visitantes <\/b> <\/p>\n<p class=\"lead\"> El Centro de Visitantes Torre del Vinagre consta de las siguientes salas: <\/p>\n<p class=\"lead\">\n&#8211; Sala de Recepci\u00f3n: Informaci\u00f3n y venta de art\u00edculos (librer\u00eda ecol\u00f3gica, cartograf\u00eda y mapas, souvenir&#8230;).<br \/>\n&#8211; Sala de Interpretaci\u00f3n.<br \/>\n&#8211; Sala de Proyecci\u00f3n, sal\u00f3n de uso m\u00faltiple (conferencias, charlas coloquios&#8230;)<br \/>\n&#8211; Museo de Caza.\n<\/p>\n<p>[\/et_pb_text][\/et_pb_column][\/et_pb_row][et_pb_row admin_label=\u00bbFila\u00bb][et_pb_column type=\u00bb1_2&#8243;][et_pb_text admin_label=\u00bbTexto\u00bb background_layout=\u00bblight\u00bb text_orientation=\u00bbleft\u00bb use_border_color=\u00bboff\u00bb border_color=\u00bb#ffffff\u00bb border_style=\u00bbsolid\u00bb]<\/p>\n<p class=\"lead\"> <b>Sala de Interpretaci\u00f3n:<\/b> Mediante textos breves, fotograf\u00edas, transparencias, elementos naturales, maquetas, mapas, dibujos y otros medios audiovisuales, el visitante se introduce en el conocimiento de este entorno serrano. <\/p>\n<p class=\"lead\">Los temas a interpretar se suceden seg\u00fan este orden:<br \/>\n    1. Parques Nacionales y Naturales. Parque Natural de las Sierras de Cazorla, Segura y Las Villas.<br \/>\n    2. Geograf\u00eda, Geolog\u00eda, Climatolog\u00eda y F\u00f3siles.<br \/>\n    3. Flora y Vegetaci\u00f3n.<br \/>\n    4. Rastros y Se\u00f1ales de animales.<br \/>\n    5. Biotopo y fauna.<br \/>\n    6. Ecolog\u00eda.<br \/>\n    7. Aprovechamientos, lucha contra incendios, contaminaci\u00f3n, conservaci\u00f3n y manejo de recursos.\n <\/p>\n<p>[\/et_pb_text][\/et_pb_column][et_pb_column type=\u00bb1_2&#8243;][et_pb_image admin_label=\u00bbImagen\u00bb src=\u00bbhttp:\/\/cazorla.es\/turismo\/wp-content\/uploads\/2017\/11\/torrevinagreinterior.jpg\u00bb show_in_lightbox=\u00bboff\u00bb url_new_window=\u00bboff\u00bb use_overlay=\u00bboff\u00bb animation=\u00bbleft\u00bb sticky=\u00bboff\u00bb align=\u00bbleft\u00bb force_fullwidth=\u00bboff\u00bb always_center_on_mobile=\u00bbon\u00bb use_border_color=\u00bboff\u00bb border_color=\u00bb#ffffff\u00bb border_style=\u00bbsolid\u00bb]<\/p>\n<p>[\/et_pb_image][\/et_pb_column][\/et_pb_row][et_pb_row admin_label=\u00bbFila\u00bb][et_pb_column type=\u00bb1_2&#8243;][et_pb_image admin_label=\u00bbImagen\u00bb src=\u00bbhttp:\/\/cazorla.es\/turismo\/wp-content\/uploads\/2017\/11\/torrevinagre.jpg\u00bb show_in_lightbox=\u00bboff\u00bb url_new_window=\u00bboff\u00bb use_overlay=\u00bboff\u00bb animation=\u00bbleft\u00bb sticky=\u00bboff\u00bb align=\u00bbleft\u00bb force_fullwidth=\u00bboff\u00bb always_center_on_mobile=\u00bbon\u00bb use_border_color=\u00bboff\u00bb border_color=\u00bb#ffffff\u00bb border_style=\u00bbsolid\u00bb]<\/p>\n<p>[\/et_pb_image][\/et_pb_column][et_pb_column type=\u00bb1_2&#8243;][et_pb_text admin_label=\u00bbTexto\u00bb background_layout=\u00bblight\u00bb text_orientation=\u00bbleft\u00bb use_border_color=\u00bboff\u00bb border_color=\u00bb#ffffff\u00bb border_style=\u00bbsolid\u00bb]<\/p>\n<p class=\"lead\"> <b> Museo de Caza <\/b> <\/p>\n<p class=\"lead\"> En el Museo de Caza existen 3 dioramas de las especies cineg\u00e9ticas m\u00e1s Museo de Caza tradicionales representativas de la zona (cabra mont\u00e9s, ciervo y jabal\u00ed), as\u00ed como una colecci\u00f3n de trofeos y desmogues. <\/p>\n<p class=\"lead\">Tambi\u00e9n se exponen las distintas modalidades de caza que habitualmente se utilizan en el Parque Natural. <\/p>\n<p>[\/et_pb_text][\/et_pb_column][\/et_pb_row][et_pb_row admin_label=\u00bbFila\u00bb][et_pb_column type=\u00bb1_2&#8243;][et_pb_text admin_label=\u00bbTexto\u00bb background_layout=\u00bblight\u00bb text_orientation=\u00bbleft\u00bb use_border_color=\u00bboff\u00bb border_color=\u00bb#ffffff\u00bb border_style=\u00bbsolid\u00bb]<\/p>\n<p class=\"lead\"><b>HORARIOS:<\/b><\/p>\n<p class=\"lead\">MA\u00d1ANAS: de 10:00 A 14:00<\/p>\n<p class=\"lead\">TARDES (VERANO): 17:00 A 20:00<\/p>\n<p class=\"lead\">TARDES (INVIERNO): de 16:00 A 19:00<\/p>\n<p class=\"lead\"><b>TARIFAS:<\/b>GRATIS<\/p>\n<p class=\"lead\"><b>TEL\u00c9FONO:<\/b> 953 71 30 17 <\/p>\n<p>[\/et_pb_text][\/et_pb_column][et_pb_column type=\u00bb1_2&#8243;][et_pb_image admin_label=\u00bbImagen\u00bb show_in_lightbox=\u00bboff\u00bb url_new_window=\u00bboff\u00bb use_overlay=\u00bboff\u00bb animation=\u00bbleft\u00bb sticky=\u00bboff\u00bb align=\u00bbleft\u00bb force_fullwidth=\u00bboff\u00bb always_center_on_mobile=\u00bbon\u00bb use_border_color=\u00bboff\u00bb border_color=\u00bb#ffffff\u00bb border_style=\u00bbsolid\u00bb src=\u00bbhttp:\/\/cazorla.es\/turismo\/wp-content\/uploads\/2017\/11\/horario.jpg\u00bb]<\/p>\n<p>[\/et_pb_image][\/et_pb_column][\/et_pb_row][\/et_pb_section]<\/p>\n","protected":false},"excerpt":{"rendered":"<p>Centro de Visitantes Torre del Vinagre El Parque Natural de las Sierras de Cazorla, Segura y Las Villas, encierra en sus 214.336 hect\u00e1reas, un amplio mos\u00e1ico de ecosistemas. La vista [&hellip;]<\/p>\n","protected":false},"author":2,"featured_media":0,"parent":0,"menu_order":0,"comment_status":"closed","ping_status":"closed","template":"","meta":{"_et_pb_use_builder":"on","_et_pb_old_content":"","_et_gb_content_width":"","footnotes":""},"class_list":["post-1179","page","type-page","status-publish","hentry"],"_links":{"self":[{"href":"https:\/\/cazorla.es\/turismo\/wp-json\/wp\/v2\/pages\/1179","targetHints":{"allow":["GET"]}}],"collection":[{"href":"https:\/\/cazorla.es\/turismo\/wp-json\/wp\/v2\/pages"}],"about":[{"href":"https:\/\/cazorla.es\/turismo\/wp-json\/wp\/v2\/types\/page"}],"author":[{"embeddable":true,"href":"https:\/\/cazorla.es\/turismo\/wp-json\/wp\/v2\/users\/2"}],"replies":[{"embeddable":true,"href":"https:\/\/cazorla.es\/turismo\/wp-json\/wp\/v2\/comments?post=1179"}],"version-history":[{"count":20,"href":"https:\/\/cazorla.es\/turismo\/wp-json\/wp\/v2\/pages\/1179\/revisions"}],"predecessor-version":[{"id":2579,"href":"https:\/\/cazorla.es\/turismo\/wp-json\/wp\/v2\/pages\/1179\/revisions\/2579"}],"wp:attachment":[{"href":"https:\/\/cazorla.es\/turismo\/wp-json\/wp\/v2\/media?parent=1179"}],"curies":[{"name":"wp","href":"https:\/\/api.w.org\/{rel}","templated":true}]}}