{"id":1193,"date":"2017-11-21T12:22:15","date_gmt":"2017-11-21T12:22:15","guid":{"rendered":"http:\/\/cazorla.es\/turismo\/?page_id=1193"},"modified":"2017-12-11T12:55:33","modified_gmt":"2017-12-11T12:55:33","slug":"jardin-botanico-torre-del-vinagre","status":"publish","type":"page","link":"https:\/\/cazorla.es\/turismo\/jardin-botanico-torre-del-vinagre\/","title":{"rendered":"Jard\u00edn Bot\u00e1nico Torre del Vinagre"},"content":{"rendered":"<p>[et_pb_section admin_label=\u00bbsection\u00bb][et_pb_row admin_label=\u00bbFila\u00bb][et_pb_column type=\u00bb4_4&#8243;][et_pb_text admin_label=\u00bbTexto\u00bb background_layout=\u00bblight\u00bb text_orientation=\u00bbleft\u00bb use_border_color=\u00bboff\u00bb border_color=\u00bb#ffffff\u00bb border_style=\u00bbsolid\u00bb]<\/p>\n<h1> Jard\u00edn Bot\u00e1nico Torre del Vinagre <\/h1>\n<p>[\/et_pb_text][\/et_pb_column][\/et_pb_row][et_pb_row admin_label=\u00bbrow\u00bb][et_pb_column type=\u00bb1_2&#8243;][et_pb_text admin_label=\u00bbTexto\u00bb background_layout=\u00bblight\u00bb text_orientation=\u00bbleft\u00bb use_border_color=\u00bboff\u00bb border_color=\u00bb#ffffff\u00bb border_style=\u00bbsolid\u00bb]<\/p>\n<p class=\"lead\"> <b>El Jard\u00edn Bot\u00e1nico de la Torre del Vinagre: <\/b> La vegetaci\u00f3n del Parque Natural de las Sierras de Cazorla, Segura y Las Villas, impresiona tanto por sus abundancia como por su diversidad.  <\/p>\n<p class=\"lead\">Existen dos jardines bot\u00e1nicos en el Parque Natural, situados en Siles y en la Torre del Vinagre, Orqu\u00eddea de Venus ambos de similares caracter\u00edsticas. <\/p>\n<p class=\"lead\"> Este \u00faltimo, de mayores dimensiones, contiene la mayor\u00eda de las especies le\u00f1osas del Parque Natural, incluidas las end\u00e9micas conteniendo una representaci\u00f3n superior a las 300 especies. <\/p>\n<p class=\"lead\">Estos jardines bot\u00e1nicos tienen un car\u00e1cter did\u00e1ctico y est\u00e1n especialmente destinados a grupos organizados que visitan la Sierra con fines educativos, dentro de un plan de estudios o actividades <\/p>\n<p class=\"lead\"> Se pueden encontrar las diferentes plantas: Plantas Culminicolas, Rup\u00edcolas, Garrigas, Tomillar, Atochares, Acu\u00e1ticas, Sotobosque, Ornamental. <\/p>\n<p>[\/et_pb_text][\/et_pb_column][et_pb_column type=\u00bb1_2&#8243;][et_pb_image admin_label=\u00bbImagen\u00bb show_in_lightbox=\u00bboff\u00bb url_new_window=\u00bboff\u00bb use_overlay=\u00bboff\u00bb animation=\u00bbleft\u00bb sticky=\u00bboff\u00bb align=\u00bbleft\u00bb force_fullwidth=\u00bboff\u00bb always_center_on_mobile=\u00bbon\u00bb use_border_color=\u00bboff\u00bb border_color=\u00bb#ffffff\u00bb border_style=\u00bbsolid\u00bb src=\u00bbhttp:\/\/cazorla.es\/turismo\/wp-content\/uploads\/2017\/11\/jardin-bot\u00e1nico-torre-del-vinagre.png\u00bb]<\/p>\n<p>[\/et_pb_image][\/et_pb_column][\/et_pb_row][et_pb_row admin_label=\u00bbFila\u00bb][et_pb_column type=\u00bb1_2&#8243;][et_pb_image admin_label=\u00bbImagen\u00bb src=\u00bbhttp:\/\/cazorla.es\/turismo\/wp-content\/uploads\/2017\/11\/horario.jpg\u00bb show_in_lightbox=\u00bboff\u00bb url_new_window=\u00bboff\u00bb use_overlay=\u00bboff\u00bb animation=\u00bbleft\u00bb sticky=\u00bboff\u00bb align=\u00bbleft\u00bb force_fullwidth=\u00bboff\u00bb always_center_on_mobile=\u00bbon\u00bb use_border_color=\u00bboff\u00bb border_color=\u00bb#ffffff\u00bb border_style=\u00bbsolid\u00bb]<\/p>\n<p>[\/et_pb_image][\/et_pb_column][et_pb_column type=\u00bb1_2&#8243;][et_pb_text admin_label=\u00bbTexto\u00bb background_layout=\u00bblight\u00bb text_orientation=\u00bbleft\u00bb use_border_color=\u00bboff\u00bb border_color=\u00bb#ffffff\u00bb border_style=\u00bbsolid\u00bb]<\/p>\n<p class=\"lead\"> <b>Horarios y Visitas:<\/b><br \/>\nMa\u00f1anas de 10:00 a 14:00 horas.<br \/>\n    Tardes:<br \/>\n        &#8211; de Octubre a Abril de 15:00 a 17:00 h.<br \/>\n        &#8211; de Mayo a Septiembre de 17:00 a 19:00 h.<br \/>\n    Cerrado lunes no festivos. <\/p>\n<p class=\"lead\"><b>Precios:<\/b><br \/>\n&#8211; Entrada gratuita. <\/p>\n<p>[\/et_pb_text][\/et_pb_column][\/et_pb_row][\/et_pb_section]<\/p>\n","protected":false},"excerpt":{"rendered":"<p>Jard\u00edn Bot\u00e1nico Torre del Vinagre El Jard\u00edn Bot\u00e1nico de la Torre del Vinagre: La vegetaci\u00f3n del Parque Natural de las Sierras de Cazorla, Segura y Las Villas, impresiona tanto por [&hellip;]<\/p>\n","protected":false},"author":2,"featured_media":0,"parent":0,"menu_order":0,"comment_status":"closed","ping_status":"closed","template":"","meta":{"_et_pb_use_builder":"on","_et_pb_old_content":"","_et_gb_content_width":"","footnotes":""},"class_list":["post-1193","page","type-page","status-publish","hentry"],"_links":{"self":[{"href":"https:\/\/cazorla.es\/turismo\/wp-json\/wp\/v2\/pages\/1193","targetHints":{"allow":["GET"]}}],"collection":[{"href":"https:\/\/cazorla.es\/turismo\/wp-json\/wp\/v2\/pages"}],"about":[{"href":"https:\/\/cazorla.es\/turismo\/wp-json\/wp\/v2\/types\/page"}],"author":[{"embeddable":true,"href":"https:\/\/cazorla.es\/turismo\/wp-json\/wp\/v2\/users\/2"}],"replies":[{"embeddable":true,"href":"https:\/\/cazorla.es\/turismo\/wp-json\/wp\/v2\/comments?post=1193"}],"version-history":[{"count":9,"href":"https:\/\/cazorla.es\/turismo\/wp-json\/wp\/v2\/pages\/1193\/revisions"}],"predecessor-version":[{"id":1756,"href":"https:\/\/cazorla.es\/turismo\/wp-json\/wp\/v2\/pages\/1193\/revisions\/1756"}],"wp:attachment":[{"href":"https:\/\/cazorla.es\/turismo\/wp-json\/wp\/v2\/media?parent=1193"}],"curies":[{"name":"wp","href":"https:\/\/api.w.org\/{rel}","templated":true}]}}