{"id":1215,"date":"2017-11-21T13:19:53","date_gmt":"2017-11-21T13:19:53","guid":{"rendered":"http:\/\/cazorla.es\/turismo\/?page_id=1215"},"modified":"2019-05-13T11:49:50","modified_gmt":"2019-05-13T11:49:50","slug":"castillo-de-la-yedra","status":"publish","type":"page","link":"https:\/\/cazorla.es\/turismo\/castillo-de-la-yedra\/","title":{"rendered":"Castillo de la Yedra"},"content":{"rendered":"<p>[et_pb_section admin_label=\u00bbsection\u00bb][et_pb_row admin_label=\u00bbrow\u00bb][et_pb_column type=\u00bb4_4&#8243;][et_pb_text admin_label=\u00bbTexto\u00bb background_layout=\u00bblight\u00bb text_orientation=\u00bbleft\u00bb use_border_color=\u00bboff\u00bb border_color=\u00bb#ffffff\u00bb border_style=\u00bbsolid\u00bb]<\/p>\n<h1>Castillo de la Yedra<\/h1>\n<p>[\/et_pb_text][\/et_pb_column][\/et_pb_row][et_pb_row admin_label=\u00bbFila\u00bb][et_pb_column type=\u00bb1_2&#8243;][et_pb_text admin_label=\u00bbTexto\u00bb background_layout=\u00bblight\u00bb text_orientation=\u00bbleft\u00bb use_border_color=\u00bboff\u00bb border_color=\u00bb#ffffff\u00bb border_style=\u00bbsolid\u00bb]<\/p>\n<p class=\"lead\"><b> Introducci\u00f3n:<\/b><br \/>\nEs un antiguo enclave de origen defensivo. Se encuentra situado en la parte inferior del cerro de Salvatierra, sobre el r\u00edo Cerezuelo. Es una construcci\u00f3n que data de la \u00e9poca bereber, aunque fue terminado tal y como lo conocemos hoy en d\u00eda por los castellanos. Desde su enclave, a 831 metros de altitud sobre el nivel del mar, se divisa la ciudad de Cazorla y sus alrededores.<\/p>\n<p>[\/et_pb_text][\/et_pb_column][et_pb_column type=\u00bb1_2&#8243;][et_pb_image admin_label=\u00bbImagen\u00bb show_in_lightbox=\u00bboff\u00bb url_new_window=\u00bboff\u00bb use_overlay=\u00bboff\u00bb animation=\u00bbleft\u00bb sticky=\u00bboff\u00bb align=\u00bbleft\u00bb force_fullwidth=\u00bboff\u00bb always_center_on_mobile=\u00bbon\u00bb use_border_color=\u00bboff\u00bb border_color=\u00bb#ffffff\u00bb border_style=\u00bbsolid\u00bb src=\u00bbhttp:\/\/cazorla.es\/turismo\/wp-content\/uploads\/2017\/11\/castillolayedra.jpg\u00bb] [\/et_pb_image][\/et_pb_column][\/et_pb_row][et_pb_row admin_label=\u00bbFila\u00bb][et_pb_column type=\u00bb1_2&#8243;][et_pb_image admin_label=\u00bbImagen\u00bb src=\u00bbhttp:\/\/cazorla.es\/turismo\/wp-content\/uploads\/2017\/11\/Castillo_de_la_Yedra-1.jpg\u00bb show_in_lightbox=\u00bboff\u00bb url_new_window=\u00bboff\u00bb use_overlay=\u00bboff\u00bb animation=\u00bbleft\u00bb sticky=\u00bboff\u00bb align=\u00bbleft\u00bb force_fullwidth=\u00bboff\u00bb always_center_on_mobile=\u00bbon\u00bb use_border_color=\u00bboff\u00bb border_color=\u00bb#ffffff\u00bb border_style=\u00bbsolid\u00bb] [\/et_pb_image][\/et_pb_column][et_pb_column type=\u00bb1_2&#8243;][et_pb_text admin_label=\u00bbTexto\u00bb background_layout=\u00bblight\u00bb text_orientation=\u00bbleft\u00bb use_border_color=\u00bboff\u00bb border_color=\u00bb#ffffff\u00bb border_style=\u00bbsolid\u00bb]<\/p>\n<p class=\"lead\"><b> Origen:<\/b><br \/>\nLos or\u00edgenes del Castillo de la Yedra podrian ser musulmanes, posiblemente de \u00e9poca almohade (siglo XII), aunque a lo largo de los siglos XIII, XIV y XV los cristianos terminaron de darle su configuraci\u00f3n definitiva, lo que explica que en una buena parte de sus estancias interiores predomine el estilo g\u00f3tico.<\/p>\n<p class=\"lead\">Consta de dos partes muy diferenciadas: la Secci\u00f3n Hist\u00f3rica, ubicada en la Torre del Homenaje y la Secci\u00f3n de Artes y Costumbres que se encuentra en una edificaci\u00f3n anexa.<\/p>\n<p>[\/et_pb_text][\/et_pb_column][\/et_pb_row][et_pb_row admin_label=\u00bbFila\u00bb][et_pb_column type=\u00bb1_2&#8243;][et_pb_text admin_label=\u00bbTexto\u00bb background_layout=\u00bblight\u00bb text_orientation=\u00bbleft\u00bb use_border_color=\u00bboff\u00bb border_color=\u00bb#ffffff\u00bb border_style=\u00bbsolid\u00bb]<\/p>\n<p class=\"lead\"><b>Secci\u00f3n Hist\u00f3rica:<\/b><br \/>\nEn la Secci\u00f3n Hist\u00f3rica, situada en la zona m\u00e1s noble de toda la fortaleza, la m\u00e1s miticulosamente construida y con mayor riqueza de materiales. Consta de tres estancias.<\/p>\n<p class=\"lead\">Su construcci\u00f3n fue concebida exclusivamente para uso militar como palacio de un se\u00f1or feudal o peque\u00f1a corte de monarca medieval. Es por eso que su arquitectura es sobria, aunque compensada por la belleza que aporta la topograf\u00eda de su emplazamiento y el paisaje que la circunda.<\/p>\n<p>[\/et_pb_text][\/et_pb_column][et_pb_column type=\u00bb1_2&#8243;][et_pb_image admin_label=\u00bbImagen\u00bb src=\u00bbhttp:\/\/cazorla.es\/turismo\/wp-content\/uploads\/2017\/11\/Castillo_de_la_Yedra.jpg\u00bb show_in_lightbox=\u00bboff\u00bb url_new_window=\u00bboff\u00bb use_overlay=\u00bboff\u00bb animation=\u00bbleft\u00bb sticky=\u00bboff\u00bb align=\u00bbleft\u00bb force_fullwidth=\u00bboff\u00bb always_center_on_mobile=\u00bbon\u00bb use_border_color=\u00bboff\u00bb border_color=\u00bb#ffffff\u00bb border_style=\u00bbsolid\u00bb] [\/et_pb_image][\/et_pb_column][\/et_pb_row][et_pb_row admin_label=\u00bbFila\u00bb][et_pb_column type=\u00bb1_2&#8243;][et_pb_image admin_label=\u00bbImagen\u00bb src=\u00bbhttp:\/\/cazorla.es\/turismo\/wp-content\/uploads\/2017\/11\/castilloyedrab.jpg\u00bb show_in_lightbox=\u00bboff\u00bb url_new_window=\u00bboff\u00bb use_overlay=\u00bboff\u00bb animation=\u00bbleft\u00bb sticky=\u00bboff\u00bb align=\u00bbleft\u00bb force_fullwidth=\u00bboff\u00bb always_center_on_mobile=\u00bbon\u00bb use_border_color=\u00bboff\u00bb border_color=\u00bb#ffffff\u00bb border_style=\u00bbsolid\u00bb] [\/et_pb_image][\/et_pb_column][et_pb_column type=\u00bb1_2&#8243;][et_pb_text admin_label=\u00bbTexto\u00bb background_layout=\u00bblight\u00bb text_orientation=\u00bbleft\u00bb use_border_color=\u00bboff\u00bb border_color=\u00bb#ffffff\u00bb border_style=\u00bbsolid\u00bb]<\/p>\n<p class=\"lead\"><b>El Museo de Artes y Costumbres Populares del Alto Guadalquivir:<\/b><br \/>\nEs un museo estatal gestionado por la Consejer\u00eda de Cultura de la Junta de Andaluc\u00eda.<\/p>\n<p class=\"lead\">En la primera sala se ha instalado una capilla con un Cristo rom\u00e1nico-bizantino de tama\u00f1o natural y montado en cruz de madera de cipr\u00e9s. Le rodea un completo apostolado an\u00f3nimo del S. XVII. Se muestra tambi\u00e9n una talla barroca de San Ambrosio Obispo.<\/p>\n<p class=\"lead\">En la segunda planta se ha instalado la Sala de Armas, decorada con panoplias en forma de escudo con diversas armas: espadas, ballestas, alfanjes, hachas, etc.; dos armaduras y arcones tallados y diverso mobiliario de los siglos XVI y XVII.<\/p>\n<p class=\"lead\">La Tercera planta alberga la Sala Noble. Arquitect\u00f3nicamente es la que m\u00e1s destaca por su terminaci\u00f3n en b\u00f3veda de crucer\u00eda g\u00f3tica y sus ventanales de arcos apuntados con parteluz. En ella se exponen tres tapices flamencos del siglo XVII firmados por Ian Raes y cuatro bargue\u00f1os formando conjunto con sus correspondientes mesas del siglo XVIII.<\/p>\n<p class=\"lead\">En la secci\u00f3n de Artes y Costumbres Populares, instalada en un edificio anexo a la Torre del Homenaje,consta tambi\u00e9n de tres salas. La planta de entrada al Museo exhibe tres paneles con \u00fatiles agr\u00edcolas como trillos, arados, ubios, etc.<\/p>\n<p class=\"lead\">En la segunda sala se encuentran tres maquetas de molinos de aceite de distintas \u00e9pocas, restos de cer\u00e1mica \u00e1rabe encontrada en el castillo y una colecci\u00f3n de cer\u00e1mica popular de procedencia diversa.<\/p>\n<p class=\"lead\">Por \u00faltimo, la tercera sala, ha sido adaptada para montar una t\u00edpica y amplia cocina cazorle\u00f1a con todo su ajuar y utensilios propios de esta estancia. Se completa con maquetas de dos cortijos, uno de campi\u00f1a y otro t\u00edpico de la sierra y dos paneles con una amplia vajilla de cer\u00e1mica granadina (Fajalauza).<\/p>\n<p class=\"lead\">Podr\u00e1n ver la localizaci\u00f3n de este Monumento en el Callejero de Cazorla pulsando <a href=\"http:\/\/cazorla.es\/turismo\/wp-content\/uploads\/2018\/01\/CALLEJEROCAZORLA2017.pdf\" target=\"_blank\">aqu\u00ed.<\/a><\/p>\n<p>[\/et_pb_text][\/et_pb_column][\/et_pb_row][et_pb_row admin_label=\u00bbFila\u00bb][et_pb_column type=\u00bb1_2&#8243;][et_pb_text admin_label=\u00bbTexto\u00bb background_layout=\u00bblight\u00bb text_orientation=\u00bbleft\u00bb use_border_color=\u00bboff\u00bb border_color=\u00bb#ffffff\u00bb border_style=\u00bbsolid\u00bb]<\/p>\n<p class=\"lead\"><b>Horario y Visitas e informaci\u00f3n:<\/b><\/p>\n<p>Para consultar el horario de apertura del Castillo de la Yedra o si desea obtener informaci\u00f3n del mismo, pulse <a href=\"http:\/\/cazorla.es\/horario-castillo-de-la-yedra\">aqu\u00ed<\/a>.<\/p>\n<p>[\/et_pb_text][\/et_pb_column][et_pb_column type=\u00bb1_2&#8243;][et_pb_image admin_label=\u00bbImagen\u00bb src=\u00bbhttp:\/\/cazorla.es\/turismo\/wp-content\/uploads\/2017\/11\/horario.jpg\u00bb show_in_lightbox=\u00bboff\u00bb url_new_window=\u00bboff\u00bb use_overlay=\u00bboff\u00bb animation=\u00bbleft\u00bb sticky=\u00bboff\u00bb align=\u00bbleft\u00bb force_fullwidth=\u00bboff\u00bb always_center_on_mobile=\u00bbon\u00bb use_border_color=\u00bboff\u00bb border_color=\u00bb#ffffff\u00bb border_style=\u00bbsolid\u00bb] [\/et_pb_image][\/et_pb_column][\/et_pb_row][et_pb_row admin_label=\u00bbFila\u00bb][et_pb_column type=\u00bb4_4&#8243;][et_pb_video admin_label=\u00bbV\u00eddeo\u00bb src=\u00bbhttps:\/\/www.youtube.com\/watch?v=RYaZfoomyTo\u00bb] [\/et_pb_video][\/et_pb_column][\/et_pb_row][\/et_pb_section]<\/p>\n","protected":false},"excerpt":{"rendered":"<p>Castillo de la Yedra Introducci\u00f3n: Es un antiguo enclave de origen defensivo. Se encuentra situado en la parte inferior del cerro de Salvatierra, sobre el r\u00edo Cerezuelo. Es una construcci\u00f3n [&hellip;]<\/p>\n","protected":false},"author":2,"featured_media":0,"parent":0,"menu_order":0,"comment_status":"closed","ping_status":"closed","template":"","meta":{"_et_pb_use_builder":"on","_et_pb_old_content":"","_et_gb_content_width":"","footnotes":""},"class_list":["post-1215","page","type-page","status-publish","hentry"],"_links":{"self":[{"href":"https:\/\/cazorla.es\/turismo\/wp-json\/wp\/v2\/pages\/1215","targetHints":{"allow":["GET"]}}],"collection":[{"href":"https:\/\/cazorla.es\/turismo\/wp-json\/wp\/v2\/pages"}],"about":[{"href":"https:\/\/cazorla.es\/turismo\/wp-json\/wp\/v2\/types\/page"}],"author":[{"embeddable":true,"href":"https:\/\/cazorla.es\/turismo\/wp-json\/wp\/v2\/users\/2"}],"replies":[{"embeddable":true,"href":"https:\/\/cazorla.es\/turismo\/wp-json\/wp\/v2\/comments?post=1215"}],"version-history":[{"count":26,"href":"https:\/\/cazorla.es\/turismo\/wp-json\/wp\/v2\/pages\/1215\/revisions"}],"predecessor-version":[{"id":3298,"href":"https:\/\/cazorla.es\/turismo\/wp-json\/wp\/v2\/pages\/1215\/revisions\/3298"}],"wp:attachment":[{"href":"https:\/\/cazorla.es\/turismo\/wp-json\/wp\/v2\/media?parent=1215"}],"curies":[{"name":"wp","href":"https:\/\/api.w.org\/{rel}","templated":true}]}}