{"id":1262,"date":"2017-11-22T09:17:32","date_gmt":"2017-11-22T09:17:32","guid":{"rendered":"http:\/\/cazorla.es\/turismo\/?page_id=1262"},"modified":"2018-01-11T09:56:32","modified_gmt":"2018-01-11T09:56:32","slug":"castillo-de-las-cinco-esquinas","status":"publish","type":"page","link":"https:\/\/cazorla.es\/turismo\/castillo-de-las-cinco-esquinas\/","title":{"rendered":"Castillo de las Cinco Esquinas"},"content":{"rendered":"<p>[et_pb_section admin_label=\u00bbsection\u00bb][et_pb_row admin_label=\u00bbrow\u00bb][et_pb_column type=\u00bb4_4&#8243;][et_pb_text admin_label=\u00bbTexto\u00bb background_layout=\u00bblight\u00bb text_orientation=\u00bbleft\u00bb use_border_color=\u00bboff\u00bb border_color=\u00bb#ffffff\u00bb border_style=\u00bbsolid\u00bb]<\/p>\n<h1> Castillo de las Cinco Esquinas <\/h1>\n<p>[\/et_pb_text][\/et_pb_column][\/et_pb_row][et_pb_row admin_label=\u00bbFila\u00bb][et_pb_column type=\u00bb1_2&#8243;][et_pb_text admin_label=\u00bbTexto\u00bb background_layout=\u00bblight\u00bb text_orientation=\u00bbleft\u00bb use_border_color=\u00bboff\u00bb border_color=\u00bb#ffffff\u00bb border_style=\u00bbsolid\u00bb]<\/p>\n<p class=\"lead\"> El Castillo de SalvaTierra, tambi\u00e9n conocido como Castillo de las cinco Esquinas, puede ser contemplado desde la mayor\u00eda de rincones de Cazorla. Se ubica en lo alto del cerro de  Salvatierra, cimentado sobre la caliza de la roca de base. <\/p>\n<p class=\"lead\"> <b> Origen: <\/b> <\/p>\n<p class=\"lead\">Fue construido en el \u00faltimo tercio del siglo XIV, sobre los restos de una antigua fortificaci\u00f3n \u00e1rabe, probablemente por el Arzobispo Pedro Tenorio y coet\u00e1nea de la torre del Homenaje del Castillo de la Yedra, para reforzar la defensa de la capital del Adelantamiento y prevenir posibles acciones ofensivas de los nazar\u00edes de Granada. <\/p>\n<p>[\/et_pb_text][\/et_pb_column][et_pb_column type=\u00bb1_2&#8243;][et_pb_image admin_label=\u00bbImagen\u00bb src=\u00bbhttp:\/\/cazorla.es\/turismo\/wp-content\/uploads\/2017\/11\/castillo5esquinas-1.jpg\u00bb show_in_lightbox=\u00bboff\u00bb url_new_window=\u00bboff\u00bb use_overlay=\u00bboff\u00bb animation=\u00bbleft\u00bb sticky=\u00bboff\u00bb align=\u00bbleft\u00bb force_fullwidth=\u00bboff\u00bb always_center_on_mobile=\u00bbon\u00bb use_border_color=\u00bboff\u00bb border_color=\u00bb#ffffff\u00bb border_style=\u00bbsolid\u00bb]<\/p>\n<p>[\/et_pb_image][\/et_pb_column][\/et_pb_row][et_pb_row admin_label=\u00bbFila\u00bb][et_pb_column type=\u00bb1_2&#8243;][et_pb_image admin_label=\u00bbImagen\u00bb show_in_lightbox=\u00bboff\u00bb url_new_window=\u00bboff\u00bb use_overlay=\u00bboff\u00bb animation=\u00bbleft\u00bb sticky=\u00bboff\u00bb align=\u00bbleft\u00bb force_fullwidth=\u00bboff\u00bb always_center_on_mobile=\u00bbon\u00bb use_border_color=\u00bboff\u00bb border_color=\u00bb#ffffff\u00bb border_style=\u00bbsolid\u00bb src=\u00bbhttp:\/\/cazorla.es\/turismo\/wp-content\/uploads\/2017\/11\/castillocincoesquinas.jpg\u00bb]<\/p>\n<p>[\/et_pb_image][\/et_pb_column][et_pb_column type=\u00bb1_2&#8243;][et_pb_text admin_label=\u00bbTexto\u00bb background_layout=\u00bblight\u00bb text_orientation=\u00bbleft\u00bb use_border_color=\u00bboff\u00bb border_color=\u00bb#ffffff\u00bb border_style=\u00bbsolid\u00bb]<\/p>\n<p class=\"lead\"> Su planta es compleja por que al menos se observan tres espacios claramente definidos de este a oeste: <\/p>\n<p class=\"lead\">1 &#8211; Un recinto bastante deteriorado de forma trapezoidal, de dif\u00edcil definici\u00f3n.<\/p>\n<p class=\"lead\">2 &#8211; El recinto central, de planta rectangular, posiblemente con una torre en medio.<\/p>\n<p class=\"lead\">3 &#8211; La torre de cinco esquinas con un patio de armas de planta rectangular. <\/p>\n<p>[\/et_pb_text][\/et_pb_column][\/et_pb_row][et_pb_row admin_label=\u00bbFila\u00bb][et_pb_column type=\u00bb1_2&#8243;][et_pb_text admin_label=\u00bbTexto\u00bb background_layout=\u00bblight\u00bb text_orientation=\u00bbleft\u00bb use_border_color=\u00bboff\u00bb border_color=\u00bb#ffffff\u00bb border_style=\u00bbsolid\u00bb]<\/p>\n<p class=\"lead\"> Por los restos cer\u00e1micos existentes y los elementos arquitect\u00f3nicos empleados, al menos sabemos que tanto el recinto del este, como el central son de una misma \u00e9poca. El tipo de fabrica empleado, as\u00ed como el sillarejo y la canter\u00eda utilizada en sus muros, determinan su coetaneidad. Posiblemente de un momento de mediados a finales del siglo XII, coincidiendo con la dominaci\u00f3n Almohade de Al- Andalus y con los cristianos muy cerca hacia el norte. <\/p>\n<p class=\"lead\">De este momento se conservan unos importantes lienzos de muralla y estructuras de h\u00e1bitat, con planta cuadrada o rectangular.<\/p>\n<p class=\"lead\"> El recinto del oeste con la torre, es el m\u00e1s interesante arquitect\u00f3nicamente. La piedra utilizada y el tipo de sillares se diferencian significativamente, tanto en tama\u00f1o como en canter\u00eda, utiliz\u00e1ndose la toba tradicional de la zona para aquellas partes m\u00e1s delicadas de la construcci\u00f3n. El lienzo de muralla de la parte sur es soberbio en su tama\u00f1o y grosor y busca juntarse con la construcci\u00f3n de \u00e9poca anterior para alinearse con ella. <\/p>\n<p>[\/et_pb_text][\/et_pb_column][et_pb_column type=\u00bb1_2&#8243;][et_pb_image admin_label=\u00bbImagen\u00bb src=\u00bbhttp:\/\/cazorla.es\/turismo\/wp-content\/uploads\/2017\/11\/5esquinasb.png\u00bb show_in_lightbox=\u00bboff\u00bb url_new_window=\u00bboff\u00bb use_overlay=\u00bboff\u00bb animation=\u00bbleft\u00bb sticky=\u00bboff\u00bb align=\u00bbleft\u00bb force_fullwidth=\u00bboff\u00bb always_center_on_mobile=\u00bbon\u00bb use_border_color=\u00bboff\u00bb border_color=\u00bb#ffffff\u00bb border_style=\u00bbsolid\u00bb]<\/p>\n<p>[\/et_pb_image][\/et_pb_column][\/et_pb_row][et_pb_row admin_label=\u00bbFila\u00bb][et_pb_column type=\u00bb1_2&#8243;][et_pb_image admin_label=\u00bbImagen\u00bb src=\u00bbhttp:\/\/cazorla.es\/turismo\/wp-content\/uploads\/2017\/11\/castillo5esquinas.jpg\u00bb show_in_lightbox=\u00bboff\u00bb url_new_window=\u00bboff\u00bb use_overlay=\u00bboff\u00bb animation=\u00bbleft\u00bb sticky=\u00bboff\u00bb align=\u00bbleft\u00bb force_fullwidth=\u00bboff\u00bb always_center_on_mobile=\u00bbon\u00bb use_border_color=\u00bboff\u00bb border_color=\u00bb#ffffff\u00bb border_style=\u00bbsolid\u00bb]<\/p>\n<p>[\/et_pb_image][\/et_pb_column][et_pb_column type=\u00bb1_2&#8243;][et_pb_text admin_label=\u00bbTexto\u00bb background_layout=\u00bblight\u00bb text_orientation=\u00bbleft\u00bb use_border_color=\u00bboff\u00bb border_color=\u00bb#ffffff\u00bb border_style=\u00bbsolid\u00bb]<\/p>\n<p class=\"lead\">Pero ser\u00e1 la torre la que destaque por encima del resto. Est\u00e1 desplazada hacia la zona m\u00e1s occidental del conjunto, como si fuera ese el lugar al que deba su funci\u00f3n. Su planta es un pent\u00e1gono irregular. Tiene dos plantas en altura, mas la cubierta, posiblemente almenada. A la planta baja se accede por un vano con arco apuntado y posiblemente tuviera doble puerta. La estancia interior es de planta rectangular, dividida por un arco faj\u00f3n apuntado que divide la estancia.<br \/>\n Las b\u00f3vedas son de crucer\u00eda, realizadas en ladrillo, de magnifica fabrica. Al fondo, el tri\u00e1ngulo que forma el pent\u00e1gono,es el acceso a la planta superior con una excelente escalera de caracol hecha en piedra, arquitect\u00f3nicamente muy bien resuelta. La planta primera es tambi\u00e9n rectangular con b\u00f3veda de medio ca\u00f1\u00f3n, de excelente fabrica. <\/p>\n<p class=\"lead\">Esta construcci\u00f3n presenta caracter\u00edsticas arquitect\u00f3nicas m\u00e1s cercanas al mundo cristiano, quiz\u00e1s por las fuentes, del siglo XIV. Casi con toda seguridad inacabada en su conjunto, pero que quiz\u00e1s sirviera junto con el resto de la fortaleza, como lugar de defensa a los cristianos, de las incursiones musulmanas provenientes del oeste, de la zona de Quesada. <\/p>\n<p class=\"lead\"> Podr\u00e1n ver la localizaci\u00f3n de este Monumento en el Callejero de Cazorla pulsando <a href=\"http:\/\/cazorla.es\/turismo\/wp-content\/uploads\/2018\/01\/CALLEJEROCAZORLA2017.pdf\"target=\"_blank\">aqu\u00ed.<\/a> <\/p>\n<p>[\/et_pb_text][\/et_pb_column][\/et_pb_row][et_pb_row admin_label=\u00bbFila\u00bb][et_pb_column type=\u00bb4_4&#8243;][et_pb_video admin_label=\u00bbV\u00eddeo\u00bb src=\u00bbhttps:\/\/www.youtube.com\/watch?v=141aygvHVWI\u00bb]<\/p>\n<p>[\/et_pb_video][\/et_pb_column][\/et_pb_row][\/et_pb_section]<\/p>\n","protected":false},"excerpt":{"rendered":"<p>Castillo de las Cinco Esquinas El Castillo de SalvaTierra, tambi\u00e9n conocido como Castillo de las cinco Esquinas, puede ser contemplado desde la mayor\u00eda de rincones de Cazorla. Se ubica en [&hellip;]<\/p>\n","protected":false},"author":2,"featured_media":0,"parent":0,"menu_order":0,"comment_status":"closed","ping_status":"closed","template":"","meta":{"_et_pb_use_builder":"on","_et_pb_old_content":"","_et_gb_content_width":"","footnotes":""},"class_list":["post-1262","page","type-page","status-publish","hentry"],"_links":{"self":[{"href":"https:\/\/cazorla.es\/turismo\/wp-json\/wp\/v2\/pages\/1262","targetHints":{"allow":["GET"]}}],"collection":[{"href":"https:\/\/cazorla.es\/turismo\/wp-json\/wp\/v2\/pages"}],"about":[{"href":"https:\/\/cazorla.es\/turismo\/wp-json\/wp\/v2\/types\/page"}],"author":[{"embeddable":true,"href":"https:\/\/cazorla.es\/turismo\/wp-json\/wp\/v2\/users\/2"}],"replies":[{"embeddable":true,"href":"https:\/\/cazorla.es\/turismo\/wp-json\/wp\/v2\/comments?post=1262"}],"version-history":[{"count":15,"href":"https:\/\/cazorla.es\/turismo\/wp-json\/wp\/v2\/pages\/1262\/revisions"}],"predecessor-version":[{"id":2614,"href":"https:\/\/cazorla.es\/turismo\/wp-json\/wp\/v2\/pages\/1262\/revisions\/2614"}],"wp:attachment":[{"href":"https:\/\/cazorla.es\/turismo\/wp-json\/wp\/v2\/media?parent=1262"}],"curies":[{"name":"wp","href":"https:\/\/api.w.org\/{rel}","templated":true}]}}