{"id":1276,"date":"2017-11-22T09:59:11","date_gmt":"2017-11-22T09:59:11","guid":{"rendered":"http:\/\/cazorla.es\/turismo\/?page_id=1276"},"modified":"2018-01-10T13:19:50","modified_gmt":"2018-01-10T13:19:50","slug":"iglesia-de-san-francisco","status":"publish","type":"page","link":"https:\/\/cazorla.es\/turismo\/iglesia-de-san-francisco\/","title":{"rendered":"Iglesia de San Francisco"},"content":{"rendered":"<p>[et_pb_section admin_label=\u00bbsection\u00bb][et_pb_row admin_label=\u00bbFila\u00bb][et_pb_column type=\u00bb4_4&#8243;][et_pb_text admin_label=\u00bbTexto\u00bb background_layout=\u00bblight\u00bb text_orientation=\u00bbleft\u00bb use_border_color=\u00bboff\u00bb border_color=\u00bb#ffffff\u00bb border_style=\u00bbsolid\u00bb]<\/p>\n<h1> Iglesia de San Francisco <\/h1>\n<p>[\/et_pb_text][\/et_pb_column][\/et_pb_row][et_pb_row admin_label=\u00bbrow\u00bb][et_pb_column type=\u00bb1_2&#8243;][et_pb_text admin_label=\u00bbTexto\u00bb background_layout=\u00bblight\u00bb text_orientation=\u00bbleft\u00bb use_border_color=\u00bboff\u00bb border_color=\u00bb#ffffff\u00bb border_style=\u00bbsolid\u00bb]<\/p>\n<p class=\"lead\">Formaba parte del antiguo convento de la orden de san Francisco. Sus or\u00edgenes parecen remontarse a finales del siglo XVI, aunque de la antigua construcci\u00f3n casi no quedan restos. La obra actual es de mediados a finales del siglo XVII,posteriormente remodelada. Sabemos que el monasterio y su Iglesia fueron afectados por el \u00abdiluvio\u00bb de 1694, que anego sus dependencias. Ser\u00e1 a partir de mediados del siglo XVIII, cuando esta orden alcanz\u00f3 un mayor esplendor.<br \/>\nA principios del siglo XIX, al igual que casi todos los templos de la localidad, esta iglesia se vio afectada por la presencia francesa en Cazorla. Por estas mismas fechas, parece ser que se decide el traslado del cuadro del Cristo del Consuelo a esta Iglesia, por ruina de la Iglesia Mayor de Santa Mar\u00eda. <\/p>\n<p>[\/et_pb_text][\/et_pb_column][et_pb_column type=\u00bb1_2&#8243;][et_pb_image admin_label=\u00bbImagen\u00bb show_in_lightbox=\u00bboff\u00bb url_new_window=\u00bboff\u00bb use_overlay=\u00bboff\u00bb animation=\u00bbleft\u00bb sticky=\u00bboff\u00bb align=\u00bbleft\u00bb force_fullwidth=\u00bboff\u00bb always_center_on_mobile=\u00bbon\u00bb use_border_color=\u00bboff\u00bb border_color=\u00bb#ffffff\u00bb border_style=\u00bbsolid\u00bb src=\u00bbhttp:\/\/cazorla.es\/turismo\/wp-content\/uploads\/2017\/11\/sanfrancisco.jpg\u00bb]<\/p>\n<p>[\/et_pb_image][\/et_pb_column][\/et_pb_row][et_pb_row admin_label=\u00bbFila\u00bb][et_pb_column type=\u00bb1_2&#8243;][et_pb_image admin_label=\u00bbImagen\u00bb src=\u00bbhttp:\/\/cazorla.es\/turismo\/wp-content\/uploads\/2017\/11\/iglesiasanfrancisco.jpg\u00bb show_in_lightbox=\u00bboff\u00bb url_new_window=\u00bboff\u00bb use_overlay=\u00bboff\u00bb animation=\u00bbleft\u00bb sticky=\u00bboff\u00bb align=\u00bbleft\u00bb force_fullwidth=\u00bboff\u00bb always_center_on_mobile=\u00bbon\u00bb use_border_color=\u00bboff\u00bb border_color=\u00bb#ffffff\u00bb border_style=\u00bbsolid\u00bb]<\/p>\n<p>[\/et_pb_image][\/et_pb_column][et_pb_column type=\u00bb1_2&#8243;][et_pb_text admin_label=\u00bbTexto\u00bb background_layout=\u00bblight\u00bb text_orientation=\u00bbleft\u00bb use_border_color=\u00bboff\u00bb border_color=\u00bb#ffffff\u00bb border_style=\u00bbsolid\u00bb]<\/p>\n<p class=\"lead\">La Iglesia es de planta rectangular, de tres naves, con b\u00f3veda de medio ca\u00f1\u00f3n sostenida por arcos fajones sobre pilares, sobre el altar una c\u00fapula sostenida por  pechinas, el \u00e1bside plano. El retablo original era de finales del siglo XVII, destrozado durante la Guerra Civil y restaurado con posterioridad. Las pinturas actuales son de principios de este siglo. <\/p>\n<p class=\"lead\">Posee un rico retablo, de mediados de nuestro siglo, recubierto de finas l\u00e1minas de oro, que presenta en su parte central el lienzo del Cristo del Consuelo, Patr\u00f3n de la ciudad, y a cada uno de sus dos lados otros tantos cuadros de Alfonso Grosso con escenas de la Pasi\u00f3n. El cuerpo superior queda coronado por tres pinturas de Juan Miguel S\u00e1nchez alusivas al fundador de la Orden.<\/p>\n<p>[\/et_pb_text][\/et_pb_column][\/et_pb_row][et_pb_row admin_label=\u00bbFila\u00bb][et_pb_column type=\u00bb1_2&#8243;][et_pb_text admin_label=\u00bbTexto\u00bb background_layout=\u00bblight\u00bb text_orientation=\u00bbleft\u00bb use_border_color=\u00bboff\u00bb border_color=\u00bb#ffffff\u00bb border_style=\u00bbsolid\u00bb]<\/p>\n<p class=\"lead\">Otros elementos interiores dignos de destacar son su p\u00falpito en nogal y las capillas, tanto del crucero como laterales. <\/p>\n<p class=\"lead\">En su fachada, construida en toba entre hileras horizontales de ladrillos, una fina portada de traza renacentista coronada por un front\u00f3n con el escudo franciscano, da acceso al templo. Junto a ella, adosada a su lado oeste, se levanta la torre del campanario. <\/p>\n<p>[\/et_pb_text][\/et_pb_column][et_pb_column type=\u00bb1_2&#8243;][et_pb_image admin_label=\u00bbImagen\u00bb src=\u00bbhttp:\/\/cazorla.es\/turismo\/wp-content\/uploads\/2017\/11\/iglesia-de-san-francisco-cazorla-1-me.jpg\u00bb show_in_lightbox=\u00bboff\u00bb url_new_window=\u00bboff\u00bb use_overlay=\u00bboff\u00bb animation=\u00bbleft\u00bb sticky=\u00bboff\u00bb align=\u00bbleft\u00bb force_fullwidth=\u00bboff\u00bb always_center_on_mobile=\u00bbon\u00bb use_border_color=\u00bboff\u00bb border_color=\u00bb#ffffff\u00bb border_style=\u00bbsolid\u00bb]<\/p>\n<p>[\/et_pb_image][\/et_pb_column][\/et_pb_row][et_pb_row admin_label=\u00bbFila\u00bb][et_pb_column type=\u00bb1_2&#8243;][et_pb_image admin_label=\u00bbImagen\u00bb src=\u00bbhttp:\/\/cazorla.es\/turismo\/wp-content\/uploads\/2017\/11\/iglesia-san-francisco.jpg\u00bb show_in_lightbox=\u00bboff\u00bb url_new_window=\u00bboff\u00bb use_overlay=\u00bboff\u00bb animation=\u00bbleft\u00bb sticky=\u00bboff\u00bb align=\u00bbleft\u00bb force_fullwidth=\u00bboff\u00bb always_center_on_mobile=\u00bbon\u00bb use_border_color=\u00bboff\u00bb border_color=\u00bb#ffffff\u00bb border_style=\u00bbsolid\u00bb]<\/p>\n<p>[\/et_pb_image][\/et_pb_column][et_pb_column type=\u00bb1_2&#8243;][et_pb_text admin_label=\u00bbTexto\u00bb background_layout=\u00bblight\u00bb text_orientation=\u00bbleft\u00bb use_border_color=\u00bboff\u00bb border_color=\u00bb#ffffff\u00bb border_style=\u00bbsolid\u00bb]<\/p>\n<p class=\"lead\">Desde comienzos del siglo XIX el templo acoge el cuadro del Cristo del Consuelo, de secular y sentid\u00edsima devoci\u00f3n en la ciudad, que hasta entonces se veneraba en la Iglesia de Santa Mar\u00eda, (Parroquia primigenia situada en la Plaza del mismo nombre o \u201cPlaza Vieja\u201d,en el casco antiguo de la ciudad), y a la que las cat\u00e1strofes naturales y las guerras redujeron a los restos que hoy sobreviven.<\/p>\n<p class=\"lead\"> Podr\u00e1n ver la localizaci\u00f3n de esta Iglesia en el Callejero de Cazorla pulsando <a href=\"http:\/\/cazorla.es\/turismo\/wp-content\/uploads\/2018\/01\/CALLEJEROCAZORLA2017.pdf\"target=\"_blank\">aqu\u00ed.<\/a> <\/p>\n<p>[\/et_pb_text][\/et_pb_column][\/et_pb_row][\/et_pb_section]<\/p>\n","protected":false},"excerpt":{"rendered":"<p>Iglesia de San Francisco Formaba parte del antiguo convento de la orden de san Francisco. Sus or\u00edgenes parecen remontarse a finales del siglo XVI, aunque de la antigua construcci\u00f3n casi [&hellip;]<\/p>\n","protected":false},"author":2,"featured_media":0,"parent":0,"menu_order":0,"comment_status":"closed","ping_status":"closed","template":"","meta":{"_et_pb_use_builder":"on","_et_pb_old_content":"","_et_gb_content_width":"","footnotes":""},"class_list":["post-1276","page","type-page","status-publish","hentry"],"_links":{"self":[{"href":"https:\/\/cazorla.es\/turismo\/wp-json\/wp\/v2\/pages\/1276","targetHints":{"allow":["GET"]}}],"collection":[{"href":"https:\/\/cazorla.es\/turismo\/wp-json\/wp\/v2\/pages"}],"about":[{"href":"https:\/\/cazorla.es\/turismo\/wp-json\/wp\/v2\/types\/page"}],"author":[{"embeddable":true,"href":"https:\/\/cazorla.es\/turismo\/wp-json\/wp\/v2\/users\/2"}],"replies":[{"embeddable":true,"href":"https:\/\/cazorla.es\/turismo\/wp-json\/wp\/v2\/comments?post=1276"}],"version-history":[{"count":13,"href":"https:\/\/cazorla.es\/turismo\/wp-json\/wp\/v2\/pages\/1276\/revisions"}],"predecessor-version":[{"id":2582,"href":"https:\/\/cazorla.es\/turismo\/wp-json\/wp\/v2\/pages\/1276\/revisions\/2582"}],"wp:attachment":[{"href":"https:\/\/cazorla.es\/turismo\/wp-json\/wp\/v2\/media?parent=1276"}],"curies":[{"name":"wp","href":"https:\/\/api.w.org\/{rel}","templated":true}]}}