{"id":1287,"date":"2017-11-22T11:44:49","date_gmt":"2017-11-22T11:44:49","guid":{"rendered":"http:\/\/cazorla.es\/turismo\/?page_id=1287"},"modified":"2018-01-10T13:20:23","modified_gmt":"2018-01-10T13:20:23","slug":"iglesia-de-san-jose","status":"publish","type":"page","link":"https:\/\/cazorla.es\/turismo\/iglesia-de-san-jose\/","title":{"rendered":"Iglesia de San Jos\u00e9"},"content":{"rendered":"<p>[et_pb_section admin_label=\u00bbsection\u00bb][et_pb_row admin_label=\u00bbrow\u00bb][et_pb_column type=\u00bb4_4&#8243;][et_pb_text admin_label=\u00bbTexto\u00bb background_layout=\u00bblight\u00bb text_orientation=\u00bbleft\u00bb use_border_color=\u00bboff\u00bb border_color=\u00bb#ffffff\u00bb border_style=\u00bbsolid\u00bb]<\/p>\n<h1> Iglesia de San Jos\u00e9 <\/h1>\n<p>[\/et_pb_text][\/et_pb_column][\/et_pb_row][et_pb_row admin_label=\u00bbFila\u00bb][et_pb_column type=\u00bb1_2&#8243;][et_pb_text admin_label=\u00bbTexto\u00bb background_layout=\u00bblight\u00bb text_orientation=\u00bbleft\u00bb use_border_color=\u00bboff\u00bb border_color=\u00bb#ffffff\u00bb border_style=\u00bbsolid\u00bb]<\/p>\n<p class=\"lead\">Formaba parte del convento de las Agustinas de las que solo queda la Iglesia, los \u00faltimos restos de su claustro desaparecieron con la construcci\u00f3n del vecino hotel.<br \/>\nSu estado actual ha sido alterado en las continuas restauraciones sufridas, no obstante, su traza es digna. <\/p>\n<p>[\/et_pb_text][\/et_pb_column][et_pb_column type=\u00bb1_2&#8243;][et_pb_image admin_label=\u00bbImagen\u00bb src=\u00bbhttp:\/\/cazorla.es\/turismo\/wp-content\/uploads\/2017\/11\/iglesiasanjose.jpg\u00bb show_in_lightbox=\u00bboff\u00bb url_new_window=\u00bboff\u00bb use_overlay=\u00bboff\u00bb animation=\u00bbleft\u00bb sticky=\u00bboff\u00bb align=\u00bbleft\u00bb force_fullwidth=\u00bboff\u00bb always_center_on_mobile=\u00bbon\u00bb use_border_color=\u00bboff\u00bb border_color=\u00bb#ffffff\u00bb border_style=\u00bbsolid\u00bb]<\/p>\n<p>[\/et_pb_image][\/et_pb_column][\/et_pb_row][et_pb_row admin_label=\u00bbFila\u00bb][et_pb_column type=\u00bb1_2&#8243;][et_pb_image admin_label=\u00bbImagen\u00bb src=\u00bbhttp:\/\/cazorla.es\/turismo\/wp-content\/uploads\/2017\/11\/iglesiasanjose001.jpg\u00bb show_in_lightbox=\u00bboff\u00bb url_new_window=\u00bboff\u00bb use_overlay=\u00bboff\u00bb animation=\u00bbleft\u00bb sticky=\u00bboff\u00bb align=\u00bbleft\u00bb force_fullwidth=\u00bboff\u00bb always_center_on_mobile=\u00bbon\u00bb use_border_color=\u00bboff\u00bb border_color=\u00bb#ffffff\u00bb border_style=\u00bbsolid\u00bb]<\/p>\n<p>[\/et_pb_image][\/et_pb_column][et_pb_column type=\u00bb1_2&#8243;][et_pb_text admin_label=\u00bbTexto\u00bb background_layout=\u00bblight\u00bb text_orientation=\u00bbleft\u00bb use_border_color=\u00bboff\u00bb border_color=\u00bb#ffffff\u00bb border_style=\u00bbsolid\u00bb]<\/p>\n<p class=\"lead\">La Iglesia y el resto del desaparecido recinto, corresponden con las fundaciones monacales de Cazorla a lo largo del siglo XVII y principios del XVIII. <\/p>\n<p class=\"lead\"> Tiene una planta de \u00absal\u00f3n\u00bb de una sola nave, capillas laterales y presbiterio rectangular; su b\u00f3veda es de medio ca\u00f1\u00f3n apoyada en pilares y sobre el altar una gran c\u00fapula sostenida por pechinas. Los \u00fanicos elementos decorativos que presenta, son unos capiteles de orden j\u00f3nico en los pilares. Los paramentos interiores se decoraron a mitad de este siglo, con copias de escenas religiosas de pinturas del Greco. Tambi\u00e9n en su interior y al lado del altar, destaca la capilla del Sagrario, donde se instala la Virgen del Rosario, cubierta con una c\u00fapula decorada barrocamente. <\/p>\n<p>[\/et_pb_text][\/et_pb_column][\/et_pb_row][et_pb_row admin_label=\u00bbFila\u00bb][et_pb_column type=\u00bb1_2&#8243;][et_pb_text admin_label=\u00bbTexto\u00bb background_layout=\u00bblight\u00bb text_orientation=\u00bbleft\u00bb use_border_color=\u00bboff\u00bb border_color=\u00bb#ffffff\u00bb border_style=\u00bbsolid\u00bb]<\/p>\n<p class=\"lead\"> Como todos los templos de nuestra ciudad, sufri\u00f3 los efectos de las leyes desamortizadoras, adem\u00e1s de los catastr\u00f3ficos expolios y destrozos durante la Guerra Civil, por lo que su retablo y aspecto interior, son de este siglo. La Iglesia y el resto del desaparecido recinto, corresponden con las fundaciones monacales de Cazorla a lo largo del siglo XVII y principios del XVIII. En su interior hay hermosas tallas de Navas Parejo, Castillo Lastrucci&#8230; Seis grandes lienzos, copias de obras del Greco, realizados por Rafael del Real, decoran el templo. El retablo mayor es obra del burgal\u00e9s Valeriano Mart\u00ednez. <\/p>\n<p>[\/et_pb_text][\/et_pb_column][et_pb_column type=\u00bb1_2&#8243;][et_pb_image admin_label=\u00bbImagen\u00bb src=\u00bbhttp:\/\/cazorla.es\/turismo\/wp-content\/uploads\/2017\/11\/iglesiasanjose003.jpg\u00bb show_in_lightbox=\u00bboff\u00bb url_new_window=\u00bboff\u00bb use_overlay=\u00bboff\u00bb animation=\u00bbleft\u00bb sticky=\u00bboff\u00bb align=\u00bbleft\u00bb force_fullwidth=\u00bboff\u00bb always_center_on_mobile=\u00bbon\u00bb use_border_color=\u00bboff\u00bb border_color=\u00bb#ffffff\u00bb border_style=\u00bbsolid\u00bb]<\/p>\n<p>[\/et_pb_image][\/et_pb_column][\/et_pb_row][et_pb_row admin_label=\u00bbFila\u00bb][et_pb_column type=\u00bb1_2&#8243;][et_pb_image admin_label=\u00bbImagen\u00bb src=\u00bbhttp:\/\/cazorla.es\/turismo\/wp-content\/uploads\/2017\/11\/iglesiasanjose3.jpg\u00bb show_in_lightbox=\u00bboff\u00bb url_new_window=\u00bboff\u00bb use_overlay=\u00bboff\u00bb animation=\u00bbleft\u00bb sticky=\u00bboff\u00bb align=\u00bbleft\u00bb force_fullwidth=\u00bboff\u00bb always_center_on_mobile=\u00bbon\u00bb use_border_color=\u00bboff\u00bb border_color=\u00bb#ffffff\u00bb border_style=\u00bbsolid\u00bb]<\/p>\n<p>[\/et_pb_image][\/et_pb_column][et_pb_column type=\u00bb1_2&#8243;][et_pb_text admin_label=\u00bbTexto\u00bb background_layout=\u00bblight\u00bb text_orientation=\u00bbleft\u00bb use_border_color=\u00bboff\u00bb border_color=\u00bb#ffffff\u00bb border_style=\u00bbsolid\u00bb]<\/p>\n<p class=\"lead\"> Cuenta con copias de cuadros del Greco que est\u00e1n situadas en las capillas laterales.  <\/p>\n<p class=\"lead\"> Podr\u00e1n ver la localizaci\u00f3n de esta Iglesia en el Callejero de Cazorla pulsando <a href=\"http:\/\/cazorla.es\/turismo\/wp-content\/uploads\/2018\/01\/CALLEJEROCAZORLA2017.pdf\"target=\"_blank\">aqu\u00ed.<\/a> <\/p>\n<p>[\/et_pb_text][\/et_pb_column][\/et_pb_row][\/et_pb_section]<\/p>\n","protected":false},"excerpt":{"rendered":"<p>Iglesia de San Jos\u00e9 Formaba parte del convento de las Agustinas de las que solo queda la Iglesia, los \u00faltimos restos de su claustro desaparecieron con la construcci\u00f3n del vecino [&hellip;]<\/p>\n","protected":false},"author":2,"featured_media":0,"parent":0,"menu_order":0,"comment_status":"closed","ping_status":"closed","template":"","meta":{"_et_pb_use_builder":"on","_et_pb_old_content":"","_et_gb_content_width":"","footnotes":""},"class_list":["post-1287","page","type-page","status-publish","hentry"],"_links":{"self":[{"href":"https:\/\/cazorla.es\/turismo\/wp-json\/wp\/v2\/pages\/1287","targetHints":{"allow":["GET"]}}],"collection":[{"href":"https:\/\/cazorla.es\/turismo\/wp-json\/wp\/v2\/pages"}],"about":[{"href":"https:\/\/cazorla.es\/turismo\/wp-json\/wp\/v2\/types\/page"}],"author":[{"embeddable":true,"href":"https:\/\/cazorla.es\/turismo\/wp-json\/wp\/v2\/users\/2"}],"replies":[{"embeddable":true,"href":"https:\/\/cazorla.es\/turismo\/wp-json\/wp\/v2\/comments?post=1287"}],"version-history":[{"count":11,"href":"https:\/\/cazorla.es\/turismo\/wp-json\/wp\/v2\/pages\/1287\/revisions"}],"predecessor-version":[{"id":2583,"href":"https:\/\/cazorla.es\/turismo\/wp-json\/wp\/v2\/pages\/1287\/revisions\/2583"}],"wp:attachment":[{"href":"https:\/\/cazorla.es\/turismo\/wp-json\/wp\/v2\/media?parent=1287"}],"curies":[{"name":"wp","href":"https:\/\/api.w.org\/{rel}","templated":true}]}}