{"id":1298,"date":"2017-11-22T12:25:09","date_gmt":"2017-11-22T12:25:09","guid":{"rendered":"http:\/\/cazorla.es\/turismo\/?page_id=1298"},"modified":"2018-01-10T13:20:59","modified_gmt":"2018-01-10T13:20:59","slug":"iglesia-del-carmen","status":"publish","type":"page","link":"https:\/\/cazorla.es\/turismo\/iglesia-del-carmen\/","title":{"rendered":"Iglesia del Carmen"},"content":{"rendered":"<p>[et_pb_section admin_label=\u00bbsection\u00bb][et_pb_row admin_label=\u00bbrow\u00bb][et_pb_column type=\u00bb4_4&#8243;][et_pb_text admin_label=\u00bbTexto\u00bb background_layout=\u00bblight\u00bb text_orientation=\u00bbleft\u00bb use_border_color=\u00bboff\u00bb border_color=\u00bb#ffffff\u00bb border_style=\u00bbsolid\u00bb]<\/p>\n<h1> Iglesia del Carmen <\/h1>\n<p>[\/et_pb_text][\/et_pb_column][\/et_pb_row][et_pb_row admin_label=\u00bbFila\u00bb][et_pb_column type=\u00bb1_2&#8243;][et_pb_text admin_label=\u00bbTexto\u00bb background_layout=\u00bblight\u00bb text_orientation=\u00bbleft\u00bb use_border_color=\u00bboff\u00bb border_color=\u00bb#ffffff\u00bb border_style=\u00bbsolid\u00bb]<\/p>\n<p class=\"lead\"> Formaba parte del conjunto del Colegio de la Compa\u00f1\u00eda de Jes\u00fas, que m\u00e1s tarde se convirti\u00f3 en capilla del antiguo hospital. Comienza su declive con la expulsi\u00f3n de los Jesuitas y despu\u00e9s con la desamortizaci\u00f3n Su ruinosa situaci\u00f3n en el ultimo tercio de este siglo, provoc\u00f3 la restauraci\u00f3n de su techumbre y la menos afortunada de picar todos sus par\u00e1mentos. Actualmente est\u00e1 en proceso de estudio su rehabilitaci\u00f3n total. <\/p>\n<p>[\/et_pb_text][\/et_pb_column][et_pb_column type=\u00bb1_2&#8243;][et_pb_image admin_label=\u00bbImagen\u00bb show_in_lightbox=\u00bboff\u00bb url_new_window=\u00bboff\u00bb use_overlay=\u00bboff\u00bb animation=\u00bbleft\u00bb sticky=\u00bboff\u00bb align=\u00bbleft\u00bb force_fullwidth=\u00bboff\u00bb always_center_on_mobile=\u00bbon\u00bb use_border_color=\u00bboff\u00bb border_color=\u00bb#ffffff\u00bb border_style=\u00bbsolid\u00bb src=\u00bbhttp:\/\/cazorla.es\/turismo\/wp-content\/uploads\/2017\/11\/iglesiadelcarmen-1.jpg\u00bb]<\/p>\n<p>[\/et_pb_image][\/et_pb_column][\/et_pb_row][et_pb_row admin_label=\u00bbFila\u00bb][et_pb_column type=\u00bb1_2&#8243;][et_pb_image admin_label=\u00bbImagen\u00bb show_in_lightbox=\u00bboff\u00bb url_new_window=\u00bboff\u00bb use_overlay=\u00bboff\u00bb animation=\u00bbleft\u00bb sticky=\u00bboff\u00bb align=\u00bbleft\u00bb force_fullwidth=\u00bboff\u00bb always_center_on_mobile=\u00bbon\u00bb use_border_color=\u00bboff\u00bb border_color=\u00bb#ffffff\u00bb border_style=\u00bbsolid\u00bb src=\u00bbhttp:\/\/cazorla.es\/turismo\/wp-content\/uploads\/2017\/11\/iglesiadelcarmen.jpg\u00bb]<\/p>\n<p>[\/et_pb_image][\/et_pb_column][et_pb_column type=\u00bb1_2&#8243;][et_pb_text admin_label=\u00bbTexto\u00bb background_layout=\u00bblight\u00bb text_orientation=\u00bbleft\u00bb use_border_color=\u00bboff\u00bb border_color=\u00bb#ffffff\u00bb border_style=\u00bbsolid\u00bb]<\/p>\n<p class=\"lead\"> Los elementos constructivos, son los tradicionales en Cazorla, la utilizaci\u00f3n de piedra \u00abviva\u00bb caliza, para las partes bajas m\u00e1s expuestas a la erosi\u00f3n, sobre ellas la tradicional \u00abtoba\u00bb mucho mas ligera. El interior esta tratado con otro elemento tradicional, el ladrillo \u00e1rabe macizo de tradici\u00f3n mud\u00e9jar, para posteriormente enlucir con yeso. Su planta es rectangular y presenta un coro y dos galer\u00edas, una superior y otra en nivel bajo. Sus proporciones son muy bellas y equilibradas. La portada esta enmarcada con columnas de orden corintio y con un escudo de procedencia borb\u00f3nica. Destaca, por ultimo, su torre, que sin dudarlo, por proporciones y dise\u00f1o, es la de mejor factura de Cazorla. <\/p>\n<p class=\"lead\">Es una iglesia de fundacion monacal del  XVII aunque posiblemente retocada en el XVIII.\n <\/p>\n<p class=\"lead\"> Podr\u00e1n ver la localizaci\u00f3n de esta Iglesia en el Callejero de Cazorla pulsando <a href=\"http:\/\/cazorla.es\/turismo\/wp-content\/uploads\/2018\/01\/CALLEJEROCAZORLA2017.pdf\"target=\"_blank\">aqu\u00ed.<\/a> <\/p>\n<p>[\/et_pb_text][\/et_pb_column][\/et_pb_row][\/et_pb_section]<\/p>\n","protected":false},"excerpt":{"rendered":"<p>Iglesia del Carmen Formaba parte del conjunto del Colegio de la Compa\u00f1\u00eda de Jes\u00fas, que m\u00e1s tarde se convirti\u00f3 en capilla del antiguo hospital. Comienza su declive con la expulsi\u00f3n [&hellip;]<\/p>\n","protected":false},"author":2,"featured_media":0,"parent":0,"menu_order":0,"comment_status":"closed","ping_status":"closed","template":"","meta":{"_et_pb_use_builder":"on","_et_pb_old_content":"","_et_gb_content_width":"","footnotes":""},"class_list":["post-1298","page","type-page","status-publish","hentry"],"_links":{"self":[{"href":"https:\/\/cazorla.es\/turismo\/wp-json\/wp\/v2\/pages\/1298","targetHints":{"allow":["GET"]}}],"collection":[{"href":"https:\/\/cazorla.es\/turismo\/wp-json\/wp\/v2\/pages"}],"about":[{"href":"https:\/\/cazorla.es\/turismo\/wp-json\/wp\/v2\/types\/page"}],"author":[{"embeddable":true,"href":"https:\/\/cazorla.es\/turismo\/wp-json\/wp\/v2\/users\/2"}],"replies":[{"embeddable":true,"href":"https:\/\/cazorla.es\/turismo\/wp-json\/wp\/v2\/comments?post=1298"}],"version-history":[{"count":7,"href":"https:\/\/cazorla.es\/turismo\/wp-json\/wp\/v2\/pages\/1298\/revisions"}],"predecessor-version":[{"id":2584,"href":"https:\/\/cazorla.es\/turismo\/wp-json\/wp\/v2\/pages\/1298\/revisions\/2584"}],"wp:attachment":[{"href":"https:\/\/cazorla.es\/turismo\/wp-json\/wp\/v2\/media?parent=1298"}],"curies":[{"name":"wp","href":"https:\/\/api.w.org\/{rel}","templated":true}]}}