{"id":1321,"date":"2017-11-23T08:49:53","date_gmt":"2017-11-23T08:49:53","guid":{"rendered":"http:\/\/cazorla.es\/turismo\/?page_id=1321"},"modified":"2018-01-11T07:35:53","modified_gmt":"2018-01-11T07:35:53","slug":"ermita-del-angel-y-san-miguel-arcangel","status":"publish","type":"page","link":"https:\/\/cazorla.es\/turismo\/ermita-del-angel-y-san-miguel-arcangel\/","title":{"rendered":"Ermita del \u00c1ngel y San Miguel Arc\u00e1ngel"},"content":{"rendered":"<p>[et_pb_section admin_label=\u00bbsection\u00bb][et_pb_row admin_label=\u00bbFila\u00bb][et_pb_column type=\u00bb4_4&#8243;][et_pb_text admin_label=\u00bbTexto\u00bb background_layout=\u00bblight\u00bb text_orientation=\u00bbleft\u00bb use_border_color=\u00bboff\u00bb border_color=\u00bb#ffffff\u00bb border_style=\u00bbsolid\u00bb]<\/p>\n<h1> Ermita del \u00c1ngel y San Miguel Arc\u00e1ngel <\/h1>\n<p>[\/et_pb_text][\/et_pb_column][\/et_pb_row][et_pb_row admin_label=\u00bbrow\u00bb][et_pb_column type=\u00bb1_2&#8243;][et_pb_text admin_label=\u00bbTexto\u00bb background_layout=\u00bblight\u00bb text_orientation=\u00bbleft\u00bb use_border_color=\u00bboff\u00bb border_color=\u00bb#ffffff\u00bb border_style=\u00bbsolid\u00bb]<\/p>\n<p class=\"lead\"> La popularmente conocida ermita del \u00c1ngel de Cazorla, es uno de los monumentos m\u00e1s emblem\u00e1ticos de la ciudad al encontrarse en el camino que un\u00eda la villa con las estribaciones de la sierra siguiendo la rivera del r\u00edo de Cazorla. <\/p>\n<p class=\"lead\">Esta construcci\u00f3n ha estado durante estos \u00faltimos a\u00f1os abandonada y ha servido a otras funciones muy distintas a las del culto. Ha sido recuperada del olvido por un grupo de vecinos de forma generosa y desinteresada, presentando su aspecto actual. <\/p>\n<p>[\/et_pb_text][\/et_pb_column][et_pb_column type=\u00bb1_2&#8243;][et_pb_image admin_label=\u00bbImagen\u00bb src=\u00bbhttp:\/\/cazorla.es\/turismo\/wp-content\/uploads\/2017\/11\/ermitasanmiguel.jpg\u00bb show_in_lightbox=\u00bboff\u00bb url_new_window=\u00bboff\u00bb use_overlay=\u00bboff\u00bb animation=\u00bbleft\u00bb sticky=\u00bboff\u00bb align=\u00bbleft\u00bb force_fullwidth=\u00bboff\u00bb always_center_on_mobile=\u00bbon\u00bb use_border_color=\u00bboff\u00bb border_color=\u00bb#ffffff\u00bb border_style=\u00bbsolid\u00bb]<\/p>\n<p>[\/et_pb_image][\/et_pb_column][\/et_pb_row][et_pb_row admin_label=\u00bbFila\u00bb][et_pb_column type=\u00bb1_2&#8243;][et_pb_image admin_label=\u00bbImagen\u00bb src=\u00bbhttp:\/\/cazorla.es\/turismo\/wp-content\/uploads\/2017\/11\/ermitasanmiguel2.jpg\u00bb show_in_lightbox=\u00bboff\u00bb url_new_window=\u00bboff\u00bb use_overlay=\u00bboff\u00bb animation=\u00bbleft\u00bb sticky=\u00bboff\u00bb align=\u00bbleft\u00bb force_fullwidth=\u00bboff\u00bb always_center_on_mobile=\u00bbon\u00bb use_border_color=\u00bboff\u00bb border_color=\u00bb#ffffff\u00bb border_style=\u00bbsolid\u00bb]<\/p>\n<p>[\/et_pb_image][\/et_pb_column][et_pb_column type=\u00bb1_2&#8243;][et_pb_text admin_label=\u00bbTexto\u00bb background_layout=\u00bblight\u00bb text_orientation=\u00bbleft\u00bb use_border_color=\u00bboff\u00bb border_color=\u00bb#ffffff\u00bb border_style=\u00bbsolid\u00bb]<\/p>\n<p class=\"lead\">Arquitect\u00f3nicamente presenta una planta rectangular en tres cuerpos, cubierta con b\u00f3vedas separadas por arcos fajones de medio punto. B\u00f3veda de medio ca\u00f1\u00f3n en el segundo cuerpo y el\u00edptica en el tercero, mientras que en la parte anterior (entrada) nos muestra una impresionante b\u00f3veda \u00abbaida\u00bb de una magnifica traza de canter\u00eda (aunque en la actualidad este enmascarada por un enfoscado de cemento). Esta b\u00f3veda esta sostenida por 4 gruesos pilares circulares de buena fabrica y cerrados con paramentos de \u00abtoba\u00bb. <\/p>\n<p>[\/et_pb_text][\/et_pb_column][\/et_pb_row][et_pb_row admin_label=\u00bbFila\u00bb][et_pb_column type=\u00bb1_2&#8243;][et_pb_text admin_label=\u00bbTexto\u00bb background_layout=\u00bblight\u00bb text_orientation=\u00bbleft\u00bb use_border_color=\u00bboff\u00bb border_color=\u00bb#ffffff\u00bb border_style=\u00bbsolid\u00bb]<\/p>\n<p class=\"lead\">El inter\u00e9s arquitect\u00f3nico de esta construcci\u00f3n radica en el posible desarrollo de la misma. Parece ser en un primer momento una construcci\u00f3n abierta sobre los 4 grandes pilares y cubierta por la b\u00f3veda baida a modo de los \u00abhumilladeros\u00bb tradicionales, que serv\u00edan de lugar de rezo a los caminantes a la salida y entrada de la villa y que posteriormente, tiempo despu\u00e9s, se convertir\u00eda en una ermita bajo la advocaci\u00f3n del arc\u00e1ngel, desarroll\u00e1ndose los cuerpos posteriores de la misma e incluyendo en el primer tramo el peque\u00f1o campanario aprovechando como soporte uno de los pilares y cerr\u00e1ndose este espacio por todos sus lados menos por el que pega al camino, solo delimitado por una balaustrada de madera que incluso posteriormente fue embutida en el cerramiento definitivo. <\/p>\n<p>[\/et_pb_text][\/et_pb_column][et_pb_column type=\u00bb1_2&#8243;][et_pb_image admin_label=\u00bbImagen\u00bb show_in_lightbox=\u00bboff\u00bb url_new_window=\u00bboff\u00bb use_overlay=\u00bboff\u00bb animation=\u00bbleft\u00bb sticky=\u00bboff\u00bb align=\u00bbleft\u00bb force_fullwidth=\u00bboff\u00bb always_center_on_mobile=\u00bbon\u00bb use_border_color=\u00bboff\u00bb border_color=\u00bb#ffffff\u00bb border_style=\u00bbsolid\u00bb src=\u00bbhttp:\/\/cazorla.es\/turismo\/wp-content\/uploads\/2017\/11\/ermitasanmiguel3.jpg\u00bb]<\/p>\n<p>[\/et_pb_image][\/et_pb_column][\/et_pb_row][et_pb_row admin_label=\u00bbFila\u00bb][et_pb_column type=\u00bb1_2&#8243;][et_pb_image admin_label=\u00bbImagen\u00bb src=\u00bbhttp:\/\/cazorla.es\/turismo\/wp-content\/uploads\/2017\/11\/sanjoseobreroysanmiguel.jpg\u00bb show_in_lightbox=\u00bboff\u00bb url_new_window=\u00bboff\u00bb use_overlay=\u00bboff\u00bb animation=\u00bbleft\u00bb sticky=\u00bboff\u00bb align=\u00bbleft\u00bb force_fullwidth=\u00bboff\u00bb always_center_on_mobile=\u00bbon\u00bb use_border_color=\u00bboff\u00bb border_color=\u00bb#ffffff\u00bb border_style=\u00bbsolid\u00bb]<\/p>\n<p>[\/et_pb_image][\/et_pb_column][et_pb_column type=\u00bb1_2&#8243;][et_pb_text admin_label=\u00bbTexto\u00bb background_layout=\u00bblight\u00bb text_orientation=\u00bbleft\u00bb use_border_color=\u00bboff\u00bb border_color=\u00bb#ffffff\u00bb border_style=\u00bbsolid\u00bb]<\/p>\n<p class=\"lead\">Si nos atenemos a ciertos elementos arquitect\u00f3nicos, esta construcci\u00f3n debe tener sus or\u00edgenes durante el siglo XVI, muy relacionada con la construcci\u00f3n de la cercana Iglesia mayor de Santa Mar\u00eda. Posteriormente el resto de la edificaci\u00f3n debiera ser de un momento avanzado del S. XVII y principios del XVIII.<\/p>\n<p class=\"lead\">En el interior se alberga la imagen de San Jos\u00e9 con el ni\u00f1o y en un lateral San Miguel Arc\u00e1ngel. La Procesi\u00f3n de San Jos\u00e9 Obrero se celebr\u00e1 cada 1 de Mayo y la de San Miguel Arc\u00e1ngel el 29 de Septiembre. <\/p>\n<p class=\"lead\"> Podr\u00e1n ver la localizaci\u00f3n de esta Ermita en el Callejero de Cazorla pulsando <a href=\"http:\/\/cazorla.es\/turismo\/wp-content\/uploads\/2018\/01\/CALLEJEROCAZORLA2017.pdf\" target=\"_blank\">aqu\u00ed.<\/a> <\/p>\n<p>[\/et_pb_text][\/et_pb_column][\/et_pb_row][\/et_pb_section]<\/p>\n","protected":false},"excerpt":{"rendered":"<p>Ermita del \u00c1ngel y San Miguel Arc\u00e1ngel La popularmente conocida ermita del \u00c1ngel de Cazorla, es uno de los monumentos m\u00e1s emblem\u00e1ticos de la ciudad al encontrarse en el camino [&hellip;]<\/p>\n","protected":false},"author":2,"featured_media":0,"parent":0,"menu_order":0,"comment_status":"closed","ping_status":"closed","template":"","meta":{"_et_pb_use_builder":"on","_et_pb_old_content":"","_et_gb_content_width":"","footnotes":""},"class_list":["post-1321","page","type-page","status-publish","hentry"],"_links":{"self":[{"href":"https:\/\/cazorla.es\/turismo\/wp-json\/wp\/v2\/pages\/1321","targetHints":{"allow":["GET"]}}],"collection":[{"href":"https:\/\/cazorla.es\/turismo\/wp-json\/wp\/v2\/pages"}],"about":[{"href":"https:\/\/cazorla.es\/turismo\/wp-json\/wp\/v2\/types\/page"}],"author":[{"embeddable":true,"href":"https:\/\/cazorla.es\/turismo\/wp-json\/wp\/v2\/users\/2"}],"replies":[{"embeddable":true,"href":"https:\/\/cazorla.es\/turismo\/wp-json\/wp\/v2\/comments?post=1321"}],"version-history":[{"count":8,"href":"https:\/\/cazorla.es\/turismo\/wp-json\/wp\/v2\/pages\/1321\/revisions"}],"predecessor-version":[{"id":2598,"href":"https:\/\/cazorla.es\/turismo\/wp-json\/wp\/v2\/pages\/1321\/revisions\/2598"}],"wp:attachment":[{"href":"https:\/\/cazorla.es\/turismo\/wp-json\/wp\/v2\/media?parent=1321"}],"curies":[{"name":"wp","href":"https:\/\/api.w.org\/{rel}","templated":true}]}}