{"id":1333,"date":"2017-11-23T09:57:40","date_gmt":"2017-11-23T09:57:40","guid":{"rendered":"http:\/\/cazorla.es\/turismo\/?page_id=1333"},"modified":"2018-01-11T07:34:00","modified_gmt":"2018-01-11T07:34:00","slug":"ermita-de-la-virgen-de-la-cabeza","status":"publish","type":"page","link":"https:\/\/cazorla.es\/turismo\/ermita-de-la-virgen-de-la-cabeza\/","title":{"rendered":"Ermita de la Virgen de la Cabeza"},"content":{"rendered":"<p>[et_pb_section admin_label=\u00bbsection\u00bb][et_pb_row admin_label=\u00bbFila\u00bb][et_pb_column type=\u00bb4_4&#8243;][et_pb_text admin_label=\u00bbTexto\u00bb background_layout=\u00bblight\u00bb text_orientation=\u00bbleft\u00bb use_border_color=\u00bboff\u00bb border_color=\u00bb#ffffff\u00bb border_style=\u00bbsolid\u00bb]<\/p>\n<h1> Ermita Virgen de la Cabeza <\/h1>\n<p>[\/et_pb_text][\/et_pb_column][\/et_pb_row][et_pb_row admin_label=\u00bbrow\u00bb][et_pb_column type=\u00bb1_2&#8243;][et_pb_text admin_label=\u00bbTexto\u00bb background_layout=\u00bblight\u00bb text_orientation=\u00bbleft\u00bb use_border_color=\u00bboff\u00bb border_color=\u00bb#ffffff\u00bb border_style=\u00bbsolid\u00bb]<\/p>\n<p class=\"lead\">Desde la lejan\u00eda acerc\u00e1ndonos a Cazorla destaca por encima de la ciudad  una construcci\u00f3n blanca encastillada en lo alto una pe\u00f1a. Nos estamos refiriendo a la Ermita de la Virgen de la Cabeza. Es la mas llamativa de  todas las Ermitas que se conservan en nuestra ciudad, la ubicaci\u00f3n y el emplazamiento elegido la destacan sobre el fondo gris y verde de la piedra caliza y de los pinos. <\/p>\n<p>[\/et_pb_text][\/et_pb_column][et_pb_column type=\u00bb1_2&#8243;][et_pb_image admin_label=\u00bbImagen\u00bb src=\u00bbhttp:\/\/cazorla.es\/turismo\/wp-content\/uploads\/2017\/11\/virgendelacabeza.jpg\u00bb show_in_lightbox=\u00bboff\u00bb url_new_window=\u00bboff\u00bb use_overlay=\u00bboff\u00bb animation=\u00bbleft\u00bb sticky=\u00bboff\u00bb align=\u00bbleft\u00bb force_fullwidth=\u00bboff\u00bb always_center_on_mobile=\u00bbon\u00bb use_border_color=\u00bboff\u00bb border_color=\u00bb#ffffff\u00bb border_style=\u00bbsolid\u00bb]<\/p>\n<p>[\/et_pb_image][\/et_pb_column][\/et_pb_row][et_pb_row admin_label=\u00bbFila\u00bb][et_pb_column type=\u00bb1_2&#8243;][et_pb_image admin_label=\u00bbImagen\u00bb src=\u00bbhttp:\/\/cazorla.es\/turismo\/wp-content\/uploads\/2017\/11\/virgendelacabeza2.jpg\u00bb show_in_lightbox=\u00bboff\u00bb url_new_window=\u00bboff\u00bb use_overlay=\u00bboff\u00bb animation=\u00bbleft\u00bb sticky=\u00bboff\u00bb align=\u00bbleft\u00bb force_fullwidth=\u00bboff\u00bb always_center_on_mobile=\u00bbon\u00bb use_border_color=\u00bboff\u00bb border_color=\u00bb#ffffff\u00bb border_style=\u00bbsolid\u00bb]<\/p>\n<p>[\/et_pb_image][\/et_pb_column][et_pb_column type=\u00bb1_2&#8243;][et_pb_text admin_label=\u00bbTexto\u00bb background_layout=\u00bblight\u00bb text_orientation=\u00bbleft\u00bb use_border_color=\u00bboff\u00bb border_color=\u00bb#ffffff\u00bb border_style=\u00bbsolid\u00bb]<\/p>\n<p class=\"lead\">La Ermita  es de planta rectangular y orientada de NE a SW, de una sola altura y bastante modificada desde casi su construcci\u00f3n, a\u00f1adi\u00e9ndosele bastantes espacios de servicio para la ermita. El ultimo recientemente con el cambio de porche o cubierta del vano de entrada a la capilla. Destacan entre estos a\u00f1adidos un estrecho porche corrido en la parte oriental de la fachada sur que le da un original aspecto a todo el conjunto arquitect\u00f3nico. La construcci\u00f3n es de una sola altura sobre muros de sillar de grandes proporciones y magnifica canter\u00eda, hoy d\u00eda casi ocultos bajo revocos y enlucidos. En la esquina mas occidental de la fachada sur se desarrolla la torre con vanos de medio punto y rematada con una bovedilla circular y tejado redondeado. Los vanos son escasos si exceptuamos el que se abri\u00f3 para poder observar la imagen mariana a trav\u00e9s de una verja y cristal. <\/p>\n<p>[\/et_pb_text][\/et_pb_column][\/et_pb_row][et_pb_row admin_label=\u00bbFila\u00bb][et_pb_column type=\u00bb1_2&#8243;][et_pb_text admin_label=\u00bbTexto\u00bb background_layout=\u00bblight\u00bb text_orientation=\u00bbleft\u00bb use_border_color=\u00bboff\u00bb border_color=\u00bb#ffffff\u00bb border_style=\u00bbsolid\u00bb]<\/p>\n<p class=\"lead\">El interior presenta una sola nave cubierta con b\u00f3veda  de medio ca\u00f1\u00f3n sostenida por arcos fajones sobre cornisas o impostas  La cabecera y los pies son planos y podr\u00edamos intuir que el acceso original estar\u00eda en los pies de la ermita y posteriormente se abri\u00f3 la portada lateral.<br \/>\nEl retablo que hoy presenta no es el suyo original sino que es procedente de los restos de otros de iglesias de Cazorla.<br \/>\nEntre las im\u00e1genes, adem\u00e1s de la  de la Virgen de la Cabeza, destaca el encontrarse la de San  Ant\u00f3n. Destaca el peque\u00f1o coro que sirve a su vez como acceso a la torre campanario. <\/p>\n<p>[\/et_pb_text][\/et_pb_column][et_pb_column type=\u00bb1_2&#8243;][et_pb_image admin_label=\u00bbImagen\u00bb src=\u00bbhttp:\/\/cazorla.es\/turismo\/wp-content\/uploads\/2017\/11\/virgendelacabeza3.jpg\u00bb show_in_lightbox=\u00bboff\u00bb url_new_window=\u00bboff\u00bb use_overlay=\u00bboff\u00bb animation=\u00bbleft\u00bb sticky=\u00bboff\u00bb align=\u00bbleft\u00bb force_fullwidth=\u00bboff\u00bb always_center_on_mobile=\u00bbon\u00bb use_border_color=\u00bboff\u00bb border_color=\u00bb#ffffff\u00bb border_style=\u00bbsolid\u00bb]<\/p>\n<p>[\/et_pb_image][\/et_pb_column][\/et_pb_row][et_pb_row admin_label=\u00bbFila\u00bb][et_pb_column type=\u00bb1_2&#8243;][et_pb_image admin_label=\u00bbImagen\u00bb src=\u00bbhttp:\/\/cazorla.es\/turismo\/wp-content\/uploads\/2017\/11\/virgendelacabeza4.jpg\u00bb show_in_lightbox=\u00bboff\u00bb url_new_window=\u00bboff\u00bb use_overlay=\u00bboff\u00bb animation=\u00bbleft\u00bb sticky=\u00bboff\u00bb align=\u00bbleft\u00bb force_fullwidth=\u00bboff\u00bb always_center_on_mobile=\u00bbon\u00bb use_border_color=\u00bboff\u00bb border_color=\u00bb#ffffff\u00bb border_style=\u00bbsolid\u00bb]<\/p>\n<p>[\/et_pb_image][\/et_pb_column][et_pb_column type=\u00bb1_2&#8243;][et_pb_text admin_label=\u00bbTexto\u00bb background_layout=\u00bblight\u00bb text_orientation=\u00bbleft\u00bb use_border_color=\u00bboff\u00bb border_color=\u00bb#ffffff\u00bb border_style=\u00bbsolid\u00bb]<\/p>\n<p class=\"lead\">La Virgen de la Cabeza patrona de la ciudad de Cazorla, encuentra su templo en esta ermita y en la cofrad\u00eda que lo  mantiene y que probablemente venga su devoci\u00f3n de finales del S: XVI y sobre todo en el XVII. Algunos restos encontrados en los alrededores y restos de muros de su cimentaci\u00f3n nos hacen intuir que quiz\u00e1s se levante sobre alguna construcci\u00f3n o restos de la misma de \u00e9poca mas antigua auque es dif\u00edcil de asegurarlo ante las  numerosas remodelaciones realizadas sobre esta bella ermita. <\/p>\n<p class=\"lead\">Para finalizar, un dato y cita interesante es \u201c La Romer\u00eda \u201d, el \u00faltimo domingo de Abril de cada a\u00f1o, se sube a la Virgen hasta el Santuario, y a la ca\u00edda de la tarde, se baja a la parroquia, en donde permanece todo el mes de Mayo. <\/p>\n<p class=\"lead\"> Podr\u00e1n ver la localizaci\u00f3n de esta Ermita en el Callejero de Cazorla pulsando <a href=\"http:\/\/cazorla.es\/turismo\/wp-content\/uploads\/2018\/01\/CALLEJEROCAZORLA2017.pdf\" target=\"_blank\">aqu\u00ed.<\/a> <\/p>\n<p>[\/et_pb_text][\/et_pb_column][\/et_pb_row][\/et_pb_section]<\/p>\n","protected":false},"excerpt":{"rendered":"<p>Ermita Virgen de la Cabeza Desde la lejan\u00eda acerc\u00e1ndonos a Cazorla destaca por encima de la ciudad una construcci\u00f3n blanca encastillada en lo alto una pe\u00f1a. Nos estamos refiriendo a [&hellip;]<\/p>\n","protected":false},"author":2,"featured_media":0,"parent":0,"menu_order":0,"comment_status":"closed","ping_status":"closed","template":"","meta":{"_et_pb_use_builder":"on","_et_pb_old_content":"","_et_gb_content_width":"","footnotes":""},"class_list":["post-1333","page","type-page","status-publish","hentry"],"_links":{"self":[{"href":"https:\/\/cazorla.es\/turismo\/wp-json\/wp\/v2\/pages\/1333","targetHints":{"allow":["GET"]}}],"collection":[{"href":"https:\/\/cazorla.es\/turismo\/wp-json\/wp\/v2\/pages"}],"about":[{"href":"https:\/\/cazorla.es\/turismo\/wp-json\/wp\/v2\/types\/page"}],"author":[{"embeddable":true,"href":"https:\/\/cazorla.es\/turismo\/wp-json\/wp\/v2\/users\/2"}],"replies":[{"embeddable":true,"href":"https:\/\/cazorla.es\/turismo\/wp-json\/wp\/v2\/comments?post=1333"}],"version-history":[{"count":6,"href":"https:\/\/cazorla.es\/turismo\/wp-json\/wp\/v2\/pages\/1333\/revisions"}],"predecessor-version":[{"id":2596,"href":"https:\/\/cazorla.es\/turismo\/wp-json\/wp\/v2\/pages\/1333\/revisions\/2596"}],"wp:attachment":[{"href":"https:\/\/cazorla.es\/turismo\/wp-json\/wp\/v2\/media?parent=1333"}],"curies":[{"name":"wp","href":"https:\/\/api.w.org\/{rel}","templated":true}]}}