{"id":1364,"date":"2017-11-23T12:25:31","date_gmt":"2017-11-23T12:25:31","guid":{"rendered":"http:\/\/cazorla.es\/turismo\/?page_id=1364"},"modified":"2019-08-13T08:44:38","modified_gmt":"2019-08-13T08:44:38","slug":"rutas","status":"publish","type":"page","link":"https:\/\/cazorla.es\/turismo\/rutas\/","title":{"rendered":"Rutas"},"content":{"rendered":"<p>[et_pb_section admin_label=\u00bbsection\u00bb][et_pb_row admin_label=\u00bbFila\u00bb][et_pb_column type=\u00bb4_4&#8243;][et_pb_text admin_label=\u00bbTexto\u00bb background_layout=\u00bblight\u00bb text_orientation=\u00bbleft\u00bb use_border_color=\u00bboff\u00bb border_color=\u00bb#ffffff\u00bb border_style=\u00bbsolid\u00bb]<\/p>\n<h1>Rutas<\/h1>\n<p>[\/et_pb_text][\/et_pb_column][\/et_pb_row][et_pb_row admin_label=\u00bbFila\u00bb][et_pb_column type=\u00bb4_4&#8243;][et_pb_text admin_label=\u00bbTexto\u00bb background_layout=\u00bblight\u00bb text_orientation=\u00bbleft\u00bb use_border_color=\u00bboff\u00bb border_color=\u00bb#ffffff\u00bb border_style=\u00bbsolid\u00bb]<\/p>\n<p class=\"lead\">Esta secci\u00f3n de Rutas, est\u00e1 destinada para los\/as visitantes mas aventureros que quieran combinar salud, deporte, contacto con la naturaleza y conocer un poco m\u00e1s all\u00e1 de la Sierra de Cazorla y el grandioso Parque Natural.<br \/>\nLas Sierra de Cazorla, Segura y las Villas disponen de multitud de rutas y sendas, pero las m\u00e1s cercanas y famosas de Cazorla son las siguientes:<\/p>\n<p>[\/et_pb_text][\/et_pb_column][\/et_pb_row][et_pb_row admin_label=\u00bbFila\u00bb][et_pb_column type=\u00bb1_2&#8243;][et_pb_text admin_label=\u00bbTexto\u00bb background_layout=\u00bblight\u00bb text_orientation=\u00bbleft\u00bb use_border_color=\u00bboff\u00bb border_color=\u00bb#ffffff\u00bb border_style=\u00bbsolid\u00bb]<\/p>\n<p class=\"lead\">-La <a href=\"http:\/\/cazorla.es\/turismo\/ruta-rio-cerezuelo\/\" target=\"_blank\">Ruta del r\u00edo Cerezuelo<\/a>, en la que caminar\u00e1n respirando aire puro disfrutando de aguas cristalinas por el surco del cauce de uno de los afluentes del majestuoso r\u00edo Guadalquivir.<\/p>\n<p class=\"lead\">Con la posibilidad de continuar con la ruta anterior, llega un punto que comenzar\u00e1n la <a href=\"http:\/\/cazorla.es\/turismo\/ruta-hacia-gilillo\/\" target=\"_blank\">Ruta hacia el Pico Gilillo<\/a>, situado a 1.848 metros de altura sobre el nivel del mar, disfrutando de sendas que se adentran en plenos pinares y vistas irrepetibles.<\/p>\n<p class=\"lead\">-La <a href=\"http:\/\/cazorla.es\/turismo\/ruta-cortados-del-chorro\/\" target=\"_blank\">Ruta de los Cortados del Chorro<\/a>, los famosos acantilados de piedra donde podr\u00e1n observar la vida de una de las aves rapaces m\u00e1s caracter\u00edsticas de la zona, el Buitre Leonado.<\/p>\n<p class=\"lead\">-La <a href=\"http:\/\/cazorla.es\/turismo\/ruta-cerrada-del-utrero\/\" target=\"_blank\">Cerrada de Utrero<\/a>, ruta que seguro que han o\u00eddo hablar por sus famosos parajes, aguas e inmensas cascadas.<\/p>\n<p class=\"lead\">-La ruta hacia<a href=\"http:\/\/cazorla.es\/turismo\/ruta-hacia-vadillo-castril\/\" target=\"_blank\"> Vadillo Castril<\/a>, donde est\u00e1 situado uno de los museos de la madera m\u00e1s espectaculares de la zona, en la cual podr\u00e1n entender y conocer el curioso trabajo de la maderada y disfrutar de bellas fontanas.<\/p>\n<p>[\/et_pb_text][\/et_pb_column][et_pb_column type=\u00bb1_2&#8243;][et_pb_image admin_label=\u00bbImagen\u00bb src=\u00bbhttp:\/\/cazorla.es\/turismo\/wp-content\/uploads\/2017\/11\/chorro.jpg\u00bb show_in_lightbox=\u00bboff\u00bb url_new_window=\u00bboff\u00bb use_overlay=\u00bboff\u00bb animation=\u00bbleft\u00bb sticky=\u00bboff\u00bb align=\u00bbleft\u00bb force_fullwidth=\u00bboff\u00bb always_center_on_mobile=\u00bbon\u00bb use_border_color=\u00bboff\u00bb border_color=\u00bb#ffffff\u00bb border_style=\u00bbsolid\u00bb]<\/p>\n<p>[\/et_pb_image][\/et_pb_column][\/et_pb_row][et_pb_row admin_label=\u00bbFila\u00bb][et_pb_column type=\u00bb1_2&#8243;][et_pb_image admin_label=\u00bbImagen\u00bb src=\u00bbhttp:\/\/cazorla.es\/turismo\/wp-content\/uploads\/2017\/11\/borosa.jpg\u00bb show_in_lightbox=\u00bboff\u00bb url_new_window=\u00bboff\u00bb use_overlay=\u00bboff\u00bb animation=\u00bbleft\u00bb sticky=\u00bboff\u00bb align=\u00bbleft\u00bb force_fullwidth=\u00bboff\u00bb always_center_on_mobile=\u00bbon\u00bb use_border_color=\u00bboff\u00bb border_color=\u00bb#ffffff\u00bb border_style=\u00bbsolid\u00bb]<\/p>\n<p>[\/et_pb_image][\/et_pb_column][et_pb_column type=\u00bb1_2&#8243;][et_pb_text admin_label=\u00bbTexto\u00bb background_layout=\u00bblight\u00bb text_orientation=\u00bbleft\u00bb use_border_color=\u00bboff\u00bb border_color=\u00bb#ffffff\u00bb border_style=\u00bbsolid\u00bb]<\/p>\n<p class=\"lead\">Cerca del Nacimiento del r\u00edo Guadalquivir, tienen la <a href=\"http:\/\/cazorla.es\/turismo\/ruta-puente-de-las-herrerias\/\" target=\"_blank\">Ruta del Puente de las Herrer\u00edas<\/a> hacia el famoso y emblem\u00e1tico Pino de las Cruces, donde disfrutar\u00e1n de vistas de arboladas de hojas naranjas gracias a las altura considerable ganada en la ruta.<\/p>\n<p class=\"lead\">-La <a href=\"http:\/\/cazorla.es\/turismo\/ruta-rio-borosa\/\" target=\"_blank\">Ruta del r\u00edo Borosa<\/a>, de las m\u00e1s bonitas de la comarca, podr\u00e1n visitar la piscifactor\u00eda y caminar sobre plataformas levantadas sobre el agua del cauce de este r\u00edo.<\/p>\n<p class=\"lead\">-La <a href=\"http:\/\/cazorla.es\/turismo\/rutas-de-ermitas-y-monumentos\/\" target=\"_blank\">Ruta de Ermitas y Monasterios<\/a>, donde har\u00e1n un tour por las sendas que conducen a estos monumentos levantados en la antig\u00fcedad y que perduran a\u00fan con perfecta existencia.<\/p>\n<p>[\/et_pb_text][\/et_pb_column][\/et_pb_row][et_pb_row admin_label=\u00bbFila\u00bb][et_pb_column type=\u00bb4_4&#8243;][et_pb_text admin_label=\u00bbTexto\u00bb background_layout=\u00bblight\u00bb text_orientation=\u00bbleft\u00bb use_border_color=\u00bboff\u00bb border_color=\u00bb#ffffff\u00bb border_style=\u00bbsolid\u00bb]<\/p>\n<p class=\"lead\">Para los\/as valientes que se animen y sean amantes del ciclismo de monta\u00f1a, aqu\u00ed tendr\u00e1n la posibilidad de combinar deporte, vistas y sierra, realizando la famosa \u00abVuelta al Nacimiento\u00bb y <a href=\"http:\/\/cazorla.es\/turismo\/ruta-nacimiento-del-guadalquivir\/\" target=\"_blank\">visitar el nacimiento del r\u00edo Guadalquivir<\/a>. Pasar\u00e1n por distintas localidades, diversos miradores, encontrando por el trayecto ciervos, gamos, jabal\u00edes.<br \/>\nPor \u00faltimo, la gran ruta de red de <a href=\"http:\/\/cazorla.es\/turismo\/ruta-sendero-bosques-sur\/\" target=\"_blank\">senderos GR247 Bosques del Sur<\/a>, que recorren los mejores rincones de la totalidad del Parque Natural de las Sierras de Cazorla, Segura y las Villas.<\/p>\n<p>[\/et_pb_text][\/et_pb_column][\/et_pb_row][\/et_pb_section]<\/p>\n","protected":false},"excerpt":{"rendered":"<p>Rutas Esta secci\u00f3n de Rutas, est\u00e1 destinada para los\/as visitantes mas aventureros que quieran combinar salud, deporte, contacto con la naturaleza y conocer un poco m\u00e1s all\u00e1 de la Sierra [&hellip;]<\/p>\n","protected":false},"author":2,"featured_media":0,"parent":0,"menu_order":0,"comment_status":"closed","ping_status":"closed","template":"","meta":{"_et_pb_use_builder":"on","_et_pb_old_content":"","_et_gb_content_width":"","footnotes":""},"class_list":["post-1364","page","type-page","status-publish","hentry"],"_links":{"self":[{"href":"https:\/\/cazorla.es\/turismo\/wp-json\/wp\/v2\/pages\/1364","targetHints":{"allow":["GET"]}}],"collection":[{"href":"https:\/\/cazorla.es\/turismo\/wp-json\/wp\/v2\/pages"}],"about":[{"href":"https:\/\/cazorla.es\/turismo\/wp-json\/wp\/v2\/types\/page"}],"author":[{"embeddable":true,"href":"https:\/\/cazorla.es\/turismo\/wp-json\/wp\/v2\/users\/2"}],"replies":[{"embeddable":true,"href":"https:\/\/cazorla.es\/turismo\/wp-json\/wp\/v2\/comments?post=1364"}],"version-history":[{"count":28,"href":"https:\/\/cazorla.es\/turismo\/wp-json\/wp\/v2\/pages\/1364\/revisions"}],"predecessor-version":[{"id":3765,"href":"https:\/\/cazorla.es\/turismo\/wp-json\/wp\/v2\/pages\/1364\/revisions\/3765"}],"wp:attachment":[{"href":"https:\/\/cazorla.es\/turismo\/wp-json\/wp\/v2\/media?parent=1364"}],"curies":[{"name":"wp","href":"https:\/\/api.w.org\/{rel}","templated":true}]}}