{"id":1384,"date":"2017-11-23T13:04:11","date_gmt":"2017-11-23T13:04:11","guid":{"rendered":"http:\/\/cazorla.es\/turismo\/?page_id=1384"},"modified":"2018-01-09T08:27:17","modified_gmt":"2018-01-09T08:27:17","slug":"ruta-rio-cerezuelo","status":"publish","type":"page","link":"https:\/\/cazorla.es\/turismo\/ruta-rio-cerezuelo\/","title":{"rendered":"Ruta R\u00edo Cerezuelo"},"content":{"rendered":"<p>[et_pb_section admin_label=\u00bbsection\u00bb][et_pb_row admin_label=\u00bbrow\u00bb][et_pb_column type=\u00bb4_4&#8243;][et_pb_text admin_label=\u00bbTexto\u00bb background_layout=\u00bblight\u00bb text_orientation=\u00bbleft\u00bb use_border_color=\u00bboff\u00bb border_color=\u00bb#ffffff\u00bb border_style=\u00bbsolid\u00bb]<\/p>\n<h1> Ruta del Rio Cerezuelo <\/h1>\n<p>[\/et_pb_text][\/et_pb_column][\/et_pb_row][et_pb_row admin_label=\u00bbFila\u00bb][et_pb_column type=\u00bb1_2&#8243;][et_pb_text admin_label=\u00bbTexto\u00bb background_layout=\u00bblight\u00bb text_orientation=\u00bbleft\u00bb use_border_color=\u00bboff\u00bb border_color=\u00bb#ffffff\u00bb border_style=\u00bbsolid\u00bb]<\/p>\n<p class=\"lead\">Una ruta que comienza desde la Plaza de Santa Mar\u00eda, direcci\u00f3n hacia el Castillo de la Yedra, teniendo que girar a la izquierda para adentrarnos en un espacio cerrado por grandes chopos, que en combinaci\u00f3n con las aguas cristalinas del r\u00edo formando pozas, har\u00e1n de esta ruta un entorno sin igual para disfrutar de la naturaleza. Utilizando los diversos puentes de madera, podr\u00e1n cruzar el rio para continuar esta magn\u00edfica expedici\u00f3n. <\/p>\n<p>[\/et_pb_text][\/et_pb_column][et_pb_column type=\u00bb1_2&#8243;][et_pb_image admin_label=\u00bbImagen\u00bb show_in_lightbox=\u00bboff\u00bb url_new_window=\u00bboff\u00bb use_overlay=\u00bboff\u00bb animation=\u00bbleft\u00bb sticky=\u00bboff\u00bb align=\u00bbleft\u00bb force_fullwidth=\u00bboff\u00bb always_center_on_mobile=\u00bbon\u00bb use_border_color=\u00bboff\u00bb border_color=\u00bb#ffffff\u00bb border_style=\u00bbsolid\u00bb src=\u00bbhttp:\/\/cazorla.es\/turismo\/wp-content\/uploads\/2017\/11\/riocerezuelo-1.jpg\u00bb]<\/p>\n<p>[\/et_pb_image][\/et_pb_column][\/et_pb_row][et_pb_row admin_label=\u00bbFila\u00bb][et_pb_column type=\u00bb1_2&#8243;][et_pb_image admin_label=\u00bbImagen\u00bb show_in_lightbox=\u00bboff\u00bb url_new_window=\u00bboff\u00bb use_overlay=\u00bboff\u00bb animation=\u00bbleft\u00bb sticky=\u00bboff\u00bb align=\u00bbleft\u00bb force_fullwidth=\u00bboff\u00bb always_center_on_mobile=\u00bbon\u00bb use_border_color=\u00bboff\u00bb border_color=\u00bb#ffffff\u00bb border_style=\u00bbsolid\u00bb src=\u00bbhttp:\/\/cazorla.es\/turismo\/wp-content\/uploads\/2017\/11\/riocerezuelo2.jpg\u00bb]<\/p>\n<p>[\/et_pb_image][\/et_pb_column][et_pb_column type=\u00bb1_2&#8243;][et_pb_text admin_label=\u00bbTexto\u00bb background_layout=\u00bblight\u00bb text_orientation=\u00bbleft\u00bb use_border_color=\u00bboff\u00bb border_color=\u00bb#ffffff\u00bb border_style=\u00bbsolid\u00bb]<\/p>\n<p class=\"lead\">Desde tiempos remotos, el r\u00edo Cerezuelo ha sido el eje central del discurrir de la vida de los habitantes de Cazorla. Y es que desde que nace hasta atravesar la localidad, este r\u00edo se encarga de regar las huertas, mover los molinos de harina y fue un  importante productor de energ\u00eda el\u00e9ctrica. Pero adem\u00e1s es uno de los rincones m\u00e1s bellos de la zona, ofreciendo un paisaje espectacular mientras el visitante sube hacia el Castillo de la Yedra. Por este motivo es una de las mejores rutas para los amantes del turismo rural y para las familias con ni\u00f1os que deseen reservar cualquiera de los muchos alojamientos rurales de la zona y pasar unos d\u00edas en plena naturaleza en la localidad de Cazorla. <\/p>\n<p>[\/et_pb_text][\/et_pb_column][\/et_pb_row][et_pb_row admin_label=\u00bbFila\u00bb][et_pb_column type=\u00bb1_2&#8243;][et_pb_text admin_label=\u00bbTexto\u00bb background_layout=\u00bblight\u00bb text_orientation=\u00bbleft\u00bb use_border_color=\u00bboff\u00bb border_color=\u00bb#ffffff\u00bb border_style=\u00bbsolid\u00bb]<\/p>\n<p class=\"lead\"> Si sigues el curso del r\u00edo, podr\u00e1s optar entre dos opciones. La primera ser\u00eda bajar por un camino estrecho que se sit\u00faa a la izquierda y que te llevar\u00e1 en sentido circular hacia el lugar de partida. Esta ruta tiene una extensi\u00f3n de unos 2,4 kil\u00f3metros y se inicia en el puente que hay junto al molino de la F\u00e1rraga, llegando hasta las inmediaciones del cruce que lleva hasta la ermita de San Sebasti\u00e1n. Pero si decides optar por la segunda ruta, saliendo hacia el Castillo llegar\u00e1s al municipio de La Iruela, pasando por la ermita de la Virgen de la Cabeza. A lo largo de ese recorrido encontrar\u00e1s fuentes de aguas cristalinas y tres miradores que ofrecen espectaculares vistas del Parque Natural de la Sierra de Cazorla. <\/p>\n<p>[\/et_pb_text][\/et_pb_column][et_pb_column type=\u00bb1_2&#8243;][et_pb_image admin_label=\u00bbImagen\u00bb src=\u00bbhttp:\/\/cazorla.es\/turismo\/wp-content\/uploads\/2017\/11\/puentesriocerezuelo.png\u00bb show_in_lightbox=\u00bboff\u00bb url_new_window=\u00bboff\u00bb use_overlay=\u00bboff\u00bb animation=\u00bbleft\u00bb sticky=\u00bboff\u00bb align=\u00bbleft\u00bb force_fullwidth=\u00bboff\u00bb always_center_on_mobile=\u00bbon\u00bb use_border_color=\u00bboff\u00bb border_color=\u00bb#ffffff\u00bb border_style=\u00bbsolid\u00bb]<\/p>\n<p>[\/et_pb_image][\/et_pb_column][\/et_pb_row][et_pb_row admin_label=\u00bbFila\u00bb][et_pb_column type=\u00bb1_2&#8243;][et_pb_image admin_label=\u00bbImagen\u00bb src=\u00bbhttp:\/\/cazorla.es\/turismo\/wp-content\/uploads\/2017\/11\/fuenteriocerezuelo.jpg\u00bb show_in_lightbox=\u00bboff\u00bb url_new_window=\u00bboff\u00bb use_overlay=\u00bboff\u00bb animation=\u00bbleft\u00bb sticky=\u00bboff\u00bb align=\u00bbleft\u00bb force_fullwidth=\u00bboff\u00bb always_center_on_mobile=\u00bbon\u00bb use_border_color=\u00bboff\u00bb border_color=\u00bb#ffffff\u00bb border_style=\u00bbsolid\u00bb]<\/p>\n<p>[\/et_pb_image][\/et_pb_column][et_pb_column type=\u00bb1_2&#8243;][et_pb_text admin_label=\u00bbTexto\u00bb background_layout=\u00bblight\u00bb text_orientation=\u00bbleft\u00bb use_border_color=\u00bboff\u00bb border_color=\u00bb#ffffff\u00bb border_style=\u00bbsolid\u00bb]<\/p>\n<p class=\"lead\">Ambas rutas son muy sencillas por lo que son perfectas para aquellos senderistas que quieran ir dando un paseo o familias con ni\u00f1os. Pero adem\u00e1s son ideales para descubrir los m\u00e1s bellos rincones de la zona sin realizar un esfuerzo intenso, pudiendo disfrutar del camino al m\u00e1ximo. <\/p>\n<p class=\"lead\">Pulse <a href=\"http:\/\/cazorla.es\/turismo\/wp-content\/uploads\/2017\/11\/rutacerezuelo.pdf\" target=\"_blank\">aqu\u00ed<\/a> para obtener planos y mas informaci\u00f3n detallada.  <\/p>\n<p>[\/et_pb_text][\/et_pb_column][\/et_pb_row][\/et_pb_section]<\/p>\n","protected":false},"excerpt":{"rendered":"<p>Ruta del Rio Cerezuelo Una ruta que comienza desde la Plaza de Santa Mar\u00eda, direcci\u00f3n hacia el Castillo de la Yedra, teniendo que girar a la izquierda para adentrarnos en [&hellip;]<\/p>\n","protected":false},"author":2,"featured_media":0,"parent":0,"menu_order":0,"comment_status":"closed","ping_status":"closed","template":"","meta":{"_et_pb_use_builder":"on","_et_pb_old_content":"","_et_gb_content_width":"","footnotes":""},"class_list":["post-1384","page","type-page","status-publish","hentry"],"_links":{"self":[{"href":"https:\/\/cazorla.es\/turismo\/wp-json\/wp\/v2\/pages\/1384","targetHints":{"allow":["GET"]}}],"collection":[{"href":"https:\/\/cazorla.es\/turismo\/wp-json\/wp\/v2\/pages"}],"about":[{"href":"https:\/\/cazorla.es\/turismo\/wp-json\/wp\/v2\/types\/page"}],"author":[{"embeddable":true,"href":"https:\/\/cazorla.es\/turismo\/wp-json\/wp\/v2\/users\/2"}],"replies":[{"embeddable":true,"href":"https:\/\/cazorla.es\/turismo\/wp-json\/wp\/v2\/comments?post=1384"}],"version-history":[{"count":13,"href":"https:\/\/cazorla.es\/turismo\/wp-json\/wp\/v2\/pages\/1384\/revisions"}],"predecessor-version":[{"id":2517,"href":"https:\/\/cazorla.es\/turismo\/wp-json\/wp\/v2\/pages\/1384\/revisions\/2517"}],"wp:attachment":[{"href":"https:\/\/cazorla.es\/turismo\/wp-json\/wp\/v2\/media?parent=1384"}],"curies":[{"name":"wp","href":"https:\/\/api.w.org\/{rel}","templated":true}]}}