{"id":1399,"date":"2017-11-24T07:49:50","date_gmt":"2017-11-24T07:49:50","guid":{"rendered":"http:\/\/cazorla.es\/turismo\/?page_id=1399"},"modified":"2017-12-22T10:00:20","modified_gmt":"2017-12-22T10:00:20","slug":"ruta-hacia-gilillo","status":"publish","type":"page","link":"https:\/\/cazorla.es\/turismo\/ruta-hacia-gilillo\/","title":{"rendered":"Ruta hacia Gilillo"},"content":{"rendered":"<p>[et_pb_section admin_label=\u00bbsection\u00bb][et_pb_row admin_label=\u00bbrow\u00bb][et_pb_column type=\u00bb4_4&#8243;][et_pb_text admin_label=\u00bbTexto\u00bb background_layout=\u00bblight\u00bb text_orientation=\u00bbleft\u00bb use_border_color=\u00bboff\u00bb border_color=\u00bb#ffffff\u00bb border_style=\u00bbsolid\u00bb]<\/p>\n<h1> Ruta hacia Gilillo <\/h1>\n<p>[\/et_pb_text][\/et_pb_column][\/et_pb_row][et_pb_row admin_label=\u00bbFila\u00bb][et_pb_column type=\u00bb1_2&#8243;][et_pb_text admin_label=\u00bbTexto\u00bb background_layout=\u00bblight\u00bb text_orientation=\u00bbleft\u00bb use_border_color=\u00bboff\u00bb border_color=\u00bb#ffffff\u00bb border_style=\u00bbsolid\u00bb]<\/p>\n<p class=\"lead\">Siendo una de las rutas m\u00e1s famosas de la zona, tanto por sus magn\u00edficas vistas, sus senderos que se adentran en pinares de bosque cerrado, el olor a pura naturaleza, la ruta del Gilillo tiene la peculiaridad de acumular una subida y un desnivel casi como la grandeza de Cazorla (desde 806 metros a 1748 metros).<\/p>\n<p>[\/et_pb_text][\/et_pb_column][et_pb_column type=\u00bb1_2&#8243;][et_pb_image admin_label=\u00bbImagen\u00bb src=\u00bbhttp:\/\/cazorla.es\/turismo\/wp-content\/uploads\/2017\/11\/imageni011.jpg\u00bb show_in_lightbox=\u00bboff\u00bb url_new_window=\u00bboff\u00bb use_overlay=\u00bboff\u00bb animation=\u00bbleft\u00bb sticky=\u00bboff\u00bb align=\u00bbleft\u00bb force_fullwidth=\u00bboff\u00bb always_center_on_mobile=\u00bbon\u00bb use_border_color=\u00bboff\u00bb border_color=\u00bb#ffffff\u00bb border_style=\u00bbsolid\u00bb]<\/p>\n<p>[\/et_pb_image][\/et_pb_column][\/et_pb_row][et_pb_row admin_label=\u00bbFila\u00bb][et_pb_column type=\u00bb1_2&#8243;][et_pb_image admin_label=\u00bbImagen\u00bb src=\u00bbhttp:\/\/cazorla.es\/turismo\/wp-content\/uploads\/2017\/11\/gilillo2.jpg\u00bb show_in_lightbox=\u00bboff\u00bb url_new_window=\u00bboff\u00bb use_overlay=\u00bboff\u00bb animation=\u00bbleft\u00bb sticky=\u00bboff\u00bb align=\u00bbleft\u00bb force_fullwidth=\u00bboff\u00bb always_center_on_mobile=\u00bbon\u00bb use_border_color=\u00bboff\u00bb border_color=\u00bb#ffffff\u00bb border_style=\u00bbsolid\u00bb]<\/p>\n<p>[\/et_pb_image][\/et_pb_column][et_pb_column type=\u00bb1_2&#8243;][et_pb_text admin_label=\u00bbTexto\u00bb background_layout=\u00bblight\u00bb text_orientation=\u00bbleft\u00bb use_border_color=\u00bboff\u00bb border_color=\u00bb#ffffff\u00bb border_style=\u00bbsolid\u00bb]<\/p>\n<p class=\"lead\"> La Ruta del Gilillo tiene dos posibles variantes, que en ambas se utiliza la red de senderos GR247:<br \/>\nLa primera de ellas es realizar una ruta de ida y vuelta, por la misma red de senderos  y aprovechar las magnificas panor\u00e1micas que estos ofrecen tanto en la subida como en la bajada.<br \/>\nPara realizar esta variante, comenzaremos partiendo de la Ruta del Rio Cerezuelo, seguiremos todo a lo largo de los puentes y gui\u00e1ndonos por los palos marcados con indicaciones GR247 de continuaci\u00f3n de sendero, atravesaremos fuente de \u00abNacelr\u00edo\u00bb, Riogazas y senderos hasta coronar el Gilillo. <\/p>\n<p>[\/et_pb_text][\/et_pb_column][\/et_pb_row][et_pb_row admin_label=\u00bbFila\u00bb][et_pb_column type=\u00bb1_2&#8243;][et_pb_text admin_label=\u00bbTexto\u00bb background_layout=\u00bblight\u00bb text_orientation=\u00bbleft\u00bb use_border_color=\u00bboff\u00bb border_color=\u00bb#ffffff\u00bb border_style=\u00bbsolid\u00bb]<\/p>\n<p class=\"lead\"> La otra variante es realizar una ruta circular, con mas kilometraje pero con m\u00e1s variedad de vistas y paisajes, siguiendo las indicaciones senderos GR247, partiendo desde Plaza de Santa Mar\u00eda &#8211; Ruta del Rio Cerezuelo &#8211; Ermita San Sebasti\u00e1n &#8211; Riogazas &#8211; Senderos subida Gilillo &#8211; Gilillo y una vez coronados los llamados \u00abCollados del Gilillo\u00bb, al lado de una antigua caseta forestal, tomar el sendero a la izquierda para comenzar el descenso hacia Cazorla pasando por Puerto del Tejo &#8211; Prado Redondo  y finalizar en la Ermita de la Virgen de la Cabeza .<br \/>\nPulse <a href=\"http:\/\/cazorla.es\/turismo\/wp-content\/uploads\/2017\/11\/El_Gilillo.pdf\">aqu\u00ed <\/a> para obtener planos y m\u00e1s informaci\u00f3n detallada <\/p>\n<p>[\/et_pb_text][\/et_pb_column][et_pb_column type=\u00bb1_2&#8243;][et_pb_image admin_label=\u00bbImagen\u00bb src=\u00bbhttp:\/\/cazorla.es\/turismo\/wp-content\/uploads\/2017\/11\/gilillo1.jpg\u00bb show_in_lightbox=\u00bboff\u00bb url_new_window=\u00bboff\u00bb use_overlay=\u00bboff\u00bb animation=\u00bbleft\u00bb sticky=\u00bboff\u00bb align=\u00bbleft\u00bb force_fullwidth=\u00bboff\u00bb always_center_on_mobile=\u00bbon\u00bb use_border_color=\u00bboff\u00bb border_color=\u00bb#ffffff\u00bb border_style=\u00bbsolid\u00bb]<\/p>\n<p>[\/et_pb_image][\/et_pb_column][\/et_pb_row][\/et_pb_section]<\/p>\n","protected":false},"excerpt":{"rendered":"<p>Ruta hacia Gilillo Siendo una de las rutas m\u00e1s famosas de la zona, tanto por sus magn\u00edficas vistas, sus senderos que se adentran en pinares de bosque cerrado, el olor [&hellip;]<\/p>\n","protected":false},"author":2,"featured_media":0,"parent":0,"menu_order":0,"comment_status":"closed","ping_status":"closed","template":"","meta":{"_et_pb_use_builder":"on","_et_pb_old_content":"","_et_gb_content_width":"","footnotes":""},"class_list":["post-1399","page","type-page","status-publish","hentry"],"_links":{"self":[{"href":"https:\/\/cazorla.es\/turismo\/wp-json\/wp\/v2\/pages\/1399","targetHints":{"allow":["GET"]}}],"collection":[{"href":"https:\/\/cazorla.es\/turismo\/wp-json\/wp\/v2\/pages"}],"about":[{"href":"https:\/\/cazorla.es\/turismo\/wp-json\/wp\/v2\/types\/page"}],"author":[{"embeddable":true,"href":"https:\/\/cazorla.es\/turismo\/wp-json\/wp\/v2\/users\/2"}],"replies":[{"embeddable":true,"href":"https:\/\/cazorla.es\/turismo\/wp-json\/wp\/v2\/comments?post=1399"}],"version-history":[{"count":5,"href":"https:\/\/cazorla.es\/turismo\/wp-json\/wp\/v2\/pages\/1399\/revisions"}],"predecessor-version":[{"id":2158,"href":"https:\/\/cazorla.es\/turismo\/wp-json\/wp\/v2\/pages\/1399\/revisions\/2158"}],"wp:attachment":[{"href":"https:\/\/cazorla.es\/turismo\/wp-json\/wp\/v2\/media?parent=1399"}],"curies":[{"name":"wp","href":"https:\/\/api.w.org\/{rel}","templated":true}]}}