{"id":1406,"date":"2017-11-24T08:08:56","date_gmt":"2017-11-24T08:08:56","guid":{"rendered":"http:\/\/cazorla.es\/turismo\/?page_id=1406"},"modified":"2018-01-08T12:30:26","modified_gmt":"2018-01-08T12:30:26","slug":"ruta-cortados-del-chorro","status":"publish","type":"page","link":"https:\/\/cazorla.es\/turismo\/ruta-cortados-del-chorro\/","title":{"rendered":"Ruta Cortados del Chorro"},"content":{"rendered":"<p>[et_pb_section admin_label=\u00bbsection\u00bb][et_pb_row admin_label=\u00bbrow\u00bb][et_pb_column type=\u00bb4_4&#8243;][et_pb_text admin_label=\u00bbTexto\u00bb background_layout=\u00bblight\u00bb text_orientation=\u00bbleft\u00bb use_border_color=\u00bboff\u00bb border_color=\u00bb#ffffff\u00bb border_style=\u00bbsolid\u00bb]<\/p>\n<h1> Ruta Cortados del Chorro <\/h1>\n<p>[\/et_pb_text][\/et_pb_column][\/et_pb_row][et_pb_row admin_label=\u00bbFila\u00bb][et_pb_column type=\u00bb1_2&#8243;][et_pb_text admin_label=\u00bbTexto\u00bb background_layout=\u00bblight\u00bb text_orientation=\u00bbleft\u00bb use_border_color=\u00bboff\u00bb border_color=\u00bb#ffffff\u00bb border_style=\u00bbsolid\u00bb]<\/p>\n<p class=\"lead\"> Uno de los parajes m\u00e1s frecuentados por turistas y amantes de fauna es la ruta de Los Cortados del Chorro. <\/p>\n<p class=\"lead\">El Chorro es una zona de la Sierra de Cazorla la cual se caracteriza por tener enormes acantilados, famosos por ser escogidos por los Buitres para formar las buitreras, pudiendo desde casetas-miradores disfrutar del vuelo y la vida de estas aves, as\u00ed como de las vistas que estas alturas ofrecen. <\/p>\n<p>[\/et_pb_text][\/et_pb_column][et_pb_column type=\u00bb1_2&#8243;][et_pb_image admin_label=\u00bbImagen\u00bb src=\u00bbhttp:\/\/cazorla.es\/turismo\/wp-content\/uploads\/2017\/11\/chorro-1.jpg\u00bb show_in_lightbox=\u00bboff\u00bb url_new_window=\u00bboff\u00bb use_overlay=\u00bboff\u00bb animation=\u00bbleft\u00bb sticky=\u00bboff\u00bb align=\u00bbleft\u00bb force_fullwidth=\u00bboff\u00bb always_center_on_mobile=\u00bbon\u00bb use_border_color=\u00bboff\u00bb border_color=\u00bb#ffffff\u00bb border_style=\u00bbsolid\u00bb]<\/p>\n<p>[\/et_pb_image][\/et_pb_column][\/et_pb_row][et_pb_row admin_label=\u00bbFila\u00bb][et_pb_column type=\u00bb1_2&#8243;][et_pb_image admin_label=\u00bbImagen\u00bb src=\u00bbhttp:\/\/cazorla.es\/turismo\/wp-content\/uploads\/2017\/11\/chorro-1.jpg\u00bb show_in_lightbox=\u00bboff\u00bb url_new_window=\u00bboff\u00bb use_overlay=\u00bboff\u00bb animation=\u00bbleft\u00bb sticky=\u00bboff\u00bb align=\u00bbleft\u00bb force_fullwidth=\u00bboff\u00bb always_center_on_mobile=\u00bbon\u00bb use_border_color=\u00bboff\u00bb border_color=\u00bb#ffffff\u00bb border_style=\u00bbsolid\u00bb]<\/p>\n<p>[\/et_pb_image][\/et_pb_column][et_pb_column type=\u00bb1_2&#8243;][et_pb_text admin_label=\u00bbTexto\u00bb background_layout=\u00bblight\u00bb text_orientation=\u00bbleft\u00bb use_border_color=\u00bboff\u00bb border_color=\u00bb#ffffff\u00bb border_style=\u00bbsolid\u00bb]<\/p>\n<p class=\"lead\">Partiremos desde la Plaza de Santa Mar\u00eda, frente a las ruinas para desviarnos hacia la derecha y coger el camino hacia la Ermita de San Isicio. Cogeremos una empinada cuesta y por las indicaciones de continuaci\u00f3n de senderos seguiremos hasta ascender al  Monasterio de Montesi\u00f3n. Continuaremos ascendiendo por una pista hasta llegar a la zona del chorro. Una vez all\u00ed, seguiremos todo el desfiladero hasta llegar a un puente que tomaremos la izquierda, y volveremos a bajar o bien por la pista forestal o por las sendas para salir a Riogazas &#8211; Ermita San Sebasti\u00e1n &#8211; Ruinas de Santa Mar\u00eda. <\/p>\n<p class=\"lead\"> Pulsa <a href=\"http:\/\/cazorla.es\/turismo\/wp-content\/uploads\/2017\/11\/PR-A_312-Cortados-del-Chorro.pdf\" target=\"_blank\"> aqu\u00ed <\/a>  para obtener <a href=\"https:\/\/es.wikiloc.com\/wikiloc\/view.do?id=236058\" target=\"_blank\">planos <\/a> y <a href=\"http:\/\/cazorla.es\/turismo\/wp-content\/uploads\/2017\/11\/5-El-Chorro.pdf\" target=\"_blank\"> aqu\u00ed <\/a> informaci\u00f3n detallada. <\/p>\n<p>[\/et_pb_text][\/et_pb_column][\/et_pb_row][\/et_pb_section]<\/p>\n","protected":false},"excerpt":{"rendered":"<p>Ruta Cortados del Chorro Uno de los parajes m\u00e1s frecuentados por turistas y amantes de fauna es la ruta de Los Cortados del Chorro. El Chorro es una zona de [&hellip;]<\/p>\n","protected":false},"author":2,"featured_media":0,"parent":0,"menu_order":0,"comment_status":"closed","ping_status":"closed","template":"","meta":{"_et_pb_use_builder":"on","_et_pb_old_content":"","_et_gb_content_width":"","footnotes":""},"class_list":["post-1406","page","type-page","status-publish","hentry"],"_links":{"self":[{"href":"https:\/\/cazorla.es\/turismo\/wp-json\/wp\/v2\/pages\/1406","targetHints":{"allow":["GET"]}}],"collection":[{"href":"https:\/\/cazorla.es\/turismo\/wp-json\/wp\/v2\/pages"}],"about":[{"href":"https:\/\/cazorla.es\/turismo\/wp-json\/wp\/v2\/types\/page"}],"author":[{"embeddable":true,"href":"https:\/\/cazorla.es\/turismo\/wp-json\/wp\/v2\/users\/2"}],"replies":[{"embeddable":true,"href":"https:\/\/cazorla.es\/turismo\/wp-json\/wp\/v2\/comments?post=1406"}],"version-history":[{"count":9,"href":"https:\/\/cazorla.es\/turismo\/wp-json\/wp\/v2\/pages\/1406\/revisions"}],"predecessor-version":[{"id":2491,"href":"https:\/\/cazorla.es\/turismo\/wp-json\/wp\/v2\/pages\/1406\/revisions\/2491"}],"wp:attachment":[{"href":"https:\/\/cazorla.es\/turismo\/wp-json\/wp\/v2\/media?parent=1406"}],"curies":[{"name":"wp","href":"https:\/\/api.w.org\/{rel}","templated":true}]}}