{"id":1417,"date":"2017-11-24T08:26:21","date_gmt":"2017-11-24T08:26:21","guid":{"rendered":"http:\/\/cazorla.es\/turismo\/?page_id=1417"},"modified":"2018-01-08T12:23:24","modified_gmt":"2018-01-08T12:23:24","slug":"ruta-cerrada-del-utrero","status":"publish","type":"page","link":"https:\/\/cazorla.es\/turismo\/ruta-cerrada-del-utrero\/","title":{"rendered":"Ruta Cerrada del Utrero"},"content":{"rendered":"<p>[et_pb_section admin_label=\u00bbsection\u00bb][et_pb_row admin_label=\u00bbrow\u00bb][et_pb_column type=\u00bb4_4&#8243;][et_pb_text admin_label=\u00bbTexto\u00bb background_layout=\u00bblight\u00bb text_orientation=\u00bbleft\u00bb use_border_color=\u00bboff\u00bb border_color=\u00bb#ffffff\u00bb border_style=\u00bbsolid\u00bb]<\/p>\n<h1> Ruta Cerrada del Utrero <\/h1>\n<p>[\/et_pb_text][\/et_pb_column][\/et_pb_row][et_pb_row admin_label=\u00bbFila\u00bb][et_pb_column type=\u00bb1_2&#8243;][et_pb_text admin_label=\u00bbTexto\u00bb background_layout=\u00bblight\u00bb text_orientation=\u00bbleft\u00bb use_border_color=\u00bboff\u00bb border_color=\u00bb#ffffff\u00bb border_style=\u00bbsolid\u00bb]<\/p>\n<p class=\"lead\">En plena Sierra de Cazorla, la ruta de la Cerrada del Utrero siempre es objeto de muchas bocas por su espectacular recorrido y paisajes.<\/p>\n<p class=\"lead\">\nCaracterizada por recorrer la ladera del cauce del r\u00edo Guadalquivir, contar con m\u00e1gicas cascadas de agua, embalses de agua y diversa fauna acu\u00e1tica, disfrutar\u00e1n de unos parajes \u00fanicos en la localidad.<br \/>\nPulse <a href=\"http:\/\/cazorla.es\/turismo\/wp-content\/uploads\/2017\/11\/1-Cerrada-de-Utrero.pdf\">aqu\u00ed <\/a> para obtener <a href=\"https:\/\/es.wikiloc.com\/wikiloc\/view.do?id=2238918\">planos <\/a> y <a href=\"http:\/\/cazorla.es\/turismo\/wp-content\/uploads\/2017\/11\/Cerrada_Utrero.pdf\">aqu\u00ed <\/a> informaci\u00f3n detallada. <\/p>\n<p>[\/et_pb_text][\/et_pb_column][et_pb_column type=\u00bb1_2&#8243;][et_pb_image admin_label=\u00bbImagen\u00bb src=\u00bbhttp:\/\/cazorla.es\/turismo\/wp-content\/uploads\/2017\/11\/cerradautrero.jpg\u00bb show_in_lightbox=\u00bboff\u00bb url_new_window=\u00bboff\u00bb use_overlay=\u00bboff\u00bb animation=\u00bbleft\u00bb sticky=\u00bboff\u00bb align=\u00bbleft\u00bb force_fullwidth=\u00bboff\u00bb always_center_on_mobile=\u00bbon\u00bb use_border_color=\u00bboff\u00bb border_color=\u00bb#ffffff\u00bb border_style=\u00bbsolid\u00bb]<\/p>\n<p>[\/et_pb_image][\/et_pb_column][\/et_pb_row][\/et_pb_section]<\/p>\n","protected":false},"excerpt":{"rendered":"<p>Ruta Cerrada del Utrero En plena Sierra de Cazorla, la ruta de la Cerrada del Utrero siempre es objeto de muchas bocas por su espectacular recorrido y paisajes. Caracterizada por [&hellip;]<\/p>\n","protected":false},"author":2,"featured_media":0,"parent":0,"menu_order":0,"comment_status":"closed","ping_status":"closed","template":"","meta":{"_et_pb_use_builder":"on","_et_pb_old_content":"","_et_gb_content_width":"","footnotes":""},"class_list":["post-1417","page","type-page","status-publish","hentry"],"_links":{"self":[{"href":"https:\/\/cazorla.es\/turismo\/wp-json\/wp\/v2\/pages\/1417","targetHints":{"allow":["GET"]}}],"collection":[{"href":"https:\/\/cazorla.es\/turismo\/wp-json\/wp\/v2\/pages"}],"about":[{"href":"https:\/\/cazorla.es\/turismo\/wp-json\/wp\/v2\/types\/page"}],"author":[{"embeddable":true,"href":"https:\/\/cazorla.es\/turismo\/wp-json\/wp\/v2\/users\/2"}],"replies":[{"embeddable":true,"href":"https:\/\/cazorla.es\/turismo\/wp-json\/wp\/v2\/comments?post=1417"}],"version-history":[{"count":5,"href":"https:\/\/cazorla.es\/turismo\/wp-json\/wp\/v2\/pages\/1417\/revisions"}],"predecessor-version":[{"id":2489,"href":"https:\/\/cazorla.es\/turismo\/wp-json\/wp\/v2\/pages\/1417\/revisions\/2489"}],"wp:attachment":[{"href":"https:\/\/cazorla.es\/turismo\/wp-json\/wp\/v2\/media?parent=1417"}],"curies":[{"name":"wp","href":"https:\/\/api.w.org\/{rel}","templated":true}]}}