{"id":1428,"date":"2017-11-24T08:40:03","date_gmt":"2017-11-24T08:40:03","guid":{"rendered":"http:\/\/cazorla.es\/turismo\/?page_id=1428"},"modified":"2018-01-08T12:33:44","modified_gmt":"2018-01-08T12:33:44","slug":"ruta-hacia-vadillo-castril","status":"publish","type":"page","link":"https:\/\/cazorla.es\/turismo\/ruta-hacia-vadillo-castril\/","title":{"rendered":"Ruta hacia Vadillo Castril"},"content":{"rendered":"<p>[et_pb_section admin_label=\u00bbsection\u00bb][et_pb_row admin_label=\u00bbrow\u00bb][et_pb_column type=\u00bb4_4&#8243;][et_pb_text admin_label=\u00bbTexto\u00bb background_layout=\u00bblight\u00bb text_orientation=\u00bbleft\u00bb use_border_color=\u00bboff\u00bb border_color=\u00bb#ffffff\u00bb border_style=\u00bbsolid\u00bb]<\/p>\n<h1> Ruta hacia Vadillo Castril <\/h1>\n<p>[\/et_pb_text][\/et_pb_column][\/et_pb_row][et_pb_row admin_label=\u00bbFila\u00bb][et_pb_column type=\u00bb1_2&#8243;][et_pb_text admin_label=\u00bbTexto\u00bb background_layout=\u00bblight\u00bb text_orientation=\u00bbleft\u00bb use_border_color=\u00bboff\u00bb border_color=\u00bb#ffffff\u00bb border_style=\u00bbsolid\u00bb]<\/p>\n<p class=\"lead\"> Ruta con la que disfrutaremos del senderismo bajo densos y verdes pinares, fuentes de aguas puras y cristalinas como la Fuente del Oso, la visita y paso por el famoso Puente de las Herrer\u00edas, situado en las cercan\u00edas del nacimiento del r\u00edo Guadalquivir. <\/p>\n<p class=\"lead\">Partiremos desde Cazorla, coronando los famosos merenderos bajo la Ermita de la Virgen de la Cabeza, y nos adentraremos de nuevo en zona de rocas y piedras pertenecientes a los senderos GR247, coronaremos Prado Redondo, que se trata de un cortijo abandonado, seguiremos por el Cerro de la Mocha hasta continuar la subida hacia Vadillo Castril. <\/p>\n<p class=\"lead\">Pulse <a href=\"http:\/\/cazorla.es\/turismo\/wp-content\/uploads\/2017\/11\/GR-7_2-Cazorla-Vadillo-Castril.pdf\" target=\"_blank\">aqu\u00ed <\/a> para obtener planos y mas informaci\u00f3n detallada. <\/p>\n<p>[\/et_pb_text][\/et_pb_column][et_pb_column type=\u00bb1_2&#8243;][et_pb_image admin_label=\u00bbImagen\u00bb show_in_lightbox=\u00bboff\u00bb url_new_window=\u00bboff\u00bb use_overlay=\u00bboff\u00bb animation=\u00bbleft\u00bb sticky=\u00bboff\u00bb align=\u00bbleft\u00bb force_fullwidth=\u00bboff\u00bb always_center_on_mobile=\u00bbon\u00bb use_border_color=\u00bboff\u00bb border_color=\u00bb#ffffff\u00bb border_style=\u00bbsolid\u00bb src=\u00bbhttp:\/\/cazorla.es\/turismo\/wp-content\/uploads\/2017\/11\/vadillonacminetoguadalquivir.jpg\u00bb]<\/p>\n<p>[\/et_pb_image][\/et_pb_column][\/et_pb_row][\/et_pb_section]<\/p>\n","protected":false},"excerpt":{"rendered":"<p>Ruta hacia Vadillo Castril Ruta con la que disfrutaremos del senderismo bajo densos y verdes pinares, fuentes de aguas puras y cristalinas como la Fuente del Oso, la visita y [&hellip;]<\/p>\n","protected":false},"author":2,"featured_media":0,"parent":0,"menu_order":0,"comment_status":"closed","ping_status":"closed","template":"","meta":{"_et_pb_use_builder":"on","_et_pb_old_content":"","_et_gb_content_width":"","footnotes":""},"class_list":["post-1428","page","type-page","status-publish","hentry"],"_links":{"self":[{"href":"https:\/\/cazorla.es\/turismo\/wp-json\/wp\/v2\/pages\/1428","targetHints":{"allow":["GET"]}}],"collection":[{"href":"https:\/\/cazorla.es\/turismo\/wp-json\/wp\/v2\/pages"}],"about":[{"href":"https:\/\/cazorla.es\/turismo\/wp-json\/wp\/v2\/types\/page"}],"author":[{"embeddable":true,"href":"https:\/\/cazorla.es\/turismo\/wp-json\/wp\/v2\/users\/2"}],"replies":[{"embeddable":true,"href":"https:\/\/cazorla.es\/turismo\/wp-json\/wp\/v2\/comments?post=1428"}],"version-history":[{"count":6,"href":"https:\/\/cazorla.es\/turismo\/wp-json\/wp\/v2\/pages\/1428\/revisions"}],"predecessor-version":[{"id":2493,"href":"https:\/\/cazorla.es\/turismo\/wp-json\/wp\/v2\/pages\/1428\/revisions\/2493"}],"wp:attachment":[{"href":"https:\/\/cazorla.es\/turismo\/wp-json\/wp\/v2\/media?parent=1428"}],"curies":[{"name":"wp","href":"https:\/\/api.w.org\/{rel}","templated":true}]}}