{"id":1436,"date":"2017-11-24T08:56:15","date_gmt":"2017-11-24T08:56:15","guid":{"rendered":"http:\/\/cazorla.es\/turismo\/?page_id=1436"},"modified":"2017-11-24T09:02:22","modified_gmt":"2017-11-24T09:02:22","slug":"ruta-puente-de-las-herrerias","status":"publish","type":"page","link":"https:\/\/cazorla.es\/turismo\/ruta-puente-de-las-herrerias\/","title":{"rendered":"Ruta Puente de las Herrer\u00edas &#8211; Pino de las Cruces"},"content":{"rendered":"<p>[et_pb_section admin_label=\u00bbsection\u00bb][et_pb_row admin_label=\u00bbrow\u00bb][et_pb_column type=\u00bb4_4&#8243;][et_pb_text admin_label=\u00bbTexto\u00bb background_layout=\u00bblight\u00bb text_orientation=\u00bbleft\u00bb use_border_color=\u00bboff\u00bb border_color=\u00bb#ffffff\u00bb border_style=\u00bbsolid\u00bb]<\/p>\n<h1> Ruta del Puente de las Herrer\u00edas <\/h1>\n<p>[\/et_pb_text][\/et_pb_column][\/et_pb_row][et_pb_row admin_label=\u00bbFila\u00bb][et_pb_column type=\u00bb1_2&#8243;][et_pb_text admin_label=\u00bbTexto\u00bb background_layout=\u00bblight\u00bb text_orientation=\u00bbleft\u00bb use_border_color=\u00bboff\u00bb border_color=\u00bb#ffffff\u00bb border_style=\u00bbsolid\u00bb]<\/p>\n<p class=\"lead\">En esta ruta partiremos del famoso Puente de las Herrer\u00edas, el cual la leyenda cuenta que fue construido en una sola noche para el paso de la reina Isabel La Cat\u00f3lica. Siguiendo el cauce del r\u00edo Guadalquivir, transcurriremos por sendas y caminos de piedras incluso teniendo que atravesar peque\u00f1os arroyos para continuar la marcha.<br \/>\nAscendiendo a alturas considerables, disfrutaremos de preciosas vistas de los inmensos bosques de pinos y los Poyos de la Mesa, una zona rocosa con peculiar forma. <\/p>\n<p>[\/et_pb_text][\/et_pb_column][et_pb_column type=\u00bb1_2&#8243;][et_pb_image admin_label=\u00bbImagen\u00bb src=\u00bbhttp:\/\/cazorla.es\/turismo\/wp-content\/uploads\/2017\/11\/puenteherrerias.jpg\u00bb show_in_lightbox=\u00bboff\u00bb url_new_window=\u00bboff\u00bb use_overlay=\u00bboff\u00bb animation=\u00bbleft\u00bb sticky=\u00bboff\u00bb align=\u00bbleft\u00bb force_fullwidth=\u00bboff\u00bb always_center_on_mobile=\u00bbon\u00bb use_border_color=\u00bboff\u00bb border_color=\u00bb#ffffff\u00bb border_style=\u00bbsolid\u00bb]<\/p>\n<p>[\/et_pb_image][\/et_pb_column][\/et_pb_row][et_pb_row admin_label=\u00bbFila\u00bb][et_pb_column type=\u00bb1_2&#8243;][et_pb_image admin_label=\u00bbImagen\u00bb src=\u00bbhttp:\/\/cazorla.es\/turismo\/wp-content\/uploads\/2017\/11\/pinocruces.jpg\u00bb show_in_lightbox=\u00bboff\u00bb url_new_window=\u00bboff\u00bb use_overlay=\u00bboff\u00bb animation=\u00bbleft\u00bb sticky=\u00bboff\u00bb align=\u00bbleft\u00bb force_fullwidth=\u00bboff\u00bb always_center_on_mobile=\u00bbon\u00bb use_border_color=\u00bboff\u00bb border_color=\u00bb#ffffff\u00bb border_style=\u00bbsolid\u00bb]<\/p>\n<p>[\/et_pb_image][\/et_pb_column][et_pb_column type=\u00bb1_2&#8243;][et_pb_text admin_label=\u00bbTexto\u00bb background_layout=\u00bblight\u00bb text_orientation=\u00bbleft\u00bb use_border_color=\u00bboff\u00bb border_color=\u00bb#ffffff\u00bb border_style=\u00bbsolid\u00bb]<\/p>\n<p class=\"lead\">Finalmente, finalizaremos cercanos a un enorme pino muy famoso de la zona, llamado Pino de las Cruces, nombre el cual se debe a que la gente grababa cruces en la corteza de este.<br \/>\nPulsa <a href=\"http:\/\/cazorla.es\/turismo\/wp-content\/uploads\/2017\/11\/PteHerrerias_PinoCruces.pdf\" target=\"_blank\">aqu\u00ed <\/a> para obtener planos y m\u00e1s informaci\u00f3n detallada. <\/p>\n<p>[\/et_pb_text][\/et_pb_column][\/et_pb_row][\/et_pb_section]<\/p>\n","protected":false},"excerpt":{"rendered":"<p>Ruta del Puente de las Herrer\u00edas En esta ruta partiremos del famoso Puente de las Herrer\u00edas, el cual la leyenda cuenta que fue construido en una sola noche para el [&hellip;]<\/p>\n","protected":false},"author":2,"featured_media":0,"parent":0,"menu_order":0,"comment_status":"closed","ping_status":"closed","template":"","meta":{"_et_pb_use_builder":"on","_et_pb_old_content":"","_et_gb_content_width":"","footnotes":""},"class_list":["post-1436","page","type-page","status-publish","hentry"],"_links":{"self":[{"href":"https:\/\/cazorla.es\/turismo\/wp-json\/wp\/v2\/pages\/1436","targetHints":{"allow":["GET"]}}],"collection":[{"href":"https:\/\/cazorla.es\/turismo\/wp-json\/wp\/v2\/pages"}],"about":[{"href":"https:\/\/cazorla.es\/turismo\/wp-json\/wp\/v2\/types\/page"}],"author":[{"embeddable":true,"href":"https:\/\/cazorla.es\/turismo\/wp-json\/wp\/v2\/users\/2"}],"replies":[{"embeddable":true,"href":"https:\/\/cazorla.es\/turismo\/wp-json\/wp\/v2\/comments?post=1436"}],"version-history":[{"count":3,"href":"https:\/\/cazorla.es\/turismo\/wp-json\/wp\/v2\/pages\/1436\/revisions"}],"predecessor-version":[{"id":1442,"href":"https:\/\/cazorla.es\/turismo\/wp-json\/wp\/v2\/pages\/1436\/revisions\/1442"}],"wp:attachment":[{"href":"https:\/\/cazorla.es\/turismo\/wp-json\/wp\/v2\/media?parent=1436"}],"curies":[{"name":"wp","href":"https:\/\/api.w.org\/{rel}","templated":true}]}}