{"id":1443,"date":"2017-11-24T09:12:43","date_gmt":"2017-11-24T09:12:43","guid":{"rendered":"http:\/\/cazorla.es\/turismo\/?page_id=1443"},"modified":"2018-01-08T12:35:47","modified_gmt":"2018-01-08T12:35:47","slug":"ruta-rio-borosa","status":"publish","type":"page","link":"https:\/\/cazorla.es\/turismo\/ruta-rio-borosa\/","title":{"rendered":"Ruta Rio Borosa"},"content":{"rendered":"<p>[et_pb_section admin_label=\u00bbsection\u00bb][et_pb_row admin_label=\u00bbrow\u00bb][et_pb_column type=\u00bb4_4&#8243;][et_pb_text admin_label=\u00bbTexto\u00bb background_layout=\u00bblight\u00bb text_orientation=\u00bbleft\u00bb use_border_color=\u00bboff\u00bb border_color=\u00bb#ffffff\u00bb border_style=\u00bbsolid\u00bb]<\/p>\n<h1> Ruta Rio Borosa <\/h1>\n<p>[\/et_pb_text][\/et_pb_column][\/et_pb_row][et_pb_row admin_label=\u00bbFila\u00bb][et_pb_column type=\u00bb1_2&#8243;][et_pb_text admin_label=\u00bbTexto\u00bb background_layout=\u00bblight\u00bb text_orientation=\u00bbleft\u00bb use_border_color=\u00bboff\u00bb border_color=\u00bb#ffffff\u00bb border_style=\u00bbsolid\u00bb]<\/p>\n<p class=\"lead\">Magn\u00edfica ruta en la cual disfrutaremos de una de las aguas mas cristalinas de la Sierra de Cazorla y en uno de los parajes m\u00e1s frecuentados debido sus encantos hacia el visitante. <\/p>\n<p class=\"lead\">\u00abCaminar sobre el agua\u00bb en esta ruta es posible gracias a las plataformas de madera que se elevan sobre el r\u00edo. Flora, fauna y espectaculares formaciones geol\u00f3gicas  nos acompa\u00f1ar\u00e1n durante todo el recorrido.<br \/>\nRealizar esta ruta y no sacar 5 minutos m\u00e1s, con motivo de desviarse en un tramo a la derecha para visitar la Cerrada de El\u00edas es pecado. Zona que atravesaremos por una senda abovedada con exuberante vegetaci\u00f3n. <\/p>\n<p class=\"lead\">Pulse <a href=\"http:\/\/cazorla.es\/turismo\/wp-content\/uploads\/2017\/11\/Borosa-ruta.pdf\" target=\"_blank\">aqu\u00ed <\/a> para obtener planos y m\u00e1s informaci\u00f3n detallada.<\/p>\n<p>[\/et_pb_text][\/et_pb_column][et_pb_column type=\u00bb1_2&#8243;][et_pb_image admin_label=\u00bbImagen\u00bb src=\u00bbhttp:\/\/cazorla.es\/turismo\/wp-content\/uploads\/2017\/11\/borosa-1.jpg\u00bb show_in_lightbox=\u00bboff\u00bb url_new_window=\u00bboff\u00bb use_overlay=\u00bboff\u00bb animation=\u00bbleft\u00bb sticky=\u00bboff\u00bb align=\u00bbleft\u00bb force_fullwidth=\u00bboff\u00bb always_center_on_mobile=\u00bbon\u00bb use_border_color=\u00bboff\u00bb border_color=\u00bb#ffffff\u00bb border_style=\u00bbsolid\u00bb]<\/p>\n<p>[\/et_pb_image][\/et_pb_column][\/et_pb_row][\/et_pb_section]<\/p>\n","protected":false},"excerpt":{"rendered":"<p>Ruta Rio Borosa Magn\u00edfica ruta en la cual disfrutaremos de una de las aguas mas cristalinas de la Sierra de Cazorla y en uno de los parajes m\u00e1s frecuentados debido [&hellip;]<\/p>\n","protected":false},"author":2,"featured_media":0,"parent":0,"menu_order":0,"comment_status":"closed","ping_status":"closed","template":"","meta":{"_et_pb_use_builder":"on","_et_pb_old_content":"","_et_gb_content_width":"","footnotes":""},"class_list":["post-1443","page","type-page","status-publish","hentry"],"_links":{"self":[{"href":"https:\/\/cazorla.es\/turismo\/wp-json\/wp\/v2\/pages\/1443","targetHints":{"allow":["GET"]}}],"collection":[{"href":"https:\/\/cazorla.es\/turismo\/wp-json\/wp\/v2\/pages"}],"about":[{"href":"https:\/\/cazorla.es\/turismo\/wp-json\/wp\/v2\/types\/page"}],"author":[{"embeddable":true,"href":"https:\/\/cazorla.es\/turismo\/wp-json\/wp\/v2\/users\/2"}],"replies":[{"embeddable":true,"href":"https:\/\/cazorla.es\/turismo\/wp-json\/wp\/v2\/comments?post=1443"}],"version-history":[{"count":4,"href":"https:\/\/cazorla.es\/turismo\/wp-json\/wp\/v2\/pages\/1443\/revisions"}],"predecessor-version":[{"id":2494,"href":"https:\/\/cazorla.es\/turismo\/wp-json\/wp\/v2\/pages\/1443\/revisions\/2494"}],"wp:attachment":[{"href":"https:\/\/cazorla.es\/turismo\/wp-json\/wp\/v2\/media?parent=1443"}],"curies":[{"name":"wp","href":"https:\/\/api.w.org\/{rel}","templated":true}]}}