{"id":1555,"date":"2017-11-30T08:36:09","date_gmt":"2017-11-30T08:36:09","guid":{"rendered":"http:\/\/cazorla.es\/turismo\/?page_id=1555"},"modified":"2019-08-13T08:40:50","modified_gmt":"2019-08-13T08:40:50","slug":"alojamientos","status":"publish","type":"page","link":"https:\/\/cazorla.es\/turismo\/alojamientos\/","title":{"rendered":"Alojamientos"},"content":{"rendered":"<p>[et_pb_section admin_label=\u00bbsection\u00bb][et_pb_row admin_label=\u00bbrow\u00bb][et_pb_column type=\u00bb4_4&#8243;][et_pb_text admin_label=\u00bbTexto\u00bb background_layout=\u00bblight\u00bb text_orientation=\u00bbleft\u00bb use_border_color=\u00bboff\u00bb border_color=\u00bb#ffffff\u00bb border_style=\u00bbsolid\u00bb]<\/p>\n<h1>Alojamientos<\/h1>\n<p>[\/et_pb_text][\/et_pb_column][\/et_pb_row][et_pb_row admin_label=\u00bbFila\u00bb][et_pb_column type=\u00bb1_2&#8243;][et_pb_text admin_label=\u00bbTexto\u00bb background_layout=\u00bblight\u00bb text_orientation=\u00bbleft\u00bb use_border_color=\u00bboff\u00bb border_color=\u00bb#ffffff\u00bb border_style=\u00bbsolid\u00bb]<\/p>\n<p class=\"lead\">En Cazorla, donde alojarse es posiblemente el menor de los problemas.<br \/>\nEn esta secci\u00f3n o apartado, encontrar\u00e1n los hoteles y casas rurales donde podr\u00e1n alojarse en su escapada a Cazorla.<\/p>\n<p>[\/et_pb_text][\/et_pb_column][et_pb_column type=\u00bb1_2&#8243;][et_pb_image admin_label=\u00bbImagen\u00bb src=\u00bbhttp:\/\/cazorla.es\/turismo\/wp-content\/uploads\/2017\/11\/fotohoteles.jpg\u00bb show_in_lightbox=\u00bboff\u00bb url_new_window=\u00bboff\u00bb use_overlay=\u00bboff\u00bb animation=\u00bbleft\u00bb sticky=\u00bboff\u00bb align=\u00bbleft\u00bb force_fullwidth=\u00bboff\u00bb always_center_on_mobile=\u00bbon\u00bb use_border_color=\u00bboff\u00bb border_color=\u00bb#ffffff\u00bb border_style=\u00bbsolid\u00bb] [\/et_pb_image][\/et_pb_column][\/et_pb_row][et_pb_row admin_label=\u00bbFila\u00bb][et_pb_column type=\u00bb1_2&#8243;][et_pb_image admin_label=\u00bbImagen\u00bb src=\u00bbhttp:\/\/cazorla.es\/turismo\/wp-content\/uploads\/2017\/11\/molinofarraga.jpg\u00bb show_in_lightbox=\u00bboff\u00bb url_new_window=\u00bboff\u00bb use_overlay=\u00bboff\u00bb animation=\u00bbleft\u00bb sticky=\u00bboff\u00bb align=\u00bbleft\u00bb force_fullwidth=\u00bboff\u00bb always_center_on_mobile=\u00bbon\u00bb use_border_color=\u00bboff\u00bb border_color=\u00bb#ffffff\u00bb border_style=\u00bbsolid\u00bb] [\/et_pb_image][\/et_pb_column][et_pb_column type=\u00bb1_2&#8243;][et_pb_text admin_label=\u00bbTexto\u00bb background_layout=\u00bblight\u00bb text_orientation=\u00bbleft\u00bb use_border_color=\u00bboff\u00bb border_color=\u00bb#ffffff\u00bb border_style=\u00bbsolid\u00bb]<\/p>\n<p class=\"lead\">Tendr\u00e1n la opci\u00f3n de elegir Hoteles, o en su defecto, Casas Rurales, en las cuales disfrutar\u00e1n del mejor turismo rural, conocer\u00e1n la vida m\u00e1s \u00abcampestre\u00bb, y se beneficiar\u00e1n de sus instalaciones como los peque\u00f1os huertos donde podr\u00e1n conocer la agricultura de la zona y saborear verduras y hortalizas reci\u00e9n sacadas de la planta.<\/p>\n<p>Pulse <a href=\"http:\/\/cazorla.es\/turismo\/hoteles\/\">aqu\u00ed <\/a>para acceder a los hoteles.<br \/>\nPulse <a href=\"http:\/\/cazorla.es\/turismo\/casas-rurales-apartamentos\/\">aqu\u00ed <\/a>para acceder a las casas rurales y apartamentos.<\/p>\n<p>[\/et_pb_text][\/et_pb_column][\/et_pb_row][et_pb_row admin_label=\u00bbFila\u00bb][et_pb_column type=\u00bb4_4&#8243;][et_pb_video admin_label=\u00bbV\u00eddeo\u00bb src=\u00bbhttps:\/\/www.youtube.com\/watch?v=Wh31xeEy77s\u00bb] [\/et_pb_video][\/et_pb_column][\/et_pb_row][\/et_pb_section]<\/p>\n","protected":false},"excerpt":{"rendered":"<p>Alojamientos En Cazorla, donde alojarse es posiblemente el menor de los problemas. En esta secci\u00f3n o apartado, encontrar\u00e1n los hoteles y casas rurales donde podr\u00e1n alojarse en su escapada a [&hellip;]<\/p>\n","protected":false},"author":2,"featured_media":0,"parent":0,"menu_order":0,"comment_status":"closed","ping_status":"closed","template":"","meta":{"_et_pb_use_builder":"on","_et_pb_old_content":"","_et_gb_content_width":"","footnotes":""},"class_list":["post-1555","page","type-page","status-publish","hentry"],"_links":{"self":[{"href":"https:\/\/cazorla.es\/turismo\/wp-json\/wp\/v2\/pages\/1555","targetHints":{"allow":["GET"]}}],"collection":[{"href":"https:\/\/cazorla.es\/turismo\/wp-json\/wp\/v2\/pages"}],"about":[{"href":"https:\/\/cazorla.es\/turismo\/wp-json\/wp\/v2\/types\/page"}],"author":[{"embeddable":true,"href":"https:\/\/cazorla.es\/turismo\/wp-json\/wp\/v2\/users\/2"}],"replies":[{"embeddable":true,"href":"https:\/\/cazorla.es\/turismo\/wp-json\/wp\/v2\/comments?post=1555"}],"version-history":[{"count":4,"href":"https:\/\/cazorla.es\/turismo\/wp-json\/wp\/v2\/pages\/1555\/revisions"}],"predecessor-version":[{"id":3266,"href":"https:\/\/cazorla.es\/turismo\/wp-json\/wp\/v2\/pages\/1555\/revisions\/3266"}],"wp:attachment":[{"href":"https:\/\/cazorla.es\/turismo\/wp-json\/wp\/v2\/media?parent=1555"}],"curies":[{"name":"wp","href":"https:\/\/api.w.org\/{rel}","templated":true}]}}