{"id":1782,"date":"2017-12-12T11:12:34","date_gmt":"2017-12-12T11:12:34","guid":{"rendered":"http:\/\/cazorla.es\/turismo\/?page_id=1782"},"modified":"2019-08-13T08:38:54","modified_gmt":"2019-08-13T08:38:54","slug":"turismo-accesible","status":"publish","type":"page","link":"https:\/\/cazorla.es\/turismo\/turismo-accesible\/","title":{"rendered":"Turismo Accesible"},"content":{"rendered":"<p>[et_pb_section admin_label=\u00bbsection\u00bb][et_pb_row admin_label=\u00bbrow\u00bb][et_pb_column type=\u00bb4_4&#8243;][et_pb_text admin_label=\u00bbTexto\u00bb background_layout=\u00bblight\u00bb text_orientation=\u00bbleft\u00bb use_border_color=\u00bboff\u00bb border_color=\u00bb#ffffff\u00bb border_style=\u00bbsolid\u00bb]<\/p>\n<h1>Turismo Accesible<\/h1>\n<p>[\/et_pb_text][\/et_pb_column][\/et_pb_row][et_pb_row admin_label=\u00bbFila\u00bb][et_pb_column type=\u00bb1_2&#8243;][et_pb_text admin_label=\u00bbTexto\u00bb background_layout=\u00bblight\u00bb text_orientation=\u00bbleft\u00bb use_border_color=\u00bboff\u00bb border_color=\u00bb#ffffff\u00bb border_style=\u00bbsolid\u00bb]<\/p>\n<p class=\"lead\">El objetivo de esta secci\u00f3n o apartado es la integraci\u00f3n de factores tan importantes como el medio ambiente, el turismo y todas las personas haciendo hincapi\u00e9 en un colectivo muy amplio de poblaci\u00f3n, las personas con diversidad funcional.<\/p>\n<p>[\/et_pb_text][\/et_pb_column][et_pb_column type=\u00bb1_2&#8243;][et_pb_image admin_label=\u00bbImagen\u00bb src=\u00bbhttp:\/\/cazorla.es\/turismo\/wp-content\/uploads\/2017\/12\/indice.jpg\u00bb show_in_lightbox=\u00bboff\u00bb url_new_window=\u00bboff\u00bb use_overlay=\u00bboff\u00bb animation=\u00bbleft\u00bb sticky=\u00bboff\u00bb align=\u00bbleft\u00bb force_fullwidth=\u00bboff\u00bb always_center_on_mobile=\u00bbon\u00bb use_border_color=\u00bboff\u00bb border_color=\u00bb#ffffff\u00bb border_style=\u00bbsolid\u00bb]<\/p>\n<p>[\/et_pb_image][\/et_pb_column][\/et_pb_row][et_pb_row admin_label=\u00bbFila\u00bb][et_pb_column type=\u00bb1_2&#8243;][et_pb_image admin_label=\u00bbImagen\u00bb show_in_lightbox=\u00bboff\u00bb url_new_window=\u00bboff\u00bb use_overlay=\u00bboff\u00bb animation=\u00bbleft\u00bb sticky=\u00bboff\u00bb align=\u00bbleft\u00bb force_fullwidth=\u00bboff\u00bb always_center_on_mobile=\u00bbon\u00bb use_border_color=\u00bboff\u00bb border_color=\u00bb#ffffff\u00bb border_style=\u00bbsolid\u00bb src=\u00bbhttp:\/\/cazorla.es\/turismo\/wp-content\/uploads\/2017\/12\/asociacionjuanamartos.jpg\u00bb]<\/p>\n<p>[\/et_pb_image][\/et_pb_column][et_pb_column type=\u00bb1_2&#8243;][et_pb_text admin_label=\u00bbTexto\u00bb background_layout=\u00bblight\u00bb text_orientation=\u00bbleft\u00bb use_border_color=\u00bboff\u00bb border_color=\u00bb#ffffff\u00bb border_style=\u00bbsolid\u00bb]<\/p>\n<p class=\"lead\">Basamos esta secci\u00f3n sobre todo en la inclusi\u00f3n de informaci\u00f3n b\u00e1sica y esencial que describe de la mejor manera, los distintos lugares tur\u00edsticos, ofertas tur\u00edsticas y de naturaleza que ofrece nuestro municipio y Parque Natural de manera ver\u00eddica y sin sorpresas, para que las personas con discapacidad puedan formar parte del uso y disfrute del entorno natural y servicios que ofrece Cazorla.<br \/>\nAgradecemos la colaboraci\u00f3n de la <b><a href=\"http:\/\/www.asociacionjuanamartos.org\/\" target=\"_blank\"><br \/>\nAsociaci\u00f3n de Personas con Discapacidad F\u00edsica y Org\u00e1nica de la Comarca de Cazorla Juana Martos<\/a><\/b> por su asesoramiento a la hora de realizar esta secci\u00f3n ya que sin ellos hubiera sido una tarea dif\u00edcil.<\/p>\n<p>[\/et_pb_text][\/et_pb_column][\/et_pb_row][et_pb_row admin_label=\u00bbrow\u00bb][et_pb_column type=\u00bb4_4&#8243;][et_pb_text admin_label=\u00bbTexto\u00bb background_layout=\u00bblight\u00bb text_orientation=\u00bbleft\u00bb use_border_color=\u00bboff\u00bb border_color=\u00bb#ffffff\u00bb border_style=\u00bbsolid\u00bb]<\/p>\n<p>La informaci\u00f3n que podr\u00e1n encontrar en esta secci\u00f3n es la siguiente, que pulsando en cada una de las l\u00edneas les redigir\u00e1 al contenido \u00edntegro<\/p>\n<p><b><a href=\"http:\/\/cazorla.es\/turismo\/wp-content\/uploads\/2016\/01\/Puedo-viajar-a...-Cazorla-PARA-WEB.pdf\" target=\"_blank\"><br \/>\n&#8211; Gu\u00eda Accesible<\/a><\/b><br \/>\n<b><a href=\"http:\/\/cazorla.es\/turismo\/accesibilidad-en-cazorla\/\" target=\"_blank\"><br \/>\n&#8211; Accesibilidad en Cazorla (lugares p\u00fablicos accesibles).<\/a><\/b><br \/>\n<b><a href=\"http:\/\/cazorla.es\/turismo\/aparcamientos\/\" target=\"_blank\"><br \/>\n&#8211; Aparcamientos.<\/a><\/b><br \/>\n<b><a href=\"http:\/\/cazorla.es\/turismo\/bares-y-restaurantes\/\" target=\"_blank\"><br \/>\n&#8211; Bares, Restaurantes y Hoteles accesibles.<\/a><\/b><br \/>\n<b><a href=\"http:\/\/cazorla.es\/turismo\/eventos-culturales-ocio-accesibles\/\" target=\"_blank\"><br \/>\n&#8211; Eventos Culturales y de Ocio Accesibles.<\/a><\/b><br \/>\n<b><a href=\"http:\/\/cazorla.es\/turismo\/rutas-accesibles\/\" target=\"_blank\"><br \/>\n&#8211; Rutas y Miradores Accesibles.<\/a><\/b><br \/>\n<b><a href=\"http:\/\/cazorla.es\/turismo\/iglesias-museos-y-monumentos-accesibles\/\" target=\"_blank\"><br \/>\n&#8211; Iglesias, Museos y Monumentos Accesibles.<\/a><\/b><\/p>\n<p>[\/et_pb_text][\/et_pb_column][\/et_pb_row][\/et_pb_section]<\/p>\n","protected":false},"excerpt":{"rendered":"<p>Turismo Accesible El objetivo de esta secci\u00f3n o apartado es la integraci\u00f3n de factores tan importantes como el medio ambiente, el turismo y todas las personas haciendo hincapi\u00e9 en un [&hellip;]<\/p>\n","protected":false},"author":2,"featured_media":0,"parent":0,"menu_order":0,"comment_status":"closed","ping_status":"closed","template":"","meta":{"_et_pb_use_builder":"on","_et_pb_old_content":"","_et_gb_content_width":"","footnotes":""},"class_list":["post-1782","page","type-page","status-publish","hentry"],"_links":{"self":[{"href":"https:\/\/cazorla.es\/turismo\/wp-json\/wp\/v2\/pages\/1782","targetHints":{"allow":["GET"]}}],"collection":[{"href":"https:\/\/cazorla.es\/turismo\/wp-json\/wp\/v2\/pages"}],"about":[{"href":"https:\/\/cazorla.es\/turismo\/wp-json\/wp\/v2\/types\/page"}],"author":[{"embeddable":true,"href":"https:\/\/cazorla.es\/turismo\/wp-json\/wp\/v2\/users\/2"}],"replies":[{"embeddable":true,"href":"https:\/\/cazorla.es\/turismo\/wp-json\/wp\/v2\/comments?post=1782"}],"version-history":[{"count":13,"href":"https:\/\/cazorla.es\/turismo\/wp-json\/wp\/v2\/pages\/1782\/revisions"}],"predecessor-version":[{"id":3767,"href":"https:\/\/cazorla.es\/turismo\/wp-json\/wp\/v2\/pages\/1782\/revisions\/3767"}],"wp:attachment":[{"href":"https:\/\/cazorla.es\/turismo\/wp-json\/wp\/v2\/media?parent=1782"}],"curies":[{"name":"wp","href":"https:\/\/api.w.org\/{rel}","templated":true}]}}