{"id":1942,"date":"2017-12-15T13:16:35","date_gmt":"2017-12-15T13:16:35","guid":{"rendered":"http:\/\/cazorla.es\/turismo\/?page_id=1942"},"modified":"2019-10-17T09:13:58","modified_gmt":"2019-10-17T09:13:58","slug":"rutas-accesibles","status":"publish","type":"page","link":"https:\/\/cazorla.es\/turismo\/rutas-accesibles\/","title":{"rendered":"Rutas y Miradores Accesibles"},"content":{"rendered":"<p>[et_pb_section admin_label=\u00bbsection\u00bb][et_pb_row admin_label=\u00bbrow\u00bb][et_pb_column type=\u00bb4_4&#8243;][et_pb_text admin_label=\u00bbTexto\u00bb background_layout=\u00bblight\u00bb text_orientation=\u00bbleft\u00bb use_border_color=\u00bboff\u00bb border_color=\u00bb#ffffff\u00bb border_style=\u00bbsolid\u00bb]<\/p>\n<h1>Rutas y Miradores Accesibles<\/h1>\n<p>[\/et_pb_text][\/et_pb_column][\/et_pb_row][et_pb_row admin_label=\u00bbFila\u00bb][et_pb_column type=\u00bb1_3&#8243;][et_pb_accordion admin_label=\u00bbAcorde\u00f3n\u00bb use_border_color=\u00bboff\u00bb border_color=\u00bb#ffffff\u00bb border_style=\u00bbsolid\u00bb]<\/p>\n<p>[et_pb_accordion_item title=\u00bbNacimiento del Guadalquivir\u00bb]<\/p>\n<p class=\"lead\">Acceso s\u00f3lo al mirador.<\/p>\n<p class=\"lead\">\u00c1rea recreativa cercana con acceso.<\/p>\n<p class=\"lead\"><a href=\"http:\/\/cazorla.es\/turismo\/wp-content\/uploads\/2017\/12\/GuadalquivirCa\u00f1adaFuentes.pdf\" target=\"_blank\">IM\u00c1GENES<\/a><\/p>\n<p class=\"lead\">M\u00e1s informaci\u00f3n <a href=\"http:\/\/cazorla.es\/turismo\/ruta-nacimiento-del-guadalquivir\/\" target=\"_blank\">aqu\u00ed<\/a><\/p>\n<p>[\/et_pb_accordion_item][et_pb_accordion_item title=\u00bbLinarejos\u00bb]<\/p>\n<p class=\"lead\">Punto al lado de Cerrada de Utrero.<\/p>\n<p class=\"lead\">Ida y vuelta entre \u00e1rboles (500m).<\/p>\n<p class=\"lead\"><a href=\"http:\/\/cazorla.es\/turismo\/wp-content\/uploads\/2017\/12\/LINAREJOS.pdf\" target=\"_blank\">IM\u00c1GENES<\/a><\/p>\n<p>[\/et_pb_accordion_item]<\/p>\n<p>[\/et_pb_accordion][\/et_pb_column][et_pb_column type=\u00bb1_3&#8243;][et_pb_accordion admin_label=\u00bbAcorde\u00f3n\u00bb use_border_color=\u00bboff\u00bb border_color=\u00bb#ffffff\u00bb border_style=\u00bbsolid\u00bb]<\/p>\n<p>[et_pb_accordion_item title=\u00bbCerrada de Utrero\u00bb]<\/p>\n<p class=\"lead\">Mirador Cascada de Linarejos.<\/p>\n<p class=\"lead\">Acceso al Mirador.<\/p>\n<p class=\"lead\">Ascenso al r\u00edo innacesible.<\/p>\n<p class=\"lead\"><a href=\"http:\/\/cazorla.es\/turismo\/wp-content\/uploads\/2017\/12\/PARCIALCERRADAUTRERO.pdf\" target=\"_blank\">IM\u00c1GENES<\/a><\/p>\n<p class=\"lead\">Para complementar y tener m\u00e1s informaci\u00f3n pulse <a href=\"http:\/\/cazorla.es\/turismo\/ruta-cerrada-del-utrero\/\" target=\"_blank\">aqu\u00ed.<\/a><\/p>\n<p>[\/et_pb_accordion_item][et_pb_accordion_item title=\u00bbPaso del Aire Puerto de las Palomas\u00bb]<\/p>\n<p class=\"lead\">Ruta totalmente accesible para personas con alg\u00fan tipo de discapacidad.<\/p>\n<p class=\"lead\">Puedes disfrutar de un gran mirador con el que observar toda la inmensidad del campo.<\/p>\n<p class=\"lead\"><a href=\"http:\/\/cazorla.es\/turismo\/wp-content\/uploads\/2017\/12\/pasoairePuertoPalomas.pdf\" target=\"_blank\">IM\u00c1GENES<\/a><\/p>\n<p>[\/et_pb_accordion_item]<\/p>\n<p>[\/et_pb_accordion][\/et_pb_column][et_pb_column type=\u00bb1_3&#8243;][et_pb_accordion admin_label=\u00bbAcorde\u00f3n\u00bb use_border_color=\u00bboff\u00bb border_color=\u00bb#ffffff\u00bb border_style=\u00bbsolid\u00bb]<\/p>\n<p>[et_pb_accordion_item title=\u00bbPaseo del Cerezuelo\u00bb]<\/p>\n<p class=\"lead\">El punto de partida estar\u00e1 cerca del Paseo del R\u00edo Cerezuelo, desde el recinto ferial de Cazorla, que tiene una entrada facilitada totalmente accesible..<\/p>\n<p class=\"lead\">Un paseo por el r\u00edo Cazorla, disfrutando de un gran ambiente..<\/p>\n<p class=\"lead\"><a href=\"http:\/\/cazorla.es\/turismo\/wp-content\/uploads\/2017\/12\/PuenteVillaRioPlazaStamaria.pdf\" target=\"_blank\">IM\u00c1GENES<\/a><\/p>\n<p>[\/et_pb_accordion_item][et_pb_accordion_item title=\u00bbR\u00edo Borosa Hasta Cerrada de El\u00edas\u00bb]<\/p>\n<p class=\"lead\">A-319 km 48,2<\/p>\n<p class=\"lead\">Disfruta de la frescura del majestuoso r\u00edo Borosa en combinaci\u00f3n con la plena naturaleza..<\/p>\n<p class=\"lead\">Paseo en silla hasta Cerrada de El\u00edas.<\/p>\n<p class=\"lead\"><a href=\"http:\/\/cazorla.es\/turismo\/wp-content\/uploads\/2017\/12\/RioBorosaCerradaElias.pdf\" target=\"_blank\">IM\u00c1GENES<\/a><\/p>\n<p>[\/et_pb_accordion_item]<\/p>\n<p>[\/et_pb_accordion][\/et_pb_column][\/et_pb_row][\/et_pb_section]<\/p>\n","protected":false},"excerpt":{"rendered":"<p>Rutas y Miradores Accesibles Acceso s\u00f3lo al mirador. \u00c1rea recreativa cercana con acceso. IM\u00c1GENES M\u00e1s informaci\u00f3n aqu\u00ed Punto al lado de Cerrada de Utrero. Ida y vuelta entre \u00e1rboles (500m). [&hellip;]<\/p>\n","protected":false},"author":2,"featured_media":0,"parent":0,"menu_order":0,"comment_status":"closed","ping_status":"closed","template":"","meta":{"_et_pb_use_builder":"on","_et_pb_old_content":"","_et_gb_content_width":"","footnotes":""},"class_list":["post-1942","page","type-page","status-publish","hentry"],"_links":{"self":[{"href":"https:\/\/cazorla.es\/turismo\/wp-json\/wp\/v2\/pages\/1942","targetHints":{"allow":["GET"]}}],"collection":[{"href":"https:\/\/cazorla.es\/turismo\/wp-json\/wp\/v2\/pages"}],"about":[{"href":"https:\/\/cazorla.es\/turismo\/wp-json\/wp\/v2\/types\/page"}],"author":[{"embeddable":true,"href":"https:\/\/cazorla.es\/turismo\/wp-json\/wp\/v2\/users\/2"}],"replies":[{"embeddable":true,"href":"https:\/\/cazorla.es\/turismo\/wp-json\/wp\/v2\/comments?post=1942"}],"version-history":[{"count":11,"href":"https:\/\/cazorla.es\/turismo\/wp-json\/wp\/v2\/pages\/1942\/revisions"}],"predecessor-version":[{"id":4140,"href":"https:\/\/cazorla.es\/turismo\/wp-json\/wp\/v2\/pages\/1942\/revisions\/4140"}],"wp:attachment":[{"href":"https:\/\/cazorla.es\/turismo\/wp-json\/wp\/v2\/media?parent=1942"}],"curies":[{"name":"wp","href":"https:\/\/api.w.org\/{rel}","templated":true}]}}