{"id":1946,"date":"2017-12-15T13:17:18","date_gmt":"2017-12-15T13:17:18","guid":{"rendered":"http:\/\/cazorla.es\/turismo\/?page_id=1946"},"modified":"2017-12-18T08:29:01","modified_gmt":"2017-12-18T08:29:01","slug":"accesibilidad-en-cazorla","status":"publish","type":"page","link":"https:\/\/cazorla.es\/turismo\/accesibilidad-en-cazorla\/","title":{"rendered":"Accesibilidad en Cazorla"},"content":{"rendered":"<p>[et_pb_section admin_label=\u00bbsection\u00bb][et_pb_row admin_label=\u00bbrow\u00bb][et_pb_column type=\u00bb4_4&#8243;][et_pb_text admin_label=\u00bbTexto\u00bb background_layout=\u00bblight\u00bb text_orientation=\u00bbleft\u00bb use_border_color=\u00bboff\u00bb border_color=\u00bb#ffffff\u00bb border_style=\u00bbsolid\u00bb]<\/p>\n<h1> Accesibilidad en Cazorla <\/h1>\n<p>[\/et_pb_text][\/et_pb_column][\/et_pb_row][et_pb_row admin_label=\u00bbFila\u00bb][et_pb_column type=\u00bb4_4&#8243;][et_pb_text admin_label=\u00bbTexto\u00bb background_layout=\u00bblight\u00bb text_orientation=\u00bbleft\u00bb use_border_color=\u00bboff\u00bb border_color=\u00bb#ffffff\u00bb border_style=\u00bbsolid\u00bb]<\/p>\n<p class=\"lead\">Podr\u00e1n encontrar im\u00e1genes en el PDF adjunto que hay en cada apartado.<\/p>\n<p>[\/et_pb_text][\/et_pb_column][\/et_pb_row][et_pb_row admin_label=\u00bbFila\u00bb][et_pb_column type=\u00bb1_3&#8243;][et_pb_accordion admin_label=\u00bbAcorde\u00f3n\u00bb use_border_color=\u00bboff\u00bb border_color=\u00bb#ffffff\u00bb border_style=\u00bbsolid\u00bb]<\/p>\n<p>[et_pb_accordion_item title=\u00bbAyuntamiento de Cazorla\u00bb]<\/p>\n<p class=\"lead\">23470 Cazorla Ja\u00e9n (Espa\u00f1a)<\/p>\n<p class=\"lead\">Entrada accesible en Plaza Francisco Mart\u00ednez<\/p>\n<p class=\"lead\"><a href=\"http:\/\/cazorla.es\/turismo\/wp-content\/uploads\/2017\/12\/ayuntamiento.pdf\" target=\"_blank\">DESCARGAR PDF<\/a><\/p>\n<p>[\/et_pb_accordion_item][et_pb_accordion_item title=\u00bbRuinas de Santa Mar\u00eda\u00bb]<\/p>\n<p class=\"lead\">23470 Cazorla Ja\u00e9n (Espa\u00f1a)<\/p>\n<\/p>\n<p class=\"lead\">Entrada accesible por Calle La Hoz 6<\/p>\n<p class=\"lead\"><a href=\"http:\/\/cazorla.es\/turismo\/wp-content\/uploads\/2017\/12\/ruinassantamaria.pdf\" target=\"_blank\">DESCARGAR PDF<\/a><\/p>\n<p>[\/et_pb_accordion_item][et_pb_accordion_item title=\u00bbPiscina  Municipal\u00bb]<\/p>\n<p class=\"lead\">Avda. Cronista Lorenzo Polaino 2<\/p>\n<p class=\"lead\">23470 Cazorla Ja\u00e9n (Espa\u00f1a)<\/p>\n<p class=\"lead\"><a href=\"http:\/\/cazorla.es\/turismo\/wp-content\/uploads\/2017\/12\/piscina.pdf\" target=\"_blank\">DESCARGAR PDF<\/a><\/p>\n<p>[\/et_pb_accordion_item]<\/p>\n<p>[\/et_pb_accordion][\/et_pb_column][et_pb_column type=\u00bb1_3&#8243;][et_pb_accordion admin_label=\u00bbAcorde\u00f3n\u00bb use_border_color=\u00bboff\u00bb border_color=\u00bb#ffffff\u00bb border_style=\u00bbsolid\u00bb]<\/p>\n<p>[et_pb_accordion_item title=\u00bbBiblioteca\u00bb]<\/p>\n<p class=\"lead\">Paseo del Santo Cristo 19<\/p>\n<p class=\"lead\">23470 Cazorla Ja\u00e9n (Espa\u00f1a)<\/p>\n<p class=\"lead\"><a href=\"http:\/\/cazorla.es\/turismo\/wp-content\/uploads\/2017\/12\/ba\u00f1osAscensorOrdenadorBibioteca.pdf\" target=\"_blank\">DESCARGAR PDF<\/a><\/p>\n<p>[\/et_pb_accordion_item][et_pb_accordion_item title=\u00bbBa\u00f1os Ayuntamiento\u00bb]<\/p>\n<p class=\"lead\">Plaza Francisco Mart\u00ednez<\/p>\n<p class=\"lead\">23470 Cazorla Ja\u00e9n (Espa\u00f1a)<\/p>\n<p class=\"lead\"><a href=\"http:\/\/cazorla.es\/turismo\/wp-content\/uploads\/2017\/12\/ba\u00f1osascensorayuntamiento.pdf\" target=\"_blank\">DESCARGAR PDF<\/a><\/p>\n<p>[\/et_pb_accordion_item]<\/p>\n<p>[\/et_pb_accordion][\/et_pb_column][et_pb_column type=\u00bb1_3&#8243;][et_pb_accordion admin_label=\u00bbAcorde\u00f3n\u00bb use_border_color=\u00bboff\u00bb border_color=\u00bb#ffffff\u00bb border_style=\u00bbsolid\u00bb]<\/p>\n<p>[et_pb_accordion_item title=\u00bbBa\u00f1os P\u00fablicos\u00bb]<\/p>\n<p class=\"lead\">Tejera, Cristo y Mercado de Abastos<\/p>\n<p class=\"lead\">23470 Cazorla Ja\u00e9n (Espa\u00f1a)<\/p>\n<p class=\"lead\"><a href=\"http:\/\/cazorla.es\/turismo\/wp-content\/uploads\/2017\/12\/ba\u00f1ospublicosmercadoCristoTejera.pdf\" target=\"_blank\">DESCARGAR PDF<\/a><\/p>\n<p>[\/et_pb_accordion_item][et_pb_accordion_item title=\u00bbEstaci\u00f3n de Autobuses y Conservatorio\u00bb]<\/p>\n<p class=\"lead\">Avda del Guadalquivir s\/n (Estaci\u00f3n) y C\/Carmen 15 (Conservatorio)<\/p>\n<p class=\"lead\">23470 Cazorla Ja\u00e9n (Espa\u00f1a)<\/p>\n<p class=\"lead\"><a href=\"http:\/\/cazorla.es\/turismo\/wp-content\/uploads\/2017\/12\/Estacionbusba\u00f1oyconservbatorio.pdf\" target=\"_blank\">DESCARGAR PDF<\/a><\/p>\n<p>[\/et_pb_accordion_item]<\/p>\n<p>[\/et_pb_accordion][\/et_pb_column][\/et_pb_row][\/et_pb_section]<\/p>\n","protected":false},"excerpt":{"rendered":"<p>Accesibilidad en Cazorla Podr\u00e1n encontrar im\u00e1genes en el PDF adjunto que hay en cada apartado. 23470 Cazorla Ja\u00e9n (Espa\u00f1a) Entrada accesible en Plaza Francisco Mart\u00ednez DESCARGAR PDF 23470 Cazorla Ja\u00e9n [&hellip;]<\/p>\n","protected":false},"author":2,"featured_media":0,"parent":0,"menu_order":0,"comment_status":"closed","ping_status":"closed","template":"","meta":{"_et_pb_use_builder":"on","_et_pb_old_content":"","_et_gb_content_width":"","footnotes":""},"class_list":["post-1946","page","type-page","status-publish","hentry"],"_links":{"self":[{"href":"https:\/\/cazorla.es\/turismo\/wp-json\/wp\/v2\/pages\/1946","targetHints":{"allow":["GET"]}}],"collection":[{"href":"https:\/\/cazorla.es\/turismo\/wp-json\/wp\/v2\/pages"}],"about":[{"href":"https:\/\/cazorla.es\/turismo\/wp-json\/wp\/v2\/types\/page"}],"author":[{"embeddable":true,"href":"https:\/\/cazorla.es\/turismo\/wp-json\/wp\/v2\/users\/2"}],"replies":[{"embeddable":true,"href":"https:\/\/cazorla.es\/turismo\/wp-json\/wp\/v2\/comments?post=1946"}],"version-history":[{"count":10,"href":"https:\/\/cazorla.es\/turismo\/wp-json\/wp\/v2\/pages\/1946\/revisions"}],"predecessor-version":[{"id":1968,"href":"https:\/\/cazorla.es\/turismo\/wp-json\/wp\/v2\/pages\/1946\/revisions\/1968"}],"wp:attachment":[{"href":"https:\/\/cazorla.es\/turismo\/wp-json\/wp\/v2\/media?parent=1946"}],"curies":[{"name":"wp","href":"https:\/\/api.w.org\/{rel}","templated":true}]}}