{"id":1982,"date":"2017-12-18T10:55:28","date_gmt":"2017-12-18T10:55:28","guid":{"rendered":"http:\/\/cazorla.es\/turismo\/?page_id=1982"},"modified":"2018-01-10T13:25:19","modified_gmt":"2018-01-10T13:25:19","slug":"centro-tematico-frondosa-naturaleza","status":"publish","type":"page","link":"https:\/\/cazorla.es\/turismo\/centro-tematico-frondosa-naturaleza\/","title":{"rendered":"Centro Tem\u00e1tico Frondosa Naturaleza"},"content":{"rendered":"<p>[et_pb_section admin_label=\u00bbsection\u00bb][et_pb_row admin_label=\u00bbrow\u00bb][et_pb_column type=\u00bb4_4&#8243;][et_pb_text admin_label=\u00bbTexto\u00bb background_layout=\u00bblight\u00bb text_orientation=\u00bbleft\u00bb use_border_color=\u00bboff\u00bb border_color=\u00bb#ffffff\u00bb border_style=\u00bbsolid\u00bb]<\/p>\n<h1> Centro Tem\u00e1tico Frondosa Naturaleza <\/h1>\n<p>[\/et_pb_text][\/et_pb_column][\/et_pb_row][et_pb_row admin_label=\u00bbFila\u00bb][et_pb_column type=\u00bb1_2&#8243;][et_pb_text admin_label=\u00bbTexto\u00bb background_layout=\u00bblight\u00bb text_orientation=\u00bbleft\u00bb use_border_color=\u00bboff\u00bb border_color=\u00bb#ffffff\u00bb border_style=\u00bbsolid\u00bb]<\/p>\n<p class=\"lead\">La Casa de La Luz es el centro de interpretaci\u00f3n de Cazorla que te abre las puertas a los paisajes, fauna, flora, rutas, historia, etnolog\u00eda, cultura de Cazorla y<br \/>\nsu parque natural. Agua y cielo infinitas, un mill\u00f3n de \u00e1rboles, rincones de magia, prehistoria, historia y presente para sorprenderte a todos los que nos visitan.<br \/>\nAdem\u00e1s, en la Casa de La Luz, atendemos al viajero ayund\u00e1ndole a recabar toda la informaci\u00f3n necesaria para su aventura en Cazorla. <\/p>\n<p>[\/et_pb_text][\/et_pb_column][et_pb_column type=\u00bb1_2&#8243;][et_pb_image admin_label=\u00bbImagen\u00bb src=\u00bbhttp:\/\/cazorla.es\/turismo\/wp-content\/uploads\/2017\/12\/centrofrondosanaturaleza-3.jpg\u00bb show_in_lightbox=\u00bboff\u00bb url_new_window=\u00bboff\u00bb use_overlay=\u00bboff\u00bb animation=\u00bbleft\u00bb sticky=\u00bboff\u00bb align=\u00bbleft\u00bb force_fullwidth=\u00bboff\u00bb always_center_on_mobile=\u00bbon\u00bb use_border_color=\u00bboff\u00bb border_color=\u00bb#ffffff\u00bb border_style=\u00bbsolid\u00bb]<\/p>\n<p>[\/et_pb_image][\/et_pb_column][\/et_pb_row][et_pb_row admin_label=\u00bbFila\u00bb][et_pb_column type=\u00bb1_2&#8243;][et_pb_image admin_label=\u00bbImagen\u00bb src=\u00bbhttp:\/\/cazorla.es\/turismo\/wp-content\/uploads\/2017\/12\/centrofrondosanaturaleza-4.jpg\u00bb show_in_lightbox=\u00bboff\u00bb url_new_window=\u00bboff\u00bb use_overlay=\u00bboff\u00bb animation=\u00bbleft\u00bb sticky=\u00bboff\u00bb align=\u00bbleft\u00bb force_fullwidth=\u00bboff\u00bb always_center_on_mobile=\u00bbon\u00bb use_border_color=\u00bboff\u00bb border_color=\u00bb#ffffff\u00bb border_style=\u00bbsolid\u00bb]<\/p>\n<p>[\/et_pb_image][\/et_pb_column][et_pb_column type=\u00bb1_2&#8243;][et_pb_text admin_label=\u00bbTexto\u00bb background_layout=\u00bblight\u00bb text_orientation=\u00bbleft\u00bb use_border_color=\u00bboff\u00bb border_color=\u00bb#ffffff\u00bb border_style=\u00bbsolid\u00bb]<\/p>\n<p class=\"lead\">El mayor espacio protegido de Espa\u00f1a, el segundo en tama\u00f1o despu\u00e9s de la Selva Negra. Estas sierras fueron declaradas provincia mar\u00edtica en 1748, Coto Nacional de Caza en 1960, en 1983 Reserva de la Biosfera por la UNESCO, Parque Natural en 1986, Zona de Especial Protecci\u00f3n para las Aves desde 1988, Lugar de Importacia Comunitaria desde 2008, Patrimonio de la Humanidad junto a la adhesi\u00f3n de la Carta Europea de Turismo Sostenible de EUROPARC en 2004, Reserva Andaluza de Caza&#8230; Cient\u00edficos y gestores de \u00e1mbitos de la biolog\u00eda, la historia y lo social han sabido encontrar mucho de especial en este enclave y Joaqu\u00edn Ara\u00fajo quiso digerir la ciencia y divulgar su mensaje, como ha sido siempre su objetivo vital, en una exposici\u00f3n itinerante, que visitaron m\u00e1s de 180.000 personas en distintas provincias de Espa\u00f1a. <\/p>\n<p>[\/et_pb_text][\/et_pb_column][\/et_pb_row][et_pb_row admin_label=\u00bbFila\u00bb][et_pb_column type=\u00bb1_2&#8243;][et_pb_text admin_label=\u00bbTexto\u00bb background_layout=\u00bblight\u00bb text_orientation=\u00bbleft\u00bb use_border_color=\u00bboff\u00bb border_color=\u00bb#ffffff\u00bb border_style=\u00bbsolid\u00bb]<\/p>\n<p class=\"lead\">Bajo Tus Pies, pretende acercar los tesoros escondidos del subsuelo a todos nuestros visitantes. En esta exposici\u00f3n descubrir\u00e1 como se formaron nuestras monta\u00f1as y que procesos hacen nacer a una cueva, cuales crecer y transformarse, y cuales morir. Tambi\u00e9n, sobre los \u00faltimos datos cient\u00edficos que disponemos, contamos c\u00f3mo, a veces, la vida consigue colonizar estos lugares, recreando un ecosistema natural real en el que podr\u00e1 observarse una mezcla de r\u00e9plicas sint\u00e9ticas,<br \/>\ncon plantas de cueva reales. Estalactitas, estalagmitas, los restos del \u00faltimo oso de Cazorla, un v\u00eddeo de un pez end\u00e9mico de la Pen\u00ednsula Ib\u00e9rica descubierto en una cueva del Parque cuando ya comenzaba a formar una nueva especie adaptada a la oscuridad de la caverna, una reproducci\u00f3n enorme de un escarbajo que solamente vive en otra cueva del Parque. <\/p>\n<p>[\/et_pb_text][\/et_pb_column][et_pb_column type=\u00bb1_2&#8243;][et_pb_image admin_label=\u00bbImagen\u00bb src=\u00bbhttp:\/\/cazorla.es\/turismo\/wp-content\/uploads\/2017\/12\/centrofrondosanaturaleza-4.jpg\u00bb show_in_lightbox=\u00bboff\u00bb url_new_window=\u00bboff\u00bb use_overlay=\u00bboff\u00bb animation=\u00bbleft\u00bb sticky=\u00bboff\u00bb align=\u00bbleft\u00bb force_fullwidth=\u00bboff\u00bb always_center_on_mobile=\u00bbon\u00bb use_border_color=\u00bboff\u00bb border_color=\u00bb#ffffff\u00bb border_style=\u00bbsolid\u00bb]<\/p>\n<p>[\/et_pb_image][\/et_pb_column][\/et_pb_row][et_pb_row admin_label=\u00bbFila\u00bb][et_pb_column type=\u00bb1_2&#8243;][et_pb_image admin_label=\u00bbImagen\u00bb src=\u00bbhttp:\/\/cazorla.es\/turismo\/wp-content\/uploads\/2017\/12\/centrofrondosanaturaleza-4.jpg\u00bb show_in_lightbox=\u00bboff\u00bb url_new_window=\u00bboff\u00bb use_overlay=\u00bboff\u00bb animation=\u00bbleft\u00bb sticky=\u00bboff\u00bb align=\u00bbleft\u00bb force_fullwidth=\u00bboff\u00bb always_center_on_mobile=\u00bbon\u00bb use_border_color=\u00bboff\u00bb border_color=\u00bb#ffffff\u00bb border_style=\u00bbsolid\u00bb]<\/p>\n<p>[\/et_pb_image][\/et_pb_column][et_pb_column type=\u00bb1_2&#8243;][et_pb_text admin_label=\u00bbTexto\u00bb background_layout=\u00bblight\u00bb text_orientation=\u00bbleft\u00bb use_border_color=\u00bboff\u00bb border_color=\u00bb#ffffff\u00bb border_style=\u00bbsolid\u00bb]<\/p>\n<p class=\"lead\">La Ciencia avanza a la velocidad que se arrastra un espele\u00f3logo por barros, pasadizos y pozos. Las muestras que toman deparan nuevos descubrimientos al bi\u00f3logo-espele\u00f3logo. En las cuevas del Parque Natural de Cazorla, Segura y las Villas no paran de darse sorpresas para la biolog\u00eda, y de describirse nuevas especies para la ciencia.<br \/>\nMuchas veces esas especies ser\u00e1n \u00fanicas de una comarca, de una cueva. Dar a conocer estas riquezas no puede costar m\u00e1s que descubrirlas.<br \/>\nEse es el objetivo de esta sala expositiva de Frondosa Naturaleza, en Cazorla, descubrirte lo que tienes Bajo Tus Pies. <\/p>\n<p>[\/et_pb_text][\/et_pb_column][\/et_pb_row][et_pb_row admin_label=\u00bbFila\u00bb][et_pb_column type=\u00bb1_2&#8243;][et_pb_text admin_label=\u00bbTexto\u00bb background_layout=\u00bblight\u00bb text_orientation=\u00bbleft\u00bb use_border_color=\u00bboff\u00bb border_color=\u00bb#ffffff\u00bb border_style=\u00bbsolid\u00bb]<\/p>\n<p class=\"lead\">Un viejo molino restuarado, 200 a\u00f1os haciendo harina. Una antigua hidrol\u00e9ctrica, 50 a\u00f1os dando luz. Un proyecto de futuro, contando al viajero qu\u00e9 puede ver en la<br \/>\nsierra, qu\u00e9 puede vivir en su viaje. El Museo del Molino Harinero con esa maquinaria sorprendentemente avanzada, en madera y piedra, de un molino que hoy muele curiosidad y produce ganas de conocer Cazorla, de estar en Cazorla.<br \/>\nCaminando por las viejas estancias restauradas por las que el molinero y su familia trabajaban d\u00eda a d\u00eda con la eterna m\u00fasica de fondo del girar de las piedras,<br \/>\naprender\u00e1s c\u00f3mo viv\u00edan nuestros abuelos de los frutos de la campi\u00f1a. Trigo, almortas, habas o garbanzos llegan aqu\u00ed para transformarse en harinas para finas reposter\u00edas, potajes y panes, migas serranas o piensos para el ganado. Mirar atr\u00e1s c\u00f3mo funcionaba una econom\u00eda tan arcaica como la condici\u00f3n humana, tan actual como la condici\u00f3n humana, trueques de maquilas, regateos, especulaci\u00f3n y competencia, utilizando medidas &#8211; fanegas, celemines, cuartillos &#8211; m\u00e1s o menos  normalizadas, m\u00e1s o menos trucadas.<br \/>\nHoy proyecciones 3D, pantallas t\u00e1ctiles, programas interactivos y, sobre todo, el trabajo de nuestros gu\u00edas&#8230; Y el Molino y sus fantasmas. <\/p>\n<p class=\"lead\"> Podr\u00e1n ver la localizaci\u00f3n de esta Iglesia en el Callejero de Cazorla pulsando <a href=\"http:\/\/cazorla.es\/turismo\/wp-content\/uploads\/2018\/01\/CALLEJEROCAZORLA2017.pdf\"target=\"_blank\">aqu\u00ed.<\/a> <\/p>\n<p>[\/et_pb_text][\/et_pb_column][et_pb_column type=\u00bb1_2&#8243;][et_pb_image admin_label=\u00bbImagen\u00bb src=\u00bbhttp:\/\/cazorla.es\/turismo\/wp-content\/uploads\/2017\/12\/centrofrondosanaturaleza-6.jpg\u00bb show_in_lightbox=\u00bboff\u00bb url_new_window=\u00bboff\u00bb use_overlay=\u00bboff\u00bb animation=\u00bbleft\u00bb sticky=\u00bboff\u00bb align=\u00bbleft\u00bb force_fullwidth=\u00bboff\u00bb always_center_on_mobile=\u00bbon\u00bb use_border_color=\u00bboff\u00bb border_color=\u00bb#ffffff\u00bb border_style=\u00bbsolid\u00bb]<\/p>\n<p>[\/et_pb_image][\/et_pb_column][\/et_pb_row][et_pb_row admin_label=\u00bbFila\u00bb][et_pb_column type=\u00bb1_2&#8243;][et_pb_image admin_label=\u00bbImagen\u00bb src=\u00bbhttp:\/\/cazorla.es\/turismo\/wp-content\/uploads\/2017\/11\/horario.jpg\u00bb show_in_lightbox=\u00bboff\u00bb url_new_window=\u00bboff\u00bb use_overlay=\u00bboff\u00bb animation=\u00bbleft\u00bb sticky=\u00bboff\u00bb align=\u00bbleft\u00bb force_fullwidth=\u00bboff\u00bb always_center_on_mobile=\u00bbon\u00bb use_border_color=\u00bboff\u00bb border_color=\u00bb#ffffff\u00bb border_style=\u00bbsolid\u00bb]<\/p>\n<p>[\/et_pb_image][\/et_pb_column][et_pb_column type=\u00bb1_2&#8243;][et_pb_text admin_label=\u00bbTexto\u00bb background_layout=\u00bblight\u00bb text_orientation=\u00bbleft\u00bb use_border_color=\u00bboff\u00bb border_color=\u00bb#ffffff\u00bb border_style=\u00bbsolid\u00bb]<\/p>\n<h2> Informaci\u00f3n de Inter\u00e9s<\/h2>\n<p class=\"lead\"> <b>Direcci\u00f3n:<\/b> C\/ Camino del Angel, 7-9. Cazorla <\/p>\n<p class=\"lead\"> <b>Correo:<\/b> info@almagaia.es <\/p>\n<p class=\"lead\"><b>Tel\u00e9fono:<\/b> 953 72 13 30 &#8211; 689 19 36 66 <\/p>\n<p class=\"lead\"><b>Horarios y Visitas:<\/b> Abierto todos los d\u00edas. <\/p>\n<p class=\"lead\">  <b>Horario Invierno:<\/b><br \/>\n   &#8211; De 10:30 a 13:30 horas.<br \/>\n   &#8211; Y de 16:00 a 19:00 horas.<br \/>\n <b> Horario Verano: <\/b><br \/>\n   &#8211; De 10:30 a 13:30 horas.<br \/>\n   &#8211; Y de 18:00 a 21:00 horas.<br \/>\n   <b>Precios: <\/b><br \/>\n  &#8211; Entrada general: 2 \u20ac<br \/>\n  &#8211; Jubilados, personas con discapacidad y escolares de la zona: 1 \u20ac.<br \/>\n  &#8211; Consultar precio para grupos mayores de 10 personas.<br \/>\nAdaptado para personas con movilidad reducida<\/p>\n<p>[\/et_pb_text][\/et_pb_column][\/et_pb_row][\/et_pb_section]<\/p>\n","protected":false},"excerpt":{"rendered":"<p>Centro Tem\u00e1tico Frondosa Naturaleza La Casa de La Luz es el centro de interpretaci\u00f3n de Cazorla que te abre las puertas a los paisajes, fauna, flora, rutas, historia, etnolog\u00eda, cultura [&hellip;]<\/p>\n","protected":false},"author":2,"featured_media":0,"parent":0,"menu_order":0,"comment_status":"closed","ping_status":"closed","template":"","meta":{"_et_pb_use_builder":"on","_et_pb_old_content":"","_et_gb_content_width":"","footnotes":""},"class_list":["post-1982","page","type-page","status-publish","hentry"],"_links":{"self":[{"href":"https:\/\/cazorla.es\/turismo\/wp-json\/wp\/v2\/pages\/1982","targetHints":{"allow":["GET"]}}],"collection":[{"href":"https:\/\/cazorla.es\/turismo\/wp-json\/wp\/v2\/pages"}],"about":[{"href":"https:\/\/cazorla.es\/turismo\/wp-json\/wp\/v2\/types\/page"}],"author":[{"embeddable":true,"href":"https:\/\/cazorla.es\/turismo\/wp-json\/wp\/v2\/users\/2"}],"replies":[{"embeddable":true,"href":"https:\/\/cazorla.es\/turismo\/wp-json\/wp\/v2\/comments?post=1982"}],"version-history":[{"count":11,"href":"https:\/\/cazorla.es\/turismo\/wp-json\/wp\/v2\/pages\/1982\/revisions"}],"predecessor-version":[{"id":2589,"href":"https:\/\/cazorla.es\/turismo\/wp-json\/wp\/v2\/pages\/1982\/revisions\/2589"}],"wp:attachment":[{"href":"https:\/\/cazorla.es\/turismo\/wp-json\/wp\/v2\/media?parent=1982"}],"curies":[{"name":"wp","href":"https:\/\/api.w.org\/{rel}","templated":true}]}}