{"id":2055,"date":"2017-12-20T07:36:32","date_gmt":"2017-12-20T07:36:32","guid":{"rendered":"http:\/\/cazorla.es\/turismo\/?page_id=2055"},"modified":"2017-12-20T13:48:18","modified_gmt":"2017-12-20T13:48:18","slug":"iglesias-museos-y-monumentos-accesibles","status":"publish","type":"page","link":"https:\/\/cazorla.es\/turismo\/iglesias-museos-y-monumentos-accesibles\/","title":{"rendered":"Iglesias, Museos y Monumentos Accesibles"},"content":{"rendered":"<p>[et_pb_section admin_label=\u00bbsection\u00bb][et_pb_row admin_label=\u00bbrow\u00bb][et_pb_column type=\u00bb4_4&#8243;][et_pb_text admin_label=\u00bbTexto\u00bb background_layout=\u00bblight\u00bb text_orientation=\u00bbleft\u00bb use_border_color=\u00bboff\u00bb border_color=\u00bb#ffffff\u00bb border_style=\u00bbsolid\u00bb]<\/p>\n<h1> Iglesias, Museos y Monumentos Accesibles <\/h1>\n<p class=\"lead\"> El municipio cuenta con un gran patrimonio entre el que destacan Iglesias, Museos y Monumentos pero no todos disponen de accesibilidad en su totalidad ya que su acceso no est\u00e1 adaptado para que personas con discapacidad puedan visitar su interior, a trav\u00e9s de los siguientes enlaces tendr\u00e1n informaci\u00f3n sobre estas, que no obstante podr\u00e1n ser visitadas l\u00f3gicamente, aunque sea exteriormente. <\/p>\n<p class=\"lead\">ENLACES: <a href=\"http:\/\/cazorla.es\/turismo\/iglesias-y-ermitas\/\" target=\"_blank\">Iglesias <\/a>, <a href=\"http:\/\/cazorla.es\/turismo\/museos\/\" target=\"_blank\"> Museos <\/a> y <a href=\"http:\/\/cazorla.es\/turismo\/monumentos\/\" target=\"_blank\"> Monumentos <\/a>  <\/p>\n<p class=\"lead\"> Las siguientes Iglesias, Museos y Monumentos que se muestran a continuaci\u00f3n son totalmente accesibles. <\/p>\n<p>[\/et_pb_text][\/et_pb_column][\/et_pb_row][et_pb_row admin_label=\u00bbFila\u00bb][et_pb_column type=\u00bb1_2&#8243;][et_pb_text admin_label=\u00bbTexto\u00bb background_layout=\u00bblight\u00bb text_orientation=\u00bbleft\u00bb use_border_color=\u00bboff\u00bb border_color=\u00bb#ffffff\u00bb border_style=\u00bbsolid\u00bb]<\/p>\n<h2 class=\"section-heading\"> <a href=\"http:\/\/cazorla.es\/turismo\/castillo-de-la-yedra\/\" target=\"_blank\">Castillo de la Yedra<\/a><\/h2>\n<p class=\"lead\"> Solo Accesible la Primera Planta. <\/p>\n<p class=\"lead\"> Camino del \u00c1ngel s\/n <\/p>\n<p class=\"lead\"> En el t\u00edtulo de cada una de las secciones, encontrar\u00e1n informaci\u00f3n m\u00e1s detallada.<\/p>\n<p>[\/et_pb_text][\/et_pb_column][et_pb_column type=\u00bb1_2&#8243;][et_pb_cta admin_label=\u00bbLlamada a la acci\u00f3n\u00bb url_new_window=\u00bbon\u00bb button_text=\u00bbCastillo de la Yedra\u00bb use_background_color=\u00bbon\u00bb background_color=\u00bb#cc8d2e\u00bb background_layout=\u00bbdark\u00bb text_orientation=\u00bbcenter\u00bb use_border_color=\u00bboff\u00bb border_color=\u00bb#ffffff\u00bb border_style=\u00bbsolid\u00bb custom_button=\u00bboff\u00bb button_letter_spacing=\u00bb0&#8243; button_use_icon=\u00bbdefault\u00bb button_icon_placement=\u00bbright\u00bb button_on_hover=\u00bbon\u00bb button_letter_spacing_hover=\u00bb0&#8243; button_url=\u00bbhttp:\/\/cazorla.es\/turismo\/wp-content\/uploads\/2017\/12\/castilloyedradiscapacitados.pdf\u00bb]<\/p>\n<p> Im\u00e1genes de Accesibilidad <\/p>\n<p>[\/et_pb_cta][\/et_pb_column][\/et_pb_row][et_pb_row admin_label=\u00bbFila\u00bb][et_pb_column type=\u00bb1_2&#8243;][et_pb_cta admin_label=\u00bbLlamada a la acci\u00f3n\u00bb button_url=\u00bbhttp:\/\/cazorla.es\/turismo\/wp-content\/uploads\/2017\/12\/frondosanaturalezadiscapacitados.pdf\u00bb url_new_window=\u00bbon\u00bb button_text=\u00bbCentro Tem\u00e1tico %22Frondosa Naturaleza%22&#8243; use_background_color=\u00bbon\u00bb background_color=\u00bb#1d6fb7&#8243; background_layout=\u00bbdark\u00bb text_orientation=\u00bbcenter\u00bb use_border_color=\u00bboff\u00bb border_color=\u00bb#ffffff\u00bb border_style=\u00bbsolid\u00bb custom_button=\u00bboff\u00bb button_letter_spacing=\u00bb0&#8243; button_use_icon=\u00bbdefault\u00bb button_icon_placement=\u00bbright\u00bb button_on_hover=\u00bbon\u00bb button_letter_spacing_hover=\u00bb0&#8243;]<\/p>\n<p> Im\u00e1genes de Accesibilidad <\/p>\n<p>[\/et_pb_cta][\/et_pb_column][et_pb_column type=\u00bb1_2&#8243;][et_pb_text admin_label=\u00bbTexto\u00bb background_layout=\u00bblight\u00bb text_orientation=\u00bbleft\u00bb use_border_color=\u00bboff\u00bb border_color=\u00bb#ffffff\u00bb border_style=\u00bbsolid\u00bb]<\/p>\n<h2 class=\"section-heading\"><a href=\"http:\/\/cazorla.es\/turismo\/centro-tematico-frondosa-naturaleza\/\" target=\"_blank\">Centro Tem\u00e1tico Frondosa Naturaleza<\/a><\/h2>\n<p class=\"lead\">Accesible solamente la primera planta<\/p>\n<p class=\"lead\">Camino del \u00c1ngel 7<\/p>\n<p class=\"lead\"> En el t\u00edtulo de cada una de las secciones, encontrar\u00e1n informaci\u00f3n m\u00e1s detallada.<\/p>\n<p>[\/et_pb_text][\/et_pb_column][\/et_pb_row][et_pb_row admin_label=\u00bbFila\u00bb][et_pb_column type=\u00bb1_2&#8243;][et_pb_text admin_label=\u00bbTexto\u00bb background_layout=\u00bblight\u00bb text_orientation=\u00bbleft\u00bb use_border_color=\u00bboff\u00bb border_color=\u00bb#ffffff\u00bb border_style=\u00bbsolid\u00bb]<\/p>\n<h2 class=\"section-heading\"><a href=\"http:\/\/cazorla.es\/turismo\/jardin-botanico-torre-del-vinagre\/\" target=\"_blank\">Jard\u00edn Bot\u00e1nico Torre del Vinagre<\/a><\/h2>\n<p class=\"lead\">Pulse <a href=\"http:\/\/cazorla.es\/turismo\/wp-content\/uploads\/2017\/12\/informacionjardinbotanicodiscapacitados.pdf\" target=\"_blank\">aqu\u00ed <\/a> para m\u00e1s informaci\u00f3n<\/p>\n<p class=\"lead\"> Ctra. del Tranco (A-319) km. 48,8 (Ja\u00e9n) <\/p>\n<p class=\"lead\"> En el t\u00edtulo de cada una de las secciones, encontrar\u00e1n informaci\u00f3n m\u00e1s detallada.<\/p>\n<p>[\/et_pb_text][\/et_pb_column][et_pb_column type=\u00bb1_2&#8243;][et_pb_cta admin_label=\u00bbLlamada a la acci\u00f3n\u00bb button_url=\u00bbhttp:\/\/cazorla.es\/turismo\/wp-content\/uploads\/2017\/12\/jardinbotanicotorrevinagrediscapacitados.pdf\u00bb url_new_window=\u00bbon\u00bb button_text=\u00bbJard\u00edn Bot\u00e1nico Torre del Vinagre\u00bb use_background_color=\u00bbon\u00bb background_color=\u00bb#6ac13c\u00bb background_layout=\u00bbdark\u00bb text_orientation=\u00bbcenter\u00bb use_border_color=\u00bboff\u00bb border_color=\u00bb#ffffff\u00bb border_style=\u00bbsolid\u00bb custom_button=\u00bboff\u00bb button_letter_spacing=\u00bb0&#8243; button_use_icon=\u00bbdefault\u00bb button_icon_placement=\u00bbright\u00bb button_on_hover=\u00bbon\u00bb button_letter_spacing_hover=\u00bb0&#8243;]<\/p>\n<p> Im\u00e1genes de Accesibilidad <\/p>\n<p>[\/et_pb_cta][\/et_pb_column][\/et_pb_row][et_pb_row admin_label=\u00bbFila\u00bb][et_pb_column type=\u00bb1_2&#8243;][et_pb_cta admin_label=\u00bbLlamada a la acci\u00f3n\u00bb button_url=\u00bbhttp:\/\/cazorla.es\/turismo\/wp-content\/uploads\/2017\/12\/torrevinagrediscapacitados.pdf\u00bb url_new_window=\u00bbon\u00bb button_text=\u00bbCentro de Visitantes Torre del Vinagre\u00bb use_background_color=\u00bbon\u00bb background_color=\u00bb#046370&#8243; background_layout=\u00bbdark\u00bb text_orientation=\u00bbcenter\u00bb use_border_color=\u00bboff\u00bb border_color=\u00bb#ffffff\u00bb border_style=\u00bbsolid\u00bb custom_button=\u00bboff\u00bb button_letter_spacing=\u00bb0&#8243; button_use_icon=\u00bbdefault\u00bb button_icon_placement=\u00bbright\u00bb button_on_hover=\u00bbon\u00bb button_letter_spacing_hover=\u00bb0&#8243;]<\/p>\n<p> Im\u00e1genes de Accesibilidad <\/p>\n<p>[\/et_pb_cta][\/et_pb_column][et_pb_column type=\u00bb1_2&#8243;][et_pb_text admin_label=\u00bbTexto\u00bb background_layout=\u00bblight\u00bb text_orientation=\u00bbleft\u00bb use_border_color=\u00bboff\u00bb border_color=\u00bb#ffffff\u00bb border_style=\u00bbsolid\u00bb]<\/p>\n<h2 class=\"section-heading\"><a href=\"http:\/\/cazorla.es\/turismo\/centro-de-visitantes-torre-del-vinagre\/\" target=\"_blank\">Centro de Visitantes Torre del Vinagre<\/a><\/h2>\n<p class=\"lead\">Pulse <a href=\"http:\/\/cazorla.es\/turismo\/wp-content\/uploads\/2017\/12\/informacionjardinbotanicodiscapacitados.pdf\" target=\"_blank\">aqu\u00ed <\/a> para m\u00e1s informaci\u00f3n<\/p>\n<p class=\"lead\"> Ctra. del Tranco (A-319) km. 48,8 (Ja\u00e9n) <\/p>\n<p class=\"lead\"> En el t\u00edtulo de cada una de las secciones, encontrar\u00e1n informaci\u00f3n m\u00e1s detallada.<\/p>\n<p>[\/et_pb_text][\/et_pb_column][\/et_pb_row][et_pb_row admin_label=\u00bbFila\u00bb][et_pb_column type=\u00bb1_2&#8243;][et_pb_text admin_label=\u00bbTexto\u00bb background_layout=\u00bblight\u00bb text_orientation=\u00bbleft\u00bb use_border_color=\u00bboff\u00bb border_color=\u00bb#ffffff\u00bb border_style=\u00bbsolid\u00bb]<\/p>\n<h2 class=\"section-heading\"><a href=\"http:\/\/cazorla.es\/turismo\/iglesia-de-san-jose\/\" target=\"_blank\">Iglesia de San Jos\u00e9<\/a><\/h2>\n<p class=\"lead\"> Tiene Acceso al interior<\/p>\n<p class=\"lead\"> Plaza de la Corredera 2-4 <\/p>\n<p class=\"lead\"> En el t\u00edtulo de cada una de las secciones, encontrar\u00e1n informaci\u00f3n m\u00e1s detallada.<\/p>\n<p>[\/et_pb_text][\/et_pb_column][et_pb_column type=\u00bb1_2&#8243;][et_pb_cta admin_label=\u00bbLlamada a la acci\u00f3n\u00bb button_url=\u00bbhttp:\/\/cazorla.es\/turismo\/wp-content\/uploads\/2017\/12\/iglesiasanjosediscapacidatos.pdf\u00bb url_new_window=\u00bbon\u00bb button_text=\u00bbIglesia de San Jos\u00e9\u00bb use_background_color=\u00bbon\u00bb background_color=\u00bb#cc782e\u00bb background_layout=\u00bbdark\u00bb text_orientation=\u00bbcenter\u00bb use_border_color=\u00bboff\u00bb border_color=\u00bb#ffffff\u00bb border_style=\u00bbsolid\u00bb custom_button=\u00bboff\u00bb button_letter_spacing=\u00bb0&#8243; button_use_icon=\u00bbdefault\u00bb button_icon_placement=\u00bbright\u00bb button_on_hover=\u00bbon\u00bb button_letter_spacing_hover=\u00bb0&#8243;]<\/p>\n<p> Im\u00e1genes de Accesibilidad <\/p>\n<p>[\/et_pb_cta][\/et_pb_column][\/et_pb_row][et_pb_row admin_label=\u00bbFila\u00bb][et_pb_column type=\u00bb1_2&#8243;][et_pb_cta admin_label=\u00bbLlamada a la acci\u00f3n\u00bb button_url=\u00bbhttp:\/\/cazorla.es\/turismo\/wp-content\/uploads\/2017\/12\/sanfranciscodiscapacitados.pdf\u00bb url_new_window=\u00bbon\u00bb button_text=\u00bbIglesia de San Francisco\u00bb use_background_color=\u00bbon\u00bb background_color=\u00bb#56b237&#8243; background_layout=\u00bbdark\u00bb text_orientation=\u00bbcenter\u00bb use_border_color=\u00bboff\u00bb border_color=\u00bb#ffffff\u00bb border_style=\u00bbsolid\u00bb custom_button=\u00bboff\u00bb button_letter_spacing=\u00bb0&#8243; button_use_icon=\u00bbdefault\u00bb button_icon_placement=\u00bbright\u00bb button_on_hover=\u00bbon\u00bb button_letter_spacing_hover=\u00bb0&#8243;]<\/p>\n<p> Im\u00e1genes de Accesibilidad <\/p>\n<p>[\/et_pb_cta][\/et_pb_column][et_pb_column type=\u00bb1_2&#8243;][et_pb_text admin_label=\u00bbTexto\u00bb background_layout=\u00bblight\u00bb text_orientation=\u00bbleft\u00bb use_border_color=\u00bboff\u00bb border_color=\u00bb#ffffff\u00bb border_style=\u00bbsolid\u00bb]<\/p>\n<h2 class=\"section-heading\"><a href=\"http:\/\/cazorla.es\/turismo\/iglesia-de-san-francisco\/\" target=\"_blank\">Iglesia de San Francisco<\/a><\/h2>\n<p class=\"lead\">Tiene Acceso al interior<\/p>\n<p class=\"lead\"> C\/San Francisco 15-17 <\/p>\n<p class=\"lead\"> En el t\u00edtulo de cada una de las secciones, encontrar\u00e1n informaci\u00f3n m\u00e1s detallada.<\/p>\n<p>[\/et_pb_text][\/et_pb_column][\/et_pb_row][et_pb_row admin_label=\u00bbFila\u00bb][et_pb_column type=\u00bb1_2&#8243;][et_pb_text admin_label=\u00bbTexto\u00bb background_layout=\u00bblight\u00bb text_orientation=\u00bbleft\u00bb use_border_color=\u00bboff\u00bb border_color=\u00bb#ffffff\u00bb border_style=\u00bbsolid\u00bb]<\/p>\n<h2 class=\"section-heading\"><a href=\"http:\/\/cazorla.es\/turismo\/ruinas-de-santa-maria\/\" target=\"_blank\">Ruinas de Santa Mar\u00eda<\/a><\/h2>\n<p class=\"lead\">Para visitar el monumento de Las Ruinas de Santa Mar\u00eda, la accesibilidad se encuentra por la calle La Hoz, donde se ha construido una plataforma para facilitar el acceso a las mismas, donde en su interior se encuentra la Oficina de Turismo.<\/p>\n<p class=\"lead\"> C\/La Hoz 6 <\/p>\n<p class=\"lead\"> En el t\u00edtulo de cada una de las secciones, encontrar\u00e1n informaci\u00f3n m\u00e1s detallada.<\/p>\n<p>[\/et_pb_text][\/et_pb_column][et_pb_column type=\u00bb1_2&#8243;][et_pb_cta admin_label=\u00bbLlamada a la acci\u00f3n\u00bb button_url=\u00bbhttp:\/\/cazorla.es\/turismo\/wp-content\/uploads\/2017\/12\/ruinassantamariadiscapacitados.pdf\u00bb url_new_window=\u00bboff\u00bb button_text=\u00bbRuinas de Santa Mar\u00eda\u00bb use_background_color=\u00bbon\u00bb background_color=\u00bb#00095e\u00bb background_layout=\u00bbdark\u00bb text_orientation=\u00bbcenter\u00bb use_border_color=\u00bboff\u00bb border_color=\u00bb#ffffff\u00bb border_style=\u00bbsolid\u00bb custom_button=\u00bboff\u00bb button_letter_spacing=\u00bb0&#8243; button_use_icon=\u00bbdefault\u00bb button_icon_placement=\u00bbright\u00bb button_on_hover=\u00bbon\u00bb button_letter_spacing_hover=\u00bb0&#8243;]<\/p>\n<p> Im\u00e1genes de Accesibilidad <\/p>\n<p>[\/et_pb_cta][\/et_pb_column][\/et_pb_row][et_pb_row admin_label=\u00bbFila\u00bb][et_pb_column type=\u00bb1_2&#8243;][et_pb_cta admin_label=\u00bbLlamada a la acci\u00f3n\u00bb button_url=\u00bbhttp:\/\/cazorla.es\/turismo\/wp-content\/uploads\/2017\/12\/virgencabezadiscapacitados.pdf\u00bb url_new_window=\u00bboff\u00bb button_text=\u00bbVirgen de la Cabeza\u00bb use_background_color=\u00bbon\u00bb background_color=\u00bb#b2b205&#8243; background_layout=\u00bbdark\u00bb text_orientation=\u00bbcenter\u00bb use_border_color=\u00bboff\u00bb border_color=\u00bb#ffffff\u00bb border_style=\u00bbsolid\u00bb custom_button=\u00bboff\u00bb button_letter_spacing=\u00bb0&#8243; button_use_icon=\u00bbdefault\u00bb button_icon_placement=\u00bbright\u00bb button_on_hover=\u00bbon\u00bb button_letter_spacing_hover=\u00bb0&#8243;]<\/p>\n<p> Im\u00e1genes de Accesibilidad <\/p>\n<p>[\/et_pb_cta][\/et_pb_column][et_pb_column type=\u00bb1_2&#8243;][et_pb_text admin_label=\u00bbTexto\u00bb background_layout=\u00bblight\u00bb text_orientation=\u00bbleft\u00bb use_border_color=\u00bboff\u00bb border_color=\u00bb#ffffff\u00bb border_style=\u00bbsolid\u00bb]<\/p>\n<h2 class=\"section-heading\"><a href=\"http:\/\/cazorla.es\/turismo\/ermita-de-la-virgen-de-la-cabeza\/\" target=\"_blank\">Virgen de la Cabeza<\/a><\/h2>\n<p class=\"lead\">Tiene Acceso al interior<\/p>\n<p class=\"lead\"> En el t\u00edtulo de cada una de las secciones, encontrar\u00e1n informaci\u00f3n m\u00e1s detallada.<\/p>\n<p>[\/et_pb_text][\/et_pb_column][\/et_pb_row][\/et_pb_section]<\/p>\n","protected":false},"excerpt":{"rendered":"<p>Iglesias, Museos y Monumentos Accesibles El municipio cuenta con un gran patrimonio entre el que destacan Iglesias, Museos y Monumentos pero no todos disponen de accesibilidad en su totalidad ya [&hellip;]<\/p>\n","protected":false},"author":2,"featured_media":0,"parent":0,"menu_order":0,"comment_status":"closed","ping_status":"closed","template":"","meta":{"_et_pb_use_builder":"on","_et_pb_old_content":"","_et_gb_content_width":"","footnotes":""},"class_list":["post-2055","page","type-page","status-publish","hentry"],"_links":{"self":[{"href":"https:\/\/cazorla.es\/turismo\/wp-json\/wp\/v2\/pages\/2055","targetHints":{"allow":["GET"]}}],"collection":[{"href":"https:\/\/cazorla.es\/turismo\/wp-json\/wp\/v2\/pages"}],"about":[{"href":"https:\/\/cazorla.es\/turismo\/wp-json\/wp\/v2\/types\/page"}],"author":[{"embeddable":true,"href":"https:\/\/cazorla.es\/turismo\/wp-json\/wp\/v2\/users\/2"}],"replies":[{"embeddable":true,"href":"https:\/\/cazorla.es\/turismo\/wp-json\/wp\/v2\/comments?post=2055"}],"version-history":[{"count":26,"href":"https:\/\/cazorla.es\/turismo\/wp-json\/wp\/v2\/pages\/2055\/revisions"}],"predecessor-version":[{"id":2093,"href":"https:\/\/cazorla.es\/turismo\/wp-json\/wp\/v2\/pages\/2055\/revisions\/2093"}],"wp:attachment":[{"href":"https:\/\/cazorla.es\/turismo\/wp-json\/wp\/v2\/media?parent=2055"}],"curies":[{"name":"wp","href":"https:\/\/api.w.org\/{rel}","templated":true}]}}