{"id":2937,"date":"2018-07-19T16:55:44","date_gmt":"2018-07-19T16:55:44","guid":{"rendered":"http:\/\/cazorla.es\/turismo\/?page_id=2937"},"modified":"2023-11-30T16:50:40","modified_gmt":"2023-11-30T16:50:40","slug":"minicentrales-hidraulicas","status":"publish","type":"page","link":"https:\/\/cazorla.es\/turismo\/minicentrales-hidraulicas\/","title":{"rendered":"Minicentrales Hidr\u00e1ulicas"},"content":{"rendered":"<p>[et_pb_section fb_built=\u00bb1&#8243; admin_label=\u00bbsection\u00bb _builder_version=\u00bb4.16&#8243; global_colors_info=\u00bb{}\u00bb][et_pb_row admin_label=\u00bbrow\u00bb _builder_version=\u00bb4.16&#8243; background_size=\u00bbinitial\u00bb background_position=\u00bbtop_left\u00bb background_repeat=\u00bbrepeat\u00bb global_colors_info=\u00bb{}\u00bb][et_pb_column type=\u00bb4_4&#8243; _builder_version=\u00bb4.16&#8243; custom_padding=\u00bb|||\u00bb global_colors_info=\u00bb{}\u00bb custom_padding__hover=\u00bb|||\u00bb][et_pb_text admin_label=\u00bbTexto\u00bb _builder_version=\u00bb4.16&#8243; background_size=\u00bbinitial\u00bb background_position=\u00bbtop_left\u00bb background_repeat=\u00bbrepeat\u00bb use_border_color=\u00bboff\u00bb border_color=\u00bb#ffffff\u00bb border_style=\u00bbsolid\u00bb global_colors_info=\u00bb{}\u00bb]<\/p>\n<h2 style=\"text-align: center;\">MINICENTRALES HIDR\u00c1ULICAS EN CAZORLA<\/h2>\n<p style=\"text-align: center;\"><img loading=\"lazy\" decoding=\"async\" class=\"alignnone size-medium wp-image-2907\" src=\"http:\/\/cazorla.es\/turismo\/wp-content\/uploads\/2018\/07\/04-240x300.jpg\" alt=\"04\" width=\"240\" height=\"300\" srcset=\"https:\/\/cazorla.es\/turismo\/wp-content\/uploads\/2018\/07\/04-240x300.jpg 240w, https:\/\/cazorla.es\/turismo\/wp-content\/uploads\/2018\/07\/04-768x961.jpg 768w, https:\/\/cazorla.es\/turismo\/wp-content\/uploads\/2018\/07\/04-818x1024.jpg 818w, https:\/\/cazorla.es\/turismo\/wp-content\/uploads\/2018\/07\/04.jpg 955w\" sizes=\"(max-width: 240px) 100vw, 240px\" \/><\/p>\n<p style=\"text-align: center;\">Otro de los usos m\u00e1s recientes de aprovechamiento de los r\u00edos, es la utilizaci\u00f3n de la energ\u00eda que generan con su movimiento, conocida como energ\u00eda hidr\u00e1ulica. Cazorla y sus habitantes, que tan bien supieron aprovechar el r\u00edo Cerezuelo, le dieron a finales del s. XIX un nuevo uso al r\u00edo.<\/p>\n<p style=\"text-align: center;\"><img loading=\"lazy\" decoding=\"async\" class=\"alignnone size-medium wp-image-2874\" src=\"http:\/\/cazorla.es\/turismo\/wp-content\/uploads\/2018\/07\/4-Minicentrales-hidr\u00e1ulicas-en-Cazorla-215x300.jpg\" alt=\"4 - Minicentrales hidr\u00e1ulicas en Cazorla\" width=\"215\" height=\"300\" srcset=\"https:\/\/cazorla.es\/turismo\/wp-content\/uploads\/2018\/07\/4-Minicentrales-hidr\u00e1ulicas-en-Cazorla-215x300.jpg 215w, https:\/\/cazorla.es\/turismo\/wp-content\/uploads\/2018\/07\/4-Minicentrales-hidr\u00e1ulicas-en-Cazorla.jpg 735w\" sizes=\"(max-width: 215px) 100vw, 215px\" \/><\/p>\n<p style=\"text-align: center;\">\u00a0\u00a0\u00a0\u00a0\u00a0\u00a0\u00a0\u00a0\u00a0\u00a0\u00a0 En 1897 comenz\u00f3 a funcionar en Cazorla la primera Minicentral Hidroel\u00e9ctrica, conocida como \u201cEl\u00e9ctrica de Cazorla\u201d, siendo uno de los primeros pueblos de la provincia con este tipo de energ\u00eda. La utilizaci\u00f3n de esta energ\u00eda quedaba reservada solamente con fines de alumbrado, como por ejemplo en la plaza central de Cazorla, llamada de los \u201cG\u00f3mez Sigura\u201d (actual Plaza de la Corredera) y las calles principales. Los cazorle\u00f1os\/as denominaron a esta central \u201cF\u00e1brica de la luz vieja\u201d, pero, por desgracia, no funcion\u00f3 durante demasiado tiempo.<\/p>\n<p style=\"text-align: center;\">\u00a0\u00a0\u00a0\u00a0\u00a0\u00a0\u00a0\u00a0\u00a0\u00a0\u00a0 A mediaci\u00f3n de uno de los industriales m\u00e1s activos de Cazorla, Manuel Moreno Tallada, se decidi\u00f3 instalar una nueva central de corriente alterna, conocida como \u201cF\u00e1brica de El \u00c1ngel\u201d por estar situada en el denominado \u201cSalto del \u00c1ngel\u201d, cerca de la ermita del mismo nombre. Ambos proyectos los realiz\u00f3 Felipe Rhotemund y esta central se mantuvo entre 1911 y 1953.<\/p>\n<p style=\"text-align: center;\">\u00a0\u00a0\u00a0\u00a0\u00a0\u00a0\u00a0\u00a0\u00a0\u00a0\u00a0 Por \u00faltimo, a finales de los 50, a\u00f1os de escasez en todos los sentidos, el Ayuntamiento decidi\u00f3 poner en servicio una nueva Central El\u00e9ctrica. Esta central se instal\u00f3 justo detr\u00e1s de las ruinas de la Iglesia de Santa Mar\u00eda de Gracia, en el margen derecho del rio Cerezuelo y su energ\u00eda era derivada en parte de la anterior central de El \u00c1ngel.<\/p>\n<p>&nbsp;<\/p>\n<p style=\"text-align: center;\"><em>Texto de Javier Sevilla Mart\u00ednez<\/em><\/p>\n<p>[\/et_pb_text][\/et_pb_column][\/et_pb_row][et_pb_row admin_label=\u00bbFila\u00bb _builder_version=\u00bb4.16&#8243; background_size=\u00bbinitial\u00bb background_position=\u00bbtop_left\u00bb background_repeat=\u00bbrepeat\u00bb global_colors_info=\u00bb{}\u00bb][et_pb_column type=\u00bb4_4&#8243; _builder_version=\u00bb4.16&#8243; custom_padding=\u00bb|||\u00bb global_colors_info=\u00bb{}\u00bb custom_padding__hover=\u00bb|||\u00bb][et_pb_text admin_label=\u00bbTexto\u00bb _builder_version=\u00bb4.16&#8243; background_size=\u00bbinitial\u00bb background_position=\u00bbtop_left\u00bb background_repeat=\u00bbrepeat\u00bb text_orientation=\u00bbcenter\u00bb module_alignment=\u00bbcenter\u00bb use_border_color=\u00bboff\u00bb border_color=\u00bb#ffffff\u00bb border_style=\u00bbsolid\u00bb global_colors_info=\u00bb{}\u00bb]<\/p>\n<p style=\"text-align: center;\"><strong><em>Aqu\u00ed puedes encontrar su ubicaci\u00f3n en el municipio:<\/em><\/strong><\/p>\n<p>[\/et_pb_text][et_pb_code admin_label=\u00bbC\u00f3digo\u00bb _builder_version=\u00bb4.23.1&#8243; hover_enabled=\u00bb0&#8243; global_colors_info=\u00bb{}\u00bb sticky_enabled=\u00bb0&#8243;]<iframe loading=\"lazy\" src=\"https:\/\/www.google.com\/maps\/d\/embed?mid=1mvzyA1DOMy3i_XREAEJm4cwjqgP10IRf\" width=\"900\" height=\"600\"><\/iframe>[\/et_pb_code][\/et_pb_column][\/et_pb_row][\/et_pb_section]<\/p>\n","protected":false},"excerpt":{"rendered":"<p>MINICENTRALES HIDR\u00c1ULICAS EN CAZORLA Otro de los usos m\u00e1s recientes de aprovechamiento de los r\u00edos, es la utilizaci\u00f3n de la energ\u00eda que generan con su movimiento, conocida como energ\u00eda hidr\u00e1ulica. [&hellip;]<\/p>\n","protected":false},"author":2,"featured_media":0,"parent":0,"menu_order":0,"comment_status":"closed","ping_status":"closed","template":"","meta":{"_et_pb_use_builder":"on","_et_pb_old_content":"","_et_gb_content_width":"","footnotes":""},"class_list":["post-2937","page","type-page","status-publish","hentry"],"_links":{"self":[{"href":"https:\/\/cazorla.es\/turismo\/wp-json\/wp\/v2\/pages\/2937","targetHints":{"allow":["GET"]}}],"collection":[{"href":"https:\/\/cazorla.es\/turismo\/wp-json\/wp\/v2\/pages"}],"about":[{"href":"https:\/\/cazorla.es\/turismo\/wp-json\/wp\/v2\/types\/page"}],"author":[{"embeddable":true,"href":"https:\/\/cazorla.es\/turismo\/wp-json\/wp\/v2\/users\/2"}],"replies":[{"embeddable":true,"href":"https:\/\/cazorla.es\/turismo\/wp-json\/wp\/v2\/comments?post=2937"}],"version-history":[{"count":3,"href":"https:\/\/cazorla.es\/turismo\/wp-json\/wp\/v2\/pages\/2937\/revisions"}],"predecessor-version":[{"id":5124,"href":"https:\/\/cazorla.es\/turismo\/wp-json\/wp\/v2\/pages\/2937\/revisions\/5124"}],"wp:attachment":[{"href":"https:\/\/cazorla.es\/turismo\/wp-json\/wp\/v2\/media?parent=2937"}],"curies":[{"name":"wp","href":"https:\/\/api.w.org\/{rel}","templated":true}]}}