{"id":2943,"date":"2018-07-19T17:07:19","date_gmt":"2018-07-19T17:07:19","guid":{"rendered":"http:\/\/cazorla.es\/turismo\/?page_id=2943"},"modified":"2018-07-20T11:54:28","modified_gmt":"2018-07-20T11:54:28","slug":"costilleros","status":"publish","type":"page","link":"https:\/\/cazorla.es\/turismo\/costilleros\/","title":{"rendered":"Costilleros"},"content":{"rendered":"<p>[et_pb_section admin_label=\u00bbsection\u00bb][et_pb_row admin_label=\u00bbrow\u00bb][et_pb_column type=\u00bb4_4&#8243;][et_pb_text admin_label=\u00bbTexto\u00bb background_layout=\u00bblight\u00bb text_orientation=\u00bbleft\u00bb use_border_color=\u00bboff\u00bb border_color=\u00bb#ffffff\u00bb border_style=\u00bbsolid\u00bb]<\/p>\n<h2 style=\"text-align: center;\"><strong>COSTILLEROS EN LA SIERRA DE CAZORLA<\/strong><\/h2>\n<p style=\"text-align: center;\"><img loading=\"lazy\" decoding=\"async\" class=\"alignnone size-medium wp-image-2910\" src=\"http:\/\/cazorla.es\/turismo\/wp-content\/uploads\/2018\/07\/07-300x185.jpg\" alt=\"07\" width=\"300\" height=\"185\" srcset=\"https:\/\/cazorla.es\/turismo\/wp-content\/uploads\/2018\/07\/07-300x185.jpg 300w, https:\/\/cazorla.es\/turismo\/wp-content\/uploads\/2018\/07\/07-768x472.jpg 768w, https:\/\/cazorla.es\/turismo\/wp-content\/uploads\/2018\/07\/07.jpg 800w\" sizes=\"(max-width: 300px) 100vw, 300px\" \/><\/p>\n<p style=\"text-align: center;\">El trabajo de le\u00f1ador, adem\u00e1s de peligroso, era agotador. Aunque exist\u00edan caballer\u00edas para llevar la le\u00f1a al pueblo, hasta los a\u00f1os 50 perdur\u00f3 en esta zona el oficio de <em>costillero<\/em>, que eran los le\u00f1adores, en muchas ocasiones ni\u00f1os locales, que llevaban al pueblo la le\u00f1a agrupada en grandes haces sobre sus propias espaldas, a veces en distancias superiores a los 10 Km.<\/p>\n<p style=\"text-align: center;\"><img loading=\"lazy\" decoding=\"async\" class=\"alignnone size-medium wp-image-2876\" src=\"http:\/\/cazorla.es\/turismo\/wp-content\/uploads\/2018\/07\/6-Costilleros-en-la-Sierra-de-Cazorla-300x215.jpg\" alt=\"6 - Costilleros en la Sierra de Cazorla\" width=\"300\" height=\"215\" srcset=\"https:\/\/cazorla.es\/turismo\/wp-content\/uploads\/2018\/07\/6-Costilleros-en-la-Sierra-de-Cazorla-300x215.jpg 300w, https:\/\/cazorla.es\/turismo\/wp-content\/uploads\/2018\/07\/6-Costilleros-en-la-Sierra-de-Cazorla-768x551.jpg 768w, https:\/\/cazorla.es\/turismo\/wp-content\/uploads\/2018\/07\/6-Costilleros-en-la-Sierra-de-Cazorla.jpg 1024w\" sizes=\"(max-width: 300px) 100vw, 300px\" \/><\/p>\n<p style=\"text-align: center;\">\u00a0\u00a0\u00a0\u00a0\u00a0\u00a0\u00a0\u00a0\u00a0\u00a0\u00a0 La demanda de le\u00f1a por parte de las poblaciones serranas y la dificultad para transportarla hasta las mismas, tuvieron como consecuencia que la masa forestal cercana a \u00e9stas pr\u00e1cticamente fuera erradicada, a pesar de la vigilancia y control de la guarder\u00eda forestal. En el caso que el guarda cogiese al le\u00f1ador <em>in fraganti<\/em> cometiendo una infracci\u00f3n, sol\u00eda requisarle el hacha. Afortunadamente, la incorporaci\u00f3n de la motosierra para el corte de la le\u00f1a y la facilidad de transporte de \u00e9sta en veh\u00edculos, hacen que actualmente el oficio de le\u00f1ador sea m\u00e1s c\u00f3modo y productivo que el realizado por los arcaicos m\u00e9todos explicados.<\/p>\n<p style=\"text-align: center;\">\u00a0\u00a0\u00a0\u00a0\u00a0\u00a0\u00a0\u00a0\u00a0\u00a0\u00a0 Todav\u00eda en la actualidad, gran cantidad de nuestros mayores trabajaron en su juventud en estas tareas forestales, guardan recuerdos o historias relacionadas, o fueron <em>costilleros<\/em> en su juventud, esfuerzo que debe ser reconocido y valorado.<strong><br \/>\n<\/strong><\/p>\n<p style=\"text-align: center;\"><em>Texto de Javier Sevilla Mart\u00ednez<\/em><\/p>\n<p>[\/et_pb_text][\/et_pb_column][\/et_pb_row][et_pb_row admin_label=\u00bbFila\u00bb][et_pb_column type=\u00bb4_4&#8243;][et_pb_text admin_label=\u00bbTexto\u00bb background_layout=\u00bblight\u00bb text_orientation=\u00bbcenter\u00bb use_border_color=\u00bboff\u00bb border_color=\u00bb#ffffff\u00bb border_style=\u00bbsolid\u00bb]<\/p>\n<p style=\"text-align: center;\"><strong><em>Aqu\u00ed puedes encontrar su ubicaci\u00f3n en el municipio:<\/em><\/strong><\/p>\n<p>[\/et_pb_text][et_pb_code admin_label=\u00bbC\u00f3digo\u00bb]&lt;iframe src=\u00bbhttps:\/\/www.google.com\/maps\/d\/embed?mid=1gKDyq1i-mLkqyxkIKN3wma1duR3_keCH\u00bb width=\u00bb900&#8243; height=\u00bb600&#8243;&gt;&lt;\/iframe&gt;[\/et_pb_code][\/et_pb_column][\/et_pb_row][\/et_pb_section]<\/p>\n","protected":false},"excerpt":{"rendered":"<p>COSTILLEROS EN LA SIERRA DE CAZORLA El trabajo de le\u00f1ador, adem\u00e1s de peligroso, era agotador. Aunque exist\u00edan caballer\u00edas para llevar la le\u00f1a al pueblo, hasta los a\u00f1os 50 perdur\u00f3 en [&hellip;]<\/p>\n","protected":false},"author":2,"featured_media":0,"parent":0,"menu_order":0,"comment_status":"closed","ping_status":"closed","template":"","meta":{"_et_pb_use_builder":"on","_et_pb_old_content":"","_et_gb_content_width":"","footnotes":""},"class_list":["post-2943","page","type-page","status-publish","hentry"],"_links":{"self":[{"href":"https:\/\/cazorla.es\/turismo\/wp-json\/wp\/v2\/pages\/2943","targetHints":{"allow":["GET"]}}],"collection":[{"href":"https:\/\/cazorla.es\/turismo\/wp-json\/wp\/v2\/pages"}],"about":[{"href":"https:\/\/cazorla.es\/turismo\/wp-json\/wp\/v2\/types\/page"}],"author":[{"embeddable":true,"href":"https:\/\/cazorla.es\/turismo\/wp-json\/wp\/v2\/users\/2"}],"replies":[{"embeddable":true,"href":"https:\/\/cazorla.es\/turismo\/wp-json\/wp\/v2\/comments?post=2943"}],"version-history":[{"count":4,"href":"https:\/\/cazorla.es\/turismo\/wp-json\/wp\/v2\/pages\/2943\/revisions"}],"predecessor-version":[{"id":3014,"href":"https:\/\/cazorla.es\/turismo\/wp-json\/wp\/v2\/pages\/2943\/revisions\/3014"}],"wp:attachment":[{"href":"https:\/\/cazorla.es\/turismo\/wp-json\/wp\/v2\/media?parent=2943"}],"curies":[{"name":"wp","href":"https:\/\/api.w.org\/{rel}","templated":true}]}}