{"id":2948,"date":"2018-07-19T17:13:15","date_gmt":"2018-07-19T17:13:15","guid":{"rendered":"http:\/\/cazorla.es\/turismo\/?page_id=2948"},"modified":"2018-07-20T12:01:41","modified_gmt":"2018-07-20T12:01:41","slug":"pineros","status":"publish","type":"page","link":"https:\/\/cazorla.es\/turismo\/pineros\/","title":{"rendered":"Pineros"},"content":{"rendered":"<p>[et_pb_section admin_label=\u00bbsection\u00bb][et_pb_row admin_label=\u00bbrow\u00bb][et_pb_column type=\u00bb4_4&#8243;][et_pb_text admin_label=\u00bbTexto\u00bb background_layout=\u00bblight\u00bb text_orientation=\u00bbleft\u00bb use_border_color=\u00bboff\u00bb border_color=\u00bb#ffffff\u00bb border_style=\u00bbsolid\u00bb]<\/p>\n<h2 style=\"text-align: center;\"><strong>PINEROS EN LA SIERRA DE CAZORLA<\/strong><\/h2>\n<p style=\"text-align: center;\"><img loading=\"lazy\" decoding=\"async\" class=\"alignnone size-medium wp-image-2909\" src=\"http:\/\/cazorla.es\/turismo\/wp-content\/uploads\/2018\/07\/06-300x201.jpg\" alt=\"06\" width=\"300\" height=\"201\" srcset=\"https:\/\/cazorla.es\/turismo\/wp-content\/uploads\/2018\/07\/06-300x201.jpg 300w, https:\/\/cazorla.es\/turismo\/wp-content\/uploads\/2018\/07\/06-768x515.jpg 768w, https:\/\/cazorla.es\/turismo\/wp-content\/uploads\/2018\/07\/06-1024x686.jpg 1024w, https:\/\/cazorla.es\/turismo\/wp-content\/uploads\/2018\/07\/06-1080x724.jpg 1080w, https:\/\/cazorla.es\/turismo\/wp-content\/uploads\/2018\/07\/06.jpg 1600w\" sizes=\"(max-width: 300px) 100vw, 300px\" \/><\/p>\n<p style=\"text-align: center;\">Los pineros eran los operarios que sacaban la madera por flotaci\u00f3n, utilizando las \u00e9pocas de mayor caudal de los r\u00edos. Aunque en otros lugares del pa\u00eds se les denominaba \u201cgancheros\u201d, la raz\u00f3n por la que aqu\u00ed se les denominase con tal t\u00e9rmino se debe a que, a consecuencia de la conversi\u00f3n de la Sierra de Cazorla y Segura en \u201cProvincia Mar\u00edtima (1746)\u201d, la madera que se sacaba por los r\u00edos de la serran\u00eda era \u00fanicamente de pino, para su traslado hasta C\u00e1diz por el curso del Guadalquivir.<\/p>\n<p style=\"text-align: center;\"><img loading=\"lazy\" decoding=\"async\" class=\"alignnone size-medium wp-image-2877\" src=\"http:\/\/cazorla.es\/turismo\/wp-content\/uploads\/2018\/07\/7-Pineros-en-la-Sierra-de-Cazorla-215x300.jpg\" alt=\"7 - Pineros en la Sierra de Cazorla\" width=\"215\" height=\"300\" srcset=\"https:\/\/cazorla.es\/turismo\/wp-content\/uploads\/2018\/07\/7-Pineros-en-la-Sierra-de-Cazorla-215x300.jpg 215w, https:\/\/cazorla.es\/turismo\/wp-content\/uploads\/2018\/07\/7-Pineros-en-la-Sierra-de-Cazorla.jpg 735w\" sizes=\"(max-width: 215px) 100vw, 215px\" \/><\/p>\n<p style=\"text-align: center;\">\u00a0\u00a0\u00a0\u00a0\u00a0\u00a0\u00a0\u00a0\u00a0\u00a0\u00a0\u00a0 Una maderada se organizaba en distintas cuadrillas o \u201ccompa\u00f1as\u201d, a cuyo cargo estaba un cuadrillero. En toda maderada exist\u00eda la compa\u00f1a \u201c<em>delant\u00e1<\/em>\u201d, tambi\u00e9n llamada compa\u00f1a de la broza, cuya finalidad consist\u00eda en acondicionar el r\u00edo para hacer posible la flotaci\u00f3n de la madera. Entre otras modificaciones, constru\u00edan represas con los elementos naturales disponibles, como piedras, troncos o el ramaje de la vegetaci\u00f3n le\u00f1osa riparia, como sauces. Igualmente, se encargaban de construir los \u201clanzaderos o tiros\u201d en los pasos m\u00e1s irregulares del r\u00edo o de mayor pendiente. Una vez sacada toda la madera, otra compa\u00f1a llamada \u201cde zaga\u201d se encargaba de desmantelar lo construido por la <em>delant\u00e1<\/em>, recuperando as\u00ed las piezas de madera utilizadas en la conducci\u00f3n.<\/p>\n<p style=\"text-align: center;\">\u00a0\u00a0\u00a0\u00a0\u00a0\u00a0\u00a0\u00a0\u00a0\u00a0\u00a0\u00a0 Habitualmente, los pineros de las compa\u00f1as <em>delant\u00e1<\/em> y \u201cde zaga\u201d, utilizaban tambi\u00e9n explosivos en su trabajo, tanto para demoler las rocas que entorpec\u00edan la flotaci\u00f3n de los troncos, como para romper \u00e9stos, y deshacer el amontonamiento que taponaba el cauce en pasos estrechos y que se formaban por el desplazamiento incontrolado de los troncos. Entre los pasos dif\u00edciles de la serran\u00eda, y que requer\u00edan un costoso y trabajoso acondicionamiento, estaban la Cerrada del Utrero junto a Vadillo-Castril en el Guadalquivir y el Salto de los \u00d3rganos, en el rio Borosa, donde se construy\u00f3 el mayor lanzadero que posiblemente se haya montado nunca en la serran\u00eda.<strong><br \/>\n<\/strong><\/p>\n<p style=\"text-align: center;\"><em>Texto de Javier Sevilla Mart\u00ednez<\/em><\/p>\n<p>[\/et_pb_text][\/et_pb_column][\/et_pb_row][et_pb_row admin_label=\u00bbFila\u00bb][et_pb_column type=\u00bb4_4&#8243;][et_pb_text admin_label=\u00bbTexto\u00bb background_layout=\u00bblight\u00bb text_orientation=\u00bbcenter\u00bb use_border_color=\u00bboff\u00bb border_color=\u00bb#ffffff\u00bb border_style=\u00bbsolid\u00bb]<\/p>\n<p style=\"text-align: center;\"><strong><em>Aqu\u00ed puedes encontrar su ubicaci\u00f3n en el municipio:<\/em><\/strong><\/p>\n<p>[\/et_pb_text][et_pb_code admin_label=\u00bbC\u00f3digo\u00bb]&lt;iframe src=\u00bbhttps:\/\/www.google.com\/maps\/d\/embed?mid=1qeDwvJRA_sjgIwoynO0rdoQq0qcjM7Ai\u00bb width=\u00bb900&#8243; height=\u00bb600&#8243;&gt;&lt;\/iframe&gt;[\/et_pb_code][\/et_pb_column][\/et_pb_row][\/et_pb_section]<\/p>\n","protected":false},"excerpt":{"rendered":"<p>PINEROS EN LA SIERRA DE CAZORLA Los pineros eran los operarios que sacaban la madera por flotaci\u00f3n, utilizando las \u00e9pocas de mayor caudal de los r\u00edos. Aunque en otros lugares [&hellip;]<\/p>\n","protected":false},"author":2,"featured_media":0,"parent":0,"menu_order":0,"comment_status":"closed","ping_status":"closed","template":"","meta":{"_et_pb_use_builder":"on","_et_pb_old_content":"","_et_gb_content_width":"","footnotes":""},"class_list":["post-2948","page","type-page","status-publish","hentry"],"_links":{"self":[{"href":"https:\/\/cazorla.es\/turismo\/wp-json\/wp\/v2\/pages\/2948","targetHints":{"allow":["GET"]}}],"collection":[{"href":"https:\/\/cazorla.es\/turismo\/wp-json\/wp\/v2\/pages"}],"about":[{"href":"https:\/\/cazorla.es\/turismo\/wp-json\/wp\/v2\/types\/page"}],"author":[{"embeddable":true,"href":"https:\/\/cazorla.es\/turismo\/wp-json\/wp\/v2\/users\/2"}],"replies":[{"embeddable":true,"href":"https:\/\/cazorla.es\/turismo\/wp-json\/wp\/v2\/comments?post=2948"}],"version-history":[{"count":2,"href":"https:\/\/cazorla.es\/turismo\/wp-json\/wp\/v2\/pages\/2948\/revisions"}],"predecessor-version":[{"id":3015,"href":"https:\/\/cazorla.es\/turismo\/wp-json\/wp\/v2\/pages\/2948\/revisions\/3015"}],"wp:attachment":[{"href":"https:\/\/cazorla.es\/turismo\/wp-json\/wp\/v2\/media?parent=2948"}],"curies":[{"name":"wp","href":"https:\/\/api.w.org\/{rel}","templated":true}]}}