{"id":2955,"date":"2018-07-19T17:22:07","date_gmt":"2018-07-19T17:22:07","guid":{"rendered":"http:\/\/cazorla.es\/turismo\/?page_id=2955"},"modified":"2018-07-20T12:11:36","modified_gmt":"2018-07-20T12:11:36","slug":"monumental","status":"publish","type":"page","link":"https:\/\/cazorla.es\/turismo\/monumental\/","title":{"rendered":"Monumental"},"content":{"rendered":"<p>[et_pb_section admin_label=\u00bbsection\u00bb][et_pb_row admin_label=\u00bbrow\u00bb][et_pb_column type=\u00bb4_4&#8243;][et_pb_text admin_label=\u00bbTexto\u00bb background_layout=\u00bblight\u00bb text_orientation=\u00bbleft\u00bb use_border_color=\u00bboff\u00bb border_color=\u00bb#ffffff\u00bb border_style=\u00bbsolid\u00bb]<\/p>\n<h2 style=\"text-align: center;\"><strong>PLAZA DE TOROS MONUMENTAL<\/strong><\/h2>\n<p style=\"text-align: center;\"><img loading=\"lazy\" decoding=\"async\" class=\"alignnone size-medium wp-image-2912\" src=\"http:\/\/cazorla.es\/turismo\/wp-content\/uploads\/2018\/07\/09-300x225.jpg\" alt=\"09\" width=\"300\" height=\"225\" srcset=\"https:\/\/cazorla.es\/turismo\/wp-content\/uploads\/2018\/07\/09-300x225.jpg 300w, https:\/\/cazorla.es\/turismo\/wp-content\/uploads\/2018\/07\/09-768x576.jpg 768w, https:\/\/cazorla.es\/turismo\/wp-content\/uploads\/2018\/07\/09-1024x768.jpg 1024w, https:\/\/cazorla.es\/turismo\/wp-content\/uploads\/2018\/07\/09-1080x810.jpg 1080w, https:\/\/cazorla.es\/turismo\/wp-content\/uploads\/2018\/07\/09.jpg 1274w\" sizes=\"(max-width: 300px) 100vw, 300px\" \/><\/p>\n<p style=\"text-align: center;\">La Plaza de Toros monumental de Cazorla fue uno de los edificios m\u00e1s singulares y representativos del urbanismo del s. XX. La importancia de Cazorla como ciudad y n\u00facleo jurisdiccional a nivel comarcal en este periodo iba en ascenso, sumado a las nuevas pol\u00edticas urban\u00edsticas que propiciaba el gobierno dictatorial de Miguel Primo de Rivera, como las obras de car\u00e1cter monumental, sumado al altruismo local y al apoyo financiero de Gabriel Garc\u00eda, los cuales fueron condicionantes suficientes para la construcci\u00f3n de la plaza de toros.<\/p>\n<p style=\"text-align: center;\"><img loading=\"lazy\" decoding=\"async\" class=\"alignnone size-medium wp-image-2879\" src=\"http:\/\/cazorla.es\/turismo\/wp-content\/uploads\/2018\/07\/9-Plaza-de-Toros-Monumental-300x215.jpg\" alt=\"9 - Plaza de Toros Monumental\" width=\"300\" height=\"215\" srcset=\"https:\/\/cazorla.es\/turismo\/wp-content\/uploads\/2018\/07\/9-Plaza-de-Toros-Monumental-300x215.jpg 300w, https:\/\/cazorla.es\/turismo\/wp-content\/uploads\/2018\/07\/9-Plaza-de-Toros-Monumental-768x551.jpg 768w, https:\/\/cazorla.es\/turismo\/wp-content\/uploads\/2018\/07\/9-Plaza-de-Toros-Monumental.jpg 1024w\" sizes=\"(max-width: 300px) 100vw, 300px\" \/><\/p>\n<p style=\"text-align: center;\">\u00a0\u00a0\u00a0\u00a0\u00a0\u00a0\u00a0\u00a0\u00a0\u00a0\u00a0 En 1928 se termin\u00f3 la construcci\u00f3n de la Plaza de Toros monumental, a la par que se comenzaba a proyectar el futuro barrio de \u201cLos Belenes\u201d, trasladando las corridas taurinas que se celebraban tradicionalmente en la Plaza de Santa Mar\u00eda a este recinto. En la actualidad, adem\u00e1s de para la tauromaquia y actividades culturales, la Plaza de Toros se ha convertido en el escenario central del festival <em>BluesCazorla<\/em>, de reconocimiento internacional.<\/p>\n<p style=\"text-align: center;\"><em>Texto de Javier Sevilla Mart\u00ednez<\/em><\/p>\n<p>[\/et_pb_text][\/et_pb_column][\/et_pb_row][et_pb_row admin_label=\u00bbFila\u00bb][et_pb_column type=\u00bb4_4&#8243;][et_pb_text admin_label=\u00bbTexto\u00bb background_layout=\u00bblight\u00bb text_orientation=\u00bbcenter\u00bb use_border_color=\u00bboff\u00bb border_color=\u00bb#ffffff\u00bb border_style=\u00bbsolid\u00bb]<\/p>\n<p style=\"text-align: center;\"><strong><em>Aqu\u00ed puedes encontrar su ubicaci\u00f3n en el municipio:<\/em><\/strong><\/p>\n<p>[\/et_pb_text][et_pb_code admin_label=\u00bbC\u00f3digo\u00bb]&lt;iframe src=\u00bbhttps:\/\/www.google.com\/maps\/d\/embed?mid=1-wEaE7nYeI2TO5vcrGYuK5OvPu378Ymf\u00bb width=\u00bb900&#8243; height=\u00bb600&#8243;&gt;&lt;\/iframe&gt;[\/et_pb_code][\/et_pb_column][\/et_pb_row][\/et_pb_section]<\/p>\n","protected":false},"excerpt":{"rendered":"<p>PLAZA DE TOROS MONUMENTAL La Plaza de Toros monumental de Cazorla fue uno de los edificios m\u00e1s singulares y representativos del urbanismo del s. XX. La importancia de Cazorla como [&hellip;]<\/p>\n","protected":false},"author":2,"featured_media":0,"parent":0,"menu_order":0,"comment_status":"closed","ping_status":"closed","template":"","meta":{"_et_pb_use_builder":"on","_et_pb_old_content":"","_et_gb_content_width":"","footnotes":""},"class_list":["post-2955","page","type-page","status-publish","hentry"],"_links":{"self":[{"href":"https:\/\/cazorla.es\/turismo\/wp-json\/wp\/v2\/pages\/2955","targetHints":{"allow":["GET"]}}],"collection":[{"href":"https:\/\/cazorla.es\/turismo\/wp-json\/wp\/v2\/pages"}],"about":[{"href":"https:\/\/cazorla.es\/turismo\/wp-json\/wp\/v2\/types\/page"}],"author":[{"embeddable":true,"href":"https:\/\/cazorla.es\/turismo\/wp-json\/wp\/v2\/users\/2"}],"replies":[{"embeddable":true,"href":"https:\/\/cazorla.es\/turismo\/wp-json\/wp\/v2\/comments?post=2955"}],"version-history":[{"count":3,"href":"https:\/\/cazorla.es\/turismo\/wp-json\/wp\/v2\/pages\/2955\/revisions"}],"predecessor-version":[{"id":3018,"href":"https:\/\/cazorla.es\/turismo\/wp-json\/wp\/v2\/pages\/2955\/revisions\/3018"}],"wp:attachment":[{"href":"https:\/\/cazorla.es\/turismo\/wp-json\/wp\/v2\/media?parent=2955"}],"curies":[{"name":"wp","href":"https:\/\/api.w.org\/{rel}","templated":true}]}}