{"id":2959,"date":"2018-07-19T17:30:20","date_gmt":"2018-07-19T17:30:20","guid":{"rendered":"http:\/\/cazorla.es\/turismo\/?page_id=2959"},"modified":"2018-07-20T12:17:21","modified_gmt":"2018-07-20T12:17:21","slug":"toros-en-plaza-de-santa-maria","status":"publish","type":"page","link":"https:\/\/cazorla.es\/turismo\/toros-en-plaza-de-santa-maria\/","title":{"rendered":"Toros en Plaza de Santa Mar\u00eda"},"content":{"rendered":"<p>[et_pb_section admin_label=\u00bbsection\u00bb][et_pb_row admin_label=\u00bbrow\u00bb][et_pb_column type=\u00bb4_4&#8243;][et_pb_text admin_label=\u00bbTexto\u00bb background_layout=\u00bblight\u00bb text_orientation=\u00bbleft\u00bb use_border_color=\u00bboff\u00bb border_color=\u00bb#ffffff\u00bb border_style=\u00bbsolid\u00bb]<\/p>\n<h2 style=\"text-align: center;\"><strong>TOROS EN PLAZA DE SANTA MAR\u00cdA<\/strong><\/h2>\n<p style=\"text-align: center;\"><img loading=\"lazy\" decoding=\"async\" class=\"alignnone size-medium wp-image-2913\" src=\"http:\/\/cazorla.es\/turismo\/wp-content\/uploads\/2018\/07\/10-300x181.jpg\" alt=\"10\" width=\"300\" height=\"181\" srcset=\"https:\/\/cazorla.es\/turismo\/wp-content\/uploads\/2018\/07\/10-300x181.jpg 300w, https:\/\/cazorla.es\/turismo\/wp-content\/uploads\/2018\/07\/10.jpg 443w\" sizes=\"(max-width: 300px) 100vw, 300px\" \/><\/p>\n<p style=\"text-align: center;\">La tauromaquia, con sus simpatizantes y detractores, se ha mantenido ligada tradicionalmente a la cultura de este pa\u00eds. No obstante, una curiosidad de nuestro municipio ha sido la asociaci\u00f3n de la misma, a las fiestas populares, y m\u00e1s concretamente a la Feria de Cazorla, con tradiciones como la \u201cPuesta del Maero\u201d, que simbolizaba tanto el inicio de la Feria, como el primer list\u00f3n de madera para la construcci\u00f3n en la Plaza de Santa Mar\u00eda, o \u201cPlaza Vieja\u201d, de la Plaza de Toros temporal que all\u00ed se dispuso.<\/p>\n<p style=\"text-align: center;\"><img loading=\"lazy\" decoding=\"async\" class=\"alignnone size-medium wp-image-2880\" src=\"http:\/\/cazorla.es\/turismo\/wp-content\/uploads\/2018\/07\/10-Toros-en-Plaza-de-Santa-Maria-300x215.jpg\" alt=\"10 - Toros en Plaza de Santa Maria\" width=\"300\" height=\"215\" srcset=\"https:\/\/cazorla.es\/turismo\/wp-content\/uploads\/2018\/07\/10-Toros-en-Plaza-de-Santa-Maria-300x215.jpg 300w, https:\/\/cazorla.es\/turismo\/wp-content\/uploads\/2018\/07\/10-Toros-en-Plaza-de-Santa-Maria-768x551.jpg 768w, https:\/\/cazorla.es\/turismo\/wp-content\/uploads\/2018\/07\/10-Toros-en-Plaza-de-Santa-Maria.jpg 1024w\" sizes=\"(max-width: 300px) 100vw, 300px\" \/><\/p>\n<p style=\"text-align: center;\">\u00a0\u00a0\u00a0\u00a0\u00a0\u00a0\u00a0\u00a0\u00a0\u00a0\u00a0 Aunque no sabemos a ciencia cierta cuando nace esta tradici\u00f3n en Cazorla, si sabemos con certeza que se celebr\u00f3 desde mediados del s. XIX hasta 1928 que se construye la Plaza de Toros monumental que hoy dispone Cazorla. Se poseen varias im\u00e1genes de archivo en las que se puede ver como estaba estructurada la Plaza circular, construida con madera local, y como los vecinos\/as de Cazorla se agolpaban en ella para presenciar las corridas de toros que ofrec\u00eda el consistorio local. En muchos casos se lleg\u00f3 a usar el antiguo campanario de la Iglesia en ruinas de Santa Mar\u00eda de Gracia como \u201cpalco\u201d y mirador para los espectadores.<\/p>\n<p style=\"text-align: center;\"><strong><em>Texto de Javier Sevilla Mart\u00ednez<\/em><\/strong><\/p>\n<p>&nbsp;<\/p>\n<p>[\/et_pb_text][\/et_pb_column][\/et_pb_row][et_pb_row admin_label=\u00bbFila\u00bb][et_pb_column type=\u00bb4_4&#8243;][et_pb_text admin_label=\u00bbTexto\u00bb background_layout=\u00bblight\u00bb text_orientation=\u00bbcenter\u00bb use_border_color=\u00bboff\u00bb border_color=\u00bb#ffffff\u00bb border_style=\u00bbsolid\u00bb]<\/p>\n<p style=\"text-align: center;\"><strong><em>Aqu\u00ed puedes encontrar su ubicaci\u00f3n en el municipio:<\/em><\/strong><\/p>\n<p>[\/et_pb_text][et_pb_code admin_label=\u00bbC\u00f3digo\u00bb]&lt;iframe src=\u00bbhttps:\/\/www.google.com\/maps\/d\/embed?mid=1W_rkFJowj6DTnr68Y_RJdPyZDOKRUExW\u00bb width=\u00bb900&#8243; height=\u00bb600&#8243;&gt;&lt;\/iframe&gt;[\/et_pb_code][\/et_pb_column][\/et_pb_row][\/et_pb_section]<\/p>\n","protected":false},"excerpt":{"rendered":"<p>TOROS EN PLAZA DE SANTA MAR\u00cdA La tauromaquia, con sus simpatizantes y detractores, se ha mantenido ligada tradicionalmente a la cultura de este pa\u00eds. No obstante, una curiosidad de nuestro [&hellip;]<\/p>\n","protected":false},"author":2,"featured_media":0,"parent":0,"menu_order":0,"comment_status":"closed","ping_status":"closed","template":"","meta":{"_et_pb_use_builder":"on","_et_pb_old_content":"","_et_gb_content_width":"","footnotes":""},"class_list":["post-2959","page","type-page","status-publish","hentry"],"_links":{"self":[{"href":"https:\/\/cazorla.es\/turismo\/wp-json\/wp\/v2\/pages\/2959","targetHints":{"allow":["GET"]}}],"collection":[{"href":"https:\/\/cazorla.es\/turismo\/wp-json\/wp\/v2\/pages"}],"about":[{"href":"https:\/\/cazorla.es\/turismo\/wp-json\/wp\/v2\/types\/page"}],"author":[{"embeddable":true,"href":"https:\/\/cazorla.es\/turismo\/wp-json\/wp\/v2\/users\/2"}],"replies":[{"embeddable":true,"href":"https:\/\/cazorla.es\/turismo\/wp-json\/wp\/v2\/comments?post=2959"}],"version-history":[{"count":2,"href":"https:\/\/cazorla.es\/turismo\/wp-json\/wp\/v2\/pages\/2959\/revisions"}],"predecessor-version":[{"id":3019,"href":"https:\/\/cazorla.es\/turismo\/wp-json\/wp\/v2\/pages\/2959\/revisions\/3019"}],"wp:attachment":[{"href":"https:\/\/cazorla.es\/turismo\/wp-json\/wp\/v2\/media?parent=2959"}],"curies":[{"name":"wp","href":"https:\/\/api.w.org\/{rel}","templated":true}]}}