{"id":2962,"date":"2018-07-19T17:34:44","date_gmt":"2018-07-19T17:34:44","guid":{"rendered":"http:\/\/cazorla.es\/turismo\/?page_id=2962"},"modified":"2018-07-20T12:21:45","modified_gmt":"2018-07-20T12:21:45","slug":"puesta-del-maero","status":"publish","type":"page","link":"https:\/\/cazorla.es\/turismo\/puesta-del-maero\/","title":{"rendered":"Puesta del Maero"},"content":{"rendered":"<p>[et_pb_section admin_label=\u00bbsection\u00bb][et_pb_row admin_label=\u00bbrow\u00bb][et_pb_column type=\u00bb4_4&#8243;][et_pb_text admin_label=\u00bbTexto\u00bb background_layout=\u00bblight\u00bb text_orientation=\u00bbleft\u00bb use_border_color=\u00bboff\u00bb border_color=\u00bb#ffffff\u00bb border_style=\u00bbsolid\u00bb]<\/p>\n<h2 style=\"text-align: center;\">LA \u00abPUESTA DEL MAERO\u00bb<\/h2>\n<p style=\"text-align: center;\"><img loading=\"lazy\" decoding=\"async\" class=\"alignnone size-medium wp-image-2881\" src=\"http:\/\/cazorla.es\/turismo\/wp-content\/uploads\/2018\/07\/11-Puesta-del-Maero-215x300.jpg\" alt=\"11 - Puesta del Maero\" width=\"215\" height=\"300\" srcset=\"https:\/\/cazorla.es\/turismo\/wp-content\/uploads\/2018\/07\/11-Puesta-del-Maero-215x300.jpg 215w, https:\/\/cazorla.es\/turismo\/wp-content\/uploads\/2018\/07\/11-Puesta-del-Maero.jpg 735w\" sizes=\"(max-width: 215px) 100vw, 215px\" \/><\/p>\n<p style=\"text-align: center;\">Dec\u00eda el cronista local Lorenzo Polaino, en su libro \u201cEl Adelantado de Cazorla\u201d (1935):<\/p>\n<p style=\"text-align: center;\">\u201cEn la tarde de 8 de septiembre, el alcalde y el mayordomo, acompa\u00f1ados de numeroso p\u00fablico, salen con la m\u00fasica desde la Fuente de la Glorieta hacia la Plaza de Santa Mar\u00eda. A la entrada de dicha plaza, tras los ca\u00f1os, hace un alto la comitiva, mientras de pared a pared se atraviesa un madero: es la se\u00f1al de que al siguiente d\u00eda se va a empezar a tapar la plaza. (\u2026) La gente espera ansiosa el disparo de los cohetes gordos. El n\u00famero de estos anuncia el de los d\u00edas de toros, que nunca fue inferior a seis\u2026\u201d<\/p>\n<p style=\"text-align: center;\"><img loading=\"lazy\" decoding=\"async\" class=\"alignnone size-medium wp-image-2914\" src=\"http:\/\/cazorla.es\/turismo\/wp-content\/uploads\/2018\/07\/11-300x207.jpg\" alt=\"11\" width=\"300\" height=\"207\" srcset=\"https:\/\/cazorla.es\/turismo\/wp-content\/uploads\/2018\/07\/11-300x207.jpg 300w, https:\/\/cazorla.es\/turismo\/wp-content\/uploads\/2018\/07\/11.jpg 400w\" sizes=\"(max-width: 300px) 100vw, 300px\" \/><\/p>\n<p style=\"text-align: center;\">\u00a0\u00a0\u00a0\u00a0\u00a0\u00a0\u00a0\u00a0\u00a0\u00a0\u00a0 La tradici\u00f3n de la \u201cPuesta del Maero\u201d, conocida desde hace m\u00e1s de 150 a\u00f1os en Cazorla y asociada tanto al folklore local como a la tauromaquia, consisti\u00f3 en un acto simb\u00f3lico, realizado una semana antes del inicio de la Feria de Cazorla (14 de septiembre) el cual marcaba el inicio de \u00e9sta. En \u00e9ste solemne acto, el alcalde y su comitiva, clavaban el primer tronco de madera de una plaza de toros temporal, construida en la Plaza de Santa Mar\u00eda, donde se ofrec\u00edan corridas taurinas gratuitas y patrocinadas por el consistorio.<\/p>\n<p>&nbsp;<\/p>\n<p style=\"text-align: center;\"><em>Texto de Javier Sevilla Mart\u00ednez<\/em><\/p>\n<p>[\/et_pb_text][\/et_pb_column][\/et_pb_row][et_pb_row admin_label=\u00bbFila\u00bb][et_pb_column type=\u00bb4_4&#8243;][et_pb_text admin_label=\u00bbTexto\u00bb background_layout=\u00bblight\u00bb text_orientation=\u00bbcenter\u00bb use_border_color=\u00bboff\u00bb border_color=\u00bb#ffffff\u00bb border_style=\u00bbsolid\u00bb]<\/p>\n<p style=\"text-align: center;\"><strong><em>Aqu\u00ed puedes encontrar su ubicaci\u00f3n en el municipio:<\/em><\/strong><\/p>\n<p>[\/et_pb_text][et_pb_code admin_label=\u00bbC\u00f3digo\u00bb]&lt;iframe src=\u00bbhttps:\/\/www.google.com\/maps\/d\/embed?mid=10CZiYvbd51F1bJPpGrkTB3r85z3kGVAz\u00bb width=\u00bb900&#8243; height=\u00bb600&#8243;&gt;&lt;\/iframe&gt;[\/et_pb_code][\/et_pb_column][\/et_pb_row][\/et_pb_section]<\/p>\n","protected":false},"excerpt":{"rendered":"<p>LA \u00abPUESTA DEL MAERO\u00bb Dec\u00eda el cronista local Lorenzo Polaino, en su libro \u201cEl Adelantado de Cazorla\u201d (1935): \u201cEn la tarde de 8 de septiembre, el alcalde y el mayordomo, [&hellip;]<\/p>\n","protected":false},"author":2,"featured_media":0,"parent":0,"menu_order":0,"comment_status":"closed","ping_status":"closed","template":"","meta":{"_et_pb_use_builder":"on","_et_pb_old_content":"","_et_gb_content_width":"","footnotes":""},"class_list":["post-2962","page","type-page","status-publish","hentry"],"_links":{"self":[{"href":"https:\/\/cazorla.es\/turismo\/wp-json\/wp\/v2\/pages\/2962","targetHints":{"allow":["GET"]}}],"collection":[{"href":"https:\/\/cazorla.es\/turismo\/wp-json\/wp\/v2\/pages"}],"about":[{"href":"https:\/\/cazorla.es\/turismo\/wp-json\/wp\/v2\/types\/page"}],"author":[{"embeddable":true,"href":"https:\/\/cazorla.es\/turismo\/wp-json\/wp\/v2\/users\/2"}],"replies":[{"embeddable":true,"href":"https:\/\/cazorla.es\/turismo\/wp-json\/wp\/v2\/comments?post=2962"}],"version-history":[{"count":2,"href":"https:\/\/cazorla.es\/turismo\/wp-json\/wp\/v2\/pages\/2962\/revisions"}],"predecessor-version":[{"id":3020,"href":"https:\/\/cazorla.es\/turismo\/wp-json\/wp\/v2\/pages\/2962\/revisions\/3020"}],"wp:attachment":[{"href":"https:\/\/cazorla.es\/turismo\/wp-json\/wp\/v2\/media?parent=2962"}],"curies":[{"name":"wp","href":"https:\/\/api.w.org\/{rel}","templated":true}]}}