{"id":2969,"date":"2018-07-19T17:43:11","date_gmt":"2018-07-19T17:43:11","guid":{"rendered":"http:\/\/cazorla.es\/turismo\/?page_id=2969"},"modified":"2018-07-20T14:36:14","modified_gmt":"2018-07-20T14:36:14","slug":"tragantia","status":"publish","type":"page","link":"https:\/\/cazorla.es\/turismo\/tragantia\/","title":{"rendered":"Tragant\u00eda"},"content":{"rendered":"<p>[et_pb_section admin_label=\u00bbsection\u00bb][et_pb_row admin_label=\u00bbrow\u00bb][et_pb_column type=\u00bb4_4&#8243;][et_pb_text admin_label=\u00bbTexto\u00bb background_layout=\u00bblight\u00bb text_orientation=\u00bbleft\u00bb use_border_color=\u00bboff\u00bb border_color=\u00bb#ffffff\u00bb border_style=\u00bbsolid\u00bb]<\/p>\n<h2 style=\"text-align: center;\"><strong>LA TRAGANT\u00cdA Y SU LEYENDA<\/strong><\/h2>\n<p style=\"text-align: center;\"><img loading=\"lazy\" decoding=\"async\" class=\"alignnone size-medium wp-image-2916\" src=\"http:\/\/cazorla.es\/turismo\/wp-content\/uploads\/2018\/07\/13-294x300.jpg\" alt=\"13\" width=\"294\" height=\"300\" srcset=\"https:\/\/cazorla.es\/turismo\/wp-content\/uploads\/2018\/07\/13-294x300.jpg 294w, https:\/\/cazorla.es\/turismo\/wp-content\/uploads\/2018\/07\/13-768x784.jpg 768w, https:\/\/cazorla.es\/turismo\/wp-content\/uploads\/2018\/07\/13-1004x1024.jpg 1004w, https:\/\/cazorla.es\/turismo\/wp-content\/uploads\/2018\/07\/13-1080x1102.jpg 1080w, https:\/\/cazorla.es\/turismo\/wp-content\/uploads\/2018\/07\/13.jpg 1626w\" sizes=\"(max-width: 294px) 100vw, 294px\" \/><\/p>\n<p style=\"text-align: center;\">Una de las leyendas m\u00e1s conocidas de Cazorla, asociada con su cultura, los castillos y el r\u00edo Cerezuelo, es la de \u201cla Tragant\u00eda\u201d.<\/p>\n<p style=\"text-align: center;\">\u00a0\u00a0\u00a0\u00a0\u00a0\u00a0\u00a0\u00a0\u00a0\u00a0\u00a0\u00a0 La leyenda cuenta que, durante la conquista de la zona por las tropas castellanas, el rey moro se atrincher\u00f3 en el castillo, que hoy es conocido como \u201cCastillo de la Yedra\u201d, para hacer frente al enemigo. No obstante, cuando conoci\u00f3 la masacre que los cristianos consumaron durante la conquista de Quesada, el rey decidi\u00f3 abandonar Cazorla y el castillo con su gente.<\/p>\n<p style=\"text-align: center;\"><img loading=\"lazy\" decoding=\"async\" class=\"alignnone size-medium wp-image-2883\" src=\"http:\/\/cazorla.es\/turismo\/wp-content\/uploads\/2018\/07\/13-La-Tragant\u00eda-y-su-leyenda-215x300.jpg\" alt=\"13 - La Tragant\u00eda y su leyenda\" width=\"215\" height=\"300\" srcset=\"https:\/\/cazorla.es\/turismo\/wp-content\/uploads\/2018\/07\/13-La-Tragant\u00eda-y-su-leyenda-215x300.jpg 215w, https:\/\/cazorla.es\/turismo\/wp-content\/uploads\/2018\/07\/13-La-Tragant\u00eda-y-su-leyenda.jpg 735w\" sizes=\"(max-width: 215px) 100vw, 215px\" \/><\/p>\n<p style=\"text-align: center;\">\u00a0\u00a0\u00a0\u00a0\u00a0\u00a0\u00a0\u00a0\u00a0\u00a0\u00a0\u00a0 No obstante, y pensando que pronto volver\u00eda a retomar Cazorla, dej\u00f3 atr\u00e1s su bien m\u00e1s preciado: su bella hija. Oculta en una estancia secreta bajo el castillo, que solo el rey conoc\u00eda, le dej\u00f3 provisiones y lucernas de aceite para que pudiera sobrevivir hasta su llegada. No obstante, durante la huida, el rey y su escolta perecieron ante los castellanos, que se instalaron a posteriori en el castillo de Cazorla y sus tierras.<\/p>\n<p style=\"text-align: center;\">\u00a0\u00a0\u00a0\u00a0\u00a0\u00a0\u00a0\u00a0\u00a0\u00a0\u00a0\u00a0 Sin embargo, la hija del rey moro, permaneci\u00f3 paciente en su escondite, esperando a su padre y su gente. Una espera eterna que la llev\u00f3 a la locura cuando sus provisiones se agotaron y supo que nadie la encontrar\u00eda. Cada d\u00eda que pasaba en su h\u00fameda estancia se hac\u00eda sentir como una eternidad, hasta que dej\u00f3 de sentir las piernas, las cuales se hab\u00edan transformado en una cola serpenteante, y su famosa belleza, en un aspecto reptilesco.<\/p>\n<p style=\"text-align: center;\">\u00a0\u00a0\u00a0\u00a0\u00a0\u00a0\u00a0\u00a0\u00a0\u00a0\u00a0\u00a0 Su venganza contra los castellanos y sus descendientes se da todas las noches previas al d\u00eda de San Juan (23 de junio) desde entonces, donde, desde sus profundas estancias, canta a los ni\u00f1os y ni\u00f1as:<\/p>\n<p style=\"text-align: center;\"><em>Yo soy la Tragant\u00eda<\/em><\/p>\n<p style=\"text-align: center;\"><em>hija del rey moro,<\/em><\/p>\n<p style=\"text-align: center;\"><em>el que me oiga cantar<\/em><\/p>\n<p style=\"text-align: center;\"><em>no ver\u00e1 la luz del d\u00eda<\/em><\/p>\n<p style=\"text-align: center;\"><em>ni la noche de San Juan.<\/em><strong><br \/>\n<\/strong><\/p>\n<p style=\"text-align: center;\"><em>Texto de Javier Sevilla Mart\u00ednez<\/em><\/p>\n<p>[\/et_pb_text][\/et_pb_column][\/et_pb_row][et_pb_row admin_label=\u00bbFila\u00bb][et_pb_column type=\u00bb4_4&#8243;][et_pb_text admin_label=\u00bbTexto\u00bb background_layout=\u00bblight\u00bb text_orientation=\u00bbcenter\u00bb use_border_color=\u00bboff\u00bb border_color=\u00bb#ffffff\u00bb border_style=\u00bbsolid\u00bb]<\/p>\n<p style=\"text-align: center;\"><strong><em>Aqu\u00ed puedes encontrar su ubicaci\u00f3n en el municipio:<\/em><\/strong><\/p>\n<p>[\/et_pb_text][et_pb_code admin_label=\u00bbC\u00f3digo\u00bb]&lt;iframe src=\u00bbhttps:\/\/www.google.com\/maps\/d\/embed?mid=12hRtTQKxfstYDvZEaz1d_2lhGoBrs9jN\u00bb width=\u00bb900&#8243; height=\u00bb600&#8243;&gt;&lt;\/iframe&gt;[\/et_pb_code][\/et_pb_column][\/et_pb_row][\/et_pb_section]<\/p>\n","protected":false},"excerpt":{"rendered":"<p>LA TRAGANT\u00cdA Y SU LEYENDA Una de las leyendas m\u00e1s conocidas de Cazorla, asociada con su cultura, los castillos y el r\u00edo Cerezuelo, es la de \u201cla Tragant\u00eda\u201d. \u00a0\u00a0\u00a0\u00a0\u00a0\u00a0\u00a0\u00a0\u00a0\u00a0\u00a0\u00a0 La [&hellip;]<\/p>\n","protected":false},"author":2,"featured_media":0,"parent":0,"menu_order":0,"comment_status":"closed","ping_status":"closed","template":"","meta":{"_et_pb_use_builder":"on","_et_pb_old_content":"","_et_gb_content_width":"","footnotes":""},"class_list":["post-2969","page","type-page","status-publish","hentry"],"_links":{"self":[{"href":"https:\/\/cazorla.es\/turismo\/wp-json\/wp\/v2\/pages\/2969","targetHints":{"allow":["GET"]}}],"collection":[{"href":"https:\/\/cazorla.es\/turismo\/wp-json\/wp\/v2\/pages"}],"about":[{"href":"https:\/\/cazorla.es\/turismo\/wp-json\/wp\/v2\/types\/page"}],"author":[{"embeddable":true,"href":"https:\/\/cazorla.es\/turismo\/wp-json\/wp\/v2\/users\/2"}],"replies":[{"embeddable":true,"href":"https:\/\/cazorla.es\/turismo\/wp-json\/wp\/v2\/comments?post=2969"}],"version-history":[{"count":2,"href":"https:\/\/cazorla.es\/turismo\/wp-json\/wp\/v2\/pages\/2969\/revisions"}],"predecessor-version":[{"id":3022,"href":"https:\/\/cazorla.es\/turismo\/wp-json\/wp\/v2\/pages\/2969\/revisions\/3022"}],"wp:attachment":[{"href":"https:\/\/cazorla.es\/turismo\/wp-json\/wp\/v2\/media?parent=2969"}],"curies":[{"name":"wp","href":"https:\/\/api.w.org\/{rel}","templated":true}]}}