{"id":2971,"date":"2018-07-19T17:46:19","date_gmt":"2018-07-19T17:46:19","guid":{"rendered":"http:\/\/cazorla.es\/turismo\/?page_id=2971"},"modified":"2018-07-20T14:41:21","modified_gmt":"2018-07-20T14:41:21","slug":"cristo-del-consuelo","status":"publish","type":"page","link":"https:\/\/cazorla.es\/turismo\/cristo-del-consuelo\/","title":{"rendered":"Cristo del Consuelo"},"content":{"rendered":"<p>[et_pb_section admin_label=\u00bbsection\u00bb][et_pb_row admin_label=\u00bbrow\u00bb][et_pb_column type=\u00bb4_4&#8243;][et_pb_text admin_label=\u00bbTexto\u00bb background_layout=\u00bblight\u00bb text_orientation=\u00bbleft\u00bb use_border_color=\u00bboff\u00bb border_color=\u00bb#ffffff\u00bb border_style=\u00bbsolid\u00bb]<\/p>\n<h2 style=\"text-align: center;\">EL CUADRO DEL SANT\u00cdSIMO CRISTO DEL CONSUELO<\/h2>\n<p><img loading=\"lazy\" decoding=\"async\" class=\"alignnone size-medium wp-image-2917 aligncenter\" src=\"http:\/\/cazorla.es\/turismo\/wp-content\/uploads\/2018\/07\/14-206x300.jpg\" alt=\"14\" width=\"206\" height=\"300\" srcset=\"https:\/\/cazorla.es\/turismo\/wp-content\/uploads\/2018\/07\/14-206x300.jpg 206w, https:\/\/cazorla.es\/turismo\/wp-content\/uploads\/2018\/07\/14.jpg 409w\" sizes=\"(max-width: 206px) 100vw, 206px\" \/><\/p>\n<p style=\"text-align: center;\">La imagen religiosa de mayor tradici\u00f3n y simbolismo para Cazorla y sus habitantes, es el cuadro del Sant\u00edsimo Cristo del Consuelo.<\/p>\n<p style=\"text-align: center;\">\u00a0\u00a0\u00a0\u00a0\u00a0\u00a0\u00a0\u00a0\u00a0\u00a0\u00a0 Tenemos constancia de la existencia de este cuadro y su tradici\u00f3n desde el s. XVII, cuando se hallaba en una capilla lateral en la Iglesia de Santa Mar\u00eda de Gracia. La tradici\u00f3n cazorle\u00f1a cuenta que no solo sobrevivi\u00f3 este cuadro a la famosa inundaci\u00f3n de 1694, sino tambi\u00e9n al incendio causado por los invasores franceses a la Iglesia en 1810.<\/p>\n<p style=\"text-align: center;\"><img loading=\"lazy\" decoding=\"async\" class=\"alignnone size-medium wp-image-2884\" src=\"http:\/\/cazorla.es\/turismo\/wp-content\/uploads\/2018\/07\/14-Cuadro-del-Stmo.-Cristo-del-Consuelo-215x300.jpg\" alt=\"14 - Cuadro del Stmo. Cristo del Consuelo\" width=\"215\" height=\"300\" srcset=\"https:\/\/cazorla.es\/turismo\/wp-content\/uploads\/2018\/07\/14-Cuadro-del-Stmo.-Cristo-del-Consuelo-215x300.jpg 215w, https:\/\/cazorla.es\/turismo\/wp-content\/uploads\/2018\/07\/14-Cuadro-del-Stmo.-Cristo-del-Consuelo.jpg 735w\" sizes=\"(max-width: 215px) 100vw, 215px\" \/><\/p>\n<p style=\"text-align: center;\">\u00a0\u00a0\u00a0\u00a0\u00a0\u00a0\u00a0\u00a0\u00a0\u00a0\u00a0 Tras el abandono de la Iglesia de Santa Mar\u00eda en 1819, el cuadro se traslad\u00f3 a la Iglesia de San Francisco donde, tras una restauraci\u00f3n realizada despu\u00e9s de la Guerra Civil espa\u00f1ola, permanece en la actualidad, sac\u00e1ndose en procesi\u00f3n el 17 de septiembre y siendo el patr\u00f3n de las fiestas del municipio.<\/p>\n<p style=\"text-align: center;\">\u00a0\u00a0\u00a0\u00a0\u00a0\u00a0\u00a0\u00a0\u00a0\u00a0\u00a0 La importancia del cuadro fue tal, que una poderosa familia cazorle\u00f1a, solicit\u00f3 la creaci\u00f3n de una r\u00e9plica del cuadro del Cristo del Consuelo para su capilla personal, en el que fueron incluidos sus retratos en el mismo, conoci\u00e9ndose como \u201cCristo de los Orantes\u201d. Este cuadro fue pasando de generaci\u00f3n en generaci\u00f3n, siendo escondido en una casa cercana durante la Guerra Civil espa\u00f1ola para su protecci\u00f3n. Recientemente se entreg\u00f3 a la Real Cofrad\u00eda del Cristo del Consuelo para su custodia.<\/p>\n<p style=\"text-align: center;\"><em>Texto de Javier Sevilla Mart\u00ednez<\/em><\/p>\n<p>[\/et_pb_text][\/et_pb_column][\/et_pb_row][et_pb_row admin_label=\u00bbFila\u00bb][et_pb_column type=\u00bb4_4&#8243;][et_pb_text admin_label=\u00bbTexto\u00bb background_layout=\u00bblight\u00bb text_orientation=\u00bbcenter\u00bb use_border_color=\u00bboff\u00bb border_color=\u00bb#ffffff\u00bb border_style=\u00bbsolid\u00bb]<\/p>\n<p style=\"text-align: center;\"><strong><em>Aqu\u00ed puedes encontrar su ubicaci\u00f3n en el municipio:<\/em><\/strong><\/p>\n<p>[\/et_pb_text][et_pb_code admin_label=\u00bbC\u00f3digo\u00bb]&lt;iframe src=\u00bbhttps:\/\/www.google.com\/maps\/d\/embed?mid=1CznhqeBhAQWU3XdeCsVJteMHFF3pyj-K\u00bb width=\u00bb900&#8243; height=\u00bb600&#8243;&gt;&lt;\/iframe&gt;[\/et_pb_code][\/et_pb_column][\/et_pb_row][\/et_pb_section]<\/p>\n","protected":false},"excerpt":{"rendered":"<p>EL CUADRO DEL SANT\u00cdSIMO CRISTO DEL CONSUELO La imagen religiosa de mayor tradici\u00f3n y simbolismo para Cazorla y sus habitantes, es el cuadro del Sant\u00edsimo Cristo del Consuelo. \u00a0\u00a0\u00a0\u00a0\u00a0\u00a0\u00a0\u00a0\u00a0\u00a0\u00a0 Tenemos [&hellip;]<\/p>\n","protected":false},"author":2,"featured_media":0,"parent":0,"menu_order":0,"comment_status":"closed","ping_status":"closed","template":"","meta":{"_et_pb_use_builder":"on","_et_pb_old_content":"","_et_gb_content_width":"","footnotes":""},"class_list":["post-2971","page","type-page","status-publish","hentry"],"_links":{"self":[{"href":"https:\/\/cazorla.es\/turismo\/wp-json\/wp\/v2\/pages\/2971","targetHints":{"allow":["GET"]}}],"collection":[{"href":"https:\/\/cazorla.es\/turismo\/wp-json\/wp\/v2\/pages"}],"about":[{"href":"https:\/\/cazorla.es\/turismo\/wp-json\/wp\/v2\/types\/page"}],"author":[{"embeddable":true,"href":"https:\/\/cazorla.es\/turismo\/wp-json\/wp\/v2\/users\/2"}],"replies":[{"embeddable":true,"href":"https:\/\/cazorla.es\/turismo\/wp-json\/wp\/v2\/comments?post=2971"}],"version-history":[{"count":3,"href":"https:\/\/cazorla.es\/turismo\/wp-json\/wp\/v2\/pages\/2971\/revisions"}],"predecessor-version":[{"id":3024,"href":"https:\/\/cazorla.es\/turismo\/wp-json\/wp\/v2\/pages\/2971\/revisions\/3024"}],"wp:attachment":[{"href":"https:\/\/cazorla.es\/turismo\/wp-json\/wp\/v2\/media?parent=2971"}],"curies":[{"name":"wp","href":"https:\/\/api.w.org\/{rel}","templated":true}]}}