{"id":2974,"date":"2018-07-19T17:51:49","date_gmt":"2018-07-19T17:51:49","guid":{"rendered":"http:\/\/cazorla.es\/turismo\/?page_id=2974"},"modified":"2018-07-20T14:43:37","modified_gmt":"2018-07-20T14:43:37","slug":"feria-del-ganado","status":"publish","type":"page","link":"https:\/\/cazorla.es\/turismo\/feria-del-ganado\/","title":{"rendered":"Feria del Ganado"},"content":{"rendered":"<p>[et_pb_section admin_label=\u00bbsection\u00bb][et_pb_row admin_label=\u00bbrow\u00bb][et_pb_column type=\u00bb4_4&#8243;][et_pb_text admin_label=\u00bbTexto\u00bb background_layout=\u00bblight\u00bb text_orientation=\u00bbleft\u00bb use_border_color=\u00bboff\u00bb border_color=\u00bb#ffffff\u00bb border_style=\u00bbsolid\u00bb]<\/p>\n<h2 style=\"text-align: center;\"><strong>FERIA DEL GANADO<\/strong><\/h2>\n<p><img loading=\"lazy\" decoding=\"async\" class=\"alignnone size-medium wp-image-2918 aligncenter\" src=\"http:\/\/cazorla.es\/turismo\/wp-content\/uploads\/2018\/07\/15-300x205.jpg\" alt=\"15\" width=\"300\" height=\"205\" srcset=\"https:\/\/cazorla.es\/turismo\/wp-content\/uploads\/2018\/07\/15-300x205.jpg 300w, https:\/\/cazorla.es\/turismo\/wp-content\/uploads\/2018\/07\/15-768x526.jpg 768w, https:\/\/cazorla.es\/turismo\/wp-content\/uploads\/2018\/07\/15.jpg 1024w\" sizes=\"(max-width: 300px) 100vw, 300px\" \/><\/p>\n<p style=\"text-align: center;\">Cazorla y sus habitantes sobrevivieron a \u00e9pocas dif\u00edciles de muchas maneras a lo largo del tiempo. Durante la Edad Moderna, Cazorla fue reconocida por los frutos de sus huertos y jardines, siendo especialmente mencionados sus higos, los cuales se exportaban a toda la Pen\u00ednsula. El olivar que hoy vemos, era much\u00edsimo m\u00e1s reducido, d\u00e1ndose amplios campos de trigo por toda la vega del Cerezuelo, que se mantuvieron hasta tiempos recientes.<\/p>\n<p style=\"text-align: center;\"><img loading=\"lazy\" decoding=\"async\" class=\"alignnone size-medium wp-image-2885\" src=\"http:\/\/cazorla.es\/turismo\/wp-content\/uploads\/2018\/07\/15-Feria-del-Ganado-300x215.jpg\" alt=\"15 - Feria del Ganado\" width=\"300\" height=\"215\" srcset=\"https:\/\/cazorla.es\/turismo\/wp-content\/uploads\/2018\/07\/15-Feria-del-Ganado-300x215.jpg 300w, https:\/\/cazorla.es\/turismo\/wp-content\/uploads\/2018\/07\/15-Feria-del-Ganado-768x551.jpg 768w, https:\/\/cazorla.es\/turismo\/wp-content\/uploads\/2018\/07\/15-Feria-del-Ganado.jpg 1024w\" sizes=\"(max-width: 300px) 100vw, 300px\" \/><\/p>\n<p style=\"text-align: center;\">\u00a0\u00a0\u00a0\u00a0\u00a0\u00a0\u00a0\u00a0\u00a0\u00a0\u00a0 Sin embargo, otra forma de subsistencia tradicional, fue el aprovechamiento de la caba\u00f1a ganadera, tanto como modo de vida pastoril, como para consumo propio, e incluso, en su venta en grandes ferias y otras m\u00e1s reducidas, como las ventas del ganado que se daban hasta los a\u00f1os 50 del s. XX, en calles como La Hoz o en la \u201cPlaza Vieja\u201d.<\/p>\n<p style=\"text-align: center;\"><strong>\u00a0\u00a0\u00a0\u00a0\u00a0\u00a0\u00a0\u00a0\u00a0\u00a0\u00a0 <\/strong>La gente del municipio de Cazorla, como los habitantes del \u00e1mbito rural o serrano, se concentraban en algunos momentos en Cazorla para la venta de diversos animales: tanto gallinas, cabras o cerdos para consumo, como caballos, burros o asnos para el transporte. La cr\u00eda de estos animales de forma particular, pudo dar sustento a muchas familias durante \u00e9pocas de penuria. Por otro lado, la compra de determinados animales, aportaba nuevas opciones de alimento a las familias, como el acceso a leche o huevos.<strong><br \/>\n<\/strong><\/p>\n<p style=\"text-align: center;\"><em>Texto de Javier Sevilla Mart\u00ednez<\/em><\/p>\n<p>[\/et_pb_text][\/et_pb_column][\/et_pb_row][et_pb_row admin_label=\u00bbFila\u00bb][et_pb_column type=\u00bb4_4&#8243;][et_pb_text admin_label=\u00bbTexto\u00bb background_layout=\u00bblight\u00bb text_orientation=\u00bbcenter\u00bb use_border_color=\u00bboff\u00bb border_color=\u00bb#ffffff\u00bb border_style=\u00bbsolid\u00bb]<\/p>\n<p style=\"text-align: center;\"><strong><em>Aqu\u00ed puedes encontrar su ubicaci\u00f3n en el municipio:<\/em><\/strong><\/p>\n<p>[\/et_pb_text][et_pb_code admin_label=\u00bbC\u00f3digo\u00bb]&lt;iframe src=\u00bbhttps:\/\/www.google.com\/maps\/d\/embed?mid=124BuGa0M9K_HoAhrztsvlXBNTpIJol48&#8243; width=\u00bb900&#8243; height=\u00bb600&#8243;&gt;&lt;\/iframe&gt;[\/et_pb_code][\/et_pb_column][\/et_pb_row][\/et_pb_section]<\/p>\n","protected":false},"excerpt":{"rendered":"<p>FERIA DEL GANADO Cazorla y sus habitantes sobrevivieron a \u00e9pocas dif\u00edciles de muchas maneras a lo largo del tiempo. Durante la Edad Moderna, Cazorla fue reconocida por los frutos de [&hellip;]<\/p>\n","protected":false},"author":2,"featured_media":0,"parent":0,"menu_order":0,"comment_status":"closed","ping_status":"closed","template":"","meta":{"_et_pb_use_builder":"on","_et_pb_old_content":"","_et_gb_content_width":"","footnotes":""},"class_list":["post-2974","page","type-page","status-publish","hentry"],"_links":{"self":[{"href":"https:\/\/cazorla.es\/turismo\/wp-json\/wp\/v2\/pages\/2974","targetHints":{"allow":["GET"]}}],"collection":[{"href":"https:\/\/cazorla.es\/turismo\/wp-json\/wp\/v2\/pages"}],"about":[{"href":"https:\/\/cazorla.es\/turismo\/wp-json\/wp\/v2\/types\/page"}],"author":[{"embeddable":true,"href":"https:\/\/cazorla.es\/turismo\/wp-json\/wp\/v2\/users\/2"}],"replies":[{"embeddable":true,"href":"https:\/\/cazorla.es\/turismo\/wp-json\/wp\/v2\/comments?post=2974"}],"version-history":[{"count":3,"href":"https:\/\/cazorla.es\/turismo\/wp-json\/wp\/v2\/pages\/2974\/revisions"}],"predecessor-version":[{"id":3026,"href":"https:\/\/cazorla.es\/turismo\/wp-json\/wp\/v2\/pages\/2974\/revisions\/3026"}],"wp:attachment":[{"href":"https:\/\/cazorla.es\/turismo\/wp-json\/wp\/v2\/media?parent=2974"}],"curies":[{"name":"wp","href":"https:\/\/api.w.org\/{rel}","templated":true}]}}