{"id":2987,"date":"2018-07-19T19:05:42","date_gmt":"2018-07-19T19:05:42","guid":{"rendered":"http:\/\/cazorla.es\/turismo\/?page_id=2987"},"modified":"2018-07-20T14:57:35","modified_gmt":"2018-07-20T14:57:35","slug":"casa-del-corregidor","status":"publish","type":"page","link":"https:\/\/cazorla.es\/turismo\/casa-del-corregidor\/","title":{"rendered":"Casa del Corregidor"},"content":{"rendered":"<p>[et_pb_section admin_label=\u00bbsection\u00bb][et_pb_row admin_label=\u00bbrow\u00bb][et_pb_column type=\u00bb4_4&#8243;][et_pb_text admin_label=\u00bbTexto\u00bb background_layout=\u00bblight\u00bb text_orientation=\u00bbleft\u00bb use_border_color=\u00bboff\u00bb border_color=\u00bb#ffffff\u00bb border_style=\u00bbsolid\u00bb]<\/p>\n<h2 style=\"text-align: center;\"><strong>CASA DEL CORREGIDOR<\/strong><\/h2>\n<p style=\"text-align: center;\"><img loading=\"lazy\" decoding=\"async\" class=\"alignnone size-medium wp-image-2922\" src=\"http:\/\/cazorla.es\/turismo\/wp-content\/uploads\/2018\/07\/20-e1532027074648-199x300.jpg\" alt=\"20\" width=\"199\" height=\"300\" srcset=\"https:\/\/cazorla.es\/turismo\/wp-content\/uploads\/2018\/07\/20-e1532027074648-199x300.jpg 199w, https:\/\/cazorla.es\/turismo\/wp-content\/uploads\/2018\/07\/20-e1532027074648.jpg 645w\" sizes=\"(max-width: 199px) 100vw, 199px\" \/><\/p>\n<p style=\"text-align: center;\">Asociada al Adelantamiento de Cazorla, la \u201cTorre del Corregidor\u201d tiene historia propia. Despu\u00e9s de que el arzobispo Bernardo de Sandoval y Rojas recuperara el Adelantamiento para el arzobispado de Toledo en 1605, instal\u00f3 a su sobrino, Francisco de Sandoval y Rojas, duque de Lerma, como \u201cAdelantado de Cazorla\u201d, un cargo que otorgaba un poder tanto pol\u00edtico como judicial no solo en Cazorla, sino tambi\u00e9n en el resto de villas que compon\u00edan el Adelantamiento.<\/p>\n<p style=\"text-align: center;\"><img loading=\"lazy\" decoding=\"async\" class=\"alignnone size-medium wp-image-2890\" src=\"http:\/\/cazorla.es\/turismo\/wp-content\/uploads\/2018\/07\/20-Casa-del-Corregidor-215x300.jpg\" alt=\"20 - Casa del Corregidor\" width=\"215\" height=\"300\" srcset=\"https:\/\/cazorla.es\/turismo\/wp-content\/uploads\/2018\/07\/20-Casa-del-Corregidor-215x300.jpg 215w, https:\/\/cazorla.es\/turismo\/wp-content\/uploads\/2018\/07\/20-Casa-del-Corregidor.jpg 735w\" sizes=\"(max-width: 215px) 100vw, 215px\" \/><\/p>\n<p style=\"text-align: center;\">\u00a0\u00a0\u00a0\u00a0\u00a0\u00a0\u00a0\u00a0\u00a0\u00a0\u00a0 No obstante, con el tiempo, el arzobispo retir\u00f3 el poder otorgado a su sobrino, convirtiendo el Adelantamiento de Cazorla en un se\u00f1or\u00edo eclesi\u00e1stico, en el que los arzobispos de Toledo intervendr\u00edan totalmente en el gobierno de la zona. Para un control m\u00e1s eficiente, los arzobispos delegaron sus funciones en determinados cargos nombrados por ellos, y en el caso del corregidor, concedi\u00e9ndole el poder judicial y administrativo.<\/p>\n<p style=\"text-align: center;\">\u00a0\u00a0\u00a0\u00a0\u00a0\u00a0\u00a0\u00a0\u00a0\u00a0\u00a0 Por ello, el corregidor del Adelantamiento de Cazorla, cargo que se iba renovando cada varios a\u00f1os, deb\u00eda tener una residencia fija en la villa principal del Adelantamiento, eligiendo situarse en el acceso del camino a Peal de Becerro, una de las v\u00edas principales de acceso a Cazorla.<\/p>\n<p style=\"text-align: center;\"><em>Texto de Javier Sevilla Mart\u00ednez<\/em><\/p>\n<p>[\/et_pb_text][\/et_pb_column][\/et_pb_row][et_pb_row admin_label=\u00bbFila\u00bb][et_pb_column type=\u00bb4_4&#8243;][et_pb_text admin_label=\u00bbTexto\u00bb background_layout=\u00bblight\u00bb text_orientation=\u00bbcenter\u00bb use_border_color=\u00bboff\u00bb border_color=\u00bb#ffffff\u00bb border_style=\u00bbsolid\u00bb]<\/p>\n<p style=\"text-align: center;\"><strong><em>Aqu\u00ed puedes encontrar su ubicaci\u00f3n en el municipio:<\/em><\/strong><\/p>\n<p>[\/et_pb_text][et_pb_code admin_label=\u00bbC\u00f3digo\u00bb]&lt;iframe src=\u00bbhttps:\/\/www.google.com\/maps\/d\/embed?mid=1AF72yS2dtd1mPVD8n4AWgsU0qwgwcK1S\u00bb width=\u00bb900&#8243; height=\u00bb600&#8243;&gt;&lt;\/iframe&gt;[\/et_pb_code][\/et_pb_column][\/et_pb_row][\/et_pb_section]<\/p>\n","protected":false},"excerpt":{"rendered":"<p>CASA DEL CORREGIDOR Asociada al Adelantamiento de Cazorla, la \u201cTorre del Corregidor\u201d tiene historia propia. Despu\u00e9s de que el arzobispo Bernardo de Sandoval y Rojas recuperara el Adelantamiento para el [&hellip;]<\/p>\n","protected":false},"author":2,"featured_media":0,"parent":0,"menu_order":0,"comment_status":"closed","ping_status":"closed","template":"","meta":{"_et_pb_use_builder":"on","_et_pb_old_content":"<h2 style=\"text-align: center;\"><strong>CASA DEL CORREGIDOR<\/strong><\/h2><p>Asociada al Adelantamiento de Cazorla, la \u201cTorre del Corregidor\u201d tiene historia propia. Despu\u00e9s de que el arzobispo Bernardo de Sandoval y Rojas recuperara el Adelantamiento para el arzobispado de Toledo en 1605, instal\u00f3 a su sobrino, Francisco de Sandoval y Rojas, duque de Lerma, como \u201cAdelantado de Cazorla\u201d, un cargo que otorgaba un poder tanto pol\u00edtico como judicial no solo en Cazorla, sino tambi\u00e9n en el resto de villas que compon\u00edan el Adelantamiento.<\/p><p>\u00a0\u00a0\u00a0\u00a0\u00a0\u00a0\u00a0\u00a0\u00a0\u00a0\u00a0 No obstante, con el tiempo, el arzobispo retir\u00f3 el poder otorgado a su sobrino, convirtiendo el Adelantamiento de Cazorla en un se\u00f1or\u00edo eclesi\u00e1stico, en el que los arzobispos de Toledo intervendr\u00edan totalmente en el gobierno de la zona. Para un control m\u00e1s eficiente, los arzobispos delegaron sus funciones en determinados cargos nombrados por ellos, y en el caso del corregidor, concedi\u00e9ndole el poder judicial y administrativo.<\/p><p>\u00a0\u00a0\u00a0\u00a0\u00a0\u00a0\u00a0\u00a0\u00a0\u00a0\u00a0 Por ello, el corregidor del Adelantamiento de Cazorla, cargo que se iba renovando cada varios a\u00f1os, deb\u00eda tener una residencia fija en la villa principal del Adelantamiento, eligiendo situarse en el acceso del camino a Peal de Becerro, una de las v\u00edas principales de acceso a Cazorla.<\/p>","_et_gb_content_width":"","footnotes":""},"class_list":["post-2987","page","type-page","status-publish","hentry"],"_links":{"self":[{"href":"https:\/\/cazorla.es\/turismo\/wp-json\/wp\/v2\/pages\/2987","targetHints":{"allow":["GET"]}}],"collection":[{"href":"https:\/\/cazorla.es\/turismo\/wp-json\/wp\/v2\/pages"}],"about":[{"href":"https:\/\/cazorla.es\/turismo\/wp-json\/wp\/v2\/types\/page"}],"author":[{"embeddable":true,"href":"https:\/\/cazorla.es\/turismo\/wp-json\/wp\/v2\/users\/2"}],"replies":[{"embeddable":true,"href":"https:\/\/cazorla.es\/turismo\/wp-json\/wp\/v2\/comments?post=2987"}],"version-history":[{"count":3,"href":"https:\/\/cazorla.es\/turismo\/wp-json\/wp\/v2\/pages\/2987\/revisions"}],"predecessor-version":[{"id":3032,"href":"https:\/\/cazorla.es\/turismo\/wp-json\/wp\/v2\/pages\/2987\/revisions\/3032"}],"wp:attachment":[{"href":"https:\/\/cazorla.es\/turismo\/wp-json\/wp\/v2\/media?parent=2987"}],"curies":[{"name":"wp","href":"https:\/\/api.w.org\/{rel}","templated":true}]}}