{"id":2993,"date":"2018-07-19T19:14:47","date_gmt":"2018-07-19T19:14:47","guid":{"rendered":"http:\/\/cazorla.es\/turismo\/?page_id=2993"},"modified":"2018-07-20T15:02:01","modified_gmt":"2018-07-20T15:02:01","slug":"inundacion","status":"publish","type":"page","link":"https:\/\/cazorla.es\/turismo\/inundacion\/","title":{"rendered":"Inundaci\u00f3n"},"content":{"rendered":"<p>[et_pb_section admin_label=\u00bbsection\u00bb][et_pb_row admin_label=\u00bbrow\u00bb][et_pb_column type=\u00bb4_4&#8243;][et_pb_text admin_label=\u00bbTexto\u00bb background_layout=\u00bblight\u00bb text_orientation=\u00bbleft\u00bb use_border_color=\u00bboff\u00bb border_color=\u00bb#ffffff\u00bb border_style=\u00bbsolid\u00bb]<\/p>\n<h2 style=\"text-align: center;\"><strong>LA INUNDACI\u00d3N DE\u00a0LA CALLE FUENTE NUEVA<\/strong><\/h2>\n<p style=\"text-align: center;\"><img loading=\"lazy\" decoding=\"async\" class=\"alignnone size-medium wp-image-2924\" src=\"http:\/\/cazorla.es\/turismo\/wp-content\/uploads\/2018\/07\/22-162x300.jpg\" alt=\"22\" width=\"162\" height=\"300\" srcset=\"https:\/\/cazorla.es\/turismo\/wp-content\/uploads\/2018\/07\/22-162x300.jpg 162w, https:\/\/cazorla.es\/turismo\/wp-content\/uploads\/2018\/07\/22.jpg 287w\" sizes=\"(max-width: 162px) 100vw, 162px\" \/><\/p>\n<p style=\"text-align: center;\">Cazorla y el agua han vivido hist\u00f3ricamente asociadas. Multitud de calles en Cazorla se crearon en las diferentes regueras y acequias de los torrentes de la ladera sobre la que se construye, citando algunos ejemplos: Calle Fuente de la Pe\u00f1a, Callej\u00f3n del Rio, Calle de la Pileta, Calle de los Trancos, Collazos o Calle Fuente Nueva.<\/p>\n<p style=\"text-align: center;\"><img loading=\"lazy\" decoding=\"async\" class=\"alignnone size-medium wp-image-2892\" src=\"http:\/\/cazorla.es\/turismo\/wp-content\/uploads\/2018\/07\/22-Inundaci\u00f3n-en-Calle-Fuente-Nueva-215x300.jpg\" alt=\"22 - Inundaci\u00f3n en Calle Fuente Nueva\" width=\"215\" height=\"300\" srcset=\"https:\/\/cazorla.es\/turismo\/wp-content\/uploads\/2018\/07\/22-Inundaci\u00f3n-en-Calle-Fuente-Nueva-215x300.jpg 215w, https:\/\/cazorla.es\/turismo\/wp-content\/uploads\/2018\/07\/22-Inundaci\u00f3n-en-Calle-Fuente-Nueva.jpg 735w\" sizes=\"(max-width: 215px) 100vw, 215px\" \/><\/p>\n<p style=\"text-align: center;\"><em>\u00a0\u00a0\u00a0\u00a0\u00a0\u00a0\u00a0\u00a0\u00a0\u00a0\u00a0 En esta \u00faltima calle se vivi\u00f3 una de las partes m\u00e1s negativas de esta simbiosis. Tenemos constancia de una riada en el a\u00f1o 1921, que, sumado a la despoblaci\u00f3n de \u00e1rboles que sufr\u00eda la Pe\u00f1a de los Halcones y el arroyo del Herr\u00f3n, en el final de la calle Fuente Nueva, caus\u00f3 un fuerte arrastre de rocas y sedimentos que inundaron la calle y la cegaron, llegando hasta el Balc\u00f3n de Zabaleta.<\/em><\/p>\n<p style=\"text-align: center;\"><em>Texto de Javier Sevilla Mart\u00ednez<\/em><\/p>\n<p>[\/et_pb_text][\/et_pb_column][\/et_pb_row][et_pb_row admin_label=\u00bbFila\u00bb][et_pb_column type=\u00bb4_4&#8243;][et_pb_text admin_label=\u00bbTexto\u00bb background_layout=\u00bblight\u00bb text_orientation=\u00bbcenter\u00bb use_border_color=\u00bboff\u00bb border_color=\u00bb#ffffff\u00bb border_style=\u00bbsolid\u00bb]<\/p>\n<p style=\"text-align: center;\"><strong><em>Aqu\u00ed puedes encontrar su ubicaci\u00f3n en el municipio:<\/em><\/strong><\/p>\n<p>[\/et_pb_text][et_pb_code admin_label=\u00bbC\u00f3digo\u00bb]&lt;iframe src=\u00bbhttps:\/\/www.google.com\/maps\/d\/embed?mid=1pTm_Y5j3kXTT6T4DDUZaMyR6MX18pDn5&#8243; width=\u00bb900&#8243; height=\u00bb600&#8243;&gt;&lt;\/iframe&gt;[\/et_pb_code][\/et_pb_column][\/et_pb_row][\/et_pb_section]<\/p>\n","protected":false},"excerpt":{"rendered":"<p>LA INUNDACI\u00d3N DE\u00a0LA CALLE FUENTE NUEVA Cazorla y el agua han vivido hist\u00f3ricamente asociadas. Multitud de calles en Cazorla se crearon en las diferentes regueras y acequias de los torrentes [&hellip;]<\/p>\n","protected":false},"author":2,"featured_media":0,"parent":0,"menu_order":0,"comment_status":"closed","ping_status":"closed","template":"","meta":{"_et_pb_use_builder":"on","_et_pb_old_content":"","_et_gb_content_width":"","footnotes":""},"class_list":["post-2993","page","type-page","status-publish","hentry"],"_links":{"self":[{"href":"https:\/\/cazorla.es\/turismo\/wp-json\/wp\/v2\/pages\/2993","targetHints":{"allow":["GET"]}}],"collection":[{"href":"https:\/\/cazorla.es\/turismo\/wp-json\/wp\/v2\/pages"}],"about":[{"href":"https:\/\/cazorla.es\/turismo\/wp-json\/wp\/v2\/types\/page"}],"author":[{"embeddable":true,"href":"https:\/\/cazorla.es\/turismo\/wp-json\/wp\/v2\/users\/2"}],"replies":[{"embeddable":true,"href":"https:\/\/cazorla.es\/turismo\/wp-json\/wp\/v2\/comments?post=2993"}],"version-history":[{"count":3,"href":"https:\/\/cazorla.es\/turismo\/wp-json\/wp\/v2\/pages\/2993\/revisions"}],"predecessor-version":[{"id":3035,"href":"https:\/\/cazorla.es\/turismo\/wp-json\/wp\/v2\/pages\/2993\/revisions\/3035"}],"wp:attachment":[{"href":"https:\/\/cazorla.es\/turismo\/wp-json\/wp\/v2\/media?parent=2993"}],"curies":[{"name":"wp","href":"https:\/\/api.w.org\/{rel}","templated":true}]}}