{"id":3002,"date":"2018-07-19T19:28:21","date_gmt":"2018-07-19T19:28:21","guid":{"rendered":"http:\/\/cazorla.es\/turismo\/?page_id=3002"},"modified":"2026-01-14T11:04:10","modified_gmt":"2026-01-14T11:04:10","slug":"lasalinas","status":"publish","type":"page","link":"https:\/\/cazorla.es\/turismo\/lasalinas\/","title":{"rendered":"Las Salinas"},"content":{"rendered":"<p>[et_pb_section fb_built=\u00bb1&#8243; admin_label=\u00bbsection\u00bb _builder_version=\u00bb4.16&#8243; global_colors_info=\u00bb{}\u00bb][et_pb_row admin_label=\u00bbrow\u00bb _builder_version=\u00bb4.16&#8243; background_size=\u00bbinitial\u00bb background_position=\u00bbtop_left\u00bb background_repeat=\u00bbrepeat\u00bb global_colors_info=\u00bb{}\u00bb][et_pb_column type=\u00bb4_4&#8243; _builder_version=\u00bb4.16&#8243; custom_padding=\u00bb|||\u00bb global_colors_info=\u00bb{}\u00bb custom_padding__hover=\u00bb|||\u00bb][et_pb_text admin_label=\u00bbTexto\u00bb _builder_version=\u00bb4.27.5&#8243; background_size=\u00bbinitial\u00bb background_position=\u00bbtop_left\u00bb background_repeat=\u00bbrepeat\u00bb hover_enabled=\u00bb0&#8243; use_border_color=\u00bboff\u00bb border_color=\u00bb#ffffff\u00bb border_style=\u00bbsolid\u00bb global_colors_info=\u00bb{}\u00bb sticky_enabled=\u00bb0&#8243;]<\/p>\n<h1 style=\"text-align: center;\"><span>LAS SALINAS<\/span><\/h1>\n<p style=\"text-align: center;\"><span><img loading=\"lazy\" decoding=\"async\" src=\"http:\/\/cazorla.es\/turismo\/wp-content\/uploads\/2026\/01\/IMG_5778-300x139.jpg\" width=\"512\" height=\"237\" alt=\"\" class=\"wp-image-5280 alignnone size-medium\" \/><\/span><\/p>\n<p><span>La sal es un recurso esencial para las actividades humanas, y su explotaci\u00f3n ha dado lugar a paisajes espec\u00edficos conocidos como <em>salinas<\/em>. Estas pueden clasificarse en dos tipos: costeras y de interior. En las salinas de interior, su localizaci\u00f3n y explotaci\u00f3n dependen de la presencia de dep\u00f3sitos salinos subterr\u00e1neos (Gil y G\u00f3mez, 2010).<\/span><\/p>\n<p><span>En las salinas de <strong>Toya y Peal de Becerro <\/strong>se distinguen tres \u00e1reas principales, en cada una de las cuales se desarrollan procesos diferenciados:<\/span><\/p>\n<h4>1.\u00a0\u00a0\u00a0\u00a0 Captaci\u00f3n del<span> agua:<\/span><\/h4>\n<p><span>Se realiza generalmente mediante pozos horizontales, como galer\u00edas o minas, que permiten extraer el agua salina. Para esta tarea se utilizaban \u201cmateadores\u201d, herramientas que facilitaban el traslado del agua desde los pozos o galer\u00edas hacia las zonas de almacenamiento. Este primer paso es crucial para asegurar que el agua salada llegue a las \u00e1reas destinadas a su tratamiento posterior.<\/span><\/p>\n<h4>2.\u00a0\u00a0\u00a0\u00a0 Almacenaje:<\/h4>\n<p><span>Una vez captada, el agua se dirige a las zonas de almacenamiento, donde se acumula en balsas y recocederos. En esta fase es imprescindible preparar adecuadamente el terreno. Para ello se empleaban <em>pisones<\/em>, usados para aplanar el barro y crear una superficie uniforme en los recocederos, garantizando as\u00ed una distribuci\u00f3n homog\u00e9nea y eficiente del agua salina (Morales, 2019).<\/span><\/p>\n<h4>3.\u00a0\u00a0\u00a0\u00a0 Cristalizaci\u00f3n:<\/h4>\n<p><span>El proceso de cristalizaci\u00f3n comienza cuando se forman los cristales de sal en las parcelas de cristalizaci\u00f3n, tambi\u00e9n denominadas <em>eras<\/em>. Para mantener la estructura de estas parcelas y favorecer la evaporaci\u00f3n, se utilizaban <em>macetas<\/em>, herramientas destinadas a apretar y nivelar los parapetos o mont\u00edculos que separan las calles o parcelas. Esto permite controlar el flujo del agua y maximizar la eficiencia del proceso (Morales, 2019).<\/span><\/p>\n<h4>4.\u00a0\u00a0\u00a0\u00a0 Recolecci\u00f3n <span>y acondicionamiento:<\/span><\/h4>\n<p style=\"text-align: left;\">Cuando la sal ya est\u00e1 cristalizada, se emplean palas para separarla del barro y formar montones. Estas herramientas permiten manejar grandes cantidades de sal y mantener el orden en las \u00e1reas de cristalizaci\u00f3n, asegurando una recolecci\u00f3n eficaz (Morales, 2019). Finalmente, se utilizaban \u201cangarillas\u201d para transportar la sal desde las parcelas de cristalizaci\u00f3n hasta los puntos de almacenamiento o empaquetado, adem\u00e1s de servir para retirar el barro restante de las parcelas.<\/p>\n<p style=\"text-align: left;\"><img loading=\"lazy\" decoding=\"async\" src=\"http:\/\/cazorla.es\/turismo\/wp-content\/uploads\/2026\/01\/Las-Salinas-1-300x219.jpg\" width=\"399\" height=\"291\" alt=\"\" class=\"wp-image-5327 alignnone size-medium\" style=\"display: block; margin-left: auto; margin-right: auto;\" \/><\/p>\n<p style=\"text-align: center;\"><strong>Fig 8. <\/strong>Detalle de las eras empedradas de las salinas de Hornos (Peal de Becerro), actualmente desaparecidas tras su destrucci\u00f3n. Fuente. Asociaci\u00f3n proyecto Conocetusfuentes (UGR).<\/p>\n<p style=\"text-align: center;\"><em>Texto de Manuel Mallenco Rodr\u00edguez<\/em><\/p>\n<p>[\/et_pb_text][\/et_pb_column][\/et_pb_row][et_pb_row admin_label=\u00bbFila\u00bb _builder_version=\u00bb4.16&#8243; background_size=\u00bbinitial\u00bb background_position=\u00bbtop_left\u00bb background_repeat=\u00bbrepeat\u00bb global_colors_info=\u00bb{}\u00bb][et_pb_column type=\u00bb4_4&#8243; _builder_version=\u00bb4.16&#8243; custom_padding=\u00bb|||\u00bb global_colors_info=\u00bb{}\u00bb custom_padding__hover=\u00bb|||\u00bb][et_pb_text admin_label=\u00bbTexto\u00bb _builder_version=\u00bb4.16&#8243; background_size=\u00bbinitial\u00bb background_position=\u00bbtop_left\u00bb background_repeat=\u00bbrepeat\u00bb text_orientation=\u00bbcenter\u00bb module_alignment=\u00bbcenter\u00bb use_border_color=\u00bboff\u00bb border_color=\u00bb#ffffff\u00bb border_style=\u00bbsolid\u00bb global_colors_info=\u00bb{}\u00bb]<\/p>\n<p style=\"text-align: center;\"><strong><em>Aqu\u00ed puedes encontrar su ubicaci\u00f3n en el municipio:<\/em><\/strong><\/p>\n<p>[\/et_pb_text][et_pb_code admin_label=\u00bbC\u00f3digo\u00bb _builder_version=\u00bb4.16&#8243; global_colors_info=\u00bb{}\u00bb]<iframe loading=\"lazy\" src=\"https:\/\/www.google.com\/maps\/d\/embed?mid=1tUyH04KW_LQZN28MnWfS5mebFY-kTnYm\" width=\"900\" height=\"600\"><\/iframe>[\/et_pb_code][\/et_pb_column][\/et_pb_row][\/et_pb_section]<\/p>\n","protected":false},"excerpt":{"rendered":"<p>LAS SALINAS La sal es un recurso esencial para las actividades humanas, y su explotaci\u00f3n ha dado lugar a paisajes espec\u00edficos conocidos como salinas. Estas pueden clasificarse en dos tipos: [&hellip;]<\/p>\n","protected":false},"author":2,"featured_media":0,"parent":0,"menu_order":0,"comment_status":"closed","ping_status":"closed","template":"","meta":{"_et_pb_use_builder":"on","_et_pb_old_content":"","_et_gb_content_width":"","footnotes":""},"class_list":["post-3002","page","type-page","status-publish","hentry"],"_links":{"self":[{"href":"https:\/\/cazorla.es\/turismo\/wp-json\/wp\/v2\/pages\/3002","targetHints":{"allow":["GET"]}}],"collection":[{"href":"https:\/\/cazorla.es\/turismo\/wp-json\/wp\/v2\/pages"}],"about":[{"href":"https:\/\/cazorla.es\/turismo\/wp-json\/wp\/v2\/types\/page"}],"author":[{"embeddable":true,"href":"https:\/\/cazorla.es\/turismo\/wp-json\/wp\/v2\/users\/2"}],"replies":[{"embeddable":true,"href":"https:\/\/cazorla.es\/turismo\/wp-json\/wp\/v2\/comments?post=3002"}],"version-history":[{"count":5,"href":"https:\/\/cazorla.es\/turismo\/wp-json\/wp\/v2\/pages\/3002\/revisions"}],"predecessor-version":[{"id":5331,"href":"https:\/\/cazorla.es\/turismo\/wp-json\/wp\/v2\/pages\/3002\/revisions\/5331"}],"wp:attachment":[{"href":"https:\/\/cazorla.es\/turismo\/wp-json\/wp\/v2\/media?parent=3002"}],"curies":[{"name":"wp","href":"https:\/\/api.w.org\/{rel}","templated":true}]}}