{"id":3042,"date":"2018-09-24T16:08:21","date_gmt":"2018-09-24T16:08:21","guid":{"rendered":"http:\/\/cazorla.es\/turismo\/?page_id=3042"},"modified":"2018-09-25T15:27:32","modified_gmt":"2018-09-25T15:27:32","slug":"virtualizacion-ruinas-santa-maria","status":"publish","type":"page","link":"https:\/\/cazorla.es\/turismo\/virtualizacion-ruinas-santa-maria\/","title":{"rendered":"Virtualizaci\u00f3n Ruinas Santa Mar\u00eda"},"content":{"rendered":"<p>[et_pb_section admin_label=\u00bbsection\u00bb][et_pb_row admin_label=\u00bbrow\u00bb][et_pb_column type=\u00bb4_4&#8243;][et_pb_text admin_label=\u00bbTexto\u00bb background_layout=\u00bblight\u00bb text_orientation=\u00bbleft\u00bb use_border_color=\u00bboff\u00bb border_color=\u00bb#ffffff\u00bb border_style=\u00bbsolid\u00bb]<\/p>\n<h1>Virtualizaci\u00f3n de las Ruinas de Santa Mar\u00eda<\/h1>\n<p>Conoce como hubiese sido uno de los edificios con m\u00e1s historia y belleza de Cazorla<\/p>\n<p>[\/et_pb_text][et_pb_gallery admin_label=\u00bbGaler\u00eda\u00bb gallery_ids=\u00bb3094,3095,3096,3097,3098,3099,3100,3101,3102,3103,3104,3105,3106,3107,3108,3109,3110,3111,3112,3113,3114,3115,3116,3117,3118,3119&#8243; gallery_orderby=\u00bbrand\u00bb fullwidth=\u00bbon\u00bb show_title_and_caption=\u00bbon\u00bb show_pagination=\u00bbon\u00bb background_layout=\u00bblight\u00bb auto=\u00bbon\u00bb auto_speed=\u00bb2000&#8243; hover_overlay_color=\u00bbrgba(255,255,255,0.9)\u00bb caption_all_caps=\u00bboff\u00bb use_border_color=\u00bboff\u00bb border_color=\u00bb#ffffff\u00bb border_style=\u00bbsolid\u00bb] [\/et_pb_gallery][\/et_pb_column][\/et_pb_row][\/et_pb_section][et_pb_section admin_label=\u00bbSecci\u00f3n\u00bb fullwidth=\u00bboff\u00bb specialty=\u00bboff\u00bb][et_pb_row admin_label=\u00bbFila\u00bb][et_pb_column type=\u00bb1_2&#8243;][et_pb_text admin_label=\u00bbTexto\u00bb background_layout=\u00bblight\u00bb text_orientation=\u00bbleft\u00bb use_border_color=\u00bboff\u00bb border_color=\u00bb#ffffff\u00bb border_style=\u00bbsolid\u00bb]<\/p>\n<p>Te presentamos la Virtualizaci\u00f3n de las Ruinas de Santa Mar\u00eda, una oportunidad \u00fanica para conocer con la mayor fiabilidad posible como hubiese sido una de las obras m\u00e1s grandiosas y con m\u00e1s historia de Cazorla. Una visita virtual que te permitir\u00e1 conocer los detalles y secretos que esconde esta maravilla del renacimiento, un viaje en el espacio tiempo que no dejar\u00e1 indiferente al que lo visite. M\u00e1s informaci\u00f3n y reservas en la Oficina de Turismo de Cazorla o en turismo@cazorla.es y el tel\u00e9fono 953710102.<\/p>\n<p>[\/et_pb_text][\/et_pb_column][et_pb_column type=\u00bb1_2&#8243;][et_pb_image admin_label=\u00bbImagen\u00bb src=\u00bbhttp:\/\/cazorla.es\/turismo\/wp-content\/uploads\/2018\/09\/Flyer-Ruinas-Back-1.jpg\u00bb show_in_lightbox=\u00bboff\u00bb url_new_window=\u00bboff\u00bb use_overlay=\u00bboff\u00bb animation=\u00bbleft\u00bb sticky=\u00bboff\u00bb align=\u00bbleft\u00bb force_fullwidth=\u00bboff\u00bb always_center_on_mobile=\u00bbon\u00bb use_border_color=\u00bboff\u00bb border_color=\u00bb#ffffff\u00bb border_style=\u00bbsolid\u00bb] [\/et_pb_image][\/et_pb_column][\/et_pb_row][\/et_pb_section]<\/p>\n","protected":false},"excerpt":{"rendered":"<p>Virtualizaci\u00f3n de las Ruinas de Santa Mar\u00eda Conoce como hubiese sido uno de los edificios con m\u00e1s historia y belleza de Cazorla Te presentamos la Virtualizaci\u00f3n de las Ruinas de [&hellip;]<\/p>\n","protected":false},"author":2,"featured_media":0,"parent":0,"menu_order":0,"comment_status":"closed","ping_status":"closed","template":"","meta":{"_et_pb_use_builder":"on","_et_pb_old_content":"","_et_gb_content_width":"","footnotes":""},"class_list":["post-3042","page","type-page","status-publish","hentry"],"_links":{"self":[{"href":"https:\/\/cazorla.es\/turismo\/wp-json\/wp\/v2\/pages\/3042","targetHints":{"allow":["GET"]}}],"collection":[{"href":"https:\/\/cazorla.es\/turismo\/wp-json\/wp\/v2\/pages"}],"about":[{"href":"https:\/\/cazorla.es\/turismo\/wp-json\/wp\/v2\/types\/page"}],"author":[{"embeddable":true,"href":"https:\/\/cazorla.es\/turismo\/wp-json\/wp\/v2\/users\/2"}],"replies":[{"embeddable":true,"href":"https:\/\/cazorla.es\/turismo\/wp-json\/wp\/v2\/comments?post=3042"}],"version-history":[{"count":6,"href":"https:\/\/cazorla.es\/turismo\/wp-json\/wp\/v2\/pages\/3042\/revisions"}],"predecessor-version":[{"id":3127,"href":"https:\/\/cazorla.es\/turismo\/wp-json\/wp\/v2\/pages\/3042\/revisions\/3127"}],"wp:attachment":[{"href":"https:\/\/cazorla.es\/turismo\/wp-json\/wp\/v2\/media?parent=3042"}],"curies":[{"name":"wp","href":"https:\/\/api.w.org\/{rel}","templated":true}]}}