{"id":4376,"date":"2020-05-07T11:38:57","date_gmt":"2020-05-07T11:38:57","guid":{"rendered":"http:\/\/cazorla.es\/turismo\/?page_id=4376"},"modified":"2024-07-03T07:21:40","modified_gmt":"2024-07-03T07:21:40","slug":"cazorladesdetucamara","status":"publish","type":"page","link":"https:\/\/cazorla.es\/turismo\/cazorladesdetucamara\/","title":{"rendered":"#CazorlaDesdeTuC\u00e1mara"},"content":{"rendered":"<p>[et_pb_section fb_built=\u00bb1&#8243; admin_label=\u00bbsection\u00bb _builder_version=\u00bb4.16&#8243; global_colors_info=\u00bb{}\u00bb][et_pb_row admin_label=\u00bbrow\u00bb _builder_version=\u00bb4.16&#8243; background_size=\u00bbinitial\u00bb background_position=\u00bbtop_left\u00bb background_repeat=\u00bbrepeat\u00bb global_colors_info=\u00bb{}\u00bb][et_pb_column type=\u00bb4_4&#8243; _builder_version=\u00bb4.16&#8243; custom_padding=\u00bb|||\u00bb global_colors_info=\u00bb{}\u00bb custom_padding__hover=\u00bb|||\u00bb][et_pb_slider admin_label=\u00bbDeslizador\u00bb _builder_version=\u00bb4.16&#8243; custom_padding=\u00bb|||\u00bb custom_padding_tablet=\u00bb|||\u00bb custom_padding_phone=\u00bb|||\u00bb auto=\u00bbon\u00bb box_shadow_style=\u00bbpreset6&#8243; box_shadow_blur=\u00bb10px\u00bb box_shadow_color=\u00bbrgba(0,0,0,0.1)\u00bb remove_inner_shadow=\u00bboff\u00bb hide_content_on_mobile=\u00bboff\u00bb hide_cta_on_mobile=\u00bboff\u00bb show_inner_shadow=\u00bbon\u00bb button_letter_spacing_hover=\u00bb0&#8243; global_colors_info=\u00bb{}\u00bb button_text_size__hover_enabled=\u00bboff\u00bb button_one_text_size__hover_enabled=\u00bboff\u00bb button_two_text_size__hover_enabled=\u00bboff\u00bb button_text_color__hover_enabled=\u00bboff\u00bb button_one_text_color__hover_enabled=\u00bboff\u00bb button_two_text_color__hover_enabled=\u00bboff\u00bb button_border_width__hover_enabled=\u00bboff\u00bb button_one_border_width__hover_enabled=\u00bboff\u00bb button_two_border_width__hover_enabled=\u00bboff\u00bb button_border_color__hover_enabled=\u00bboff\u00bb button_one_border_color__hover_enabled=\u00bboff\u00bb button_two_border_color__hover_enabled=\u00bboff\u00bb button_border_radius__hover_enabled=\u00bboff\u00bb button_one_border_radius__hover_enabled=\u00bboff\u00bb button_two_border_radius__hover_enabled=\u00bboff\u00bb button_letter_spacing__hover_enabled=\u00bbon\u00bb button_letter_spacing__hover=\u00bb0&#8243; button_one_letter_spacing__hover_enabled=\u00bboff\u00bb button_two_letter_spacing__hover_enabled=\u00bboff\u00bb button_bg_color__hover_enabled=\u00bboff\u00bb button_one_bg_color__hover_enabled=\u00bboff\u00bb button_two_bg_color__hover_enabled=\u00bboff\u00bb][et_pb_slide use_bg_overlay=\u00bboff\u00bb use_text_overlay=\u00bboff\u00bb _builder_version=\u00bb4.16&#8243; header_font=\u00bb||||\u00bb body_font=\u00bb||||\u00bb background_color=\u00bb#ffffff\u00bb background_image=\u00bbhttp:\/\/cazorla.es\/turismo\/wp-content\/uploads\/2018\/07\/16.jpg\u00bb button_icon_placement=\u00bbright\u00bb button_on_hover=\u00bbon\u00bb global_colors_info=\u00bb{}\u00bb sticky_transition=\u00bbon\u00bb button_text_size__hover_enabled=\u00bboff\u00bb button_one_text_size__hover_enabled=\u00bboff\u00bb button_two_text_size__hover_enabled=\u00bboff\u00bb button_text_color__hover_enabled=\u00bboff\u00bb button_one_text_color__hover_enabled=\u00bboff\u00bb button_two_text_color__hover_enabled=\u00bboff\u00bb button_border_width__hover_enabled=\u00bboff\u00bb button_one_border_width__hover_enabled=\u00bboff\u00bb button_two_border_width__hover_enabled=\u00bboff\u00bb button_border_color__hover_enabled=\u00bboff\u00bb button_one_border_color__hover_enabled=\u00bboff\u00bb button_two_border_color__hover_enabled=\u00bboff\u00bb button_border_radius__hover_enabled=\u00bboff\u00bb button_one_border_radius__hover_enabled=\u00bboff\u00bb button_two_border_radius__hover_enabled=\u00bboff\u00bb button_letter_spacing__hover_enabled=\u00bboff\u00bb button_one_letter_spacing__hover_enabled=\u00bboff\u00bb button_two_letter_spacing__hover_enabled=\u00bboff\u00bb button_bg_color__hover_enabled=\u00bboff\u00bb button_one_bg_color__hover_enabled=\u00bboff\u00bb button_two_bg_color__hover_enabled=\u00bboff\u00bb] [\/et_pb_slide][et_pb_slide use_bg_overlay=\u00bboff\u00bb use_text_overlay=\u00bboff\u00bb _builder_version=\u00bb4.16&#8243; header_font=\u00bb||||\u00bb body_font=\u00bb||||\u00bb background_color=\u00bb#ffffff\u00bb background_image=\u00bbhttp:\/\/cazorla.es\/turismo\/wp-content\/uploads\/2017\/11\/GALERIA_santamaria.jpg\u00bb button_icon_placement=\u00bbright\u00bb button_on_hover=\u00bbon\u00bb global_colors_info=\u00bb{}\u00bb sticky_transition=\u00bbon\u00bb button_text_size__hover_enabled=\u00bboff\u00bb button_one_text_size__hover_enabled=\u00bboff\u00bb button_two_text_size__hover_enabled=\u00bboff\u00bb button_text_color__hover_enabled=\u00bboff\u00bb button_one_text_color__hover_enabled=\u00bboff\u00bb button_two_text_color__hover_enabled=\u00bboff\u00bb button_border_width__hover_enabled=\u00bboff\u00bb button_one_border_width__hover_enabled=\u00bboff\u00bb button_two_border_width__hover_enabled=\u00bboff\u00bb button_border_color__hover_enabled=\u00bboff\u00bb button_one_border_color__hover_enabled=\u00bboff\u00bb button_two_border_color__hover_enabled=\u00bboff\u00bb button_border_radius__hover_enabled=\u00bboff\u00bb button_one_border_radius__hover_enabled=\u00bboff\u00bb button_two_border_radius__hover_enabled=\u00bboff\u00bb button_letter_spacing__hover_enabled=\u00bboff\u00bb button_one_letter_spacing__hover_enabled=\u00bboff\u00bb button_two_letter_spacing__hover_enabled=\u00bboff\u00bb button_bg_color__hover_enabled=\u00bboff\u00bb button_one_bg_color__hover_enabled=\u00bboff\u00bb button_two_bg_color__hover_enabled=\u00bboff\u00bb] [\/et_pb_slide][et_pb_slide use_bg_overlay=\u00bboff\u00bb use_text_overlay=\u00bboff\u00bb _builder_version=\u00bb4.16&#8243; header_font=\u00bb||||\u00bb body_font=\u00bb||||\u00bb background_color=\u00bb#ffffff\u00bb background_image=\u00bbhttp:\/\/cazorla.es\/turismo\/wp-content\/uploads\/2016\/01\/perspectivacastilloyedra-2.jpg\u00bb button_icon_placement=\u00bbright\u00bb button_on_hover=\u00bbon\u00bb global_colors_info=\u00bb{}\u00bb sticky_transition=\u00bbon\u00bb button_text_size__hover_enabled=\u00bboff\u00bb button_one_text_size__hover_enabled=\u00bboff\u00bb button_two_text_size__hover_enabled=\u00bboff\u00bb button_text_color__hover_enabled=\u00bboff\u00bb button_one_text_color__hover_enabled=\u00bboff\u00bb button_two_text_color__hover_enabled=\u00bboff\u00bb button_border_width__hover_enabled=\u00bboff\u00bb button_one_border_width__hover_enabled=\u00bboff\u00bb button_two_border_width__hover_enabled=\u00bboff\u00bb button_border_color__hover_enabled=\u00bboff\u00bb button_one_border_color__hover_enabled=\u00bboff\u00bb button_two_border_color__hover_enabled=\u00bboff\u00bb button_border_radius__hover_enabled=\u00bboff\u00bb button_one_border_radius__hover_enabled=\u00bboff\u00bb button_two_border_radius__hover_enabled=\u00bboff\u00bb button_letter_spacing__hover_enabled=\u00bboff\u00bb button_one_letter_spacing__hover_enabled=\u00bboff\u00bb button_two_letter_spacing__hover_enabled=\u00bboff\u00bb button_bg_color__hover_enabled=\u00bboff\u00bb button_one_bg_color__hover_enabled=\u00bboff\u00bb button_two_bg_color__hover_enabled=\u00bboff\u00bb] [\/et_pb_slide][et_pb_slide use_bg_overlay=\u00bboff\u00bb use_text_overlay=\u00bboff\u00bb _builder_version=\u00bb4.16&#8243; header_font=\u00bb||||\u00bb body_font=\u00bb||||\u00bb background_color=\u00bb#ffffff\u00bb background_image=\u00bbhttp:\/\/cazorla.es\/turismo\/wp-content\/uploads\/2016\/01\/cerradautrero-1.jpg\u00bb button_icon_placement=\u00bbright\u00bb button_on_hover=\u00bbon\u00bb global_colors_info=\u00bb{}\u00bb sticky_transition=\u00bbon\u00bb button_text_size__hover_enabled=\u00bboff\u00bb button_one_text_size__hover_enabled=\u00bboff\u00bb button_two_text_size__hover_enabled=\u00bboff\u00bb button_text_color__hover_enabled=\u00bboff\u00bb button_one_text_color__hover_enabled=\u00bboff\u00bb button_two_text_color__hover_enabled=\u00bboff\u00bb button_border_width__hover_enabled=\u00bboff\u00bb button_one_border_width__hover_enabled=\u00bboff\u00bb button_two_border_width__hover_enabled=\u00bboff\u00bb button_border_color__hover_enabled=\u00bboff\u00bb button_one_border_color__hover_enabled=\u00bboff\u00bb button_two_border_color__hover_enabled=\u00bboff\u00bb button_border_radius__hover_enabled=\u00bboff\u00bb button_one_border_radius__hover_enabled=\u00bboff\u00bb button_two_border_radius__hover_enabled=\u00bboff\u00bb button_letter_spacing__hover_enabled=\u00bboff\u00bb button_one_letter_spacing__hover_enabled=\u00bboff\u00bb button_two_letter_spacing__hover_enabled=\u00bboff\u00bb button_bg_color__hover_enabled=\u00bboff\u00bb button_one_bg_color__hover_enabled=\u00bboff\u00bb button_two_bg_color__hover_enabled=\u00bboff\u00bb] [\/et_pb_slide][et_pb_slide use_bg_overlay=\u00bboff\u00bb use_text_overlay=\u00bboff\u00bb _builder_version=\u00bb4.16&#8243; header_font=\u00bb||||\u00bb body_font=\u00bb||||\u00bb background_color=\u00bb#ffffff\u00bb background_image=\u00bbhttp:\/\/cazorla.es\/turismo\/wp-content\/uploads\/2016\/01\/7.jpg\u00bb button_icon_placement=\u00bbright\u00bb button_on_hover=\u00bbon\u00bb global_colors_info=\u00bb{}\u00bb sticky_transition=\u00bbon\u00bb button_text_size__hover_enabled=\u00bboff\u00bb button_one_text_size__hover_enabled=\u00bboff\u00bb button_two_text_size__hover_enabled=\u00bboff\u00bb button_text_color__hover_enabled=\u00bboff\u00bb button_one_text_color__hover_enabled=\u00bboff\u00bb button_two_text_color__hover_enabled=\u00bboff\u00bb button_border_width__hover_enabled=\u00bboff\u00bb button_one_border_width__hover_enabled=\u00bboff\u00bb button_two_border_width__hover_enabled=\u00bboff\u00bb button_border_color__hover_enabled=\u00bboff\u00bb button_one_border_color__hover_enabled=\u00bboff\u00bb button_two_border_color__hover_enabled=\u00bboff\u00bb button_border_radius__hover_enabled=\u00bboff\u00bb button_one_border_radius__hover_enabled=\u00bboff\u00bb button_two_border_radius__hover_enabled=\u00bboff\u00bb button_letter_spacing__hover_enabled=\u00bboff\u00bb button_one_letter_spacing__hover_enabled=\u00bboff\u00bb button_two_letter_spacing__hover_enabled=\u00bboff\u00bb button_bg_color__hover_enabled=\u00bboff\u00bb button_one_bg_color__hover_enabled=\u00bboff\u00bb button_two_bg_color__hover_enabled=\u00bboff\u00bb] [\/et_pb_slide][et_pb_slide use_bg_overlay=\u00bboff\u00bb use_text_overlay=\u00bboff\u00bb _builder_version=\u00bb4.16&#8243; header_font=\u00bb||||\u00bb body_font=\u00bb||||\u00bb background_color=\u00bb#ffffff\u00bb background_image=\u00bbhttp:\/\/cazorla.es\/turismo\/wp-content\/uploads\/2016\/01\/rioborosa-1.jpg\u00bb button_icon_placement=\u00bbright\u00bb button_on_hover=\u00bbon\u00bb global_colors_info=\u00bb{}\u00bb sticky_transition=\u00bbon\u00bb button_text_size__hover_enabled=\u00bboff\u00bb button_one_text_size__hover_enabled=\u00bboff\u00bb button_two_text_size__hover_enabled=\u00bboff\u00bb button_text_color__hover_enabled=\u00bboff\u00bb button_one_text_color__hover_enabled=\u00bboff\u00bb button_two_text_color__hover_enabled=\u00bboff\u00bb button_border_width__hover_enabled=\u00bboff\u00bb button_one_border_width__hover_enabled=\u00bboff\u00bb button_two_border_width__hover_enabled=\u00bboff\u00bb button_border_color__hover_enabled=\u00bboff\u00bb button_one_border_color__hover_enabled=\u00bboff\u00bb button_two_border_color__hover_enabled=\u00bboff\u00bb button_border_radius__hover_enabled=\u00bboff\u00bb button_one_border_radius__hover_enabled=\u00bboff\u00bb button_two_border_radius__hover_enabled=\u00bboff\u00bb button_letter_spacing__hover_enabled=\u00bboff\u00bb button_one_letter_spacing__hover_enabled=\u00bboff\u00bb button_two_letter_spacing__hover_enabled=\u00bboff\u00bb button_bg_color__hover_enabled=\u00bboff\u00bb button_one_bg_color__hover_enabled=\u00bboff\u00bb button_two_bg_color__hover_enabled=\u00bboff\u00bb] [\/et_pb_slide][et_pb_slide use_bg_overlay=\u00bboff\u00bb use_text_overlay=\u00bboff\u00bb _builder_version=\u00bb4.16&#8243; header_font=\u00bb||||\u00bb body_font=\u00bb||||\u00bb background_color=\u00bb#ffffff\u00bb background_image=\u00bbhttp:\/\/cazorla.es\/turismo\/wp-content\/uploads\/2016\/01\/ruinas.jpg\u00bb button_icon_placement=\u00bbright\u00bb button_on_hover=\u00bbon\u00bb global_colors_info=\u00bb{}\u00bb sticky_transition=\u00bbon\u00bb button_text_size__hover_enabled=\u00bboff\u00bb button_one_text_size__hover_enabled=\u00bboff\u00bb button_two_text_size__hover_enabled=\u00bboff\u00bb button_text_color__hover_enabled=\u00bboff\u00bb button_one_text_color__hover_enabled=\u00bboff\u00bb button_two_text_color__hover_enabled=\u00bboff\u00bb button_border_width__hover_enabled=\u00bboff\u00bb button_one_border_width__hover_enabled=\u00bboff\u00bb button_two_border_width__hover_enabled=\u00bboff\u00bb button_border_color__hover_enabled=\u00bboff\u00bb button_one_border_color__hover_enabled=\u00bboff\u00bb button_two_border_color__hover_enabled=\u00bboff\u00bb button_border_radius__hover_enabled=\u00bboff\u00bb button_one_border_radius__hover_enabled=\u00bboff\u00bb button_two_border_radius__hover_enabled=\u00bboff\u00bb button_letter_spacing__hover_enabled=\u00bboff\u00bb button_one_letter_spacing__hover_enabled=\u00bboff\u00bb button_two_letter_spacing__hover_enabled=\u00bboff\u00bb button_bg_color__hover_enabled=\u00bboff\u00bb button_one_bg_color__hover_enabled=\u00bboff\u00bb button_two_bg_color__hover_enabled=\u00bboff\u00bb] [\/et_pb_slide][et_pb_slide use_bg_overlay=\u00bboff\u00bb use_text_overlay=\u00bboff\u00bb _builder_version=\u00bb4.16&#8243; header_font=\u00bb||||\u00bb body_font=\u00bb||||\u00bb background_color=\u00bb#ffffff\u00bb background_image=\u00bbhttp:\/\/cazorla.es\/turismo\/wp-content\/uploads\/2017\/11\/GALERIA_rutas1.jpg\u00bb button_icon_placement=\u00bbright\u00bb button_on_hover=\u00bbon\u00bb global_colors_info=\u00bb{}\u00bb sticky_transition=\u00bbon\u00bb button_text_size__hover_enabled=\u00bboff\u00bb button_one_text_size__hover_enabled=\u00bboff\u00bb button_two_text_size__hover_enabled=\u00bboff\u00bb button_text_color__hover_enabled=\u00bboff\u00bb button_one_text_color__hover_enabled=\u00bboff\u00bb button_two_text_color__hover_enabled=\u00bboff\u00bb button_border_width__hover_enabled=\u00bboff\u00bb button_one_border_width__hover_enabled=\u00bboff\u00bb button_two_border_width__hover_enabled=\u00bboff\u00bb button_border_color__hover_enabled=\u00bboff\u00bb button_one_border_color__hover_enabled=\u00bboff\u00bb button_two_border_color__hover_enabled=\u00bboff\u00bb button_border_radius__hover_enabled=\u00bboff\u00bb button_one_border_radius__hover_enabled=\u00bboff\u00bb button_two_border_radius__hover_enabled=\u00bboff\u00bb button_letter_spacing__hover_enabled=\u00bboff\u00bb button_one_letter_spacing__hover_enabled=\u00bboff\u00bb button_two_letter_spacing__hover_enabled=\u00bboff\u00bb button_bg_color__hover_enabled=\u00bboff\u00bb button_one_bg_color__hover_enabled=\u00bboff\u00bb button_two_bg_color__hover_enabled=\u00bboff\u00bb] [\/et_pb_slide][\/et_pb_slider][\/et_pb_column][\/et_pb_row][et_pb_row admin_label=\u00bbrow\u00bb _builder_version=\u00bb4.16&#8243; background_size=\u00bbinitial\u00bb background_position=\u00bbtop_left\u00bb background_repeat=\u00bbrepeat\u00bb global_colors_info=\u00bb{}\u00bb column_structure=\u00bb1_2,1_2&#8243;][et_pb_column type=\u00bb1_2&#8243; _builder_version=\u00bb4.16&#8243; custom_padding=\u00bb|||\u00bb global_colors_info=\u00bb{}\u00bb custom_padding__hover=\u00bb|||\u00bb][et_pb_testimonial quote_icon_color=\u00bb#81d742&#8243; admin_label=\u00bbRecomendaci\u00f3n\u00bb _builder_version=\u00bb4.16&#8243; body_font=\u00bbDosis||||\u00bb background_color=\u00bbrgba(150,214,104,0.86)\u00bb background_size=\u00bbinitial\u00bb background_position=\u00bbtop_left\u00bb background_repeat=\u00bbrepeat\u00bb text_orientation=\u00bbcenter\u00bb use_border_color=\u00bboff\u00bb border_color=\u00bb#ffffff\u00bb border_style=\u00bbsolid\u00bb global_colors_info=\u00bb{}\u00bb]<\/p>\n<h1><strong>#CazorlaDesdeTuC\u00e1mara<\/strong><\/h1>\n<p>El portal web de tus fotograf\u00edas de Cazorla y el Parque Natural de las Sierras de Cazorla, Segura y Las Villas.<\/p>\n<p>El Ayuntamiento de Cazorla ha puesto en marcha el portal web #CazorlaDesdeTuC\u00e1mara, un portal para que los aficionados a la fotograf\u00eda puedan mandar sus fotograf\u00edas de <strong>Cazorla<\/strong> y el <strong>Parque Natural de las Sierras de Cazorla, Segura y Las Villas<\/strong>, a modo de promocionar im\u00e1genes de nuestro entorno paisaj\u00edstico y de naturaleza.<\/p>\n<p>Las fotograf\u00edas servir\u00e1n para promocionar estos parajes naturales de nuestro territorio en las Redes Sociales del Ayuntamiento como <strong>Facebook, Twitter e Instagram<\/strong>.<\/p>\n<p>Adem\u00e1s, podr\u00e1n ser promocionadas en Medios de Comunicaci\u00f3n a trav\u00e9s de informaciones del propio Ayuntamiento o por su env\u00edo a programas informativos de \u2018El Tiempo\u2019 o a portales web.<\/p>\n<p>El Ayuntamiento har\u00e1 uso de estas fotograf\u00edas a modo de promoci\u00f3n y divulgaci\u00f3n del territorio, nunca a modo comercial, preservando siempre la autor\u00eda de cada una de las fotograf\u00edas.<\/p>\n<p>El Ayuntamiento alojar\u00e1 en el portal web <a href=\"http:\/\/cazorla.es\/turismo\/cazorladesdetucamara\/\">http:\/\/cazorla.es\/turismo\/cazorladesdetucamara\/<\/a> todas las fotograf\u00edas.<\/p>\n<p>Se recomienda el env\u00edo de fotograf\u00edas por plataformas de env\u00edo de archivos en la nube como <strong>Wetransfer, Dropbox o Google Drive<\/strong>, permiti\u00e9ndose tambi\u00e9n el env\u00edo directo.<\/p>\n<p>Se recomienda que el env\u00edo de fotograf\u00edas no supere las 5 im\u00e1genes por env\u00edo.<\/p>\n<p>Haz tu env\u00edo al <strong>correo electr\u00f3nico:<\/strong> <a href=\"mailto:fotos@cazorla.es\">fotos@cazorla.es<\/a><\/p>\n<p>D\u00e9janos en el correo tu nombre y apellidos y el t\u00edtulo de la fotograf\u00eda.<\/p>\n<p>Puedes descargar la informaci\u00f3n de este proyecto, aqu\u00ed:\u00a0<a href=\"https:\/\/bit.ly\/3bOcNPb\">https:\/\/bit.ly\/3bOcNPb<\/a><br \/>\n[\/et_pb_testimonial][\/et_pb_column][et_pb_column type=\u00bb1_2&#8243; _builder_version=\u00bb4.16&#8243; custom_padding=\u00bb|||\u00bb global_colors_info=\u00bb{}\u00bb custom_padding__hover=\u00bb|||\u00bb][et_pb_image src=\u00bbhttp:\/\/cazorla.es\/turismo\/wp-content\/uploads\/2020\/05\/Cartel-Fotografias-2020-1.jpg\u00bb align_tablet=\u00bbcenter\u00bb align_last_edited=\u00bbon|desktop\u00bb admin_label=\u00bbImagen\u00bb _builder_version=\u00bb4.16&#8243; animation_style=\u00bbslide\u00bb animation_direction=\u00bbleft\u00bb animation_duration=\u00bb500ms\u00bb animation_intensity_slide=\u00bb10%\u00bb use_border_color=\u00bboff\u00bb border_color=\u00bb#ffffff\u00bb border_style=\u00bbsolid\u00bb animation=\u00bbleft\u00bb sticky=\u00bboff\u00bb always_center_on_mobile=\u00bbon\u00bb global_colors_info=\u00bb{}\u00bb align_phone=\u00bbcenter\u00bb] [\/et_pb_image][\/et_pb_column][\/et_pb_row][et_pb_row admin_label=\u00bbrow\u00bb _builder_version=\u00bb4.16&#8243; background_size=\u00bbinitial\u00bb background_position=\u00bbtop_left\u00bb background_repeat=\u00bbrepeat\u00bb global_colors_info=\u00bb{}\u00bb][et_pb_column type=\u00bb4_4&#8243; _builder_version=\u00bb4.16&#8243; custom_padding=\u00bb|||\u00bb global_colors_info=\u00bb{}\u00bb custom_padding__hover=\u00bb|||\u00bb][et_pb_cta button_url=\u00bbhttp:\/\/cazorla.es\/turismo\/desde-tu-camara\/\u00bb button_text=\u00bbPincha para ver las Fotograf\u00edas\u00bb admin_label=\u00bbLlamada a la acci\u00f3n\u00bb _builder_version=\u00bb4.25.2&#8243; background_size=\u00bbinitial\u00bb background_position=\u00bbtop_left\u00bb background_repeat=\u00bbrepeat\u00bb hover_enabled=\u00bb0&#8243; button_letter_spacing_hover=\u00bb0&#8243; use_border_color=\u00bboff\u00bb border_color=\u00bb#ffffff\u00bb border_style=\u00bbsolid\u00bb global_colors_info=\u00bb{}\u00bb button_text_size__hover_enabled=\u00bboff\u00bb button_one_text_size__hover_enabled=\u00bboff\u00bb button_two_text_size__hover_enabled=\u00bboff\u00bb button_text_color__hover_enabled=\u00bboff\u00bb button_one_text_color__hover_enabled=\u00bboff\u00bb button_two_text_color__hover_enabled=\u00bboff\u00bb button_border_width__hover_enabled=\u00bboff\u00bb button_one_border_width__hover_enabled=\u00bboff\u00bb button_two_border_width__hover_enabled=\u00bboff\u00bb button_border_color__hover_enabled=\u00bboff\u00bb button_one_border_color__hover_enabled=\u00bboff\u00bb button_two_border_color__hover_enabled=\u00bboff\u00bb button_border_radius__hover_enabled=\u00bboff\u00bb button_one_border_radius__hover_enabled=\u00bboff\u00bb button_two_border_radius__hover_enabled=\u00bboff\u00bb button_letter_spacing__hover_enabled=\u00bbon\u00bb button_letter_spacing__hover=\u00bb0&#8243; button_one_letter_spacing__hover_enabled=\u00bboff\u00bb button_two_letter_spacing__hover_enabled=\u00bboff\u00bb button_bg_color__hover_enabled=\u00bboff\u00bb button_one_bg_color__hover_enabled=\u00bboff\u00bb button_two_bg_color__hover_enabled=\u00bboff\u00bb border_radii=\u00bbon|14px|14px|14px|14px\u00bb box_shadow_style=\u00bbpreset4&#8243; box_shadow_blur=\u00bb10px\u00bb custom_button=\u00bbon\u00bb button_font=\u00bbAlfa Slab One||||||||\u00bb sticky_enabled=\u00bb0&#8243; background_color=\u00bb#0C71C3&#8243;][\/et_pb_cta][\/et_pb_column][\/et_pb_row][et_pb_row admin_label=\u00bbrow\u00bb _builder_version=\u00bb4.16&#8243; background_size=\u00bbinitial\u00bb background_position=\u00bbtop_left\u00bb background_repeat=\u00bbrepeat\u00bb global_colors_info=\u00bb{}\u00bb][et_pb_column type=\u00bb4_4&#8243; _builder_version=\u00bb4.16&#8243; custom_padding=\u00bb|||\u00bb global_colors_info=\u00bb{}\u00bb custom_padding__hover=\u00bb|||\u00bb][et_pb_text admin_label=\u00bbTexto\u00bb _builder_version=\u00bb4.16&#8243; text_font=\u00bbDosis||||\u00bb background_size=\u00bbinitial\u00bb background_position=\u00bbtop_left\u00bb background_repeat=\u00bbrepeat\u00bb text_orientation=\u00bbjustified\u00bb use_border_color=\u00bboff\u00bb border_color=\u00bb#ffffff\u00bb border_style=\u00bbsolid\u00bb global_colors_info=\u00bb{}\u00bb]El Ayuntamiento har\u00e1 uso de estas fotograf\u00edas a modo de promoci\u00f3n y divulgaci\u00f3n del territorio, nunca a modo comercial, preservando siempre la autor\u00eda de cada una de las fotograf\u00edas.<br \/>\n[\/et_pb_text][\/et_pb_column][\/et_pb_row][\/et_pb_section]<\/p>\n","protected":false},"excerpt":{"rendered":"<p>#CazorlaDesdeTuC\u00e1mara El portal web de tus fotograf\u00edas de Cazorla y el Parque Natural de las Sierras de Cazorla, Segura y Las Villas. El Ayuntamiento de Cazorla ha puesto en marcha [&hellip;]<\/p>\n","protected":false},"author":2,"featured_media":0,"parent":0,"menu_order":0,"comment_status":"closed","ping_status":"closed","template":"","meta":{"_et_pb_use_builder":"on","_et_pb_old_content":"","_et_gb_content_width":"","footnotes":""},"class_list":["post-4376","page","type-page","status-publish","hentry"],"_links":{"self":[{"href":"https:\/\/cazorla.es\/turismo\/wp-json\/wp\/v2\/pages\/4376","targetHints":{"allow":["GET"]}}],"collection":[{"href":"https:\/\/cazorla.es\/turismo\/wp-json\/wp\/v2\/pages"}],"about":[{"href":"https:\/\/cazorla.es\/turismo\/wp-json\/wp\/v2\/types\/page"}],"author":[{"embeddable":true,"href":"https:\/\/cazorla.es\/turismo\/wp-json\/wp\/v2\/users\/2"}],"replies":[{"embeddable":true,"href":"https:\/\/cazorla.es\/turismo\/wp-json\/wp\/v2\/comments?post=4376"}],"version-history":[{"count":21,"href":"https:\/\/cazorla.es\/turismo\/wp-json\/wp\/v2\/pages\/4376\/revisions"}],"predecessor-version":[{"id":5261,"href":"https:\/\/cazorla.es\/turismo\/wp-json\/wp\/v2\/pages\/4376\/revisions\/5261"}],"wp:attachment":[{"href":"https:\/\/cazorla.es\/turismo\/wp-json\/wp\/v2\/media?parent=4376"}],"curies":[{"name":"wp","href":"https:\/\/api.w.org\/{rel}","templated":true}]}}