{"id":5293,"date":"2026-01-13T18:04:41","date_gmt":"2026-01-13T18:04:41","guid":{"rendered":"https:\/\/cazorla.es\/turismo\/?page_id=5293"},"modified":"2026-01-13T18:07:50","modified_gmt":"2026-01-13T18:07:50","slug":"bandolero-el-guapo-de-cazorla-2","status":"publish","type":"page","link":"https:\/\/cazorla.es\/turismo\/bandolero-el-guapo-de-cazorla-2\/","title":{"rendered":"Bandolero \u00abEl Guapo de Cazorla\u00bb"},"content":{"rendered":"<p>[et_pb_section fb_built=\u00bb1&#8243; admin_label=\u00bbsection\u00bb _builder_version=\u00bb4.16&#8243; global_colors_info=\u00bb{}\u00bb][et_pb_row admin_label=\u00bbrow\u00bb _builder_version=\u00bb4.16&#8243; background_size=\u00bbinitial\u00bb background_position=\u00bbtop_left\u00bb background_repeat=\u00bbrepeat\u00bb global_colors_info=\u00bb{}\u00bb][et_pb_column type=\u00bb4_4&#8243; _builder_version=\u00bb4.16&#8243; custom_padding=\u00bb|||\u00bb global_colors_info=\u00bb{}\u00bb custom_padding__hover=\u00bb|||\u00bb][et_pb_text admin_label=\u00bbTexto\u00bb _builder_version=\u00bb4.27.5&#8243; background_size=\u00bbinitial\u00bb background_position=\u00bbtop_left\u00bb background_repeat=\u00bbrepeat\u00bb hover_enabled=\u00bb0&#8243; use_border_color=\u00bboff\u00bb border_color=\u00bb#ffffff\u00bb border_style=\u00bbsolid\u00bb global_colors_info=\u00bb{}\u00bb sticky_enabled=\u00bb0&#8243;]<\/p>\n<h1 style=\"text-align: center;\">BANDOLERO <span>\u201cEL GUAPO DE CAZORLA\u201d<\/span><\/h1>\n<p style=\"text-align: center;\"><span><img loading=\"lazy\" decoding=\"async\" src=\"http:\/\/cazorla.es\/turismo\/wp-content\/uploads\/2026\/01\/PHOTO-2025-12-11-10-43-10-236x300.jpg\" width=\"378\" height=\"481\" alt=\"\" class=\"wp-image-5285 alignnone size-medium\" \/><\/span><\/p>\n<p><span>El origen del t\u00e9rmino bandolero se vincula con el concepto g\u00f3tico <em>bando <\/em>(Soler, 2006, p. 23), que hac\u00eda referencia a un grupo de parientes y seguidores de un se\u00f1or. La palabra <em>bando <\/em>evolucion\u00f3 en catal\u00e1n a <em>bandbl<\/em>, de donde deriva <em>bandoler<\/em>, y en espa\u00f1ol, <em>bandolero <\/em>(\u00c1lvarez y Garc\u00eda, 1986, p. 9). Un bandolero es una persona fuera de la ley que, por razones de honor o rebeld\u00eda, se refugia en zonas rurales o monta\u00f1osas y act\u00faa en grupos organizados o cuadrillas, cometiendo delitos como robos o asaltos (L\u00f3pez, 1985). A menudo se le ha asociado con una figura rom\u00e1ntica u heroica que roba a los ricos para favorecer a los pobres, aunque esta visi\u00f3n es err\u00f3nea: eran individuos que recurr\u00edan al pillaje para su propio beneficio.<\/span><\/p>\n<p><span>El bandolerismo en la provincia de Ja\u00e9n surgi\u00f3 como consecuencia de diversos factores sociales, econ\u00f3micos y pol\u00edticos. La profunda desigualdad econ\u00f3mica \u2014con grandes terratenientes frente a una poblaci\u00f3n campesina empobrecida\u2014 impuls\u00f3 a muchos a optar por la vida delictiva. Las zonas rurales y monta\u00f1osas, como la sierra de Cazorla, dif\u00edciles de controlar por las autoridades, ofrec\u00edan un refugio ideal para estos grupos (Ja\u00e9n, 2009).<\/span><\/p>\n<p><span>La inestabilidad pol\u00edtica, especialmente tras la Guerra de la Independencia y las Guerras Carlistas, favoreci\u00f3 el paso de guerrilleros a bandoleros. El contrabando, facilitado por la cercan\u00eda a rutas comerciales, tambi\u00e9n sirvi\u00f3 como v\u00eda de subsistencia para estas bandas. Asimismo, las desamortizaciones dejaron a numerosos campesinos sin tierras, lo que increment\u00f3 el bandolerismo en la regi\u00f3n (Iglesias, 2015).<\/span><\/p>\n<p style=\"text-align: center;\"><span> <img loading=\"lazy\" decoding=\"async\" src=\"http:\/\/cazorla.es\/turismo\/wp-content\/uploads\/2026\/01\/Bandolero-El-Guapo-de-Cazorla-300x171.jpg\" width=\"402\" height=\"229\" alt=\"\" class=\"wp-image-5315 alignnone size-medium\" \/><\/span><\/p>\n<p><strong>Fig 4. <\/strong>Grabado del s. XVIII. Bandoleros asaltan a una pareja en el monte.<\/p>\n<p><span>En el siglo XVIII, en Cazorla, destac\u00f3 la figura de Luis Rodr\u00edguez, conocido como <\/span><em>el<\/em> <em>Guapo<\/em>, <span>que ten\u00eda muy mala reputaci\u00f3n entre los habitantes y era considerado un holgaz\u00e1n y un vicioso. Rodr\u00edguez form\u00f3 parte de varias bandas de bandoleros notorios de la provincia, como \u201cel Estudiante de Beg\u00edjar\u201d, \u201cel Guapo de And\u00fajar\u201d, Conclonga y Juanazo, quienes eran algunos de los ladrones m\u00e1s temidos de Andaluc\u00eda. Durante su tiempo con estos grupos, adquiri\u00f3 una notable habilidad en el arte de la <\/span><em>guaper\u00eda<\/em>,<span> el delito y la delincuencia.<\/span>6<\/p>\n<p>6 Cuando nos referimos a \u201cguapo\u201d o \u201cguaper\u00eda\u201d hacemos referencia a una persona h\u00e1bil para delinquir.<\/p>\n<p>&nbsp;<\/p>\n<p style=\"text-align: center;\"><em>Texto de Manuel Mallenco Rodr\u00edguez<\/em><\/p>\n<p>[\/et_pb_text][\/et_pb_column][\/et_pb_row][et_pb_row admin_label=\u00bbFila\u00bb _builder_version=\u00bb4.16&#8243; background_size=\u00bbinitial\u00bb background_position=\u00bbtop_left\u00bb background_repeat=\u00bbrepeat\u00bb global_colors_info=\u00bb{}\u00bb][et_pb_column type=\u00bb4_4&#8243; _builder_version=\u00bb4.16&#8243; custom_padding=\u00bb|||\u00bb global_colors_info=\u00bb{}\u00bb custom_padding__hover=\u00bb|||\u00bb][et_pb_text admin_label=\u00bbTexto\u00bb _builder_version=\u00bb4.16&#8243; background_size=\u00bbinitial\u00bb background_position=\u00bbtop_left\u00bb background_repeat=\u00bbrepeat\u00bb text_orientation=\u00bbcenter\u00bb module_alignment=\u00bbcenter\u00bb use_border_color=\u00bboff\u00bb border_color=\u00bb#ffffff\u00bb border_style=\u00bbsolid\u00bb global_colors_info=\u00bb{}\u00bb]<\/p>\n<p style=\"text-align: center;\"><strong><em>Aqu\u00ed puedes encontrar su ubicaci\u00f3n en el municipio:<\/em><\/strong><\/p>\n<p>[\/et_pb_text][et_pb_code admin_label=\u00bbC\u00f3digo\u00bb _builder_version=\u00bb4.16&#8243; global_colors_info=\u00bb{}\u00bb]<iframe loading=\"lazy\" src=\"https:\/\/www.google.com\/maps\/d\/embed?mid=1tUyH04KW_LQZN28MnWfS5mebFY-kTnYm\" width=\"900\" height=\"600\"><\/iframe>[\/et_pb_code][\/et_pb_column][\/et_pb_row][\/et_pb_section]<\/p>\n","protected":false},"excerpt":{"rendered":"<p>BANDOLERO \u201cEL GUAPO DE CAZORLA\u201d El origen del t\u00e9rmino bandolero se vincula con el concepto g\u00f3tico bando (Soler, 2006, p. 23), que hac\u00eda referencia a un grupo de parientes y [&hellip;]<\/p>\n","protected":false},"author":2,"featured_media":0,"parent":0,"menu_order":0,"comment_status":"closed","ping_status":"closed","template":"","meta":{"_et_pb_use_builder":"on","_et_pb_old_content":"","_et_gb_content_width":"","footnotes":""},"class_list":["post-5293","page","type-page","status-publish","hentry"],"_links":{"self":[{"href":"https:\/\/cazorla.es\/turismo\/wp-json\/wp\/v2\/pages\/5293","targetHints":{"allow":["GET"]}}],"collection":[{"href":"https:\/\/cazorla.es\/turismo\/wp-json\/wp\/v2\/pages"}],"about":[{"href":"https:\/\/cazorla.es\/turismo\/wp-json\/wp\/v2\/types\/page"}],"author":[{"embeddable":true,"href":"https:\/\/cazorla.es\/turismo\/wp-json\/wp\/v2\/users\/2"}],"replies":[{"embeddable":true,"href":"https:\/\/cazorla.es\/turismo\/wp-json\/wp\/v2\/comments?post=5293"}],"version-history":[{"count":4,"href":"https:\/\/cazorla.es\/turismo\/wp-json\/wp\/v2\/pages\/5293\/revisions"}],"predecessor-version":[{"id":5319,"href":"https:\/\/cazorla.es\/turismo\/wp-json\/wp\/v2\/pages\/5293\/revisions\/5319"}],"wp:attachment":[{"href":"https:\/\/cazorla.es\/turismo\/wp-json\/wp\/v2\/media?parent=5293"}],"curies":[{"name":"wp","href":"https:\/\/api.w.org\/{rel}","templated":true}]}}