{"id":5295,"date":"2026-01-14T11:12:39","date_gmt":"2026-01-14T11:12:39","guid":{"rendered":"https:\/\/cazorla.es\/turismo\/?page_id=5295"},"modified":"2026-01-14T11:12:47","modified_gmt":"2026-01-14T11:12:47","slug":"repoblacion","status":"publish","type":"page","link":"https:\/\/cazorla.es\/turismo\/repoblacion\/","title":{"rendered":"Repoblaci\u00f3n"},"content":{"rendered":"<p>[et_pb_section fb_built=\u00bb1&#8243; admin_label=\u00bbsection\u00bb _builder_version=\u00bb4.16&#8243; global_colors_info=\u00bb{}\u00bb][et_pb_row admin_label=\u00bbrow\u00bb _builder_version=\u00bb4.16&#8243; background_size=\u00bbinitial\u00bb background_position=\u00bbtop_left\u00bb background_repeat=\u00bbrepeat\u00bb global_colors_info=\u00bb{}\u00bb][et_pb_column type=\u00bb4_4&#8243; _builder_version=\u00bb4.16&#8243; custom_padding=\u00bb|||\u00bb global_colors_info=\u00bb{}\u00bb custom_padding__hover=\u00bb|||\u00bb][et_pb_text admin_label=\u00bbTexto\u00bb _builder_version=\u00bb4.16&#8243; background_size=\u00bbinitial\u00bb background_position=\u00bbtop_left\u00bb background_repeat=\u00bbrepeat\u00bb use_border_color=\u00bboff\u00bb border_color=\u00bb#ffffff\u00bb border_style=\u00bbsolid\u00bb global_colors_info=\u00bb{}\u00bb]<\/p>\n<h2 style=\"text-align: center;\"><strong>ENRIQUE MACKAY Y LA PRIMERA REPOBLACI\u00d3N DEL MONTE NAVAHONDONA<\/strong><\/h2>\n<p style=\"text-align: center;\"><img loading=\"lazy\" decoding=\"async\" class=\"alignnone size-medium wp-image-2927\" src=\"http:\/\/cazorla.es\/turismo\/wp-content\/uploads\/2018\/07\/25-300x176.jpg\" alt=\"25\" width=\"300\" height=\"176\" srcset=\"https:\/\/cazorla.es\/turismo\/wp-content\/uploads\/2018\/07\/25-300x176.jpg 300w, https:\/\/cazorla.es\/turismo\/wp-content\/uploads\/2018\/07\/25-768x450.jpg 768w, https:\/\/cazorla.es\/turismo\/wp-content\/uploads\/2018\/07\/25-1024x600.jpg 1024w, https:\/\/cazorla.es\/turismo\/wp-content\/uploads\/2018\/07\/25-1080x633.jpg 1080w, https:\/\/cazorla.es\/turismo\/wp-content\/uploads\/2018\/07\/25.jpg 1440w\" sizes=\"(max-width: 300px) 100vw, 300px\" \/><\/p>\n<p style=\"text-align: center;\">En 1746, las sierras de Cazorla y Segura fueron reconvertidas a una \u201cProvincia Mar\u00edtima\u201d, para su aprovechamiento forestal en la industria naval y militar. La ausencia de planes t\u00e9cnicos y de ordenamiento, llevaron a que, en un periodo de 150 a\u00f1os, gran parte de las sierras estuvieran despobladas de pino y roble, ocasionando un grave problema medioambiental que favorec\u00eda, entre otras cosas, las inundaciones torrenciales y los desprendimientos de rocas.<\/p>\n<p style=\"text-align: center;\"><img loading=\"lazy\" decoding=\"async\" class=\"alignnone size-medium wp-image-2895\" src=\"http:\/\/cazorla.es\/turismo\/wp-content\/uploads\/2018\/07\/25-Enrique-Mackay-y-la-primera-repoblaci\u00f3n-del-Monte-Navahondona-300x215.jpg\" alt=\"25 - Enrique Mackay y la primera repoblaci\u00f3n del Monte Navahondona\" width=\"300\" height=\"215\" srcset=\"https:\/\/cazorla.es\/turismo\/wp-content\/uploads\/2018\/07\/25-Enrique-Mackay-y-la-primera-repoblaci\u00f3n-del-Monte-Navahondona-300x215.jpg 300w, https:\/\/cazorla.es\/turismo\/wp-content\/uploads\/2018\/07\/25-Enrique-Mackay-y-la-primera-repoblaci\u00f3n-del-Monte-Navahondona-768x551.jpg 768w, https:\/\/cazorla.es\/turismo\/wp-content\/uploads\/2018\/07\/25-Enrique-Mackay-y-la-primera-repoblaci\u00f3n-del-Monte-Navahondona.jpg 1024w\" sizes=\"(max-width: 300px) 100vw, 300px\" \/><\/p>\n<p style=\"text-align: center;\">\u00a0\u00a0\u00a0\u00a0\u00a0\u00a0\u00a0\u00a0\u00a0\u00a0\u00a0 Enrique Mackay Monteverde (1876-1974), tinerfe\u00f1o de nacimiento e ingeniero de montes, supo ver este problema ocurrido en la sierra y durante toda su vida intent\u00f3 buscarle soluci\u00f3n. En pocos a\u00f1os logr\u00f3, no s\u00f3lo la repoblaci\u00f3n y cuidado de este espacio natural, sino tambi\u00e9n la aplicaci\u00f3n de pol\u00edticas sociales como, por ejemplo, facilitar ayudas a familias de trabajadores del monte que hab\u00edan perdido la vida en ellos.<\/p>\n<p style=\"text-align: center;\">\u00a0\u00a0\u00a0\u00a0\u00a0\u00a0\u00a0\u00a0\u00a0\u00a0\u00a0 La Guerra Civil espa\u00f1ola cambi\u00f3 la vida de los cazorle\u00f1os y cazorle\u00f1as, as\u00ed como la de Enrique Mackay y su familia, vi\u00e9ndose obligado a ver como familiares fueron asesinados y su casa y biblioteca en Cazorla saqueadas. Su propuesta de ordenaci\u00f3n de la Sierra a principios de 1940 fue mal vista y caus\u00f3 su expulsi\u00f3n del cuerpo de ingenieros.<\/p>\n<p style=\"text-align: center;\">\u00a0\u00a0\u00a0\u00a0\u00a0\u00a0\u00a0\u00a0\u00a0\u00a0\u00a0 Efectos visibles de su trabajo y esfuerzo, fueron la ordenaci\u00f3n del Monte Navahondona y su masa forestal, adem\u00e1s de las diferentes repoblaciones que efectu\u00f3 por toda la Sierra de Cazorla y Segura, siendo la m\u00e1s visible de sus ideas, la realizada a posteriori en la Pe\u00f1a de los Halcones, para evitar las inundaciones y arrastres del rocas del arroyo del Herr\u00f3n hacia Cazorla.<\/p>\n<p style=\"text-align: center;\">\u201cDespu\u00e9s de todo, lo importante es que no arrasaron la Sierra de Cazorla tal como iban a hacer. Mis proyectos de ordenaci\u00f3n y mis instrucciones a los ingenieros a pie de monte prevalecieron\u201d &#8211; Enrique Mackay.<\/p>\n<p style=\"text-align: center;\"><em>Texto de Javier Sevilla Mart\u00ednez<\/em><\/p>\n<p>[\/et_pb_text][\/et_pb_column][\/et_pb_row][et_pb_row admin_label=\u00bbFila\u00bb _builder_version=\u00bb4.16&#8243; background_size=\u00bbinitial\u00bb background_position=\u00bbtop_left\u00bb background_repeat=\u00bbrepeat\u00bb global_colors_info=\u00bb{}\u00bb][et_pb_column type=\u00bb4_4&#8243; _builder_version=\u00bb4.16&#8243; custom_padding=\u00bb|||\u00bb global_colors_info=\u00bb{}\u00bb custom_padding__hover=\u00bb|||\u00bb][et_pb_text admin_label=\u00bbTexto\u00bb _builder_version=\u00bb4.16&#8243; background_size=\u00bbinitial\u00bb background_position=\u00bbtop_left\u00bb background_repeat=\u00bbrepeat\u00bb text_orientation=\u00bbcenter\u00bb module_alignment=\u00bbcenter\u00bb use_border_color=\u00bboff\u00bb border_color=\u00bb#ffffff\u00bb border_style=\u00bbsolid\u00bb global_colors_info=\u00bb{}\u00bb]<\/p>\n<p style=\"text-align: center;\"><strong><em>Aqu\u00ed puedes encontrar su ubicaci\u00f3n en el municipio:<\/em><\/strong><\/p>\n<p>[\/et_pb_text][et_pb_code admin_label=\u00bbC\u00f3digo\u00bb _builder_version=\u00bb4.16&#8243; global_colors_info=\u00bb{}\u00bb]<iframe loading=\"lazy\" src=\"https:\/\/www.google.com\/maps\/d\/embed?mid=1tUyH04KW_LQZN28MnWfS5mebFY-kTnYm\" width=\"900\" height=\"600\"><\/iframe>[\/et_pb_code][\/et_pb_column][\/et_pb_row][\/et_pb_section]<\/p>\n","protected":false},"excerpt":{"rendered":"<p>ENRIQUE MACKAY Y LA PRIMERA REPOBLACI\u00d3N DEL MONTE NAVAHONDONA En 1746, las sierras de Cazorla y Segura fueron reconvertidas a una \u201cProvincia Mar\u00edtima\u201d, para su aprovechamiento forestal en la industria [&hellip;]<\/p>\n","protected":false},"author":2,"featured_media":0,"parent":0,"menu_order":0,"comment_status":"closed","ping_status":"closed","template":"","meta":{"_et_pb_use_builder":"on","_et_pb_old_content":"","_et_gb_content_width":"","footnotes":""},"class_list":["post-5295","page","type-page","status-publish","hentry"],"_links":{"self":[{"href":"https:\/\/cazorla.es\/turismo\/wp-json\/wp\/v2\/pages\/5295","targetHints":{"allow":["GET"]}}],"collection":[{"href":"https:\/\/cazorla.es\/turismo\/wp-json\/wp\/v2\/pages"}],"about":[{"href":"https:\/\/cazorla.es\/turismo\/wp-json\/wp\/v2\/types\/page"}],"author":[{"embeddable":true,"href":"https:\/\/cazorla.es\/turismo\/wp-json\/wp\/v2\/users\/2"}],"replies":[{"embeddable":true,"href":"https:\/\/cazorla.es\/turismo\/wp-json\/wp\/v2\/comments?post=5295"}],"version-history":[{"count":2,"href":"https:\/\/cazorla.es\/turismo\/wp-json\/wp\/v2\/pages\/5295\/revisions"}],"predecessor-version":[{"id":5334,"href":"https:\/\/cazorla.es\/turismo\/wp-json\/wp\/v2\/pages\/5295\/revisions\/5334"}],"wp:attachment":[{"href":"https:\/\/cazorla.es\/turismo\/wp-json\/wp\/v2\/media?parent=5295"}],"curies":[{"name":"wp","href":"https:\/\/api.w.org\/{rel}","templated":true}]}}